{"id":8917,"date":"2021-03-03T09:38:11","date_gmt":"2021-03-03T08:38:11","guid":{"rendered":"https:\/\/www.compagniadisanpaolo.it\/?page_id=8917"},"modified":"2021-03-10T18:37:54","modified_gmt":"2021-03-10T17:37:54","slug":"lavora-con-noi","status":"publish","type":"page","link":"https:\/\/www.compagniadisanpaolo.it\/it\/lavora-con-noi\/","title":{"rendered":"Lavora con noi"},"content":{"rendered":"<div class=\"wpb-content-wrapper\">[vc_row][vc_column][vc_column_text el_class=&#8221;text-headline&#8221;]Cerchiamo persone di valore, motivate ed entusiaste che condividano la nostra<strong> passione e impegno per il bene comune<\/strong>. Siamo fermamente convinti che il benessere di ogni individuo e del pianeta si raggiungano con il contributo di tutte e tutti noi.<\/p>\n<p>Operiamo guardando agli SDGs delle Nazioni Unite i cui valori fondanti sono la dignit\u00e0 umana, l\u2019uguaglianza, la libert\u00e0 e la solidariet\u00e0 per garantire salute, parit\u00e0 di genere, produzioni sostenibili, lotta al cambiamento climatico, pace.<\/p>\n<p>Promuoviamo il benessere, l\u2019equit\u00e0 e l\u2019eguaglianza \u2013 anche di genere \u2013 fra le persone che lavorano con noi, nel rispetto e valorizzazione della diversit\u00e0.<\/p>\n<p>Ci impegniamo a coltivare le competenze e le potenzialit\u00e0 di ciascuno, nell&#8217;ottica di promuoverne lo sviluppo professionale, dando valore ai percorsi di studio e formazione personali.<\/p>\n<p><strong>Abbiamo bisogno anche di te!<\/strong><\/p>\n<p>Scopri le <strong>posizioni aperte<\/strong> all\u2019interno della Fondazione Compagnia di San Paolo, degli Enti e delle societ\u00e0 partecipate del Gruppo. Oppure non esitare a inviarci la tua candidatura spontanea.[\/vc_column_text][vc_row_inner][vc_column_inner width=&#8221;1\/2&#8243;][vc_column_text el_class=&#8221;txt-img mb-0&#8243;]\n<p style=\"text-align: center;\"><a class=\"standard-link standard-link-fixed\" href=\"https:\/\/csp-st.intervieweb.it\/it\/career\" target=\"_blank\" rel=\"noopener noreferrer\">Candidature e posizioni aperte<\/a><\/p>\n[\/vc_column_text][\/vc_column_inner][vc_column_inner width=&#8221;1\/2&#8243;][vc_column_text el_class=&#8221;txt-img mb-0&#8243;]\n<p style=\"text-align: center;\"><a class=\"standard-link standard-link-fixed\" href=\"https:\/\/www.compagniadisanpaolo.it\/it\/fondazione\/chi-siamo\/\" target=\"_blank\" rel=\"noopener noreferrer\">Chi siamo<\/a><\/p>\n[\/vc_column_text][\/vc_column_inner][\/vc_row_inner][\/vc_column][\/vc_row][vc_row][vc_column][vc_raw_html]JTVCU2V6aW9uZV9Eb2N1bWVudGklNUQ=[\/vc_raw_html][\/vc_column][\/vc_row]\n<\/div>","protected":false},"excerpt":{"rendered":"<p>[vc_row][vc_column][vc_column_text el_class=&#8221;text-headline&#8221;]Cerchiamo persone di valore, motivate ed entusiaste che condividano la nostra passione e impegno per il bene comune. Siamo fermamente convinti che il benessere di ogni individuo e del pianeta si raggiungano con il contributo di tutte e tutti noi. Operiamo guardando agli SDGs delle Nazioni Unite i cui valori fondanti sono la dignit\u00e0 umana, l\u2019uguaglianza, la libert\u00e0 e la solidariet\u00e0 per garantire salute, parit\u00e0 di genere, produzioni sostenibili, lotta al cambiamento climatico, pace. Promuoviamo il benessere, l\u2019equit\u00e0 e l\u2019eguaglianza \u2013 anche di genere \u2013 fra le persone che lavorano con noi, nel rispetto e valorizzazione della diversit\u00e0. Ci impegniamo a coltivare le competenze e le potenzialit\u00e0 di ciascuno, nell&#8217;ottica di promuoverne lo sviluppo professionale, dando valore ai percorsi di studio e formazione personali. Abbiamo bisogno anche di te! Scopri le posizioni aperte all\u2019interno della Fondazione Compagnia di San Paolo, degli Enti e delle societ\u00e0 partecipate del Gruppo. Oppure non esitare a inviarci la tua candidatura spontanea.[\/vc_column_text][vc_row_inner][vc_column_inner width=&#8221;1\/2&#8243;][vc_column_text el_class=&#8221;txt-img mb-0&#8243;] Candidature e posizioni aperte [\/vc_column_text][\/vc_column_inner][vc_column_inner width=&#8221;1\/2&#8243;][vc_column_text el_class=&#8221;txt-img mb-0&#8243;] Chi siamo [\/vc_column_text][\/vc_column_inner][\/vc_row_inner][\/vc_column][\/vc_row][vc_row][vc_column][vc_raw_html]JTVCU2V6aW9uZV9Eb2N1bWVudGklNUQ=[\/vc_raw_html][\/vc_column][\/vc_row]<\/p>\n","protected":false},"author":17,"featured_media":8918,"parent":0,"menu_order":0,"comment_status":"closed","ping_status":"closed","template":"","meta":{"_acf_changed":false,"content-type":"","footnotes":""},"class_list":["post-8917","page","type-page","status-publish","has-post-thumbnail","hentry","entry","post-inner"],"acf":[],"yoast_head":"<!-- This site is optimized with the Yoast SEO plugin v27.2 - https:\/\/yoast.com\/product\/yoast-seo-wordpress\/ -->\n<title>Lavora con noi - Fondazione Compagnia di San Paolo<\/title>\n<meta name=\"robots\" content=\"index, follow, max-snippet:-1, max-image-preview:large, max-video-preview:-1\" \/>\n<link rel=\"canonical\" href=\"https:\/\/www.compagniadisanpaolo.it\/it\/lavora-con-noi\/\" \/>\n<meta property=\"og:locale\" content=\"it_IT\" \/>\n<meta property=\"og:type\" content=\"article\" \/>\n<meta property=\"og:title\" content=\"Lavora con noi - Fondazione Compagnia di San Paolo\" \/>\n<meta property=\"og:description\" content=\"[vc_row][vc_column][vc_column_text el_class=&#8221;text-headline&#8221;]Cerchiamo persone di valore, motivate ed entusiaste che condividano la nostra passione e impegno per il bene comune. Siamo fermamente convinti che il benessere di ogni individuo e del pianeta si raggiungano con il contributo di tutte e tutti noi. Operiamo guardando agli SDGs delle Nazioni Unite i cui valori fondanti sono la dignit\u00e0 umana, l\u2019uguaglianza, la libert\u00e0 e la solidariet\u00e0 per garantire salute, parit\u00e0 di genere, produzioni sostenibili, lotta al cambiamento climatico, pace. Promuoviamo il benessere, l\u2019equit\u00e0 e l\u2019eguaglianza \u2013 anche di genere \u2013 fra le persone che lavorano con noi, nel rispetto e valorizzazione della diversit\u00e0. Ci impegniamo a coltivare le competenze e le potenzialit\u00e0 di ciascuno, nell&#8217;ottica di promuoverne lo sviluppo professionale, dando valore ai percorsi di studio e formazione personali. Abbiamo bisogno anche di te! Scopri le posizioni aperte all\u2019interno della Fondazione Compagnia di San Paolo, degli Enti e delle societ\u00e0 partecipate del Gruppo. Oppure non esitare a inviarci la tua candidatura spontanea.[\/vc_column_text][vc_row_inner][vc_column_inner width=&#8221;1\/2&#8243;][vc_column_text el_class=&#8221;txt-img mb-0&#8243;] Candidature e posizioni aperte [\/vc_column_text][\/vc_column_inner][vc_column_inner width=&#8221;1\/2&#8243;][vc_column_text el_class=&#8221;txt-img mb-0&#8243;] Chi siamo [\/vc_column_text][\/vc_column_inner][\/vc_row_inner][\/vc_column][\/vc_row][vc_row][vc_column][vc_raw_html]JTVCU2V6aW9uZV9Eb2N1bWVudGklNUQ=[\/vc_raw_html][\/vc_column][\/vc_row]\" \/>\n<meta property=\"og:url\" content=\"https:\/\/www.compagniadisanpaolo.it\/it\/lavora-con-noi\/\" \/>\n<meta property=\"og:site_name\" content=\"Fondazione Compagnia di San Paolo\" \/>\n<meta property=\"article:publisher\" content=\"https:\/\/www.facebook.com\/CompagniaDiSanPaolo\" \/>\n<meta property=\"article:modified_time\" content=\"2021-03-10T17:37:54+00:00\" \/>\n<meta property=\"og:image\" content=\"https:\/\/www.compagniadisanpaolo.it\/wp-content\/uploads\/header-lavora-con-noi.jpg\" \/>\n\t<meta property=\"og:image:width\" content=\"815\" \/>\n\t<meta property=\"og:image:height\" content=\"350\" \/>\n\t<meta property=\"og:image:type\" content=\"image\/jpeg\" \/>\n<meta name=\"twitter:card\" content=\"summary_large_image\" \/>\n<meta name=\"twitter:site\" content=\"@CSP_live\" \/>\n<meta name=\"twitter:label1\" content=\"Tempo di lettura stimato\" \/>\n\t<meta name=\"twitter:data1\" content=\"1 minuto\" \/>\n<script type=\"application\/ld+json\" class=\"yoast-schema-graph\">{\"@context\":\"https:\/\/schema.org\",\"@graph\":[{\"@type\":\"WebPage\",\"@id\":\"https:\/\/www.compagniadisanpaolo.it\/it\/lavora-con-noi\/\",\"url\":\"https:\/\/www.compagniadisanpaolo.it\/it\/lavora-con-noi\/\",\"name\":\"Lavora con noi - Fondazione Compagnia di San Paolo\",\"isPartOf\":{\"@id\":\"https:\/\/www.compagniadisanpaolo.it\/it\/#website\"},\"primaryImageOfPage\":{\"@id\":\"https:\/\/www.compagniadisanpaolo.it\/it\/lavora-con-noi\/#primaryimage\"},\"image\":{\"@id\":\"https:\/\/www.compagniadisanpaolo.it\/it\/lavora-con-noi\/#primaryimage\"},\"thumbnailUrl\":\"https:\/\/www.compagniadisanpaolo.it\/wp-content\/uploads\/header-lavora-con-noi.jpg\",\"datePublished\":\"2021-03-03T08:38:11+00:00\",\"dateModified\":\"2021-03-10T17:37:54+00:00\",\"breadcrumb\":{\"@id\":\"https:\/\/www.compagniadisanpaolo.it\/it\/lavora-con-noi\/#breadcrumb\"},\"inLanguage\":\"it-IT\",\"potentialAction\":[{\"@type\":\"ReadAction\",\"target\":[\"https:\/\/www.compagniadisanpaolo.it\/it\/lavora-con-noi\/\"]}]},{\"@type\":\"ImageObject\",\"inLanguage\":\"it-IT\",\"@id\":\"https:\/\/www.compagniadisanpaolo.it\/it\/lavora-con-noi\/#primaryimage\",\"url\":\"https:\/\/www.compagniadisanpaolo.it\/wp-content\/uploads\/header-lavora-con-noi.jpg\",\"contentUrl\":\"https:\/\/www.compagniadisanpaolo.it\/wp-content\/uploads\/header-lavora-con-noi.jpg\",\"width\":815,\"height\":350},{\"@type\":\"BreadcrumbList\",\"@id\":\"https:\/\/www.compagniadisanpaolo.it\/it\/lavora-con-noi\/#breadcrumb\",\"itemListElement\":[{\"@type\":\"ListItem\",\"position\":1,\"name\":\"Home\",\"item\":\"https:\/\/www.compagniadisanpaolo.it\/it\/\"},{\"@type\":\"ListItem\",\"position\":2,\"name\":\"Lavora con noi\"}]},{\"@type\":\"WebSite\",\"@id\":\"https:\/\/www.compagniadisanpaolo.it\/it\/#website\",\"url\":\"https:\/\/www.compagniadisanpaolo.it\/it\/\",\"name\":\"Fondazione Compagnia di San Paolo\",\"description\":\"\",\"publisher\":{\"@id\":\"https:\/\/www.compagniadisanpaolo.it\/it\/#organization\"},\"potentialAction\":[{\"@type\":\"SearchAction\",\"target\":{\"@type\":\"EntryPoint\",\"urlTemplate\":\"https:\/\/www.compagniadisanpaolo.it\/it\/?s={search_term_string}\"},\"query-input\":{\"@type\":\"PropertyValueSpecification\",\"valueRequired\":true,\"valueName\":\"search_term_string\"}}],\"inLanguage\":\"it-IT\"},{\"@type\":\"Organization\",\"@id\":\"https:\/\/www.compagniadisanpaolo.it\/it\/#organization\",\"name\":\"Fondazione Compagnia di San Paolo\",\"url\":\"https:\/\/www.compagniadisanpaolo.it\/it\/\",\"logo\":{\"@type\":\"ImageObject\",\"inLanguage\":\"it-IT\",\"@id\":\"https:\/\/www.compagniadisanpaolo.it\/it\/#\/schema\/logo\/image\/\",\"url\":\"https:\/\/www.compagniadisanpaolo.it\/wp-content\/uploads\/logo.svg\",\"contentUrl\":\"https:\/\/www.compagniadisanpaolo.it\/wp-content\/uploads\/logo.svg\",\"width\":769,\"height\":323,\"caption\":\"Fondazione Compagnia di San Paolo\"},\"image\":{\"@id\":\"https:\/\/www.compagniadisanpaolo.it\/it\/#\/schema\/logo\/image\/\"},\"sameAs\":[\"https:\/\/www.facebook.com\/CompagniaDiSanPaolo\",\"https:\/\/x.com\/CSP_live\",\"http:\/\/instagram.com\/compagniadisanpaolo?ref=badge\",\"https:\/\/www.linkedin.com\/company\/compagnia-di-san-paolo\",\"https:\/\/www.youtube.com\/user\/compagniadisanpaolo\",\"https:\/\/it.wikipedia.org\/wiki\/Compagnia_di_San_Paolo\"]}]}<\/script>\n<!-- \/ Yoast SEO plugin. -->","yoast_head_json":{"title":"Lavora con noi - Fondazione Compagnia di San Paolo","robots":{"index":"index","follow":"follow","max-snippet":"max-snippet:-1","max-image-preview":"max-image-preview:large","max-video-preview":"max-video-preview:-1"},"canonical":"https:\/\/www.compagniadisanpaolo.it\/it\/lavora-con-noi\/","og_locale":"it_IT","og_type":"article","og_title":"Lavora con noi - Fondazione Compagnia di San Paolo","og_description":"[vc_row][vc_column][vc_column_text el_class=&#8221;text-headline&#8221;]Cerchiamo persone di valore, motivate ed entusiaste che condividano la nostra passione e impegno per il bene comune. Siamo fermamente convinti che il benessere di ogni individuo e del pianeta si raggiungano con il contributo di tutte e tutti noi. Operiamo guardando agli SDGs delle Nazioni Unite i cui valori fondanti sono la dignit\u00e0 umana, l\u2019uguaglianza, la libert\u00e0 e la solidariet\u00e0 per garantire salute, parit\u00e0 di genere, produzioni sostenibili, lotta al cambiamento climatico, pace. Promuoviamo il benessere, l\u2019equit\u00e0 e l\u2019eguaglianza \u2013 anche di genere \u2013 fra le persone che lavorano con noi, nel rispetto e valorizzazione della diversit\u00e0. Ci impegniamo a coltivare le competenze e le potenzialit\u00e0 di ciascuno, nell&#8217;ottica di promuoverne lo sviluppo professionale, dando valore ai percorsi di studio e formazione personali. Abbiamo bisogno anche di te! Scopri le posizioni aperte all\u2019interno della Fondazione Compagnia di San Paolo, degli Enti e delle societ\u00e0 partecipate del Gruppo. Oppure non esitare a inviarci la tua candidatura spontanea.[\/vc_column_text][vc_row_inner][vc_column_inner width=&#8221;1\/2&#8243;][vc_column_text el_class=&#8221;txt-img mb-0&#8243;] Candidature e posizioni aperte [\/vc_column_text][\/vc_column_inner][vc_column_inner width=&#8221;1\/2&#8243;][vc_column_text el_class=&#8221;txt-img mb-0&#8243;] Chi siamo [\/vc_column_text][\/vc_column_inner][\/vc_row_inner][\/vc_column][\/vc_row][vc_row][vc_column][vc_raw_html]JTVCU2V6aW9uZV9Eb2N1bWVudGklNUQ=[\/vc_raw_html][\/vc_column][\/vc_row]","og_url":"https:\/\/www.compagniadisanpaolo.it\/it\/lavora-con-noi\/","og_site_name":"Fondazione Compagnia di San Paolo","article_publisher":"https:\/\/www.facebook.com\/CompagniaDiSanPaolo","article_modified_time":"2021-03-10T17:37:54+00:00","og_image":[{"width":815,"height":350,"url":"https:\/\/www.compagniadisanpaolo.it\/wp-content\/uploads\/header-lavora-con-noi.jpg","type":"image\/jpeg"}],"twitter_card":"summary_large_image","twitter_site":"@CSP_live","twitter_misc":{"Tempo di lettura stimato":"1 minuto"},"schema":{"@context":"https:\/\/schema.org","@graph":[{"@type":"WebPage","@id":"https:\/\/www.compagniadisanpaolo.it\/it\/lavora-con-noi\/","url":"https:\/\/www.compagniadisanpaolo.it\/it\/lavora-con-noi\/","name":"Lavora con noi - Fondazione Compagnia di San Paolo","isPartOf":{"@id":"https:\/\/www.compagniadisanpaolo.it\/it\/#website"},"primaryImageOfPage":{"@id":"https:\/\/www.compagniadisanpaolo.it\/it\/lavora-con-noi\/#primaryimage"},"image":{"@id":"https:\/\/www.compagniadisanpaolo.it\/it\/lavora-con-noi\/#primaryimage"},"thumbnailUrl":"https:\/\/www.compagniadisanpaolo.it\/wp-content\/uploads\/header-lavora-con-noi.jpg","datePublished":"2021-03-03T08:38:11+00:00","dateModified":"2021-03-10T17:37:54+00:00","breadcrumb":{"@id":"https:\/\/www.compagniadisanpaolo.it\/it\/lavora-con-noi\/#breadcrumb"},"inLanguage":"it-IT","potentialAction":[{"@type":"ReadAction","target":["https:\/\/www.compagniadisanpaolo.it\/it\/lavora-con-noi\/"]}]},{"@type":"ImageObject","inLanguage":"it-IT","@id":"https:\/\/www.compagniadisanpaolo.it\/it\/lavora-con-noi\/#primaryimage","url":"https:\/\/www.compagniadisanpaolo.it\/wp-content\/uploads\/header-lavora-con-noi.jpg","contentUrl":"https:\/\/www.compagniadisanpaolo.it\/wp-content\/uploads\/header-lavora-con-noi.jpg","width":815,"height":350},{"@type":"BreadcrumbList","@id":"https:\/\/www.compagniadisanpaolo.it\/it\/lavora-con-noi\/#breadcrumb","itemListElement":[{"@type":"ListItem","position":1,"name":"Home","item":"https:\/\/www.compagniadisanpaolo.it\/it\/"},{"@type":"ListItem","position":2,"name":"Lavora con noi"}]},{"@type":"WebSite","@id":"https:\/\/www.compagniadisanpaolo.it\/it\/#website","url":"https:\/\/www.compagniadisanpaolo.it\/it\/","name":"Fondazione Compagnia di San Paolo","description":"","publisher":{"@id":"https:\/\/www.compagniadisanpaolo.it\/it\/#organization"},"potentialAction":[{"@type":"SearchAction","target":{"@type":"EntryPoint","urlTemplate":"https:\/\/www.compagniadisanpaolo.it\/it\/?s={search_term_string}"},"query-input":{"@type":"PropertyValueSpecification","valueRequired":true,"valueName":"search_term_string"}}],"inLanguage":"it-IT"},{"@type":"Organization","@id":"https:\/\/www.compagniadisanpaolo.it\/it\/#organization","name":"Fondazione Compagnia di San Paolo","url":"https:\/\/www.compagniadisanpaolo.it\/it\/","logo":{"@type":"ImageObject","inLanguage":"it-IT","@id":"https:\/\/www.compagniadisanpaolo.it\/it\/#\/schema\/logo\/image\/","url":"https:\/\/www.compagniadisanpaolo.it\/wp-content\/uploads\/logo.svg","contentUrl":"https:\/\/www.compagniadisanpaolo.it\/wp-content\/uploads\/logo.svg","width":769,"height":323,"caption":"Fondazione Compagnia di San Paolo"},"image":{"@id":"https:\/\/www.compagniadisanpaolo.it\/it\/#\/schema\/logo\/image\/"},"sameAs":["https:\/\/www.facebook.com\/CompagniaDiSanPaolo","https:\/\/x.com\/CSP_live","http:\/\/instagram.com\/compagniadisanpaolo?ref=badge","https:\/\/www.linkedin.com\/company\/compagnia-di-san-paolo","https:\/\/www.youtube.com\/user\/compagniadisanpaolo","https:\/\/it.wikipedia.org\/wiki\/Compagnia_di_San_Paolo"]}]}},"_links":{"self":[{"href":"https:\/\/www.compagniadisanpaolo.it\/it\/wp-json\/wp\/v2\/pages\/8917","targetHints":{"allow":["GET"]}}],"collection":[{"href":"https:\/\/www.compagniadisanpaolo.it\/it\/wp-json\/wp\/v2\/pages"}],"about":[{"href":"https:\/\/www.compagniadisanpaolo.it\/it\/wp-json\/wp\/v2\/types\/page"}],"author":[{"embeddable":true,"href":"https:\/\/www.compagniadisanpaolo.it\/it\/wp-json\/wp\/v2\/users\/17"}],"replies":[{"embeddable":true,"href":"https:\/\/www.compagniadisanpaolo.it\/it\/wp-json\/wp\/v2\/comments?post=8917"}],"version-history":[{"count":30,"href":"https:\/\/www.compagniadisanpaolo.it\/it\/wp-json\/wp\/v2\/pages\/8917\/revisions"}],"predecessor-version":[{"id":12455,"href":"https:\/\/www.compagniadisanpaolo.it\/it\/wp-json\/wp\/v2\/pages\/8917\/revisions\/12455"}],"wp:featuredmedia":[{"embeddable":true,"href":"https:\/\/www.compagniadisanpaolo.it\/it\/wp-json\/wp\/v2\/media\/8918"}],"wp:attachment":[{"href":"https:\/\/www.compagniadisanpaolo.it\/it\/wp-json\/wp\/v2\/media?parent=8917"}],"curies":[{"name":"wp","href":"https:\/\/api.w.org\/{rel}","templated":true}]}}