{"id":69,"date":"2020-04-11T17:58:06","date_gmt":"2020-04-11T15:58:06","guid":{"rendered":"http:\/\/206.189.118.163\/?page_id=69"},"modified":"2025-02-17T17:47:37","modified_gmt":"2025-02-17T16:47:37","slug":"i-progetti","status":"publish","type":"page","link":"https:\/\/www.compagniadisanpaolo.it\/it\/i-progetti\/","title":{"rendered":"I progetti"},"content":{"rendered":"<div class=\"wpb-content-wrapper\">[vc_row el_class=&#8221;txt-col mt-5 mb-3&#8243;][vc_column][vc_column_text]\n<h3 class=\"title\">La nostra attivit\u00e0 erogativa\u00a0nasce da una visione fortemente improntata alla\u00a0progettualit\u00e0, per offrire valore alle persone e ai territori.<\/h3>\n[\/vc_column_text][\/vc_column][\/vc_row][vc_row el_class=&#8221;txt-col&#8221;][vc_column][vc_column_text el_class=&#8221;text&#8221;]L\u2019attivit\u00e0 erogativa si esplica in bandi, linee guida o altre forme strutturate di selezione, nonch\u00e9 nella ricezione di proposte spontanee. La <strong class=\"hl\">capacit\u00e0 progettuale<\/strong> dell\u2019ente candidato rappresenta uno degli aspetti fondamentali per la selezione. Spesso <strong>continuiamo a sostenere i progetti<\/strong> perch\u00e9 possano crescere e rappresentare un <strong class=\"hl\">modello replicabile<\/strong> su altri territori.<\/p>\n<p>In alcuni casi, \u00e8 la stessa Fondazione che <strong>sviluppa e realizza progetti specifici<\/strong>, in linea con l\u2019attivit\u00e0 delle singole missioni, o in modo trasversale rispetto ad esse. Si tratta di occasioni in cui \u00e8 possibile <strong class=\"hl\">tradurre l\u2019esperienza e la capacit\u00e0 di anticipazione della Fondazione Compagnia di San Paolo<\/strong>, per offrire soluzioni capaci di offrire <strong>risposte ai territori<\/strong> e <strong>ispirazione ad altri enti<\/strong>, per costruire un terreno comune di forte condivisione, di best practice e modelli.[\/vc_column_text][\/vc_column][\/vc_row][vc_row disable_element=&#8221;yes&#8221; el_class=&#8221;newsarchive&#8221;][vc_column][vc_raw_html]JTNDZGl2JTIwY2xhc3MlM0QlMjJsaXN0aW5nLWJveCUyMG9iai1wZW9wbGUlMjIlM0UlM0NkaXYlMjBjbGFzcyUzRCUyMnZjX3JvdyUyMHdwYl9yb3clMjB2Y19yb3ctZmx1aWQlMjIlMjBhcmlhLWxhYmVsJTNEJTIyU2VjdGlvbiUyMDYlMjIlM0UlM0NkaXYlMjBjbGFzcyUzRCUyMndwYl9jb2x1bW4lMjB2Y19jb2x1bW5fY29udGFpbmVyJTIwdmNfY29sLXNtLTEyJTIyJTNFJTNDZGl2JTIwY2xhc3MlM0QlMjJ2Y19jb2x1bW4taW5uZXIlMjIlM0UlM0NkaXYlMjBjbGFzcyUzRCUyMndwYl93cmFwcGVyJTIyJTNFJTNDZGl2JTIwY2xhc3MlM0QlMjJ0YWclMjIlM0UlMEElM0NzcGFuJTIwY2xhc3MlM0QlMjJvYmotcGVvcGxlJTIyJTNFJTNDc3BhbiUzRVBlcnNvbmUlM0MlMkZzcGFuJTNFJTNDJTJGc3BhbiUzRSUzQyUyRmRpdiUzRSUzQ2RpdiUyMGNsYXNzJTNEJTIyaW1hZ2UlMjIlM0UlM0NpbWclMjB3aWR0aCUzRCUyMjU0MCUyMiUyMGhlaWdodCUzRCUyMjMxMCUyMiUyMHNyYyUzRCUyMmh0dHBzJTNBJTJGJTJGd3d3LmNvbXBhZ25pYWRpc2FucGFvbG8uaXQlMkZ3cC1jb250ZW50JTJGd2VicC1leHByZXNzJTJGd2VicC1pbWFnZXMlMkZkb2Mtcm9vdCUyRndwLWNvbnRlbnQlMkZ1cGxvYWRzJTJGQ1NQLXRhZ2xpby1pbW1hZ2luZS1uZXdzLUNTUC1BdnZpc28tcHViYmxpY28tQ29tdW5lLVRvcmluby1sdWRvdGVjaGVfODE1WDM1MC01NDB4MzEwLmpwZy53ZWJwJTIyJTIwY2xhc3MlM0QlMjJhdHRhY2htZW50LWZ1bGwlMjBpbWctZmx1aWQlMjB3cC1wb3N0LWltYWdlJTIyJTIwYWx0JTNEJTIyJTIyJTIwZGVjb2RpbmclM0QlMjJhc3luYyUyMiUyMGxvYWRpbmclM0QlMjJsYXp5JTIyJTIwc3Jjc2V0JTNEJTIyaHR0cHMlM0ElMkYlMkZ3d3cuY29tcGFnbmlhZGlzYW5wYW9sby5pdCUyRndwLWNvbnRlbnQlMkZ3ZWJwLWV4cHJlc3MlMkZ3ZWJwLWltYWdlcyUyRmRvYy1yb290JTJGd3AtY29udGVudCUyRnVwbG9hZHMlMkZDU1AtdGFnbGlvLWltbWFnaW5lLW5ld3MtQ1NQLUF2dmlzby1wdWJibGljby1Db211bmUtVG9yaW5vLWx1ZG90ZWNoZV84MTVYMzUwLTU0MHgzMTAuanBnLndlYnAlMjA1NDB3JTJDJTIwJTIwaHR0cHMlM0ElMkYlMkZ3d3cuY29tcGFnbmlhZGlzYW5wYW9sby5pdCUyRndwLWNvbnRlbnQlMkZ3ZWJwLWV4cHJlc3MlMkZ3ZWJwLWltYWdlcyUyRmRvYy1yb290JTJGd3AtY29udGVudCUyRnVwbG9hZHMlMkZDU1AtdGFnbGlvLWltbWFnaW5lLW5ld3MtQ1NQLUF2dmlzby1wdWJibGljby1Db211bmUtVG9yaW5vLWx1ZG90ZWNoZV84MTVYMzUwLTM1MHgyMDIuanBnLndlYnAlMjAzNTB3JTIyJTIwc2l6ZXMlM0QlMjIlMjhtYXgtd2lkdGglM0ElMjA1NDBweCUyOSUyMDEwMHZ3JTJDJTIwNTQwcHglMjIlM0UlM0MlMkZkaXYlM0UlM0NkaXYlMjBjbGFzcyUzRCUyMnRleHQlMjIlM0UlM0NoNCUyMGNsYXNzJTNEJTIydGl0bGUlMjIlM0UlMEFDaXR0JUMzJUEwJTIwZGVsbCVFMiU4MCU5OUVkdWNhemlvbmUlM0MlMkZoNCUzRSUzQ2RpdiUyMGNsYXNzJTNEJTIyaW5mbyUyMiUzRSUzQ3NwYW4lMjBjbGFzcyUzRCUyMmRhdGUlMjIlM0U1JTIwRmViYnJhaW8lMjAyMDI1JTNDJTJGc3BhbiUzRSUzQyUyRmRpdiUzRSUzQyUyRmRpdiUzRSUwQSUzQ2ElMjBocmVmJTNEJTIyaHR0cHMlM0ElMkYlMkZ3d3cuY29tcGFnbmlhZGlzYW5wYW9sby5pdCUyRml0JTJGcHJvZ2V0dGklMkZjaXR0YS1kZWxsZWR1Y2F6aW9uZSUyRiUzRm5vYW1wJTNEbW9iaWxlJTIyJTIwY2xhc3MlM0QlMjJibG9jay1saW5rJTIyJTNFJTNDJTJGYSUzRSUzQyUyRmRpdiUzRSUzQyUyRmRpdiUzRSUzQyUyRmRpdiUzRSUzQyUyRmRpdiUzRSUzQyUyRmRpdiUzRQ==[\/vc_raw_html][\/vc_column][\/vc_row][vc_row el_class=&#8221;filter-wrap&#8221;][vc_column][vc_column_text el_class=&#8221;explain&#8221;]Scopri i progetti[\/vc_column_text][vc_column_text el_class=&#8221;filter-row&#8221;]<form data-sf-form-id='6569' data-is-rtl='0' data-maintain-state='' data-results-url='https:\/\/www.compagniadisanpaolo.it\/it\/i-progetti\/' data-ajax-url='https:\/\/www.compagniadisanpaolo.it\/it\/i-progetti\/?sf_data=results' data-ajax-form-url='https:\/\/www.compagniadisanpaolo.it\/it\/?sfid=6569&amp;sf_action=get_data&amp;sf_data=form' data-display-result-method='custom' data-use-history-api='1' data-template-loaded='0' data-lang-code='it' data-ajax='1' data-ajax-data-type='html' data-ajax-links-selector='.pagination a' data-ajax-target='.listing-box-wrap' data-ajax-pagination-type='normal' data-only-results-ajax='1' data-scroll-to-pos='form' data-scroll-on-action='all' data-init-paged='1' data-auto-update='1' action='https:\/\/www.compagniadisanpaolo.it\/it\/i-progetti\/' method='post' class='searchandfilter' id='search-filter-form-6569' autocomplete='off' data-instance-count='1'><ul><li class=\"sf-field-post-meta-obbiettivo\" data-sf-field-name=\"_sfm_obbiettivo\" data-sf-field-type=\"post_meta\" data-sf-field-input-type=\"select\" data-sf-meta-type=\"choice\">\t\t<label>\n\t\t\t\t   \t\t<select name=\"_sfm_obbiettivo[]\" class=\"sf-input-select\" title=\"\">\n\t\t\t\t\t\t  \t\t\t<option class=\"sf-level-0 sf-item-0 sf-option-active\" selected=\"selected\" data-sf-depth=\"0\" value=\"\">Argomento<\/option>\n\t\t\t\t\t\t\t\t\t\t\t<option class=\"sf-level-0 \" data-sf-count=\"-1\" data-sf-depth=\"0\" value=\"obj-culture\">Obiettivo Cultura<\/option>\n\t\t\t\t\t\t\t\t\t\t\t<option class=\"sf-level-0 \" data-sf-count=\"-1\" data-sf-depth=\"0\" value=\"obj-people\">Obiettivo Persone<\/option>\n\t\t\t\t\t\t\t\t\t\t\t<option class=\"sf-level-0 \" data-sf-count=\"-1\" data-sf-depth=\"0\" value=\"obj-planet\">Obiettivo Pianeta<\/option>\n\t\t\t\t\t\t\t\t\t\t\t<option class=\"sf-level-0 \" data-sf-count=\"-1\" data-sf-depth=\"0\" value=\"obj-institutional\">Istituzionale<\/option>\n\t\t\t\t\t\t\t\t\t\t\t<\/select><\/label>\t\t\t\t\t\t\t\t\t\t<\/li><li class=\"sf-field-post-meta-missioni_progetti\" data-sf-field-name=\"_sfm_missioni_progetti\" data-sf-field-type=\"post_meta\" data-sf-field-input-type=\"select\" data-sf-meta-type=\"choice\">\t\t<label>\n\t\t\t\t   \t\t<select name=\"_sfm_missioni_progetti[]\" class=\"sf-input-select\" title=\"\">\n\t\t\t\t\t\t  \t\t\t<option class=\"sf-level-0 sf-item-0 sf-option-active\" selected=\"selected\" data-sf-depth=\"0\" value=\"\">Missione<\/option>\n\t\t\t\t\t\t\t\t\t\t\t<option class=\"sf-level-0 \" data-sf-count=\"-1\" data-sf-depth=\"0\" value=\"2174\">Abitare tra casa e territorio<\/option>\n\t\t\t\t\t\t\t\t\t\t\t<option class=\"sf-level-0 \" data-sf-count=\"-1\" data-sf-depth=\"0\" value=\"2186\">Accelerare l\u2019innovazione<\/option>\n\t\t\t\t\t\t\t\t\t\t\t<option class=\"sf-level-0 \" data-sf-count=\"-1\" data-sf-depth=\"0\" value=\"2180\">Collaborare per l\u2019inclusione<\/option>\n\t\t\t\t\t\t\t\t\t\t\t<option class=\"sf-level-0 \" data-sf-count=\"-1\" data-sf-depth=\"0\" value=\"2127\">Creare attrattivit\u00e0<\/option>\n\t\t\t\t\t\t\t\t\t\t\t<option class=\"sf-level-0 \" data-sf-count=\"-1\" data-sf-depth=\"0\" value=\"2161\">Custodire la bellezza<\/option>\n\t\t\t\t\t\t\t\t\t\t\t<option class=\"sf-level-0 \" data-sf-count=\"-1\" data-sf-depth=\"0\" value=\"2212\">Diventare comunit\u00e0<\/option>\n\t\t\t\t\t\t\t\t\t\t\t<option class=\"sf-level-0 \" data-sf-count=\"-1\" data-sf-depth=\"0\" value=\"2178\">Educare per crescere insieme<\/option>\n\t\t\t\t\t\t\t\t\t\t\t<option class=\"sf-level-0 \" data-sf-count=\"-1\" data-sf-depth=\"0\" value=\"2163\">Favorire partecipazione attiva<\/option>\n\t\t\t\t\t\t\t\t\t\t\t<option class=\"sf-level-0 \" data-sf-count=\"-1\" data-sf-depth=\"0\" value=\"2176\">Favorire il lavoro dignitoso<\/option>\n\t\t\t\t\t\t\t\t\t\t\t<option class=\"sf-level-0 \" data-sf-count=\"-1\" data-sf-depth=\"0\" value=\"2193\">Proteggere l\u2019ambiente<\/option>\n\t\t\t\t\t\t\t\t\t\t\t<option class=\"sf-level-0 \" data-sf-count=\"-1\" data-sf-depth=\"0\" value=\"2153\">Sviluppare competenze<\/option>\n\t\t\t\t\t\t\t\t\t\t\t<option class=\"sf-level-0 \" data-sf-count=\"-1\" data-sf-depth=\"0\" value=\"2191\">Promuovere il benessere<\/option>\n\t\t\t\t\t\t\t\t\t\t\t<option class=\"sf-level-0 \" data-sf-count=\"-1\" data-sf-depth=\"0\" value=\"2189\">Sviluppare il territorio<\/option>\n\t\t\t\t\t\t\t\t\t\t\t<option class=\"sf-level-0 \" data-sf-count=\"-1\" data-sf-depth=\"0\" value=\"2182\">Valorizzare la ricerca<\/option>\n\t\t\t\t\t\t\t\t\t\t\t<\/select><\/label>\t\t\t\t\t\t\t\t\t\t<\/li><li class=\"sf-field-post-meta-sdgs_selezionati\" data-sf-field-name=\"_sfm_sdgs_selezionati\" data-sf-field-type=\"post_meta\" data-sf-field-input-type=\"select\" data-sf-meta-type=\"choice\">\t\t<label>\n\t\t\t\t   \t\t<select name=\"_sfm_sdgs_selezionati[]\" class=\"sf-input-select\" title=\"\">\n\t\t\t\t\t\t  \t\t\t<option class=\"sf-level-0 sf-item-0 sf-option-active\" selected=\"selected\" data-sf-depth=\"0\" value=\"\">SDGs<\/option>\n\t\t\t\t\t\t\t\t\t\t\t<option class=\"sf-level-0 \" data-sf-count=\"-1\" data-sf-depth=\"0\" value=\"4775\">SDG 1 Sconfiggere la povert\u00e0<\/option>\n\t\t\t\t\t\t\t\t\t\t\t<option class=\"sf-level-0 \" data-sf-count=\"-1\" data-sf-depth=\"0\" value=\"5217\">SDG 2 Sconfiggere la fame<\/option>\n\t\t\t\t\t\t\t\t\t\t\t<option class=\"sf-level-0 \" data-sf-count=\"-1\" data-sf-depth=\"0\" value=\"4783\">SDG 3 Salute e benessere<\/option>\n\t\t\t\t\t\t\t\t\t\t\t<option class=\"sf-level-0 \" data-sf-count=\"-1\" data-sf-depth=\"0\" value=\"5215\">SDG 4 Istruzione di qualit\u00e0<\/option>\n\t\t\t\t\t\t\t\t\t\t\t<option class=\"sf-level-0 \" data-sf-count=\"-1\" data-sf-depth=\"0\" value=\"5219\">SDG 5 Parit\u00e0 di genere<\/option>\n\t\t\t\t\t\t\t\t\t\t\t<option class=\"sf-level-0 \" data-sf-count=\"-1\" data-sf-depth=\"0\" value=\"5221\">SDG 6 Acqua pulita e servizi igienico-sanitari<\/option>\n\t\t\t\t\t\t\t\t\t\t\t<option class=\"sf-level-0 \" data-sf-count=\"-1\" data-sf-depth=\"0\" value=\"5223\">SDG 7 Energia pulita e accessibile<\/option>\n\t\t\t\t\t\t\t\t\t\t\t<option class=\"sf-level-0 \" data-sf-count=\"-1\" data-sf-depth=\"0\" value=\"5212\">SDG 8 Lavoro dignitoso e crescita economica<\/option>\n\t\t\t\t\t\t\t\t\t\t\t<option class=\"sf-level-0 \" data-sf-count=\"-1\" data-sf-depth=\"0\" value=\"5225\">SDG 9 Imprese, innovazione e infrastrutture<\/option>\n\t\t\t\t\t\t\t\t\t\t\t<option class=\"sf-level-0 \" data-sf-count=\"-1\" data-sf-depth=\"0\" value=\"5247\">SDG 10 Ridurre le disuguaglianze<\/option>\n\t\t\t\t\t\t\t\t\t\t\t<option class=\"sf-level-0 \" data-sf-count=\"-1\" data-sf-depth=\"0\" value=\"5249\">SDG 11 Citt\u00e0 e comunit\u00e0 sostenibili<\/option>\n\t\t\t\t\t\t\t\t\t\t\t<option class=\"sf-level-0 \" data-sf-count=\"-1\" data-sf-depth=\"0\" value=\"5251\">SDG 12 Consumo e produzione responsabili<\/option>\n\t\t\t\t\t\t\t\t\t\t\t<option class=\"sf-level-0 \" data-sf-count=\"-1\" data-sf-depth=\"0\" value=\"5252\">SDG 13 Lotta contro il cambiamento climatico<\/option>\n\t\t\t\t\t\t\t\t\t\t\t<option class=\"sf-level-0 \" data-sf-count=\"-1\" data-sf-depth=\"0\" value=\"5255\">SDG 14 Vita sott\u2019acqua<\/option>\n\t\t\t\t\t\t\t\t\t\t\t<option class=\"sf-level-0 \" data-sf-count=\"-1\" data-sf-depth=\"0\" value=\"5257\">SDG 15 Vita sulla Terra<\/option>\n\t\t\t\t\t\t\t\t\t\t\t<option class=\"sf-level-0 \" data-sf-count=\"-1\" data-sf-depth=\"0\" value=\"5259\">SDG 16 Pace, giustizia e istituzioni solide<\/option>\n\t\t\t\t\t\t\t\t\t\t\t<option class=\"sf-level-0 \" data-sf-count=\"-1\" data-sf-depth=\"0\" value=\"5261\">SDG 17 Partnership per gli obiettivi<\/option>\n\t\t\t\t\t\t\t\t\t\t\t<\/select><\/label>\t\t\t\t\t\t\t\t\t\t<\/li><\/ul><\/form>[\/vc_column_text][\/vc_column][\/vc_row][vc_row][vc_column]<div class=\"templatera_shortcode\"><\/div>[\/vc_column][\/vc_row]\n<\/div>","protected":false},"excerpt":{"rendered":"La nostra attivit\u00e0 erogativa\u00a0nasce da una visione fortemente improntata alla\u00a0progettualit\u00e0, per offrire valore alle persone e ai territori. L\u2019attivit\u00e0 erogativa si esplica in bandi, linee guida o altre forme strutturate di selezione, nonch\u00e9 nella ricezione di proposte spontanee. La capacit\u00e0 progettuale dell\u2019ente candidato rappresenta uno degli aspetti fondamentali per la selezione. Spesso continuiamo a sostenere i progetti perch\u00e9 possano crescere e rappresentare un modello replicabile su altri territori. In alcuni casi, \u00e8 la stessa Fondazione che sviluppa e realizza progetti specifici, in linea con l\u2019attivit\u00e0 delle singole missioni, o in modo trasversale rispetto ad esse. Si tratta di occasioni in cui \u00e8 possibile tradurre l\u2019esperienza e la capacit\u00e0 di anticipazione della Fondazione Compagnia di San Paolo, per offrire soluzioni capaci di offrire risposte ai territori e ispirazione ad altri enti, per costruire un terreno comune di forte condivisione, di best practice e modelli. Scopri i progetti Argomento Obiettivo Cultura Obiettivo Persone Obiettivo Pianeta Istituzionale Missione Abitare tra casa e territorio Accelerare l\u2019innovazione Collaborare per l\u2019inclusione Creare attrattivit\u00e0 Custodire la bellezza Diventare comunit\u00e0 Educare per crescere insieme Favorire partecipazione attiva Favorire il lavoro dignitoso Proteggere l\u2019ambiente Sviluppare competenze Promuovere il benessere Sviluppare il territorio Valorizzare la ricerca SDGs SDG 1 Sconfiggere la povert\u00e0 SDG 2 Sconfiggere la fame SDG 3 Salute e benessere SDG 4 Istruzione di qualit\u00e0 SDG 5 Parit\u00e0 di genere SDG 6 Acqua pulita e servizi igienico-sanitari SDG 7 Energia pulita e accessibile SDG 8 Lavoro dignitoso e crescita economica SDG 9 Imprese, innovazione e infrastrutture SDG 10 Ridurre le disuguaglianze SDG 11 Citt\u00e0 e comunit\u00e0 sostenibili SDG 12 Consumo e produzione responsabili SDG 13 Lotta contro il cambiamento climatico SDG 14 Vita sott\u2019acqua SDG 15 Vita sulla Terra SDG 16 Pace, giustizia e istituzioni solide SDG 17 Partnership per gli obiettivi","protected":false},"author":19,"featured_media":0,"parent":0,"menu_order":60,"comment_status":"closed","ping_status":"closed","template":"","meta":{"_acf_changed":false,"content-type":"","footnotes":""},"class_list":["post-69","page","type-page","status-publish","hentry","entry","post-inner"],"acf":[],"yoast_head":"<!-- This site is optimized with the Yoast SEO plugin v27.2 - https:\/\/yoast.com\/product\/yoast-seo-wordpress\/ -->\n<title>I progetti - Fondazione Compagnia di San Paolo<\/title>\n<meta name=\"robots\" content=\"index, follow, max-snippet:-1, max-image-preview:large, max-video-preview:-1\" \/>\n<link rel=\"canonical\" href=\"https:\/\/www.compagniadisanpaolo.it\/it\/i-progetti\/\" \/>\n<meta property=\"og:locale\" content=\"it_IT\" \/>\n<meta property=\"og:type\" content=\"article\" \/>\n<meta property=\"og:title\" content=\"I progetti - Fondazione Compagnia di San Paolo\" \/>\n<meta property=\"og:url\" content=\"https:\/\/www.compagniadisanpaolo.it\/it\/i-progetti\/\" \/>\n<meta property=\"og:site_name\" content=\"Fondazione Compagnia di San Paolo\" \/>\n<meta property=\"article:publisher\" content=\"https:\/\/www.facebook.com\/CompagniaDiSanPaolo\" \/>\n<meta property=\"article:modified_time\" content=\"2025-02-17T16:47:37+00:00\" \/>\n<meta property=\"og:image\" content=\"https:\/\/www.compagniadisanpaolo.it\/wp-content\/uploads\/alternate-social.png\" \/>\n\t<meta property=\"og:image:width\" content=\"1200\" \/>\n\t<meta property=\"og:image:height\" content=\"900\" \/>\n\t<meta property=\"og:image:type\" content=\"image\/png\" \/>\n<meta name=\"twitter:card\" content=\"summary_large_image\" \/>\n<meta name=\"twitter:site\" content=\"@CSP_live\" \/>\n<meta name=\"twitter:label1\" content=\"Tempo di lettura stimato\" \/>\n\t<meta name=\"twitter:data1\" content=\"1 minuto\" \/>\n<script type=\"application\/ld+json\" class=\"yoast-schema-graph\">{\"@context\":\"https:\/\/schema.org\",\"@graph\":[{\"@type\":\"WebPage\",\"@id\":\"https:\/\/www.compagniadisanpaolo.it\/it\/i-progetti\/\",\"url\":\"https:\/\/www.compagniadisanpaolo.it\/it\/i-progetti\/\",\"name\":\"I progetti - Fondazione Compagnia di San Paolo\",\"isPartOf\":{\"@id\":\"https:\/\/www.compagniadisanpaolo.it\/it\/#website\"},\"datePublished\":\"2020-04-11T15:58:06+00:00\",\"dateModified\":\"2025-02-17T16:47:37+00:00\",\"breadcrumb\":{\"@id\":\"https:\/\/www.compagniadisanpaolo.it\/it\/i-progetti\/#breadcrumb\"},\"inLanguage\":\"it-IT\",\"potentialAction\":[{\"@type\":\"ReadAction\",\"target\":[\"https:\/\/www.compagniadisanpaolo.it\/it\/i-progetti\/\"]}]},{\"@type\":\"BreadcrumbList\",\"@id\":\"https:\/\/www.compagniadisanpaolo.it\/it\/i-progetti\/#breadcrumb\",\"itemListElement\":[{\"@type\":\"ListItem\",\"position\":1,\"name\":\"Home\",\"item\":\"https:\/\/www.compagniadisanpaolo.it\/it\/\"},{\"@type\":\"ListItem\",\"position\":2,\"name\":\"I progetti\"}]},{\"@type\":\"WebSite\",\"@id\":\"https:\/\/www.compagniadisanpaolo.it\/it\/#website\",\"url\":\"https:\/\/www.compagniadisanpaolo.it\/it\/\",\"name\":\"Fondazione Compagnia di San Paolo\",\"description\":\"\",\"publisher\":{\"@id\":\"https:\/\/www.compagniadisanpaolo.it\/it\/#organization\"},\"potentialAction\":[{\"@type\":\"SearchAction\",\"target\":{\"@type\":\"EntryPoint\",\"urlTemplate\":\"https:\/\/www.compagniadisanpaolo.it\/it\/?s={search_term_string}\"},\"query-input\":{\"@type\":\"PropertyValueSpecification\",\"valueRequired\":true,\"valueName\":\"search_term_string\"}}],\"inLanguage\":\"it-IT\"},{\"@type\":\"Organization\",\"@id\":\"https:\/\/www.compagniadisanpaolo.it\/it\/#organization\",\"name\":\"Fondazione Compagnia di San Paolo\",\"url\":\"https:\/\/www.compagniadisanpaolo.it\/it\/\",\"logo\":{\"@type\":\"ImageObject\",\"inLanguage\":\"it-IT\",\"@id\":\"https:\/\/www.compagniadisanpaolo.it\/it\/#\/schema\/logo\/image\/\",\"url\":\"https:\/\/www.compagniadisanpaolo.it\/wp-content\/uploads\/logo.svg\",\"contentUrl\":\"https:\/\/www.compagniadisanpaolo.it\/wp-content\/uploads\/logo.svg\",\"width\":769,\"height\":323,\"caption\":\"Fondazione Compagnia di San Paolo\"},\"image\":{\"@id\":\"https:\/\/www.compagniadisanpaolo.it\/it\/#\/schema\/logo\/image\/\"},\"sameAs\":[\"https:\/\/www.facebook.com\/CompagniaDiSanPaolo\",\"https:\/\/x.com\/CSP_live\",\"http:\/\/instagram.com\/compagniadisanpaolo?ref=badge\",\"https:\/\/www.linkedin.com\/company\/compagnia-di-san-paolo\",\"https:\/\/www.youtube.com\/user\/compagniadisanpaolo\",\"https:\/\/it.wikipedia.org\/wiki\/Compagnia_di_San_Paolo\"]}]}<\/script>\n<!-- \/ Yoast SEO plugin. -->","yoast_head_json":{"title":"I progetti - Fondazione Compagnia di San Paolo","robots":{"index":"index","follow":"follow","max-snippet":"max-snippet:-1","max-image-preview":"max-image-preview:large","max-video-preview":"max-video-preview:-1"},"canonical":"https:\/\/www.compagniadisanpaolo.it\/it\/i-progetti\/","og_locale":"it_IT","og_type":"article","og_title":"I progetti - Fondazione Compagnia di San Paolo","og_url":"https:\/\/www.compagniadisanpaolo.it\/it\/i-progetti\/","og_site_name":"Fondazione Compagnia di San Paolo","article_publisher":"https:\/\/www.facebook.com\/CompagniaDiSanPaolo","article_modified_time":"2025-02-17T16:47:37+00:00","og_image":[{"width":1200,"height":900,"url":"https:\/\/www.compagniadisanpaolo.it\/wp-content\/uploads\/alternate-social.png","type":"image\/png"}],"twitter_card":"summary_large_image","twitter_site":"@CSP_live","twitter_misc":{"Tempo di lettura stimato":"1 minuto"},"schema":{"@context":"https:\/\/schema.org","@graph":[{"@type":"WebPage","@id":"https:\/\/www.compagniadisanpaolo.it\/it\/i-progetti\/","url":"https:\/\/www.compagniadisanpaolo.it\/it\/i-progetti\/","name":"I progetti - Fondazione Compagnia di San Paolo","isPartOf":{"@id":"https:\/\/www.compagniadisanpaolo.it\/it\/#website"},"datePublished":"2020-04-11T15:58:06+00:00","dateModified":"2025-02-17T16:47:37+00:00","breadcrumb":{"@id":"https:\/\/www.compagniadisanpaolo.it\/it\/i-progetti\/#breadcrumb"},"inLanguage":"it-IT","potentialAction":[{"@type":"ReadAction","target":["https:\/\/www.compagniadisanpaolo.it\/it\/i-progetti\/"]}]},{"@type":"BreadcrumbList","@id":"https:\/\/www.compagniadisanpaolo.it\/it\/i-progetti\/#breadcrumb","itemListElement":[{"@type":"ListItem","position":1,"name":"Home","item":"https:\/\/www.compagniadisanpaolo.it\/it\/"},{"@type":"ListItem","position":2,"name":"I progetti"}]},{"@type":"WebSite","@id":"https:\/\/www.compagniadisanpaolo.it\/it\/#website","url":"https:\/\/www.compagniadisanpaolo.it\/it\/","name":"Fondazione Compagnia di San Paolo","description":"","publisher":{"@id":"https:\/\/www.compagniadisanpaolo.it\/it\/#organization"},"potentialAction":[{"@type":"SearchAction","target":{"@type":"EntryPoint","urlTemplate":"https:\/\/www.compagniadisanpaolo.it\/it\/?s={search_term_string}"},"query-input":{"@type":"PropertyValueSpecification","valueRequired":true,"valueName":"search_term_string"}}],"inLanguage":"it-IT"},{"@type":"Organization","@id":"https:\/\/www.compagniadisanpaolo.it\/it\/#organization","name":"Fondazione Compagnia di San Paolo","url":"https:\/\/www.compagniadisanpaolo.it\/it\/","logo":{"@type":"ImageObject","inLanguage":"it-IT","@id":"https:\/\/www.compagniadisanpaolo.it\/it\/#\/schema\/logo\/image\/","url":"https:\/\/www.compagniadisanpaolo.it\/wp-content\/uploads\/logo.svg","contentUrl":"https:\/\/www.compagniadisanpaolo.it\/wp-content\/uploads\/logo.svg","width":769,"height":323,"caption":"Fondazione Compagnia di San Paolo"},"image":{"@id":"https:\/\/www.compagniadisanpaolo.it\/it\/#\/schema\/logo\/image\/"},"sameAs":["https:\/\/www.facebook.com\/CompagniaDiSanPaolo","https:\/\/x.com\/CSP_live","http:\/\/instagram.com\/compagniadisanpaolo?ref=badge","https:\/\/www.linkedin.com\/company\/compagnia-di-san-paolo","https:\/\/www.youtube.com\/user\/compagniadisanpaolo","https:\/\/it.wikipedia.org\/wiki\/Compagnia_di_San_Paolo"]}]}},"_links":{"self":[{"href":"https:\/\/www.compagniadisanpaolo.it\/it\/wp-json\/wp\/v2\/pages\/69","targetHints":{"allow":["GET"]}}],"collection":[{"href":"https:\/\/www.compagniadisanpaolo.it\/it\/wp-json\/wp\/v2\/pages"}],"about":[{"href":"https:\/\/www.compagniadisanpaolo.it\/it\/wp-json\/wp\/v2\/types\/page"}],"author":[{"embeddable":true,"href":"https:\/\/www.compagniadisanpaolo.it\/it\/wp-json\/wp\/v2\/users\/19"}],"replies":[{"embeddable":true,"href":"https:\/\/www.compagniadisanpaolo.it\/it\/wp-json\/wp\/v2\/comments?post=69"}],"version-history":[{"count":6,"href":"https:\/\/www.compagniadisanpaolo.it\/it\/wp-json\/wp\/v2\/pages\/69\/revisions"}],"predecessor-version":[{"id":35161,"href":"https:\/\/www.compagniadisanpaolo.it\/it\/wp-json\/wp\/v2\/pages\/69\/revisions\/35161"}],"wp:attachment":[{"href":"https:\/\/www.compagniadisanpaolo.it\/it\/wp-json\/wp\/v2\/media?parent=69"}],"curies":[{"name":"wp","href":"https:\/\/api.w.org\/{rel}","templated":true}]}}