{"id":5089,"date":"2020-07-09T11:14:05","date_gmt":"2020-07-09T09:14:05","guid":{"rendered":"https:\/\/www.compagniadisanpaolo.it\/?page_id=5089"},"modified":"2025-06-16T14:02:15","modified_gmt":"2025-06-16T12:02:15","slug":"gestione-del-patrimonio","status":"publish","type":"page","link":"https:\/\/www.compagniadisanpaolo.it\/it\/fondazione\/gestione-del-patrimonio\/","title":{"rendered":"Gestione del Patrimonio"},"content":{"rendered":"<div class=\"wpb-content-wrapper\">[vc_row][vc_column][vc_column_text css=&#8221;&#8221; el_class=&#8221;text-headline2&#8243;]La missione filantropica della Fondazione Compagnia di San Paolo si sostiene con i risultati della <b>gestione di un patrimonio finanziario<\/b> che ai valori di mercato del 31 dicembre 2024 era pari a 10,1 miliardi di euro.[\/vc_column_text][\/vc_column][\/vc_row][vc_row full_width=&#8221;stretch_row_content_no_spaces&#8221; el_class=&#8221;txt-img txt-sx row&#8221;][vc_column width=&#8221;5\/12&#8243; el_class=&#8221;mb-5 mb-lg-0&#8243; offset=&#8221;vc_col-sm-offset-1 vc_col-xs-offset-1 vc_col-xs-10&#8243;][vc_column_text el_class=&#8221;txt-img mb-0&#8243;]\n<div class=\"text\">\n<p>Il patrimonio della Fondazione \u00e8 gestito secondo principi di <strong>diversificazione dei rischi finanziari e di conservazione e crescita del valore<\/strong> reale del portafoglio nel lungo termine. Il patrimonio della Fondazione Compagnia di San Paolo nasce con il processo di <strong class=\"hl\">privatizzazione dell\u2019Istituto Bancario San Paolo di Torino<\/strong> iniziato negli anni \u201990 del secolo scorso.<\/p>\n<\/div>\n[\/vc_column_text][\/vc_column][vc_column width=&#8221;1\/2&#8243; css=&#8221;.vc_custom_1594308687660{background-image: url(https:\/\/www.compagniadisanpaolo.it\/wp-content\/uploads\/GESTIONE-PATRIMONIO.jpg?id=5232) !important;background-position: center !important;background-repeat: no-repeat !important;background-size: cover !important;}&#8221; offset=&#8221;vc_col-sm-offset-0 vc_col-xs-offset-1 vc_col-xs-10&#8243;][vc_empty_space el_class=&#8221;fill-square&#8221;][\/vc_column][\/vc_row][vc_row el_class=&#8221;txt-img txt-sx row&#8221;][vc_column el_class=&#8221;mb-5 mb-lg-0&#8243; offset=&#8221;vc_col-sm-offset-0 vc_col-xs-offset-1 vc_col-xs-10&#8243;][vc_column_text css=&#8221;&#8221; el_class=&#8221;txt-img mb-0&#8243;]\n<h3 class=\"title\">La diversificazione strategica degli investimenti<\/h3>\n<div class=\"text\">\n<p>Una politica di diversificazione dalla iniziale partecipazione totalitaria nella banca conferitaria ha condotto il patrimonio della Fondazione a essere <em><strong>attualmente investito in un\u2019ampia categoria di assets finanziari presenti nei mercati internazionali<\/strong><\/em>, dalle <strong>azioni quotate globali<\/strong>, ai government e <strong>corporate bonds<\/strong>, al <strong>private equity<\/strong> e <strong>venture capital<\/strong>, agli <strong>hedge funds<\/strong> e alle <strong>infrastrutture<\/strong>.<\/p>\n<p>Il patrimonio \u00e8 composto da <strong>investimenti diretti<\/strong>, che oltre alla <strong>partecipazione nella banca conferitaria<\/strong>, la quale pesa per circa un terzo del valore di mercato complessivo, comprendono altre partecipazioni istituzionali come Banca d\u2019Italia e Cassa Depositi e Prestiti e investimenti in progetti legati agli obiettivi di missione (mission related investments) e da investimenti in fondi gestiti da asset managers terzi, che compongono il portafoglio diversificato sui mercati internazionali.<\/p>\n<p>I fondi gestiti da asset managers terzi sono contenuti principalmente in due fondi di fondi, uno per gli <strong>asset liquidi<\/strong> e uno per gli<strong> asset illiquidi<\/strong>, gestiti da <strong>Fondaco SGR<\/strong>, societ\u00e0 di gestione partecipata al 38% dalla Fondazione Compagnia di San Paolo.<\/p>\n<p>Il controllo dei rischi del portafoglio \u00e8 realizzato principalmente attraverso la diversificazione degli investimenti per settore, area geografica, emittente e con un\u2019attenta valutazione delle necessit\u00e0 di cassa dell\u2019attivit\u00e0 istituzionale della Fondazione, a cui si fa fronte con la liquidit\u00e0 derivante dalla gestione del patrimonio. La <strong>diversificazione degli investimenti<\/strong> \u00e8 assicurata attraverso la definizione di una <strong>Asset Allocation Strategica<\/strong>, elaborata con il contributo di advisor specializzati e rivista ogni tre anni, che definisce i pesi delle diverse asset class nel portafoglio diversificato, tenendo conto della composizione e capacit\u00e0 reddituale delle partecipazioni strategiche.<br \/>\nLa governance del processo d\u2019investimento \u00e8 incardinata nei documenti costitutivi della Fondazione, quali <strong>Statuto, Regolamento di gestione del patrimonio e Documento attuativo del Regolamento<\/strong>, approvati dal Consiglio Generale della Fondazione Compagnia di San Paolo.<br \/>\nUn <strong>Comitato Investimenti<\/strong>, composto da membri del Comitato di Gestione e da esperti esterni, ha compiti di supporto e fornisce pareri all\u2019organo di gestione della Fondazione.<\/p>\n<\/div>\n[\/vc_column_text][vc_column_text el_class=&#8221;txt-img mb-0&#8243;]\n<h3 class=\"title\">La sostenibilit\u00e0 degli investimenti<\/h3>\n<div class=\"text\">La Compagnia di San Paolo ritiene che la <em><strong>sostenibilit\u00e0 degli investimenti<\/strong><\/em> da un punto di vista ambientale, sociale e di governance debba essere un elemento costitutivo della politica d\u2019investimento di un\u2019istituzione <strong>consapevole del contesto sociale in cui opera<\/strong>. Un\u2019attenta e <strong>dettagliata review<\/strong> del grado di sostenibilit\u00e0 dei singoli investimenti in portafoglio e delle politiche di gestione dei fondi gestiti da manager terzi \u00e8 il presupposto per implementare anche una <em><strong>politica d\u2019investimento che contribuisce a raggiungere i Sustainable Development Goals delle Nazioni Unite (SDGs)<\/strong><\/em>\u00a0che la <strong>Fondazione Compagnia di San Paolo ha assunto come obiettivi<\/strong> per la propria missione istituzionale. La Fondazione mette sotto osservazione e valuta eventuali interventi sulle posizioni d\u2019investimento in cui manager esterni non abbiano rispettato i criteri ESG richiesti.<\/div>\n[\/vc_column_text][\/vc_column][\/vc_row][vc_row][vc_column][vc_row_inner][vc_column_inner width=&#8221;1\/2&#8243; el_id=&#8221;creare-attrattivita&#8221;][vc_single_image image=&#8221;38274&#8243; img_size=&#8221;full&#8221; css=&#8221;&#8221;][\/vc_column_inner][vc_column_inner el_class=&#8221;txt-col&#8221; width=&#8221;1\/2&#8243; css=&#8221;.vc_custom_1603977877944{padding-left: 70px !important;}&#8221;][vc_column_text css=&#8221;&#8221; el_class=&#8221;txt-img mb-0&#8243;]\n<h3 class=\"title\">La composizione del portafoglio<\/h3>\n<div class=\"text\">\n<p>Alla fine del 2024 <strong>il valore di mercato complessivo del portafoglio di attivit\u00e0 finanziarie<\/strong> detenuto dalla Compagnia di San Paolo ammontava a <strong>\u20ac10,1 miliardi<\/strong>. Riguardo alla composizione del portafoglio, al 31\/12\/2024 la <strong>partecipazione in Intesa Sanpaolo<\/strong> (valorizzata al prezzo di mercato al 29\/12\/2024) pesava per il <strong>44% sul totale <\/strong>delle attivit\u00e0 finanziarie. La <strong>parte \u201cdiversificata\u201d<\/strong> del portafoglio complessivo, rappresentata dall\u2019investimento in fondi di fondi gestiti da Fondaco Sgr S.p.A. e dalla liquidit\u00e0, costituiva il <strong>48% circa del totale<\/strong>; completava l\u2019allocazione il <strong>residuo 8%<\/strong>, rappresentato dal portafoglio di investimenti mission related, altre partecipazioni e attivit\u00e0.<\/p>\n<\/div>\n[\/vc_column_text][\/vc_column_inner][\/vc_row_inner][\/vc_column][\/vc_row][vc_row][vc_column]<div class=\"templatera_shortcode\"><div data-vc-full-width=\"true\" data-vc-full-width-temp=\"true\" data-vc-full-width-init=\"false\" class=\"vc_row wpb_row vc_row-fluid newsletter-wrap\"><div class=\"wpb_column vc_column_container vc_col-sm-12\"><div class=\"vc_column-inner\"><div class=\"wpb_wrapper\">\n\t<div class=\"wpb_raw_code wpb_raw_html wpb_content_element\" >\n\t\t<div class=\"wpb_wrapper\">\n\t\t\t    <div class=\"container\">\n      <div class=\"row align-items-center\">\n\t<div class=\"col-12 col-lg-6 col-xl-5 mb-3 mb-lg-0 pr-0\">\n\t  <h2 class=\"title\">Rimani aggiornato sui nostri bandi e sui nostri progetti<\/h2>\n\t<\/div>\n\t<div class=\"col-12 col-lg-6 col-xl-7 pl-xl-4\">\n\t  <a class=\"standard-link-block\" href=\"\/it\/newsletter\/\">\n\t    Compila il form e decidi su quale argomento vuoi ricevere notizie.\t    <strong>\u00a0 ISCRIVITI!<\/strong>\n\t  <\/a>\n\t<\/div>\n      <\/div>\n    <\/div>\n\t\t<\/div>\n\t<\/div>\n<\/div><\/div><\/div><\/div><div class=\"vc_row-full-width vc_clearfix\"><\/div><\/div>[\/vc_column][\/vc_row][vc_row][vc_column]<div class=\"templatera_shortcode\"><\/div>[\/vc_column][\/vc_row]\n<\/div>","protected":false},"excerpt":{"rendered":"La missione filantropica della Fondazione Compagnia di San Paolo si sostiene con i risultati della gestione di un patrimonio finanziario che ai valori di mercato del 31 dicembre 2024 era pari a 10,1 miliardi di euro. Il patrimonio della Fondazione \u00e8 gestito secondo principi di diversificazione dei rischi finanziari e di conservazione e crescita del valore reale del portafoglio nel lungo termine. Il patrimonio della Fondazione Compagnia di San Paolo nasce con il processo di privatizzazione dell\u2019Istituto Bancario San Paolo di Torino iniziato negli anni \u201990 del secolo scorso. La diversificazione strategica degli investimenti Una politica di diversificazione dalla iniziale partecipazione totalitaria nella banca conferitaria ha condotto il patrimonio della Fondazione a essere attualmente investito in un\u2019ampia categoria di assets finanziari presenti nei mercati internazionali, dalle azioni quotate globali, ai government e corporate bonds, al private equity e venture capital, agli hedge funds e alle infrastrutture. Il patrimonio \u00e8 composto da investimenti diretti, che oltre alla partecipazione nella banca conferitaria, la quale pesa per circa un terzo del valore di mercato complessivo, comprendono altre partecipazioni istituzionali come Banca d\u2019Italia e Cassa Depositi e Prestiti e investimenti in progetti legati agli obiettivi di missione (mission related investments) e da investimenti in fondi gestiti da asset managers terzi, che compongono il portafoglio diversificato sui mercati internazionali. I fondi gestiti da asset managers terzi sono contenuti principalmente in due fondi di fondi, uno per gli asset liquidi e uno per gli asset illiquidi, gestiti da Fondaco SGR, societ\u00e0 di gestione partecipata al 38% dalla Fondazione Compagnia di San Paolo. Il controllo dei rischi del portafoglio \u00e8 realizzato principalmente attraverso la diversificazione degli investimenti per settore, area geografica, emittente e con un\u2019attenta valutazione delle necessit\u00e0 di cassa dell\u2019attivit\u00e0 istituzionale della Fondazione, a cui si fa fronte con la liquidit\u00e0 derivante dalla gestione del patrimonio. La diversificazione degli investimenti \u00e8 assicurata attraverso la definizione di una Asset Allocation Strategica, elaborata con il contributo di advisor specializzati e rivista ogni tre anni, che definisce i pesi delle diverse asset class nel portafoglio diversificato, tenendo conto della composizione e capacit\u00e0 reddituale delle partecipazioni strategiche. La governance del processo d\u2019investimento \u00e8 incardinata nei documenti costitutivi della Fondazione, quali Statuto, Regolamento di gestione del patrimonio e Documento attuativo del Regolamento, approvati dal Consiglio Generale della Fondazione Compagnia di San Paolo. Un Comitato Investimenti, composto da membri del Comitato di Gestione e da esperti esterni, ha compiti di supporto e fornisce pareri all\u2019organo di gestione della Fondazione. La sostenibilit\u00e0 degli investimenti La Compagnia di San Paolo ritiene che la sostenibilit\u00e0 degli investimenti da un punto di vista ambientale, sociale e di governance debba essere un elemento costitutivo della politica d\u2019investimento di un\u2019istituzione consapevole del contesto sociale in cui opera. Un\u2019attenta e dettagliata review del grado di sostenibilit\u00e0 dei singoli investimenti in portafoglio e delle politiche di gestione dei fondi gestiti da manager terzi \u00e8 il presupposto per implementare anche una politica d\u2019investimento che contribuisce a raggiungere i Sustainable Development Goals delle Nazioni Unite (SDGs)\u00a0che la Fondazione Compagnia di San Paolo ha assunto come obiettivi per la propria missione istituzionale. La Fondazione mette sotto osservazione e valuta eventuali interventi sulle posizioni d\u2019investimento in cui manager esterni non abbiano rispettato i criteri ESG richiesti. La composizione del portafoglio Alla fine del 2024 il valore di mercato complessivo del portafoglio di attivit\u00e0 finanziarie detenuto dalla Compagnia di San Paolo ammontava a \u20ac10,1 miliardi. Riguardo alla composizione del portafoglio, al 31\/12\/2024 la partecipazione in Intesa Sanpaolo (valorizzata al prezzo di mercato al 29\/12\/2024) pesava per il 44% sul totale delle attivit\u00e0 finanziarie. La parte \u201cdiversificata\u201d del portafoglio complessivo, rappresentata dall\u2019investimento in fondi di fondi gestiti da Fondaco Sgr S.p.A. e dalla liquidit\u00e0, costituiva il 48% circa del totale; completava l\u2019allocazione il residuo 8%, rappresentato dal portafoglio di investimenti mission related, altre partecipazioni e attivit\u00e0. Rimani aggiornato sui nostri bandi e sui nostri progetti Compila il form e decidi su quale argomento vuoi ricevere notizie. \u00a0 ISCRIVITI!","protected":false},"author":19,"featured_media":5236,"parent":85,"menu_order":4,"comment_status":"closed","ping_status":"closed","template":"","meta":{"_acf_changed":false,"content-type":"","footnotes":""},"class_list":["post-5089","page","type-page","status-publish","has-post-thumbnail","hentry","entry","post-inner"],"acf":[],"yoast_head":"<!-- This site is optimized with the Yoast SEO plugin v27.3 - https:\/\/yoast.com\/product\/yoast-seo-wordpress\/ -->\n<title>Gestione del Patrimonio - Fondazione Compagnia di San Paolo<\/title>\n<meta name=\"robots\" content=\"index, follow, max-snippet:-1, max-image-preview:large, max-video-preview:-1\" \/>\n<link rel=\"canonical\" href=\"https:\/\/www.compagniadisanpaolo.it\/it\/fondazione\/gestione-del-patrimonio\/\" \/>\n<meta property=\"og:locale\" content=\"it_IT\" \/>\n<meta property=\"og:type\" content=\"article\" \/>\n<meta property=\"og:title\" content=\"Gestione del Patrimonio - Fondazione Compagnia di San Paolo\" \/>\n<meta property=\"og:url\" content=\"https:\/\/www.compagniadisanpaolo.it\/it\/fondazione\/gestione-del-patrimonio\/\" \/>\n<meta property=\"og:site_name\" content=\"Fondazione Compagnia di San Paolo\" \/>\n<meta property=\"article:publisher\" content=\"https:\/\/www.facebook.com\/CompagniaDiSanPaolo\" \/>\n<meta property=\"article:modified_time\" content=\"2025-06-16T12:02:15+00:00\" \/>\n<meta property=\"og:image\" content=\"https:\/\/www.compagniadisanpaolo.it\/wp-content\/uploads\/HEADER-GESTIONE-PATRIMONIO.jpg\" \/>\n\t<meta property=\"og:image:width\" content=\"1634\" \/>\n\t<meta property=\"og:image:height\" content=\"700\" \/>\n\t<meta property=\"og:image:type\" content=\"image\/jpeg\" \/>\n<meta name=\"twitter:card\" content=\"summary_large_image\" \/>\n<meta name=\"twitter:site\" content=\"@CSP_live\" \/>\n<meta name=\"twitter:label1\" content=\"Tempo di lettura stimato\" \/>\n\t<meta name=\"twitter:data1\" content=\"5 minuti\" \/>\n<script type=\"application\/ld+json\" class=\"yoast-schema-graph\">{\"@context\":\"https:\\\/\\\/schema.org\",\"@graph\":[{\"@type\":\"WebPage\",\"@id\":\"https:\\\/\\\/www.compagniadisanpaolo.it\\\/it\\\/fondazione\\\/gestione-del-patrimonio\\\/\",\"url\":\"https:\\\/\\\/www.compagniadisanpaolo.it\\\/it\\\/fondazione\\\/gestione-del-patrimonio\\\/\",\"name\":\"Gestione del Patrimonio - Fondazione Compagnia di San Paolo\",\"isPartOf\":{\"@id\":\"https:\\\/\\\/www.compagniadisanpaolo.it\\\/it\\\/#website\"},\"primaryImageOfPage\":{\"@id\":\"https:\\\/\\\/www.compagniadisanpaolo.it\\\/it\\\/fondazione\\\/gestione-del-patrimonio\\\/#primaryimage\"},\"image\":{\"@id\":\"https:\\\/\\\/www.compagniadisanpaolo.it\\\/it\\\/fondazione\\\/gestione-del-patrimonio\\\/#primaryimage\"},\"thumbnailUrl\":\"https:\\\/\\\/www.compagniadisanpaolo.it\\\/wp-content\\\/uploads\\\/HEADER-GESTIONE-PATRIMONIO.jpg\",\"datePublished\":\"2020-07-09T09:14:05+00:00\",\"dateModified\":\"2025-06-16T12:02:15+00:00\",\"breadcrumb\":{\"@id\":\"https:\\\/\\\/www.compagniadisanpaolo.it\\\/it\\\/fondazione\\\/gestione-del-patrimonio\\\/#breadcrumb\"},\"inLanguage\":\"it-IT\",\"potentialAction\":[{\"@type\":\"ReadAction\",\"target\":[\"https:\\\/\\\/www.compagniadisanpaolo.it\\\/it\\\/fondazione\\\/gestione-del-patrimonio\\\/\"]}]},{\"@type\":\"ImageObject\",\"inLanguage\":\"it-IT\",\"@id\":\"https:\\\/\\\/www.compagniadisanpaolo.it\\\/it\\\/fondazione\\\/gestione-del-patrimonio\\\/#primaryimage\",\"url\":\"https:\\\/\\\/www.compagniadisanpaolo.it\\\/wp-content\\\/uploads\\\/HEADER-GESTIONE-PATRIMONIO.jpg\",\"contentUrl\":\"https:\\\/\\\/www.compagniadisanpaolo.it\\\/wp-content\\\/uploads\\\/HEADER-GESTIONE-PATRIMONIO.jpg\",\"width\":1634,\"height\":700},{\"@type\":\"BreadcrumbList\",\"@id\":\"https:\\\/\\\/www.compagniadisanpaolo.it\\\/it\\\/fondazione\\\/gestione-del-patrimonio\\\/#breadcrumb\",\"itemListElement\":[{\"@type\":\"ListItem\",\"position\":1,\"name\":\"Home\",\"item\":\"https:\\\/\\\/www.compagniadisanpaolo.it\\\/it\\\/\"},{\"@type\":\"ListItem\",\"position\":2,\"name\":\"La Fondazione\",\"item\":\"https:\\\/\\\/www.compagniadisanpaolo.it\\\/it\\\/fondazione\\\/\"},{\"@type\":\"ListItem\",\"position\":3,\"name\":\"Gestione del Patrimonio\"}]},{\"@type\":\"WebSite\",\"@id\":\"https:\\\/\\\/www.compagniadisanpaolo.it\\\/it\\\/#website\",\"url\":\"https:\\\/\\\/www.compagniadisanpaolo.it\\\/it\\\/\",\"name\":\"Fondazione Compagnia di San Paolo\",\"description\":\"\",\"publisher\":{\"@id\":\"https:\\\/\\\/www.compagniadisanpaolo.it\\\/it\\\/#organization\"},\"potentialAction\":[{\"@type\":\"SearchAction\",\"target\":{\"@type\":\"EntryPoint\",\"urlTemplate\":\"https:\\\/\\\/www.compagniadisanpaolo.it\\\/it\\\/?s={search_term_string}\"},\"query-input\":{\"@type\":\"PropertyValueSpecification\",\"valueRequired\":true,\"valueName\":\"search_term_string\"}}],\"inLanguage\":\"it-IT\"},{\"@type\":\"Organization\",\"@id\":\"https:\\\/\\\/www.compagniadisanpaolo.it\\\/it\\\/#organization\",\"name\":\"Fondazione Compagnia di San Paolo\",\"url\":\"https:\\\/\\\/www.compagniadisanpaolo.it\\\/it\\\/\",\"logo\":{\"@type\":\"ImageObject\",\"inLanguage\":\"it-IT\",\"@id\":\"https:\\\/\\\/www.compagniadisanpaolo.it\\\/it\\\/#\\\/schema\\\/logo\\\/image\\\/\",\"url\":\"https:\\\/\\\/www.compagniadisanpaolo.it\\\/wp-content\\\/uploads\\\/logo.svg\",\"contentUrl\":\"https:\\\/\\\/www.compagniadisanpaolo.it\\\/wp-content\\\/uploads\\\/logo.svg\",\"width\":769,\"height\":323,\"caption\":\"Fondazione Compagnia di San Paolo\"},\"image\":{\"@id\":\"https:\\\/\\\/www.compagniadisanpaolo.it\\\/it\\\/#\\\/schema\\\/logo\\\/image\\\/\"},\"sameAs\":[\"https:\\\/\\\/www.facebook.com\\\/CompagniaDiSanPaolo\",\"https:\\\/\\\/x.com\\\/CSP_live\",\"http:\\\/\\\/instagram.com\\\/compagniadisanpaolo?ref=badge\",\"https:\\\/\\\/www.linkedin.com\\\/company\\\/compagnia-di-san-paolo\",\"https:\\\/\\\/www.youtube.com\\\/user\\\/compagniadisanpaolo\",\"https:\\\/\\\/it.wikipedia.org\\\/wiki\\\/Compagnia_di_San_Paolo\"]}]}<\/script>\n<!-- \/ Yoast SEO plugin. -->","yoast_head_json":{"title":"Gestione del Patrimonio - Fondazione Compagnia di San Paolo","robots":{"index":"index","follow":"follow","max-snippet":"max-snippet:-1","max-image-preview":"max-image-preview:large","max-video-preview":"max-video-preview:-1"},"canonical":"https:\/\/www.compagniadisanpaolo.it\/it\/fondazione\/gestione-del-patrimonio\/","og_locale":"it_IT","og_type":"article","og_title":"Gestione del Patrimonio - Fondazione Compagnia di San Paolo","og_url":"https:\/\/www.compagniadisanpaolo.it\/it\/fondazione\/gestione-del-patrimonio\/","og_site_name":"Fondazione Compagnia di San Paolo","article_publisher":"https:\/\/www.facebook.com\/CompagniaDiSanPaolo","article_modified_time":"2025-06-16T12:02:15+00:00","og_image":[{"width":1634,"height":700,"url":"https:\/\/www.compagniadisanpaolo.it\/wp-content\/uploads\/HEADER-GESTIONE-PATRIMONIO.jpg","type":"image\/jpeg"}],"twitter_card":"summary_large_image","twitter_site":"@CSP_live","twitter_misc":{"Tempo di lettura stimato":"5 minuti"},"schema":{"@context":"https:\/\/schema.org","@graph":[{"@type":"WebPage","@id":"https:\/\/www.compagniadisanpaolo.it\/it\/fondazione\/gestione-del-patrimonio\/","url":"https:\/\/www.compagniadisanpaolo.it\/it\/fondazione\/gestione-del-patrimonio\/","name":"Gestione del Patrimonio - Fondazione Compagnia di San Paolo","isPartOf":{"@id":"https:\/\/www.compagniadisanpaolo.it\/it\/#website"},"primaryImageOfPage":{"@id":"https:\/\/www.compagniadisanpaolo.it\/it\/fondazione\/gestione-del-patrimonio\/#primaryimage"},"image":{"@id":"https:\/\/www.compagniadisanpaolo.it\/it\/fondazione\/gestione-del-patrimonio\/#primaryimage"},"thumbnailUrl":"https:\/\/www.compagniadisanpaolo.it\/wp-content\/uploads\/HEADER-GESTIONE-PATRIMONIO.jpg","datePublished":"2020-07-09T09:14:05+00:00","dateModified":"2025-06-16T12:02:15+00:00","breadcrumb":{"@id":"https:\/\/www.compagniadisanpaolo.it\/it\/fondazione\/gestione-del-patrimonio\/#breadcrumb"},"inLanguage":"it-IT","potentialAction":[{"@type":"ReadAction","target":["https:\/\/www.compagniadisanpaolo.it\/it\/fondazione\/gestione-del-patrimonio\/"]}]},{"@type":"ImageObject","inLanguage":"it-IT","@id":"https:\/\/www.compagniadisanpaolo.it\/it\/fondazione\/gestione-del-patrimonio\/#primaryimage","url":"https:\/\/www.compagniadisanpaolo.it\/wp-content\/uploads\/HEADER-GESTIONE-PATRIMONIO.jpg","contentUrl":"https:\/\/www.compagniadisanpaolo.it\/wp-content\/uploads\/HEADER-GESTIONE-PATRIMONIO.jpg","width":1634,"height":700},{"@type":"BreadcrumbList","@id":"https:\/\/www.compagniadisanpaolo.it\/it\/fondazione\/gestione-del-patrimonio\/#breadcrumb","itemListElement":[{"@type":"ListItem","position":1,"name":"Home","item":"https:\/\/www.compagniadisanpaolo.it\/it\/"},{"@type":"ListItem","position":2,"name":"La Fondazione","item":"https:\/\/www.compagniadisanpaolo.it\/it\/fondazione\/"},{"@type":"ListItem","position":3,"name":"Gestione del Patrimonio"}]},{"@type":"WebSite","@id":"https:\/\/www.compagniadisanpaolo.it\/it\/#website","url":"https:\/\/www.compagniadisanpaolo.it\/it\/","name":"Fondazione Compagnia di San Paolo","description":"","publisher":{"@id":"https:\/\/www.compagniadisanpaolo.it\/it\/#organization"},"potentialAction":[{"@type":"SearchAction","target":{"@type":"EntryPoint","urlTemplate":"https:\/\/www.compagniadisanpaolo.it\/it\/?s={search_term_string}"},"query-input":{"@type":"PropertyValueSpecification","valueRequired":true,"valueName":"search_term_string"}}],"inLanguage":"it-IT"},{"@type":"Organization","@id":"https:\/\/www.compagniadisanpaolo.it\/it\/#organization","name":"Fondazione Compagnia di San Paolo","url":"https:\/\/www.compagniadisanpaolo.it\/it\/","logo":{"@type":"ImageObject","inLanguage":"it-IT","@id":"https:\/\/www.compagniadisanpaolo.it\/it\/#\/schema\/logo\/image\/","url":"https:\/\/www.compagniadisanpaolo.it\/wp-content\/uploads\/logo.svg","contentUrl":"https:\/\/www.compagniadisanpaolo.it\/wp-content\/uploads\/logo.svg","width":769,"height":323,"caption":"Fondazione Compagnia di San Paolo"},"image":{"@id":"https:\/\/www.compagniadisanpaolo.it\/it\/#\/schema\/logo\/image\/"},"sameAs":["https:\/\/www.facebook.com\/CompagniaDiSanPaolo","https:\/\/x.com\/CSP_live","http:\/\/instagram.com\/compagniadisanpaolo?ref=badge","https:\/\/www.linkedin.com\/company\/compagnia-di-san-paolo","https:\/\/www.youtube.com\/user\/compagniadisanpaolo","https:\/\/it.wikipedia.org\/wiki\/Compagnia_di_San_Paolo"]}]}},"_links":{"self":[{"href":"https:\/\/www.compagniadisanpaolo.it\/it\/wp-json\/wp\/v2\/pages\/5089","targetHints":{"allow":["GET"]}}],"collection":[{"href":"https:\/\/www.compagniadisanpaolo.it\/it\/wp-json\/wp\/v2\/pages"}],"about":[{"href":"https:\/\/www.compagniadisanpaolo.it\/it\/wp-json\/wp\/v2\/types\/page"}],"author":[{"embeddable":true,"href":"https:\/\/www.compagniadisanpaolo.it\/it\/wp-json\/wp\/v2\/users\/19"}],"replies":[{"embeddable":true,"href":"https:\/\/www.compagniadisanpaolo.it\/it\/wp-json\/wp\/v2\/comments?post=5089"}],"version-history":[{"count":6,"href":"https:\/\/www.compagniadisanpaolo.it\/it\/wp-json\/wp\/v2\/pages\/5089\/revisions"}],"predecessor-version":[{"id":38276,"href":"https:\/\/www.compagniadisanpaolo.it\/it\/wp-json\/wp\/v2\/pages\/5089\/revisions\/38276"}],"up":[{"embeddable":true,"href":"https:\/\/www.compagniadisanpaolo.it\/it\/wp-json\/wp\/v2\/pages\/85"}],"wp:featuredmedia":[{"embeddable":true,"href":"https:\/\/www.compagniadisanpaolo.it\/it\/wp-json\/wp\/v2\/media\/5236"}],"wp:attachment":[{"href":"https:\/\/www.compagniadisanpaolo.it\/it\/wp-json\/wp\/v2\/media?parent=5089"}],"curies":[{"name":"wp","href":"https:\/\/api.w.org\/{rel}","templated":true}]}}