{"id":40145,"date":"2025-11-05T14:41:07","date_gmt":"2025-11-05T13:41:07","guid":{"rendered":"https:\/\/www.compagniadisanpaolo.it\/?page_id=40145"},"modified":"2026-03-04T16:45:14","modified_gmt":"2026-03-04T15:45:14","slug":"parole-concetti-e-prospettive-della-partecipazione-attiva","status":"publish","type":"page","link":"https:\/\/www.compagniadisanpaolo.it\/it\/le-nostre-sfide\/obiettivo-cultura\/parole-concetti-e-prospettive-della-partecipazione-attiva\/","title":{"rendered":"Parole, concetti e prospettive della partecipazione attiva"},"content":{"rendered":"<div class=\"wpb-content-wrapper\">[vc_row][vc_column][vc_column_text css=&#8221;&#8221; el_class=&#8221;text-headline&#8221;]Nel 2023 si \u00e8 dato vita, insieme a <strong>cheFare<\/strong>, ad <strong>un percorso partecipato da rappresentanti ed esperti<\/strong> di oltre 70 tra comuni, associazioni, Universit\u00e0, centri di ricerca e di formazione, soggetti istituzionali nazionali, altre di secondo livello, fondazioni di origine bancaria che trovate\u00a0<a href=\"https:\/\/www.compagniadisanpaolo.it\/wp-content\/uploads\/CSP_PartecipazioneAttiva_doc-A4-Biografie-19_12.pdf\"><strong>qui<\/strong><\/a> elencati con relativi contatti.<\/p>\n<p>&nbsp;<\/p>\n<p style=\"text-align: center;\">Il risultato \u00e8 <strong>Parole di partecipazione attiva<\/strong>, una pubblicazione digitale per identificare concetti, pratiche, prospettive della partecipazione attiva nei diversi settori della societ\u00e0, sintetizzati in 12 lemmi. 12 esperti ne hanno dato la loro personale lettura, suggerendo visioni e traiettorie possibili. La pubblicazione \u00e8 disponibile sia in <strong><a href=\"https:\/\/www.compagniadisanpaolo.it\/wp-content\/uploads\/Parole-di-Partecipazione_web.pdf\" target=\"_blank\" rel=\"noopener\">italiano<\/a><\/strong> che in lingua <a href=\"https:\/\/www.compagniadisanpaolo.it\/wp-content\/uploads\/CSP_cheFare-pubblicazione-web_A4_2026-01-16-ENG.pdf\" target=\"_blank\" rel=\"noopener\"><strong>inglese<\/strong><\/a>.<\/p>\n<p>Per ulteriori approfondimenti vi invitiamo a leggere l&#8217;articolo &#8220;<a href=\"https:\/\/www.vita.it\/partecipazione-attiva-un-vocabolario-in-dodici-parole\/\" target=\"_blank\" rel=\"noopener\">Partecipazione attiva, un vocabolario in dodici parole<\/a>&#8221; pubblicato su vita.it.<\/p>\n<p>&nbsp;<\/p>\n<p><span style=\"text-decoration: underline;\"><strong>Eventi \u201cParole di partecipazione attiva\u201d<\/strong><\/span><\/p>\n<p>Dopo la pubblicazione, <strong>Parole di partecipazione attiva<\/strong> ha aperto una nuova fase di confronto pubblico con <strong>tre incontri in altrettante citt\u00e0 italiane<\/strong>: appuntamenti pensati per mettere alla prova, nei contesti reali, le riflessioni emerse dalla ricerca e alimentare un dialogo aperto con i territori.<\/p>\n<p>Le tappe nascono dalla volont\u00e0 di <strong>ampliare il confronto e di tradurre l\u2019analisi in pratiche condivise<\/strong>, confrontandosi con realt\u00e0 caratterizzate da bisogni, sfide e traiettorie differenti. Ogni incontro si configura come uno spazio di dialogo tra istituzioni, Terzo Settore e attori locali, ospitato in luoghi attivamente impegnati nella promozione della partecipazione, con l\u2019obiettivo di rafforzare connessioni, valorizzare esperienze e generare nuove prospettive.<\/p>\n<p>Il primo appuntamento si \u00e8 svolto a <strong>Roma, marted\u00ec 20 gennaio 2026<\/strong>, presso la sede di ACRI \u2013 Associazione di Fondazioni e Casse di Risparmio, ed \u00e8 stato dedicato al <strong>ruolo degli spazi come infrastrutture della partecipazione<\/strong>.<\/p>\n<p>Il secondo incontro si \u00e8 tenuto il <strong>12 febbraio 2026<\/strong> a <strong>Venezia Mestre<\/strong>, presso M9 Museum, con un focus su <strong>Cultura e Partecipazione<\/strong>.<\/p>\n<p>Il terzo e ultimo incontro ha avuto luogo Marted\u00ec <strong>24 febbraio<\/strong>\u00a0a <strong>Reggio Calabria<\/strong>, presso il <strong>Parco Ecolandia<\/strong>, un approfondimento su <strong>Legalit\u00e0 e Partecipazione<\/strong>.[\/vc_column_text][vc_row_inner][vc_column_inner width=&#8221;1\/3&#8243;][vc_video link=&#8221;https:\/\/www.youtube.com\/watch?v=WXqZ-NYpyN4&#8243; css=&#8221;&#8221;][vc_column_text css=&#8221;&#8221;]\n<h4>Roma come laboratorio urbano: abitare il conflitto, costruire alleanze<\/h4>\n<p>Leggi l&#8217;articolo completo su <a href=\"https:\/\/www.vita.it\/roma-come-laboratorio-urbano-abitare-il-conflitto-costruire-alleanze\/\" target=\"_blank\" rel=\"noopener\">vita.it<\/a>[\/vc_column_text][\/vc_column_inner][vc_column_inner width=&#8221;1\/3&#8243;][vc_video link=&#8221;https:\/\/www.youtube.com\/watch?v=_0GanC2aPsM&#8221; css=&#8221;&#8221;][vc_column_text css=&#8221;&#8221;]\n<h4>Radici dal basso: a Venezia la cultura che cresce tra le persone<\/h4>\n<p>Leggi l&#8217;articolo completo su <a href=\"https:\/\/www.vita.it\/radici-dal-basso-a-venezia-la-cultura-che-cresce-tra-le-persone\/\" target=\"_blank\" rel=\"noopener\">vita.it<\/a>[\/vc_column_text][\/vc_column_inner][vc_column_inner width=&#8221;1\/3&#8243;][vc_video link=&#8221;https:\/\/www.youtube.com\/watch?v=Z4yfOzLZuiU&#8221; css=&#8221;&#8221;][vc_column_text css=&#8221;&#8221;]\n<h4>Reggio Calabria, nel lido confiscato alla mafia una lezione sul coraggio di rischiare<\/h4>\n<p>Leggi l&#8217;articolo completo su <a href=\"https:\/\/www.vita.it\/reggio-calabria-nel-lido-confiscato-alla-mafia-una-lezione-sul-coraggio-di-rischiare\/\" target=\"_blank\" rel=\"noopener\">vita.it<\/a>[\/vc_column_text][\/vc_column_inner][\/vc_row_inner][\/vc_column][\/vc_row][vc_row][vc_column][vc_column_text css=&#8221;&#8221; el_class=&#8221;text-headline&#8221;]A <strong>dicembre 2023<\/strong>\u00a0\u00e8 stato chiesto a\u00a0<strong>6 esperti<\/strong>\u00a0di commentare\u00a0<strong>6 parole<\/strong>\u00a0chiave in un evento pubblico svoltosi a Torino:<\/p>\n<ul>\n<li><strong>Collettivo e rappresentanza<\/strong>, intervento di Massimo Cuono, Biennale Democrazia (<a href=\"https:\/\/youtu.be\/kGITX2Pew5U\" target=\"_blank\" rel=\"noopener\">guarda il video<\/a>)<\/li>\n<li><strong>Coinvolgimento e accessibilit\u00e0<\/strong>, intervento di Catterina Seia, Cultural Welfare Center (<a href=\"https:\/\/www.youtube.com\/watch?v=9Aj0CLRbLII\" target=\"_blank\" rel=\"noopener\">guarda il video<\/a>) (<a href=\"https:\/\/www.youtube.com\/watch?v=-s4cBfT8_7U\" target=\"_blank\" rel=\"noopener\">Guarda il video in LIS<\/a>)<\/li>\n<li><strong>Cambiamento e continuit\u00e0<\/strong>, intervento di Liborio Sacheli, Visionary (<a href=\"https:\/\/youtu.be\/ZLoEP3mWKBo\" target=\"_blank\" rel=\"noopener\">guarda il video<\/a>)<\/li>\n<li><strong>Conflitto<\/strong>, intervento di Claudio Paolucci, Universit\u00e0 di Bologna (<a href=\"https:\/\/youtu.be\/smujQpGwmcg\" target=\"_blank\" rel=\"noopener\">guarda il video<\/a>)<\/li>\n<li><strong>Intergenerazionalit\u00e0<\/strong>, intervento di Chiara Faggiolani, Universit\u00e0 degli Studi \u201cLa Sapienza\u201d di Roma (<a href=\"https:\/\/youtu.be\/CLBHkrC61F8\" target=\"_blank\" rel=\"noopener\">guarda il video<\/a>)<\/li>\n<li><strong>Co-responsabilit\u00e0<\/strong>, intervento di Ivana Pais, Universit\u00e0 Cattolica del Sacro Cuore di Milano (<a href=\"https:\/\/youtu.be\/QUk8lMhMfs8\" target=\"_blank\" rel=\"noopener\">guarda il video<\/a>)<\/li>\n<\/ul>\n<p>&nbsp;<\/p>\n<p>Il metodo utilizzato \u00e8 stato presentato da Bertram Niessen, Direttore Scientifico di <strong>cheFare<\/strong>\u00a0(<a href=\"https:\/\/youtu.be\/0y_1GGrJQ54\" target=\"_blank\" rel=\"noopener\">guarda il video<\/a>).[\/vc_column_text][vc_row_inner][vc_column_inner][\/vc_column_inner][\/vc_row_inner][\/vc_column][\/vc_row][vc_row][vc_column][vc_media_grid element_width=&#8221;2&#8243; grid_id=&#8221;vc_gid:1772638528637-4e6b6d46-6882-5&#8243; include=&#8221;26686,26696,26666,26684,26698,26700,26694,26692,26690,26688,26682,26680,26676,26674,26672,26670,26668,26664,26662,26660&#8243;][\/vc_column][\/vc_row][vc_row el_class=&#8221;sdg-list-wrap&#8221;][vc_column][vc_column_text el_class=&#8221;sdg-intro&#8221;]\n<h3 class=\"title\">La Missione Favorire partecipazione attiva contribuisce al raggiungimento dei seguenti Obiettivi di Sviluppo Sostenibile<\/h3>\n[\/vc_column_text][vc_raw_html]JTVCbW9zdHJhU0RHUyU1RA==[\/vc_raw_html][\/vc_column][\/vc_row][vc_row][vc_column][vc_row_inner el_class=&#8221;section-title&#8221;][vc_column_inner][vc_column_text]\n<h3 class=\"title\" style=\"text-align: center;\">Bandi, Linee Guida e Scadenze uniche riferiti alla Missione Favorire partecipazione attiva, dell\u2019Obiettivo Cultura.<\/h3>\n[\/vc_column_text][\/vc_column_inner][\/vc_row_inner][\/vc_column][\/vc_row][vc_row][vc_column][vc_raw_html]JTVCbW9zdHJhQ29udHJpYnV0aSU1RA==[\/vc_raw_html][\/vc_column][\/vc_row][vc_row][vc_column][vc_row_inner el_class=&#8221;section-title&#8221;][vc_column_inner][vc_column_text]\n<h3 class=\"title\" style=\"text-align: center;\">Progetti sostenuti dalla Missione Favorire partecipazione attiva, dell&#8217;Obiettivo Cultura.<\/h3>\n[\/vc_column_text][\/vc_column_inner][\/vc_row_inner][\/vc_column][\/vc_row][vc_row][vc_column][vc_raw_html]JTVCZGlzZWduYVByb2dldHRpJTVE[\/vc_raw_html][\/vc_column][\/vc_row][vc_row][vc_column]<div class=\"templatera_shortcode\"><\/div>[\/vc_column][\/vc_row]\n<\/div>","protected":false},"excerpt":{"rendered":"Nel 2023 si \u00e8 dato vita, insieme a cheFare, ad un percorso partecipato da rappresentanti ed esperti di oltre 70 tra comuni, associazioni, Universit\u00e0, centri di ricerca e di formazione, soggetti istituzionali nazionali, altre di secondo livello, fondazioni di origine bancaria che trovate\u00a0qui elencati con relativi contatti. &nbsp; Il risultato \u00e8 Parole di partecipazione attiva, una pubblicazione digitale per identificare concetti, pratiche, prospettive della partecipazione attiva nei diversi settori della societ\u00e0, sintetizzati in 12 lemmi. 12 esperti ne hanno dato la loro personale lettura, suggerendo visioni e traiettorie possibili. La pubblicazione \u00e8 disponibile sia in italiano che in lingua inglese. Per ulteriori approfondimenti vi invitiamo a leggere l'articolo \"Partecipazione attiva, un vocabolario in dodici parole\" pubblicato su vita.it. &nbsp; Eventi \u201cParole di partecipazione attiva\u201d Dopo la pubblicazione, Parole di partecipazione attiva ha aperto una nuova fase di confronto pubblico con tre incontri in altrettante citt\u00e0 italiane: appuntamenti pensati per mettere alla prova, nei contesti reali, le riflessioni emerse dalla ricerca e alimentare un dialogo aperto con i territori. Le tappe nascono dalla volont\u00e0 di ampliare il confronto e di tradurre l\u2019analisi in pratiche condivise, confrontandosi con realt\u00e0 caratterizzate da bisogni, sfide e traiettorie differenti. Ogni incontro si configura come uno spazio di dialogo tra istituzioni, Terzo Settore e attori locali, ospitato in luoghi attivamente impegnati nella promozione della partecipazione, con l\u2019obiettivo di rafforzare connessioni, valorizzare esperienze e generare nuove prospettive. Il primo appuntamento si \u00e8 svolto a Roma, marted\u00ec 20 gennaio 2026, presso la sede di ACRI \u2013 Associazione di Fondazioni e Casse di Risparmio, ed \u00e8 stato dedicato al ruolo degli spazi come infrastrutture della partecipazione. Il secondo incontro si \u00e8 tenuto il 12 febbraio 2026 a Venezia Mestre, presso M9 Museum, con un focus su Cultura e Partecipazione. Il terzo e ultimo incontro ha avuto luogo Marted\u00ec 24 febbraio\u00a0a Reggio Calabria, presso il Parco Ecolandia, un approfondimento su Legalit\u00e0 e Partecipazione. Roma come laboratorio urbano: abitare il conflitto, costruire alleanze Leggi l'articolo completo su vita.it Radici dal basso: a Venezia la cultura che cresce tra le persone Leggi l'articolo completo su vita.it Reggio Calabria, nel lido confiscato alla mafia una lezione sul coraggio di rischiare Leggi l'articolo completo su vita.it A dicembre 2023\u00a0\u00e8 stato chiesto a\u00a06 esperti\u00a0di commentare\u00a06 parole\u00a0chiave in un evento pubblico svoltosi a Torino: Collettivo e rappresentanza, intervento di Massimo Cuono, Biennale Democrazia (guarda il video) Coinvolgimento e accessibilit\u00e0, intervento di Catterina Seia, Cultural Welfare Center (guarda il video) (Guarda il video in LIS) Cambiamento e continuit\u00e0, intervento di Liborio Sacheli, Visionary (guarda il video) Conflitto, intervento di Claudio Paolucci, Universit\u00e0 di Bologna (guarda il video) Intergenerazionalit\u00e0, intervento di Chiara Faggiolani, Universit\u00e0 degli Studi \u201cLa Sapienza\u201d di Roma (guarda il video) Co-responsabilit\u00e0, intervento di Ivana Pais, Universit\u00e0 Cattolica del Sacro Cuore di Milano (guarda il video) &nbsp; Il metodo utilizzato \u00e8 stato presentato da Bertram Niessen, Direttore Scientifico di cheFare\u00a0(guarda il video). La Missione Favorire partecipazione attiva contribuisce al raggiungimento dei seguenti Obiettivi di Sviluppo Sostenibile Bandi, Linee Guida e Scadenze uniche riferiti alla Missione Favorire partecipazione attiva, dell\u2019Obiettivo Cultura. Trovati 6 elementi Cultura Bando per Comuni: Feste del Primo Voto CHIUSO 15\/12\/2025 - 19\/03\/2026 Cultura Linee guida per i Festival partecipativi 2026 IN CORSO 30\/10\/2025 - 02\/04\/2026 Cultura Bando SparkZ Giovani che attivano: Fase II &#8211; dedicato ai selezionati della fase I CHIUSO 06\/12\/2024 - 31\/01\/2025 Cultura Bando SPACE_24 chiuso 27\/02\/2024 - 23\/12\/2024 Cultura Partecipazione al Centro: Bando per favorire la partecipazione attiva nel centro storico di Genova &#8211; Esiti CHIUSO 19\/12\/2023 - 31\/01\/2024 Cultura Bando SparkZ &#8211; Giovani che attivano &#8211; Esiti chiuso 18\/12\/2023 - 12\/04\/2024 Progetti sostenuti dalla Missione Favorire partecipazione attiva, dell'Obiettivo Cultura. Cultura Promozione del Servizio Civile Universale. Lo sport che attiva il cambiamento Istituzionale Cavallerizza Reale Cultura Un bene confiscato \u00e8 un bene comune Cultura Well impact &#8211; Cultura e Salute: verso un nuovo welfare culturale Cultura CivICa. Progetti di Cultura e Innovazione Civica Cultura Open","protected":false},"author":19,"featured_media":0,"parent":14,"menu_order":3,"comment_status":"closed","ping_status":"closed","template":"","meta":{"_acf_changed":false,"content-type":"","footnotes":""},"class_list":["post-40145","page","type-page","status-publish","hentry","entry","post-inner"],"acf":[],"yoast_head":"<!-- This site is optimized with the Yoast SEO plugin v27.3 - https:\/\/yoast.com\/product\/yoast-seo-wordpress\/ -->\n<title>Parole, concetti e prospettive della partecipazione attiva - Fondazione Compagnia di San Paolo<\/title>\n<meta name=\"description\" content=\"La missione Favorire partecipazione attiva interpreta gli spazi culturali e civici in chiave inclusiva, per costruire una nuova cittadinanza attiva.\" \/>\n<meta name=\"robots\" content=\"index, follow, max-snippet:-1, max-image-preview:large, max-video-preview:-1\" \/>\n<link rel=\"canonical\" href=\"https:\/\/www.compagniadisanpaolo.it\/it\/le-nostre-sfide\/obiettivo-cultura\/parole-concetti-e-prospettive-della-partecipazione-attiva\/\" \/>\n<meta property=\"og:locale\" content=\"it_IT\" \/>\n<meta property=\"og:type\" content=\"article\" \/>\n<meta property=\"og:title\" content=\"Parole, concetti e prospettive della partecipazione attiva - Fondazione Compagnia di San Paolo\" \/>\n<meta property=\"og:description\" content=\"La missione Favorire partecipazione attiva interpreta gli spazi culturali e civici in chiave inclusiva, per costruire una nuova cittadinanza attiva.\" \/>\n<meta property=\"og:url\" content=\"https:\/\/www.compagniadisanpaolo.it\/it\/le-nostre-sfide\/obiettivo-cultura\/parole-concetti-e-prospettive-della-partecipazione-attiva\/\" \/>\n<meta property=\"og:site_name\" content=\"Fondazione Compagnia di San Paolo\" \/>\n<meta property=\"article:publisher\" content=\"https:\/\/www.facebook.com\/CompagniaDiSanPaolo\" \/>\n<meta property=\"article:modified_time\" content=\"2026-03-04T15:45:14+00:00\" \/>\n<meta property=\"og:image\" content=\"https:\/\/www.compagniadisanpaolo.it\/wp-content\/uploads\/alternate-social.png\" \/>\n\t<meta property=\"og:image:width\" content=\"1200\" \/>\n\t<meta property=\"og:image:height\" content=\"900\" \/>\n\t<meta property=\"og:image:type\" content=\"image\/png\" \/>\n<meta name=\"twitter:card\" content=\"summary_large_image\" \/>\n<meta name=\"twitter:site\" content=\"@CSP_live\" \/>\n<meta name=\"twitter:label1\" content=\"Tempo di lettura stimato\" \/>\n\t<meta name=\"twitter:data1\" content=\"7 minuti\" \/>\n<script type=\"application\/ld+json\" class=\"yoast-schema-graph\">{\"@context\":\"https:\\\/\\\/schema.org\",\"@graph\":[{\"@type\":\"WebPage\",\"@id\":\"https:\\\/\\\/www.compagniadisanpaolo.it\\\/it\\\/le-nostre-sfide\\\/obiettivo-cultura\\\/parole-concetti-e-prospettive-della-partecipazione-attiva\\\/\",\"url\":\"https:\\\/\\\/www.compagniadisanpaolo.it\\\/it\\\/le-nostre-sfide\\\/obiettivo-cultura\\\/parole-concetti-e-prospettive-della-partecipazione-attiva\\\/\",\"name\":\"Parole, concetti e prospettive della partecipazione attiva - Fondazione Compagnia di San Paolo\",\"isPartOf\":{\"@id\":\"https:\\\/\\\/www.compagniadisanpaolo.it\\\/it\\\/#website\"},\"datePublished\":\"2025-11-05T13:41:07+00:00\",\"dateModified\":\"2026-03-04T15:45:14+00:00\",\"description\":\"La missione Favorire partecipazione attiva interpreta gli spazi culturali e civici in chiave inclusiva, per costruire una nuova cittadinanza attiva.\",\"breadcrumb\":{\"@id\":\"https:\\\/\\\/www.compagniadisanpaolo.it\\\/it\\\/le-nostre-sfide\\\/obiettivo-cultura\\\/parole-concetti-e-prospettive-della-partecipazione-attiva\\\/#breadcrumb\"},\"inLanguage\":\"it-IT\",\"potentialAction\":[{\"@type\":\"ReadAction\",\"target\":[\"https:\\\/\\\/www.compagniadisanpaolo.it\\\/it\\\/le-nostre-sfide\\\/obiettivo-cultura\\\/parole-concetti-e-prospettive-della-partecipazione-attiva\\\/\"]}]},{\"@type\":\"BreadcrumbList\",\"@id\":\"https:\\\/\\\/www.compagniadisanpaolo.it\\\/it\\\/le-nostre-sfide\\\/obiettivo-cultura\\\/parole-concetti-e-prospettive-della-partecipazione-attiva\\\/#breadcrumb\",\"itemListElement\":[{\"@type\":\"ListItem\",\"position\":1,\"name\":\"Home\",\"item\":\"https:\\\/\\\/www.compagniadisanpaolo.it\\\/it\\\/\"},{\"@type\":\"ListItem\",\"position\":2,\"name\":\"Le nostre sfide\",\"item\":\"https:\\\/\\\/www.compagniadisanpaolo.it\\\/it\\\/le-nostre-sfide\\\/\"},{\"@type\":\"ListItem\",\"position\":3,\"name\":\"Obiettivo Cultura\",\"item\":\"https:\\\/\\\/www.compagniadisanpaolo.it\\\/it\\\/le-nostre-sfide\\\/obiettivo-cultura\\\/\"},{\"@type\":\"ListItem\",\"position\":4,\"name\":\"Parole, concetti e prospettive della partecipazione attiva\"}]},{\"@type\":\"WebSite\",\"@id\":\"https:\\\/\\\/www.compagniadisanpaolo.it\\\/it\\\/#website\",\"url\":\"https:\\\/\\\/www.compagniadisanpaolo.it\\\/it\\\/\",\"name\":\"Fondazione Compagnia di San Paolo\",\"description\":\"\",\"publisher\":{\"@id\":\"https:\\\/\\\/www.compagniadisanpaolo.it\\\/it\\\/#organization\"},\"potentialAction\":[{\"@type\":\"SearchAction\",\"target\":{\"@type\":\"EntryPoint\",\"urlTemplate\":\"https:\\\/\\\/www.compagniadisanpaolo.it\\\/it\\\/?s={search_term_string}\"},\"query-input\":{\"@type\":\"PropertyValueSpecification\",\"valueRequired\":true,\"valueName\":\"search_term_string\"}}],\"inLanguage\":\"it-IT\"},{\"@type\":\"Organization\",\"@id\":\"https:\\\/\\\/www.compagniadisanpaolo.it\\\/it\\\/#organization\",\"name\":\"Fondazione Compagnia di San Paolo\",\"url\":\"https:\\\/\\\/www.compagniadisanpaolo.it\\\/it\\\/\",\"logo\":{\"@type\":\"ImageObject\",\"inLanguage\":\"it-IT\",\"@id\":\"https:\\\/\\\/www.compagniadisanpaolo.it\\\/it\\\/#\\\/schema\\\/logo\\\/image\\\/\",\"url\":\"https:\\\/\\\/www.compagniadisanpaolo.it\\\/wp-content\\\/uploads\\\/logo.svg\",\"contentUrl\":\"https:\\\/\\\/www.compagniadisanpaolo.it\\\/wp-content\\\/uploads\\\/logo.svg\",\"width\":769,\"height\":323,\"caption\":\"Fondazione Compagnia di San Paolo\"},\"image\":{\"@id\":\"https:\\\/\\\/www.compagniadisanpaolo.it\\\/it\\\/#\\\/schema\\\/logo\\\/image\\\/\"},\"sameAs\":[\"https:\\\/\\\/www.facebook.com\\\/CompagniaDiSanPaolo\",\"https:\\\/\\\/x.com\\\/CSP_live\",\"http:\\\/\\\/instagram.com\\\/compagniadisanpaolo?ref=badge\",\"https:\\\/\\\/www.linkedin.com\\\/company\\\/compagnia-di-san-paolo\",\"https:\\\/\\\/www.youtube.com\\\/user\\\/compagniadisanpaolo\",\"https:\\\/\\\/it.wikipedia.org\\\/wiki\\\/Compagnia_di_San_Paolo\"]}]}<\/script>\n<!-- \/ Yoast SEO plugin. -->","yoast_head_json":{"title":"Parole, concetti e prospettive della partecipazione attiva - Fondazione Compagnia di San Paolo","description":"La missione Favorire partecipazione attiva interpreta gli spazi culturali e civici in chiave inclusiva, per costruire una nuova cittadinanza attiva.","robots":{"index":"index","follow":"follow","max-snippet":"max-snippet:-1","max-image-preview":"max-image-preview:large","max-video-preview":"max-video-preview:-1"},"canonical":"https:\/\/www.compagniadisanpaolo.it\/it\/le-nostre-sfide\/obiettivo-cultura\/parole-concetti-e-prospettive-della-partecipazione-attiva\/","og_locale":"it_IT","og_type":"article","og_title":"Parole, concetti e prospettive della partecipazione attiva - Fondazione Compagnia di San Paolo","og_description":"La missione Favorire partecipazione attiva interpreta gli spazi culturali e civici in chiave inclusiva, per costruire una nuova cittadinanza attiva.","og_url":"https:\/\/www.compagniadisanpaolo.it\/it\/le-nostre-sfide\/obiettivo-cultura\/parole-concetti-e-prospettive-della-partecipazione-attiva\/","og_site_name":"Fondazione Compagnia di San Paolo","article_publisher":"https:\/\/www.facebook.com\/CompagniaDiSanPaolo","article_modified_time":"2026-03-04T15:45:14+00:00","og_image":[{"width":1200,"height":900,"url":"https:\/\/www.compagniadisanpaolo.it\/wp-content\/uploads\/alternate-social.png","type":"image\/png"}],"twitter_card":"summary_large_image","twitter_site":"@CSP_live","twitter_misc":{"Tempo di lettura stimato":"7 minuti"},"schema":{"@context":"https:\/\/schema.org","@graph":[{"@type":"WebPage","@id":"https:\/\/www.compagniadisanpaolo.it\/it\/le-nostre-sfide\/obiettivo-cultura\/parole-concetti-e-prospettive-della-partecipazione-attiva\/","url":"https:\/\/www.compagniadisanpaolo.it\/it\/le-nostre-sfide\/obiettivo-cultura\/parole-concetti-e-prospettive-della-partecipazione-attiva\/","name":"Parole, concetti e prospettive della partecipazione attiva - Fondazione Compagnia di San Paolo","isPartOf":{"@id":"https:\/\/www.compagniadisanpaolo.it\/it\/#website"},"datePublished":"2025-11-05T13:41:07+00:00","dateModified":"2026-03-04T15:45:14+00:00","description":"La missione Favorire partecipazione attiva interpreta gli spazi culturali e civici in chiave inclusiva, per costruire una nuova cittadinanza attiva.","breadcrumb":{"@id":"https:\/\/www.compagniadisanpaolo.it\/it\/le-nostre-sfide\/obiettivo-cultura\/parole-concetti-e-prospettive-della-partecipazione-attiva\/#breadcrumb"},"inLanguage":"it-IT","potentialAction":[{"@type":"ReadAction","target":["https:\/\/www.compagniadisanpaolo.it\/it\/le-nostre-sfide\/obiettivo-cultura\/parole-concetti-e-prospettive-della-partecipazione-attiva\/"]}]},{"@type":"BreadcrumbList","@id":"https:\/\/www.compagniadisanpaolo.it\/it\/le-nostre-sfide\/obiettivo-cultura\/parole-concetti-e-prospettive-della-partecipazione-attiva\/#breadcrumb","itemListElement":[{"@type":"ListItem","position":1,"name":"Home","item":"https:\/\/www.compagniadisanpaolo.it\/it\/"},{"@type":"ListItem","position":2,"name":"Le nostre sfide","item":"https:\/\/www.compagniadisanpaolo.it\/it\/le-nostre-sfide\/"},{"@type":"ListItem","position":3,"name":"Obiettivo Cultura","item":"https:\/\/www.compagniadisanpaolo.it\/it\/le-nostre-sfide\/obiettivo-cultura\/"},{"@type":"ListItem","position":4,"name":"Parole, concetti e prospettive della partecipazione attiva"}]},{"@type":"WebSite","@id":"https:\/\/www.compagniadisanpaolo.it\/it\/#website","url":"https:\/\/www.compagniadisanpaolo.it\/it\/","name":"Fondazione Compagnia di San Paolo","description":"","publisher":{"@id":"https:\/\/www.compagniadisanpaolo.it\/it\/#organization"},"potentialAction":[{"@type":"SearchAction","target":{"@type":"EntryPoint","urlTemplate":"https:\/\/www.compagniadisanpaolo.it\/it\/?s={search_term_string}"},"query-input":{"@type":"PropertyValueSpecification","valueRequired":true,"valueName":"search_term_string"}}],"inLanguage":"it-IT"},{"@type":"Organization","@id":"https:\/\/www.compagniadisanpaolo.it\/it\/#organization","name":"Fondazione Compagnia di San Paolo","url":"https:\/\/www.compagniadisanpaolo.it\/it\/","logo":{"@type":"ImageObject","inLanguage":"it-IT","@id":"https:\/\/www.compagniadisanpaolo.it\/it\/#\/schema\/logo\/image\/","url":"https:\/\/www.compagniadisanpaolo.it\/wp-content\/uploads\/logo.svg","contentUrl":"https:\/\/www.compagniadisanpaolo.it\/wp-content\/uploads\/logo.svg","width":769,"height":323,"caption":"Fondazione Compagnia di San Paolo"},"image":{"@id":"https:\/\/www.compagniadisanpaolo.it\/it\/#\/schema\/logo\/image\/"},"sameAs":["https:\/\/www.facebook.com\/CompagniaDiSanPaolo","https:\/\/x.com\/CSP_live","http:\/\/instagram.com\/compagniadisanpaolo?ref=badge","https:\/\/www.linkedin.com\/company\/compagnia-di-san-paolo","https:\/\/www.youtube.com\/user\/compagniadisanpaolo","https:\/\/it.wikipedia.org\/wiki\/Compagnia_di_San_Paolo"]}]}},"_links":{"self":[{"href":"https:\/\/www.compagniadisanpaolo.it\/it\/wp-json\/wp\/v2\/pages\/40145","targetHints":{"allow":["GET"]}}],"collection":[{"href":"https:\/\/www.compagniadisanpaolo.it\/it\/wp-json\/wp\/v2\/pages"}],"about":[{"href":"https:\/\/www.compagniadisanpaolo.it\/it\/wp-json\/wp\/v2\/types\/page"}],"author":[{"embeddable":true,"href":"https:\/\/www.compagniadisanpaolo.it\/it\/wp-json\/wp\/v2\/users\/19"}],"replies":[{"embeddable":true,"href":"https:\/\/www.compagniadisanpaolo.it\/it\/wp-json\/wp\/v2\/comments?post=40145"}],"version-history":[{"count":5,"href":"https:\/\/www.compagniadisanpaolo.it\/it\/wp-json\/wp\/v2\/pages\/40145\/revisions"}],"predecessor-version":[{"id":42247,"href":"https:\/\/www.compagniadisanpaolo.it\/it\/wp-json\/wp\/v2\/pages\/40145\/revisions\/42247"}],"up":[{"embeddable":true,"href":"https:\/\/www.compagniadisanpaolo.it\/it\/wp-json\/wp\/v2\/pages\/14"}],"wp:attachment":[{"href":"https:\/\/www.compagniadisanpaolo.it\/it\/wp-json\/wp\/v2\/media?parent=40145"}],"curies":[{"name":"wp","href":"https:\/\/api.w.org\/{rel}","templated":true}]}}