{"id":40049,"date":"2025-10-16T16:02:43","date_gmt":"2025-10-16T14:02:43","guid":{"rendered":"https:\/\/www.compagniadisanpaolo.it\/?page_id=40049"},"modified":"2025-10-16T16:02:43","modified_gmt":"2025-10-16T14:02:43","slug":"politica-integrata-qassl","status":"publish","type":"page","link":"https:\/\/www.compagniadisanpaolo.it\/it\/documenti-istituzionali\/politica-integrata-qassl\/","title":{"rendered":"Politica Integrata QASSL"},"content":{"rendered":"<div class=\"wpb-content-wrapper\">[vc_row][vc_column][vc_column_text css=&#8221;&#8221; el_class=&#8221;text-headline&#8221;]La <strong><em>Politica Integrata per la Qualit\u00e0, l\u2019Ambiente, la Salute e la Sicurezza sul lavoro<\/em><\/strong>(la \u201cPolitica\u201d) della Fondazione Compagnia di San Paolo racchiude i valori di riferimento a cui la Compagnia ispira la propria attivit\u00e0.<\/p>\n<p>La Politica, che \u00e8 allineata allo <strong>Statuto<\/strong> e al <strong>Codice Etico<\/strong> della Compagnia, nonch\u00e9 alla strategia declinata nei Documenti Programmatici Pluriennali della Fondazione, costituisce il quadro di riferimento per l\u2019individuazione da parte della Compagnia dei propri <strong>obiettivi<\/strong> in materia di Qualit\u00e0, Ambiente, Salute e Sicurezza sul lavoro e include, tra gli altri, i seguenti impegni:<\/p>\n<p>&#8211; soddisfare tutti i <em><strong>requisiti legali<\/strong><\/em>, gli obblighi di conformit\u00e0 e ogni altro requisito applicabile in materia di Qualit\u00e0, Ambiente, Salute e Sicurezza sul lavoro;<\/p>\n<p>&#8211; perseguire il <em><strong>miglioramento continuo<\/strong> <\/em>del proprio Sistema di Gestione Integrato (il \u201cSGI\u201d o il \u201cSistema\u201d) e l\u2019accrescimento nel tempo delle prestazioni della Compagnia in materia di Qualit\u00e0, Ambiente, Salute e Sicurezza sul lavoro;<\/p>\n<p>&#8211; tenere in debita considerazione le esigenze e le aspettative dei beneficiari e delle controparti progettuali della Compagnia e, in generale, di tutti i suoi <em><strong>portatori di interesse<\/strong><\/em>;<\/p>\n<p>&#8211; proteggere l\u2019ambiente e minimizzare l&#8217;<em><strong>impatto ambientale<\/strong><\/em> delle proprie attivit\u00e0, con un focus specifico sul tema del cambiamento climatico;<\/p>\n<p>&#8211; individuare e gestire eventuali <em><strong>pericoli per la salute e la sicurezza<\/strong><\/em> dei lavoratori della Compagnia, riducendo o, se possibile, eliminando il rischio di infortuni o malattie professionali.<\/p>\n<p>La Compagnia attua idonee <strong><em>metodologie di monitoraggio, misurazione, analisi e miglioramento dei propri processi <\/em><\/strong>aventi particolare rilevanza in materia di Qualit\u00e0, Ambiente, Salute e Sicurezza sul lavoro, finalizzate a rilevare l\u2019efficacia del SGI e la capacit\u00e0 dell\u2019organizzazione di raggiungere gli obiettivi del Sistema stesso.<\/p>\n<p>In attuazione della Politica, la Fondazione ha ottenuto nel 2022 la certificazione <strong><em>ISO 9001: 2015<\/em><\/strong> in materia di Qualit\u00e0 e, poi, nel 2025 le certificazioni <strong><em>ISO 14001:2015<\/em> <\/strong>e<strong> <em>ISO 45001:2018<\/em><\/strong>\u00a0afferenti agli ambiti, rispettivamente, dell\u2019Ambiente e della Salute e Sicurezza sul lavoro.<\/p>\n<p>I Certificati, rilasciati dell\u2019ente certificatore IMQ, sono consultabili qui sotto.[\/vc_column_text][\/vc_column][\/vc_row][vc_row][vc_column][vc_raw_html]JTVCU2V6aW9uZV9Eb2N1bWVudGklNUQ=[\/vc_raw_html][\/vc_column][\/vc_row]\n<\/div>","protected":false},"excerpt":{"rendered":"<p>[vc_row][vc_column][vc_column_text css=&#8221;&#8221; el_class=&#8221;text-headline&#8221;]La Politica Integrata per la Qualit\u00e0, l\u2019Ambiente, la Salute e la Sicurezza sul lavoro(la \u201cPolitica\u201d) della Fondazione Compagnia di San Paolo racchiude i valori di riferimento a cui la Compagnia ispira la propria attivit\u00e0. La Politica, che \u00e8 allineata allo Statuto e al Codice Etico della Compagnia, nonch\u00e9 alla strategia declinata nei Documenti Programmatici Pluriennali della Fondazione, costituisce il quadro di riferimento per l\u2019individuazione da parte della Compagnia dei propri obiettivi in materia di Qualit\u00e0, Ambiente, Salute e Sicurezza sul lavoro e include, tra gli altri, i seguenti impegni: &#8211; soddisfare tutti i requisiti legali, gli obblighi di conformit\u00e0 e ogni altro requisito applicabile in materia di Qualit\u00e0, Ambiente, Salute e Sicurezza sul lavoro; &#8211; perseguire il miglioramento continuo del proprio Sistema di Gestione Integrato (il \u201cSGI\u201d o il \u201cSistema\u201d) e l\u2019accrescimento nel tempo delle prestazioni della Compagnia in materia di Qualit\u00e0, Ambiente, Salute e Sicurezza sul lavoro; &#8211; tenere in debita considerazione le esigenze e le aspettative dei beneficiari e delle controparti progettuali della Compagnia e, in generale, di tutti i suoi portatori di interesse; &#8211; proteggere l\u2019ambiente e minimizzare l&#8217;impatto ambientale delle proprie attivit\u00e0, con un focus specifico sul tema del cambiamento climatico; &#8211; individuare e gestire eventuali pericoli per la salute e la sicurezza dei lavoratori della Compagnia, riducendo o, se possibile, eliminando il rischio di infortuni o malattie professionali. La Compagnia attua idonee metodologie di monitoraggio, misurazione, analisi e miglioramento dei propri processi aventi particolare rilevanza in materia di Qualit\u00e0, Ambiente, Salute e Sicurezza sul lavoro, finalizzate a rilevare l\u2019efficacia del SGI e la capacit\u00e0 dell\u2019organizzazione di raggiungere gli obiettivi del Sistema stesso. In attuazione della Politica, la Fondazione ha ottenuto nel 2022 la certificazione ISO 9001: 2015 in materia di Qualit\u00e0 e, poi, nel 2025 le certificazioni ISO 14001:2015 e ISO 45001:2018\u00a0afferenti agli ambiti, rispettivamente, dell\u2019Ambiente e della Salute e Sicurezza sul lavoro. I Certificati, rilasciati dell\u2019ente certificatore IMQ, sono consultabili qui sotto.[\/vc_column_text][\/vc_column][\/vc_row][vc_row][vc_column][vc_raw_html]JTVCU2V6aW9uZV9Eb2N1bWVudGklNUQ=[\/vc_raw_html][\/vc_column][\/vc_row]<\/p>\n","protected":false},"author":19,"featured_media":4502,"parent":4456,"menu_order":8,"comment_status":"closed","ping_status":"closed","template":"","meta":{"_acf_changed":false,"content-type":"","footnotes":""},"class_list":["post-40049","page","type-page","status-publish","has-post-thumbnail","hentry","entry","post-inner"],"acf":[],"yoast_head":"<!-- This site is optimized with the Yoast SEO plugin v27.3 - https:\/\/yoast.com\/product\/yoast-seo-wordpress\/ -->\n<title>Politica Integrata QASSL - Fondazione Compagnia di San Paolo<\/title>\n<meta name=\"description\" content=\"La Politica Integrata per la Qualit\u00e0, l\u2019Ambiente, la Salute e la Sicurezza sul lavoro della Fondazione Compagnia di San Paolo racchiude i valori di riferimento a cui la Compagnia ispira la propria attivit\u00e0.\" \/>\n<meta name=\"robots\" content=\"index, follow, max-snippet:-1, max-image-preview:large, max-video-preview:-1\" \/>\n<link rel=\"canonical\" href=\"https:\/\/www.compagniadisanpaolo.it\/it\/documenti-istituzionali\/politica-integrata-qassl\/\" \/>\n<meta property=\"og:locale\" content=\"it_IT\" \/>\n<meta property=\"og:type\" content=\"article\" \/>\n<meta property=\"og:title\" content=\"Politica Integrata QASSL - Fondazione Compagnia di San Paolo\" \/>\n<meta property=\"og:description\" content=\"La Politica Integrata per la Qualit\u00e0, l\u2019Ambiente, la Salute e la Sicurezza sul lavoro della Fondazione Compagnia di San Paolo racchiude i valori di riferimento a cui la Compagnia ispira la propria attivit\u00e0.\" \/>\n<meta property=\"og:url\" content=\"https:\/\/www.compagniadisanpaolo.it\/it\/documenti-istituzionali\/politica-integrata-qassl\/\" \/>\n<meta property=\"og:site_name\" content=\"Fondazione Compagnia di San Paolo\" \/>\n<meta property=\"article:publisher\" content=\"https:\/\/www.facebook.com\/CompagniaDiSanPaolo\" \/>\n<meta property=\"og:image\" content=\"https:\/\/www.compagniadisanpaolo.it\/wp-content\/uploads\/header-documenti.jpg\" \/>\n\t<meta property=\"og:image:width\" content=\"1634\" \/>\n\t<meta property=\"og:image:height\" content=\"700\" \/>\n\t<meta property=\"og:image:type\" content=\"image\/jpeg\" \/>\n<meta name=\"twitter:card\" content=\"summary_large_image\" \/>\n<meta name=\"twitter:site\" content=\"@CSP_live\" \/>\n<meta name=\"twitter:label1\" content=\"Tempo di lettura stimato\" \/>\n\t<meta name=\"twitter:data1\" content=\"2 minuti\" \/>\n<script type=\"application\/ld+json\" class=\"yoast-schema-graph\">{\"@context\":\"https:\\\/\\\/schema.org\",\"@graph\":[{\"@type\":\"WebPage\",\"@id\":\"https:\\\/\\\/www.compagniadisanpaolo.it\\\/it\\\/documenti-istituzionali\\\/politica-integrata-qassl\\\/\",\"url\":\"https:\\\/\\\/www.compagniadisanpaolo.it\\\/it\\\/documenti-istituzionali\\\/politica-integrata-qassl\\\/\",\"name\":\"Politica Integrata QASSL - Fondazione Compagnia di San Paolo\",\"isPartOf\":{\"@id\":\"https:\\\/\\\/www.compagniadisanpaolo.it\\\/it\\\/#website\"},\"primaryImageOfPage\":{\"@id\":\"https:\\\/\\\/www.compagniadisanpaolo.it\\\/it\\\/documenti-istituzionali\\\/politica-integrata-qassl\\\/#primaryimage\"},\"image\":{\"@id\":\"https:\\\/\\\/www.compagniadisanpaolo.it\\\/it\\\/documenti-istituzionali\\\/politica-integrata-qassl\\\/#primaryimage\"},\"thumbnailUrl\":\"https:\\\/\\\/www.compagniadisanpaolo.it\\\/wp-content\\\/uploads\\\/header-documenti.jpg\",\"datePublished\":\"2025-10-16T14:02:43+00:00\",\"description\":\"La Politica Integrata per la Qualit\u00e0, l\u2019Ambiente, la Salute e la Sicurezza sul lavoro della Fondazione Compagnia di San Paolo racchiude i valori di riferimento a cui la Compagnia ispira la propria attivit\u00e0.\",\"breadcrumb\":{\"@id\":\"https:\\\/\\\/www.compagniadisanpaolo.it\\\/it\\\/documenti-istituzionali\\\/politica-integrata-qassl\\\/#breadcrumb\"},\"inLanguage\":\"it-IT\",\"potentialAction\":[{\"@type\":\"ReadAction\",\"target\":[\"https:\\\/\\\/www.compagniadisanpaolo.it\\\/it\\\/documenti-istituzionali\\\/politica-integrata-qassl\\\/\"]}]},{\"@type\":\"ImageObject\",\"inLanguage\":\"it-IT\",\"@id\":\"https:\\\/\\\/www.compagniadisanpaolo.it\\\/it\\\/documenti-istituzionali\\\/politica-integrata-qassl\\\/#primaryimage\",\"url\":\"https:\\\/\\\/www.compagniadisanpaolo.it\\\/wp-content\\\/uploads\\\/header-documenti.jpg\",\"contentUrl\":\"https:\\\/\\\/www.compagniadisanpaolo.it\\\/wp-content\\\/uploads\\\/header-documenti.jpg\",\"width\":1634,\"height\":700},{\"@type\":\"BreadcrumbList\",\"@id\":\"https:\\\/\\\/www.compagniadisanpaolo.it\\\/it\\\/documenti-istituzionali\\\/politica-integrata-qassl\\\/#breadcrumb\",\"itemListElement\":[{\"@type\":\"ListItem\",\"position\":1,\"name\":\"Home\",\"item\":\"https:\\\/\\\/www.compagniadisanpaolo.it\\\/it\\\/\"},{\"@type\":\"ListItem\",\"position\":2,\"name\":\"Documenti Istituzionali\",\"item\":\"https:\\\/\\\/www.compagniadisanpaolo.it\\\/it\\\/documenti-istituzionali\\\/\"},{\"@type\":\"ListItem\",\"position\":3,\"name\":\"Politica Integrata QASSL\"}]},{\"@type\":\"WebSite\",\"@id\":\"https:\\\/\\\/www.compagniadisanpaolo.it\\\/it\\\/#website\",\"url\":\"https:\\\/\\\/www.compagniadisanpaolo.it\\\/it\\\/\",\"name\":\"Fondazione Compagnia di San Paolo\",\"description\":\"\",\"publisher\":{\"@id\":\"https:\\\/\\\/www.compagniadisanpaolo.it\\\/it\\\/#organization\"},\"potentialAction\":[{\"@type\":\"SearchAction\",\"target\":{\"@type\":\"EntryPoint\",\"urlTemplate\":\"https:\\\/\\\/www.compagniadisanpaolo.it\\\/it\\\/?s={search_term_string}\"},\"query-input\":{\"@type\":\"PropertyValueSpecification\",\"valueRequired\":true,\"valueName\":\"search_term_string\"}}],\"inLanguage\":\"it-IT\"},{\"@type\":\"Organization\",\"@id\":\"https:\\\/\\\/www.compagniadisanpaolo.it\\\/it\\\/#organization\",\"name\":\"Fondazione Compagnia di San Paolo\",\"url\":\"https:\\\/\\\/www.compagniadisanpaolo.it\\\/it\\\/\",\"logo\":{\"@type\":\"ImageObject\",\"inLanguage\":\"it-IT\",\"@id\":\"https:\\\/\\\/www.compagniadisanpaolo.it\\\/it\\\/#\\\/schema\\\/logo\\\/image\\\/\",\"url\":\"https:\\\/\\\/www.compagniadisanpaolo.it\\\/wp-content\\\/uploads\\\/logo.svg\",\"contentUrl\":\"https:\\\/\\\/www.compagniadisanpaolo.it\\\/wp-content\\\/uploads\\\/logo.svg\",\"width\":769,\"height\":323,\"caption\":\"Fondazione Compagnia di San Paolo\"},\"image\":{\"@id\":\"https:\\\/\\\/www.compagniadisanpaolo.it\\\/it\\\/#\\\/schema\\\/logo\\\/image\\\/\"},\"sameAs\":[\"https:\\\/\\\/www.facebook.com\\\/CompagniaDiSanPaolo\",\"https:\\\/\\\/x.com\\\/CSP_live\",\"http:\\\/\\\/instagram.com\\\/compagniadisanpaolo?ref=badge\",\"https:\\\/\\\/www.linkedin.com\\\/company\\\/compagnia-di-san-paolo\",\"https:\\\/\\\/www.youtube.com\\\/user\\\/compagniadisanpaolo\",\"https:\\\/\\\/it.wikipedia.org\\\/wiki\\\/Compagnia_di_San_Paolo\"]}]}<\/script>\n<!-- \/ Yoast SEO plugin. -->","yoast_head_json":{"title":"Politica Integrata QASSL - Fondazione Compagnia di San Paolo","description":"La Politica Integrata per la Qualit\u00e0, l\u2019Ambiente, la Salute e la Sicurezza sul lavoro della Fondazione Compagnia di San Paolo racchiude i valori di riferimento a cui la Compagnia ispira la propria attivit\u00e0.","robots":{"index":"index","follow":"follow","max-snippet":"max-snippet:-1","max-image-preview":"max-image-preview:large","max-video-preview":"max-video-preview:-1"},"canonical":"https:\/\/www.compagniadisanpaolo.it\/it\/documenti-istituzionali\/politica-integrata-qassl\/","og_locale":"it_IT","og_type":"article","og_title":"Politica Integrata QASSL - Fondazione Compagnia di San Paolo","og_description":"La Politica Integrata per la Qualit\u00e0, l\u2019Ambiente, la Salute e la Sicurezza sul lavoro della Fondazione Compagnia di San Paolo racchiude i valori di riferimento a cui la Compagnia ispira la propria attivit\u00e0.","og_url":"https:\/\/www.compagniadisanpaolo.it\/it\/documenti-istituzionali\/politica-integrata-qassl\/","og_site_name":"Fondazione Compagnia di San Paolo","article_publisher":"https:\/\/www.facebook.com\/CompagniaDiSanPaolo","og_image":[{"width":1634,"height":700,"url":"https:\/\/www.compagniadisanpaolo.it\/wp-content\/uploads\/header-documenti.jpg","type":"image\/jpeg"}],"twitter_card":"summary_large_image","twitter_site":"@CSP_live","twitter_misc":{"Tempo di lettura stimato":"2 minuti"},"schema":{"@context":"https:\/\/schema.org","@graph":[{"@type":"WebPage","@id":"https:\/\/www.compagniadisanpaolo.it\/it\/documenti-istituzionali\/politica-integrata-qassl\/","url":"https:\/\/www.compagniadisanpaolo.it\/it\/documenti-istituzionali\/politica-integrata-qassl\/","name":"Politica Integrata QASSL - Fondazione Compagnia di San Paolo","isPartOf":{"@id":"https:\/\/www.compagniadisanpaolo.it\/it\/#website"},"primaryImageOfPage":{"@id":"https:\/\/www.compagniadisanpaolo.it\/it\/documenti-istituzionali\/politica-integrata-qassl\/#primaryimage"},"image":{"@id":"https:\/\/www.compagniadisanpaolo.it\/it\/documenti-istituzionali\/politica-integrata-qassl\/#primaryimage"},"thumbnailUrl":"https:\/\/www.compagniadisanpaolo.it\/wp-content\/uploads\/header-documenti.jpg","datePublished":"2025-10-16T14:02:43+00:00","description":"La Politica Integrata per la Qualit\u00e0, l\u2019Ambiente, la Salute e la Sicurezza sul lavoro della Fondazione Compagnia di San Paolo racchiude i valori di riferimento a cui la Compagnia ispira la propria attivit\u00e0.","breadcrumb":{"@id":"https:\/\/www.compagniadisanpaolo.it\/it\/documenti-istituzionali\/politica-integrata-qassl\/#breadcrumb"},"inLanguage":"it-IT","potentialAction":[{"@type":"ReadAction","target":["https:\/\/www.compagniadisanpaolo.it\/it\/documenti-istituzionali\/politica-integrata-qassl\/"]}]},{"@type":"ImageObject","inLanguage":"it-IT","@id":"https:\/\/www.compagniadisanpaolo.it\/it\/documenti-istituzionali\/politica-integrata-qassl\/#primaryimage","url":"https:\/\/www.compagniadisanpaolo.it\/wp-content\/uploads\/header-documenti.jpg","contentUrl":"https:\/\/www.compagniadisanpaolo.it\/wp-content\/uploads\/header-documenti.jpg","width":1634,"height":700},{"@type":"BreadcrumbList","@id":"https:\/\/www.compagniadisanpaolo.it\/it\/documenti-istituzionali\/politica-integrata-qassl\/#breadcrumb","itemListElement":[{"@type":"ListItem","position":1,"name":"Home","item":"https:\/\/www.compagniadisanpaolo.it\/it\/"},{"@type":"ListItem","position":2,"name":"Documenti Istituzionali","item":"https:\/\/www.compagniadisanpaolo.it\/it\/documenti-istituzionali\/"},{"@type":"ListItem","position":3,"name":"Politica Integrata QASSL"}]},{"@type":"WebSite","@id":"https:\/\/www.compagniadisanpaolo.it\/it\/#website","url":"https:\/\/www.compagniadisanpaolo.it\/it\/","name":"Fondazione Compagnia di San Paolo","description":"","publisher":{"@id":"https:\/\/www.compagniadisanpaolo.it\/it\/#organization"},"potentialAction":[{"@type":"SearchAction","target":{"@type":"EntryPoint","urlTemplate":"https:\/\/www.compagniadisanpaolo.it\/it\/?s={search_term_string}"},"query-input":{"@type":"PropertyValueSpecification","valueRequired":true,"valueName":"search_term_string"}}],"inLanguage":"it-IT"},{"@type":"Organization","@id":"https:\/\/www.compagniadisanpaolo.it\/it\/#organization","name":"Fondazione Compagnia di San Paolo","url":"https:\/\/www.compagniadisanpaolo.it\/it\/","logo":{"@type":"ImageObject","inLanguage":"it-IT","@id":"https:\/\/www.compagniadisanpaolo.it\/it\/#\/schema\/logo\/image\/","url":"https:\/\/www.compagniadisanpaolo.it\/wp-content\/uploads\/logo.svg","contentUrl":"https:\/\/www.compagniadisanpaolo.it\/wp-content\/uploads\/logo.svg","width":769,"height":323,"caption":"Fondazione Compagnia di San Paolo"},"image":{"@id":"https:\/\/www.compagniadisanpaolo.it\/it\/#\/schema\/logo\/image\/"},"sameAs":["https:\/\/www.facebook.com\/CompagniaDiSanPaolo","https:\/\/x.com\/CSP_live","http:\/\/instagram.com\/compagniadisanpaolo?ref=badge","https:\/\/www.linkedin.com\/company\/compagnia-di-san-paolo","https:\/\/www.youtube.com\/user\/compagniadisanpaolo","https:\/\/it.wikipedia.org\/wiki\/Compagnia_di_San_Paolo"]}]}},"_links":{"self":[{"href":"https:\/\/www.compagniadisanpaolo.it\/it\/wp-json\/wp\/v2\/pages\/40049","targetHints":{"allow":["GET"]}}],"collection":[{"href":"https:\/\/www.compagniadisanpaolo.it\/it\/wp-json\/wp\/v2\/pages"}],"about":[{"href":"https:\/\/www.compagniadisanpaolo.it\/it\/wp-json\/wp\/v2\/types\/page"}],"author":[{"embeddable":true,"href":"https:\/\/www.compagniadisanpaolo.it\/it\/wp-json\/wp\/v2\/users\/19"}],"replies":[{"embeddable":true,"href":"https:\/\/www.compagniadisanpaolo.it\/it\/wp-json\/wp\/v2\/comments?post=40049"}],"version-history":[{"count":3,"href":"https:\/\/www.compagniadisanpaolo.it\/it\/wp-json\/wp\/v2\/pages\/40049\/revisions"}],"predecessor-version":[{"id":40062,"href":"https:\/\/www.compagniadisanpaolo.it\/it\/wp-json\/wp\/v2\/pages\/40049\/revisions\/40062"}],"up":[{"embeddable":true,"href":"https:\/\/www.compagniadisanpaolo.it\/it\/wp-json\/wp\/v2\/pages\/4456"}],"wp:featuredmedia":[{"embeddable":true,"href":"https:\/\/www.compagniadisanpaolo.it\/it\/wp-json\/wp\/v2\/media\/4502"}],"wp:attachment":[{"href":"https:\/\/www.compagniadisanpaolo.it\/it\/wp-json\/wp\/v2\/media?parent=40049"}],"curies":[{"name":"wp","href":"https:\/\/api.w.org\/{rel}","templated":true}]}}