{"id":37487,"date":"2025-05-14T15:31:40","date_gmt":"2025-05-14T13:31:40","guid":{"rendered":"https:\/\/www.compagniadisanpaolo.it\/?page_id=37487"},"modified":"2025-07-25T09:56:22","modified_gmt":"2025-07-25T07:56:22","slug":"child-safeguarding-policy","status":"publish","type":"page","link":"https:\/\/www.compagniadisanpaolo.it\/it\/documenti-istituzionali\/child-safeguarding-policy\/","title":{"rendered":"Child Safeguarding Policy"},"content":{"rendered":"<div class=\"wpb-content-wrapper\">[vc_row el_class=&#8221;page-content&#8221;][vc_column][vc_column_text css=&#8221;&#8221; el_class=&#8221;text&#8221;]La Fondazione Compagnia di San Paolo, i suoi Enti Strumentali e la Societ\u00e0 Consortile Xk\u00e8? ZeroTredici vogliono essere realt\u00e0 sicure per tutte le bambine, i bambini e gli adolescenti coinvolti nelle loro attivit\u00e0.<\/p>\n<p>Creare contesti sicuri, in cui bambini e adolescenti possano crescere, apprendere e sviluppare il proprio potenziale senza rischi, \u00e8 una responsabilit\u00e0 collettiva che richiede attenzione costante e azioni concrete.<\/p>\n<p>Per questo, <strong>la Fondazione ha adottato una Child Safeguarding Policy<\/strong>, che stabilisce principi e procedure per proteggere i minori da qualsiasi forma di abuso, maltrattamento o sfruttamento.<\/p>\n<p>La Child Safeguarding Policy \u00e8 stata realizzata in collaborazione con <strong>Save the Children<\/strong>.<\/p>\n<p>Il nostro personale, i collaboratori, i volontari e i fornitori che operano con minori devono sempre rispettare i pi\u00f9 alti standard di comportamento, come definiti nella Child Safeguarding Policy. Ci impegniamo, inoltre, ad adottare tutte le misure necessarie per prevenire, segnalare e rispondere tempestivamente a qualsiasi preoccupazione.<\/p>\n<p>La Child Safeguarding Policy stabilisce <strong>un quadro di riferimento chiaro per garantire la tutela delle persone minorenni<\/strong>. In particolare, prevede:<\/p>\n<ul>\n<li>Regole di Condotta vincolanti per tutti gli adulti coinvolti nelle attivit\u00e0 della Fondazione e dei suoi enti strumentali.<\/li>\n<li>Misure di prevenzione e formazione per ridurre il rischio di abuso e maltrattamento.<\/li>\n<li>Criteri specifici per la selezione del personale, dei volontari e dei fornitori che operano con minori.<\/li>\n<li>Un sistema di segnalazione sicuro e accessibile, per raccogliere e gestire tempestivamente gli episodi riportati<\/li>\n<li>Monitoraggio e aggiornamento costante della Policy, per garantire l\u2019efficacia delle misure adottate.<\/li>\n<\/ul>\n<p>&nbsp;<\/p>\n<p>Nel futuro, la Fondazione Compagnia di San Paolo e i suoi enti strumentali intendono condividere con i loro stakeholder attivi sul territorio la necessit\u00e0 di garantire contesti sicuri dove i bambini, le bambine e le e gli adolescenti siano tutelati da qualsiasi forma di abuso, maltrattamento o sfruttamento e continueranno a diffondere questi principi nei territori dove operano, affinch\u00e8 sempre pi\u00f9 organizzazioni siano consapevoli dell\u2019importanza di questi obiettivi e si attivino in tal senso.<\/p>\n<p><strong>Come poter avvisare una violazione?<\/strong><br \/>\nChiunque abbia motivo di credere che un minore impegnato nelle attivit\u00e0 della Fondazione, di uno dei suoi Enti Strumentali o della Societ\u00e0 Consortile Xk\u00e8? ZeroTredici possa essere in una situazione di vulnerabilit\u00e0 o sia vittima di abuso pu\u00f2 effettuare una segnalazione in modo sicuro e confidenziale, attraverso la procedura dedicata.<\/p>\n<p>Consulta la <a href=\"https:\/\/www.compagniadisanpaolo.it\/wp-content\/uploads\/CSP_Child-Safeguarding-Policy-09-06.pdf\" target=\"_blank\" rel=\"noopener\">Policy<\/a> e la piattaforma per eventuali segnalazioni a questo <a href=\"https:\/\/childsafeguarding-gruppofcsp.integrityline.com\/\" target=\"_blank\" rel=\"noopener\">link<\/a>.<\/p>\n<p>A <a href=\"https:\/\/www.youtube.com\/watch?v=nz_F4I2vp94\" target=\"_blank\" rel=\"noopener\">questo link<\/a> il video formativo sulla Policy.<\/p>\n[\/vc_column_text][vc_video link=&#8221;https:\/\/www.youtube.com\/watch?v=nz_F4I2vp94&#8243; css=&#8221;&#8221;][\/vc_column][\/vc_row][vc_row][vc_column][vc_raw_html]JTVCU2V6aW9uZV9Eb2N1bWVudGklNUQ=[\/vc_raw_html][\/vc_column][\/vc_row]\n<\/div>","protected":false},"excerpt":{"rendered":"<p>[vc_row el_class=&#8221;page-content&#8221;][vc_column][vc_column_text css=&#8221;&#8221; el_class=&#8221;text&#8221;]La Fondazione Compagnia di San Paolo, i suoi Enti Strumentali e la Societ\u00e0 Consortile Xk\u00e8? ZeroTredici vogliono essere realt\u00e0 sicure per tutte le bambine, i bambini e gli adolescenti coinvolti nelle loro attivit\u00e0. Creare contesti sicuri, in cui bambini e adolescenti possano crescere, apprendere e sviluppare il proprio potenziale senza rischi, \u00e8 una responsabilit\u00e0 collettiva che richiede attenzione costante e azioni concrete. Per questo, la Fondazione ha adottato una Child Safeguarding Policy, che stabilisce principi e procedure per proteggere i minori da qualsiasi forma di abuso, maltrattamento o sfruttamento. La Child Safeguarding Policy \u00e8 stata realizzata in collaborazione con Save the Children. Il nostro personale, i collaboratori, i volontari e i fornitori che operano con minori devono sempre rispettare i pi\u00f9 alti standard di comportamento, come definiti nella Child Safeguarding Policy. Ci impegniamo, inoltre, ad adottare tutte le misure necessarie per prevenire, segnalare e rispondere tempestivamente a qualsiasi preoccupazione. La Child Safeguarding Policy stabilisce un quadro di riferimento chiaro per garantire la tutela delle persone minorenni. In particolare, prevede: Regole di Condotta vincolanti per tutti gli adulti coinvolti nelle attivit\u00e0 della Fondazione e dei suoi enti strumentali. Misure di prevenzione e formazione per ridurre il rischio di abuso e maltrattamento. Criteri specifici per la selezione del personale, dei volontari e dei fornitori che operano con minori. Un sistema di segnalazione sicuro e accessibile, per raccogliere e gestire tempestivamente gli episodi riportati Monitoraggio e aggiornamento costante della Policy, per garantire l\u2019efficacia delle misure adottate. &nbsp; Nel futuro, la Fondazione Compagnia di San Paolo e i suoi enti strumentali intendono condividere con i loro stakeholder attivi sul territorio la necessit\u00e0 di garantire contesti sicuri dove i bambini, le bambine e le e gli adolescenti siano tutelati da qualsiasi forma di abuso, maltrattamento o sfruttamento e continueranno a diffondere questi principi nei territori dove operano, affinch\u00e8 sempre pi\u00f9 organizzazioni siano consapevoli dell\u2019importanza di questi obiettivi e si attivino in tal senso. Come poter avvisare una violazione? Chiunque abbia motivo di credere che un minore impegnato nelle attivit\u00e0 della Fondazione, di uno dei suoi Enti Strumentali o della Societ\u00e0 Consortile Xk\u00e8? ZeroTredici possa essere in una situazione di vulnerabilit\u00e0 o sia vittima di abuso pu\u00f2 effettuare una segnalazione in modo sicuro e confidenziale, attraverso la procedura dedicata. Consulta la Policy e la piattaforma per eventuali segnalazioni a questo link. A questo link il video formativo sulla Policy. [\/vc_column_text][vc_video link=&#8221;https:\/\/www.youtube.com\/watch?v=nz_F4I2vp94&#8243; css=&#8221;&#8221;][\/vc_column][\/vc_row][vc_row][vc_column][vc_raw_html]JTVCU2V6aW9uZV9Eb2N1bWVudGklNUQ=[\/vc_raw_html][\/vc_column][\/vc_row]<\/p>\n","protected":false},"author":20,"featured_media":37683,"parent":4456,"menu_order":0,"comment_status":"closed","ping_status":"closed","template":"","meta":{"_acf_changed":false,"content-type":"","footnotes":""},"class_list":["post-37487","page","type-page","status-publish","has-post-thumbnail","hentry","entry","post-inner"],"acf":[],"yoast_head":"<!-- This site is optimized with the Yoast SEO plugin v27.3 - https:\/\/yoast.com\/product\/yoast-seo-wordpress\/ -->\n<title>Child Safeguarding Policy - Fondazione Compagnia di San Paolo<\/title>\n<meta name=\"robots\" content=\"index, follow, max-snippet:-1, max-image-preview:large, max-video-preview:-1\" \/>\n<link rel=\"canonical\" href=\"https:\/\/www.compagniadisanpaolo.it\/it\/documenti-istituzionali\/child-safeguarding-policy\/\" \/>\n<meta property=\"og:locale\" content=\"it_IT\" \/>\n<meta property=\"og:type\" content=\"article\" \/>\n<meta property=\"og:title\" content=\"Child Safeguarding Policy - Fondazione Compagnia di San Paolo\" \/>\n<meta property=\"og:description\" content=\"[vc_row el_class=&#8221;page-content&#8221;][vc_column][vc_column_text css=&#8221;&#8221; el_class=&#8221;text&#8221;]La Fondazione Compagnia di San Paolo, i suoi Enti Strumentali e la Societ\u00e0 Consortile Xk\u00e8? ZeroTredici vogliono essere realt\u00e0 sicure per tutte le bambine, i bambini e gli adolescenti coinvolti nelle loro attivit\u00e0. Creare contesti sicuri, in cui bambini e adolescenti possano crescere, apprendere e sviluppare il proprio potenziale senza rischi, \u00e8 una responsabilit\u00e0 collettiva che richiede attenzione costante e azioni concrete. Per questo, la Fondazione ha adottato una Child Safeguarding Policy, che stabilisce principi e procedure per proteggere i minori da qualsiasi forma di abuso, maltrattamento o sfruttamento. La Child Safeguarding Policy \u00e8 stata realizzata in collaborazione con Save the Children. Il nostro personale, i collaboratori, i volontari e i fornitori che operano con minori devono sempre rispettare i pi\u00f9 alti standard di comportamento, come definiti nella Child Safeguarding Policy. Ci impegniamo, inoltre, ad adottare tutte le misure necessarie per prevenire, segnalare e rispondere tempestivamente a qualsiasi preoccupazione. La Child Safeguarding Policy stabilisce un quadro di riferimento chiaro per garantire la tutela delle persone minorenni. In particolare, prevede: Regole di Condotta vincolanti per tutti gli adulti coinvolti nelle attivit\u00e0 della Fondazione e dei suoi enti strumentali. Misure di prevenzione e formazione per ridurre il rischio di abuso e maltrattamento. Criteri specifici per la selezione del personale, dei volontari e dei fornitori che operano con minori. Un sistema di segnalazione sicuro e accessibile, per raccogliere e gestire tempestivamente gli episodi riportati Monitoraggio e aggiornamento costante della Policy, per garantire l\u2019efficacia delle misure adottate. &nbsp; Nel futuro, la Fondazione Compagnia di San Paolo e i suoi enti strumentali intendono condividere con i loro stakeholder attivi sul territorio la necessit\u00e0 di garantire contesti sicuri dove i bambini, le bambine e le e gli adolescenti siano tutelati da qualsiasi forma di abuso, maltrattamento o sfruttamento e continueranno a diffondere questi principi nei territori dove operano, affinch\u00e8 sempre pi\u00f9 organizzazioni siano consapevoli dell\u2019importanza di questi obiettivi e si attivino in tal senso. Come poter avvisare una violazione? Chiunque abbia motivo di credere che un minore impegnato nelle attivit\u00e0 della Fondazione, di uno dei suoi Enti Strumentali o della Societ\u00e0 Consortile Xk\u00e8? ZeroTredici possa essere in una situazione di vulnerabilit\u00e0 o sia vittima di abuso pu\u00f2 effettuare una segnalazione in modo sicuro e confidenziale, attraverso la procedura dedicata. Consulta la Policy e la piattaforma per eventuali segnalazioni a questo link. A questo link il video formativo sulla Policy. [\/vc_column_text][vc_video link=&#8221;https:\/\/www.youtube.com\/watch?v=nz_F4I2vp94&#8243; css=&#8221;&#8221;][\/vc_column][\/vc_row][vc_row][vc_column][vc_raw_html]JTVCU2V6aW9uZV9Eb2N1bWVudGklNUQ=[\/vc_raw_html][\/vc_column][\/vc_row]\" \/>\n<meta property=\"og:url\" content=\"https:\/\/www.compagniadisanpaolo.it\/it\/documenti-istituzionali\/child-safeguarding-policy\/\" \/>\n<meta property=\"og:site_name\" content=\"Fondazione Compagnia di San Paolo\" \/>\n<meta property=\"article:publisher\" content=\"https:\/\/www.facebook.com\/CompagniaDiSanPaolo\" \/>\n<meta property=\"article:modified_time\" content=\"2025-07-25T07:56:22+00:00\" \/>\n<meta property=\"og:image\" content=\"https:\/\/www.compagniadisanpaolo.it\/wp-content\/uploads\/CSP_Child-Safeguarding-Policy-815x350-1.png\" \/>\n\t<meta property=\"og:image:width\" content=\"815\" \/>\n\t<meta property=\"og:image:height\" content=\"350\" \/>\n\t<meta property=\"og:image:type\" content=\"image\/png\" \/>\n<meta name=\"twitter:card\" content=\"summary_large_image\" \/>\n<meta name=\"twitter:site\" content=\"@CSP_live\" \/>\n<meta name=\"twitter:label1\" content=\"Tempo di lettura stimato\" \/>\n\t<meta name=\"twitter:data1\" content=\"3 minuti\" \/>\n<script type=\"application\/ld+json\" class=\"yoast-schema-graph\">{\"@context\":\"https:\\\/\\\/schema.org\",\"@graph\":[{\"@type\":\"WebPage\",\"@id\":\"https:\\\/\\\/www.compagniadisanpaolo.it\\\/it\\\/documenti-istituzionali\\\/child-safeguarding-policy\\\/\",\"url\":\"https:\\\/\\\/www.compagniadisanpaolo.it\\\/it\\\/documenti-istituzionali\\\/child-safeguarding-policy\\\/\",\"name\":\"Child Safeguarding Policy - Fondazione Compagnia di San Paolo\",\"isPartOf\":{\"@id\":\"https:\\\/\\\/www.compagniadisanpaolo.it\\\/it\\\/#website\"},\"primaryImageOfPage\":{\"@id\":\"https:\\\/\\\/www.compagniadisanpaolo.it\\\/it\\\/documenti-istituzionali\\\/child-safeguarding-policy\\\/#primaryimage\"},\"image\":{\"@id\":\"https:\\\/\\\/www.compagniadisanpaolo.it\\\/it\\\/documenti-istituzionali\\\/child-safeguarding-policy\\\/#primaryimage\"},\"thumbnailUrl\":\"https:\\\/\\\/www.compagniadisanpaolo.it\\\/wp-content\\\/uploads\\\/CSP_Child-Safeguarding-Policy-815x350-1.png\",\"datePublished\":\"2025-05-14T13:31:40+00:00\",\"dateModified\":\"2025-07-25T07:56:22+00:00\",\"breadcrumb\":{\"@id\":\"https:\\\/\\\/www.compagniadisanpaolo.it\\\/it\\\/documenti-istituzionali\\\/child-safeguarding-policy\\\/#breadcrumb\"},\"inLanguage\":\"it-IT\",\"potentialAction\":[{\"@type\":\"ReadAction\",\"target\":[\"https:\\\/\\\/www.compagniadisanpaolo.it\\\/it\\\/documenti-istituzionali\\\/child-safeguarding-policy\\\/\"]}]},{\"@type\":\"ImageObject\",\"inLanguage\":\"it-IT\",\"@id\":\"https:\\\/\\\/www.compagniadisanpaolo.it\\\/it\\\/documenti-istituzionali\\\/child-safeguarding-policy\\\/#primaryimage\",\"url\":\"https:\\\/\\\/www.compagniadisanpaolo.it\\\/wp-content\\\/uploads\\\/CSP_Child-Safeguarding-Policy-815x350-1.png\",\"contentUrl\":\"https:\\\/\\\/www.compagniadisanpaolo.it\\\/wp-content\\\/uploads\\\/CSP_Child-Safeguarding-Policy-815x350-1.png\",\"width\":815,\"height\":350},{\"@type\":\"BreadcrumbList\",\"@id\":\"https:\\\/\\\/www.compagniadisanpaolo.it\\\/it\\\/documenti-istituzionali\\\/child-safeguarding-policy\\\/#breadcrumb\",\"itemListElement\":[{\"@type\":\"ListItem\",\"position\":1,\"name\":\"Home\",\"item\":\"https:\\\/\\\/www.compagniadisanpaolo.it\\\/it\\\/\"},{\"@type\":\"ListItem\",\"position\":2,\"name\":\"Documenti Istituzionali\",\"item\":\"https:\\\/\\\/www.compagniadisanpaolo.it\\\/it\\\/documenti-istituzionali\\\/\"},{\"@type\":\"ListItem\",\"position\":3,\"name\":\"Child Safeguarding Policy\"}]},{\"@type\":\"WebSite\",\"@id\":\"https:\\\/\\\/www.compagniadisanpaolo.it\\\/it\\\/#website\",\"url\":\"https:\\\/\\\/www.compagniadisanpaolo.it\\\/it\\\/\",\"name\":\"Fondazione Compagnia di San Paolo\",\"description\":\"\",\"publisher\":{\"@id\":\"https:\\\/\\\/www.compagniadisanpaolo.it\\\/it\\\/#organization\"},\"potentialAction\":[{\"@type\":\"SearchAction\",\"target\":{\"@type\":\"EntryPoint\",\"urlTemplate\":\"https:\\\/\\\/www.compagniadisanpaolo.it\\\/it\\\/?s={search_term_string}\"},\"query-input\":{\"@type\":\"PropertyValueSpecification\",\"valueRequired\":true,\"valueName\":\"search_term_string\"}}],\"inLanguage\":\"it-IT\"},{\"@type\":\"Organization\",\"@id\":\"https:\\\/\\\/www.compagniadisanpaolo.it\\\/it\\\/#organization\",\"name\":\"Fondazione Compagnia di San Paolo\",\"url\":\"https:\\\/\\\/www.compagniadisanpaolo.it\\\/it\\\/\",\"logo\":{\"@type\":\"ImageObject\",\"inLanguage\":\"it-IT\",\"@id\":\"https:\\\/\\\/www.compagniadisanpaolo.it\\\/it\\\/#\\\/schema\\\/logo\\\/image\\\/\",\"url\":\"https:\\\/\\\/www.compagniadisanpaolo.it\\\/wp-content\\\/uploads\\\/logo.svg\",\"contentUrl\":\"https:\\\/\\\/www.compagniadisanpaolo.it\\\/wp-content\\\/uploads\\\/logo.svg\",\"width\":769,\"height\":323,\"caption\":\"Fondazione Compagnia di San Paolo\"},\"image\":{\"@id\":\"https:\\\/\\\/www.compagniadisanpaolo.it\\\/it\\\/#\\\/schema\\\/logo\\\/image\\\/\"},\"sameAs\":[\"https:\\\/\\\/www.facebook.com\\\/CompagniaDiSanPaolo\",\"https:\\\/\\\/x.com\\\/CSP_live\",\"http:\\\/\\\/instagram.com\\\/compagniadisanpaolo?ref=badge\",\"https:\\\/\\\/www.linkedin.com\\\/company\\\/compagnia-di-san-paolo\",\"https:\\\/\\\/www.youtube.com\\\/user\\\/compagniadisanpaolo\",\"https:\\\/\\\/it.wikipedia.org\\\/wiki\\\/Compagnia_di_San_Paolo\"]}]}<\/script>\n<!-- \/ Yoast SEO plugin. -->","yoast_head_json":{"title":"Child Safeguarding Policy - Fondazione Compagnia di San Paolo","robots":{"index":"index","follow":"follow","max-snippet":"max-snippet:-1","max-image-preview":"max-image-preview:large","max-video-preview":"max-video-preview:-1"},"canonical":"https:\/\/www.compagniadisanpaolo.it\/it\/documenti-istituzionali\/child-safeguarding-policy\/","og_locale":"it_IT","og_type":"article","og_title":"Child Safeguarding Policy - Fondazione Compagnia di San Paolo","og_description":"[vc_row el_class=&#8221;page-content&#8221;][vc_column][vc_column_text css=&#8221;&#8221; el_class=&#8221;text&#8221;]La Fondazione Compagnia di San Paolo, i suoi Enti Strumentali e la Societ\u00e0 Consortile Xk\u00e8? ZeroTredici vogliono essere realt\u00e0 sicure per tutte le bambine, i bambini e gli adolescenti coinvolti nelle loro attivit\u00e0. Creare contesti sicuri, in cui bambini e adolescenti possano crescere, apprendere e sviluppare il proprio potenziale senza rischi, \u00e8 una responsabilit\u00e0 collettiva che richiede attenzione costante e azioni concrete. Per questo, la Fondazione ha adottato una Child Safeguarding Policy, che stabilisce principi e procedure per proteggere i minori da qualsiasi forma di abuso, maltrattamento o sfruttamento. La Child Safeguarding Policy \u00e8 stata realizzata in collaborazione con Save the Children. Il nostro personale, i collaboratori, i volontari e i fornitori che operano con minori devono sempre rispettare i pi\u00f9 alti standard di comportamento, come definiti nella Child Safeguarding Policy. Ci impegniamo, inoltre, ad adottare tutte le misure necessarie per prevenire, segnalare e rispondere tempestivamente a qualsiasi preoccupazione. La Child Safeguarding Policy stabilisce un quadro di riferimento chiaro per garantire la tutela delle persone minorenni. In particolare, prevede: Regole di Condotta vincolanti per tutti gli adulti coinvolti nelle attivit\u00e0 della Fondazione e dei suoi enti strumentali. Misure di prevenzione e formazione per ridurre il rischio di abuso e maltrattamento. Criteri specifici per la selezione del personale, dei volontari e dei fornitori che operano con minori. Un sistema di segnalazione sicuro e accessibile, per raccogliere e gestire tempestivamente gli episodi riportati Monitoraggio e aggiornamento costante della Policy, per garantire l\u2019efficacia delle misure adottate. &nbsp; Nel futuro, la Fondazione Compagnia di San Paolo e i suoi enti strumentali intendono condividere con i loro stakeholder attivi sul territorio la necessit\u00e0 di garantire contesti sicuri dove i bambini, le bambine e le e gli adolescenti siano tutelati da qualsiasi forma di abuso, maltrattamento o sfruttamento e continueranno a diffondere questi principi nei territori dove operano, affinch\u00e8 sempre pi\u00f9 organizzazioni siano consapevoli dell\u2019importanza di questi obiettivi e si attivino in tal senso. Come poter avvisare una violazione? Chiunque abbia motivo di credere che un minore impegnato nelle attivit\u00e0 della Fondazione, di uno dei suoi Enti Strumentali o della Societ\u00e0 Consortile Xk\u00e8? ZeroTredici possa essere in una situazione di vulnerabilit\u00e0 o sia vittima di abuso pu\u00f2 effettuare una segnalazione in modo sicuro e confidenziale, attraverso la procedura dedicata. Consulta la Policy e la piattaforma per eventuali segnalazioni a questo link. A questo link il video formativo sulla Policy. [\/vc_column_text][vc_video link=&#8221;https:\/\/www.youtube.com\/watch?v=nz_F4I2vp94&#8243; css=&#8221;&#8221;][\/vc_column][\/vc_row][vc_row][vc_column][vc_raw_html]JTVCU2V6aW9uZV9Eb2N1bWVudGklNUQ=[\/vc_raw_html][\/vc_column][\/vc_row]","og_url":"https:\/\/www.compagniadisanpaolo.it\/it\/documenti-istituzionali\/child-safeguarding-policy\/","og_site_name":"Fondazione Compagnia di San Paolo","article_publisher":"https:\/\/www.facebook.com\/CompagniaDiSanPaolo","article_modified_time":"2025-07-25T07:56:22+00:00","og_image":[{"width":815,"height":350,"url":"https:\/\/www.compagniadisanpaolo.it\/wp-content\/uploads\/CSP_Child-Safeguarding-Policy-815x350-1.png","type":"image\/png"}],"twitter_card":"summary_large_image","twitter_site":"@CSP_live","twitter_misc":{"Tempo di lettura stimato":"3 minuti"},"schema":{"@context":"https:\/\/schema.org","@graph":[{"@type":"WebPage","@id":"https:\/\/www.compagniadisanpaolo.it\/it\/documenti-istituzionali\/child-safeguarding-policy\/","url":"https:\/\/www.compagniadisanpaolo.it\/it\/documenti-istituzionali\/child-safeguarding-policy\/","name":"Child Safeguarding Policy - Fondazione Compagnia di San Paolo","isPartOf":{"@id":"https:\/\/www.compagniadisanpaolo.it\/it\/#website"},"primaryImageOfPage":{"@id":"https:\/\/www.compagniadisanpaolo.it\/it\/documenti-istituzionali\/child-safeguarding-policy\/#primaryimage"},"image":{"@id":"https:\/\/www.compagniadisanpaolo.it\/it\/documenti-istituzionali\/child-safeguarding-policy\/#primaryimage"},"thumbnailUrl":"https:\/\/www.compagniadisanpaolo.it\/wp-content\/uploads\/CSP_Child-Safeguarding-Policy-815x350-1.png","datePublished":"2025-05-14T13:31:40+00:00","dateModified":"2025-07-25T07:56:22+00:00","breadcrumb":{"@id":"https:\/\/www.compagniadisanpaolo.it\/it\/documenti-istituzionali\/child-safeguarding-policy\/#breadcrumb"},"inLanguage":"it-IT","potentialAction":[{"@type":"ReadAction","target":["https:\/\/www.compagniadisanpaolo.it\/it\/documenti-istituzionali\/child-safeguarding-policy\/"]}]},{"@type":"ImageObject","inLanguage":"it-IT","@id":"https:\/\/www.compagniadisanpaolo.it\/it\/documenti-istituzionali\/child-safeguarding-policy\/#primaryimage","url":"https:\/\/www.compagniadisanpaolo.it\/wp-content\/uploads\/CSP_Child-Safeguarding-Policy-815x350-1.png","contentUrl":"https:\/\/www.compagniadisanpaolo.it\/wp-content\/uploads\/CSP_Child-Safeguarding-Policy-815x350-1.png","width":815,"height":350},{"@type":"BreadcrumbList","@id":"https:\/\/www.compagniadisanpaolo.it\/it\/documenti-istituzionali\/child-safeguarding-policy\/#breadcrumb","itemListElement":[{"@type":"ListItem","position":1,"name":"Home","item":"https:\/\/www.compagniadisanpaolo.it\/it\/"},{"@type":"ListItem","position":2,"name":"Documenti Istituzionali","item":"https:\/\/www.compagniadisanpaolo.it\/it\/documenti-istituzionali\/"},{"@type":"ListItem","position":3,"name":"Child Safeguarding Policy"}]},{"@type":"WebSite","@id":"https:\/\/www.compagniadisanpaolo.it\/it\/#website","url":"https:\/\/www.compagniadisanpaolo.it\/it\/","name":"Fondazione Compagnia di San Paolo","description":"","publisher":{"@id":"https:\/\/www.compagniadisanpaolo.it\/it\/#organization"},"potentialAction":[{"@type":"SearchAction","target":{"@type":"EntryPoint","urlTemplate":"https:\/\/www.compagniadisanpaolo.it\/it\/?s={search_term_string}"},"query-input":{"@type":"PropertyValueSpecification","valueRequired":true,"valueName":"search_term_string"}}],"inLanguage":"it-IT"},{"@type":"Organization","@id":"https:\/\/www.compagniadisanpaolo.it\/it\/#organization","name":"Fondazione Compagnia di San Paolo","url":"https:\/\/www.compagniadisanpaolo.it\/it\/","logo":{"@type":"ImageObject","inLanguage":"it-IT","@id":"https:\/\/www.compagniadisanpaolo.it\/it\/#\/schema\/logo\/image\/","url":"https:\/\/www.compagniadisanpaolo.it\/wp-content\/uploads\/logo.svg","contentUrl":"https:\/\/www.compagniadisanpaolo.it\/wp-content\/uploads\/logo.svg","width":769,"height":323,"caption":"Fondazione Compagnia di San Paolo"},"image":{"@id":"https:\/\/www.compagniadisanpaolo.it\/it\/#\/schema\/logo\/image\/"},"sameAs":["https:\/\/www.facebook.com\/CompagniaDiSanPaolo","https:\/\/x.com\/CSP_live","http:\/\/instagram.com\/compagniadisanpaolo?ref=badge","https:\/\/www.linkedin.com\/company\/compagnia-di-san-paolo","https:\/\/www.youtube.com\/user\/compagniadisanpaolo","https:\/\/it.wikipedia.org\/wiki\/Compagnia_di_San_Paolo"]}]}},"_links":{"self":[{"href":"https:\/\/www.compagniadisanpaolo.it\/it\/wp-json\/wp\/v2\/pages\/37487","targetHints":{"allow":["GET"]}}],"collection":[{"href":"https:\/\/www.compagniadisanpaolo.it\/it\/wp-json\/wp\/v2\/pages"}],"about":[{"href":"https:\/\/www.compagniadisanpaolo.it\/it\/wp-json\/wp\/v2\/types\/page"}],"author":[{"embeddable":true,"href":"https:\/\/www.compagniadisanpaolo.it\/it\/wp-json\/wp\/v2\/users\/20"}],"replies":[{"embeddable":true,"href":"https:\/\/www.compagniadisanpaolo.it\/it\/wp-json\/wp\/v2\/comments?post=37487"}],"version-history":[{"count":8,"href":"https:\/\/www.compagniadisanpaolo.it\/it\/wp-json\/wp\/v2\/pages\/37487\/revisions"}],"predecessor-version":[{"id":39111,"href":"https:\/\/www.compagniadisanpaolo.it\/it\/wp-json\/wp\/v2\/pages\/37487\/revisions\/39111"}],"up":[{"embeddable":true,"href":"https:\/\/www.compagniadisanpaolo.it\/it\/wp-json\/wp\/v2\/pages\/4456"}],"wp:featuredmedia":[{"embeddable":true,"href":"https:\/\/www.compagniadisanpaolo.it\/it\/wp-json\/wp\/v2\/media\/37683"}],"wp:attachment":[{"href":"https:\/\/www.compagniadisanpaolo.it\/it\/wp-json\/wp\/v2\/media?parent=37487"}],"curies":[{"name":"wp","href":"https:\/\/api.w.org\/{rel}","templated":true}]}}