{"id":28546,"date":"2024-04-16T12:53:01","date_gmt":"2024-04-16T10:53:01","guid":{"rendered":"https:\/\/www.compagniadisanpaolo.it\/?page_id=28546"},"modified":"2025-05-06T11:38:22","modified_gmt":"2025-05-06T09:38:22","slug":"presidente-marco-gilli","status":"publish","type":"page","link":"https:\/\/www.compagniadisanpaolo.it\/it\/fondazione\/organi\/presidente-marco-gilli\/","title":{"rendered":"Presidente"},"content":{"rendered":"<div class=\"wpb-content-wrapper\">[vc_row][vc_column][vc_column_text el_class=&#8221;text-headline&#8221;]Marco Gilli \u00e8 stato eletto Presidente della Fondazione Compagnia di San Paolo il 16 aprile 2024. Il <strong>Presidente \u00e8 nominato dal <a href=\"https:\/\/www.compagniadisanpaolo.it\/it\/fondazione\/organi\/consiglio-generale\/\" target=\"_blank\" rel=\"noopener\">Consiglio Generale<\/a><\/strong>, ed \u00e8\u00a0il<strong> legale rappresentante della Fondazione Compagnia di San Paolo,<\/strong>\u00a0presiede le adunanze, stabilisce l\u2019ordine del giorno, dirige i lavori del Consiglio Generale e del Comitato di Gestione e pu\u00f2 assumere, nell\u2019interesse della Fondazione, <strong>provvedimenti di urgenza<\/strong>\u00a0riferendo al <a href=\"https:\/\/www.compagniadisanpaolo.it\/it\/fondazione\/organi\/comitato-di-gestione\/\" target=\"_blank\" rel=\"noopener noreferrer\">Comitato di Gestione<\/a>.[\/vc_column_text][\/vc_column][\/vc_row][vc_row gap=&#8221;10&#8243; css=&#8221;.vc_custom_1587342464067{margin-bottom: 50px !important;}&#8221;][vc_column width=&#8221;1\/4&#8243; el_class=&#8221;info-box-wrap&#8221;][vc_column_text]<div class=\"profile-box \">\n\t\t\t<div class=\"\">\n\t\t<div class=\"image\">\n\t\t\t<img decoding=\"async\" src=\"https:\/\/www.compagniadisanpaolo.it\/wp-content\/uploads\/PresidenteMarcoGilli300X300.jpg\" alt=\"Marco Gilli\" class=\"img-fluid\">\n\t\t<\/div>\n\t\t  <div class=\"hgroup\">\n\t\t    <h3 class=\"name\">Marco Gilli<\/h3>\n\t\t    <h4 class=\"role\">Presidente<\/h4>\n\t\t    \n\t\t\t<\/div>\n\t\t  <div class=\"reference\">\n\t\t  <\/div>\n\t\t\t\t\t<a class=\"standard-link\" target=\"_blank\" href=\"https:\/\/www.compagniadisanpaolo.it\/wp-content\/uploads\/CSP-CV-Marco-Gilli_2025_12.12.ITA_.pdf\">\n\t\t\t\t\t\tDownload CV\n\t\t\t\t\t<\/a><\/div>\n\t      <\/div>\n\t      <div class=\"clear\"><\/div>[\/vc_column_text][\/vc_column][vc_column width=&#8221;2\/3&#8243; el_class=&#8221;page-content&#8221; offset=&#8221;vc_col-sm-offset-1&#8243;][vc_column_text]\n<h3 class=\"profile-title\">Marco Gilli<\/h3>\n<div class=\"text\">\n<p>Marco Gilli nasce a Torino nel 1965 e diventa Presidente della Fondazione Compagnia di San Paolo dal 16 aprile 2024; dal 2019 al 2024 \u00e8 stato <strong>Addetto Scientifico<\/strong> (Science &amp; Technology Counselor) presso l\u2019<strong>Ambasciata d\u2019Italia negli USA<\/strong>.<\/p>\n<p>Nel 1990 ha ricevuto il <strong>Premio Andreoni<\/strong>, assegnato dall\u2019Associazione degli Ingegneri e Architetti del Politecnico di Torino al <strong>miglior Laureato in Ingegneria Elettronica<\/strong>. Successivamente attivo come <strong>Ricercatore<\/strong> nel <strong>settore Elettrotecnica presso il Politecnico di Torino<\/strong>, diventa <strong>Professore Associato di Elettrotecnica nel 1998.<\/strong><\/p>\n<p><strong>Tutt\u2019ora <\/strong><strong>Professore Ordinario di Elettrotecnica<\/strong> alla Prima Facolt\u00e0 di Ingegneria dell\u2019Ateneo, tra il maggio 2002 e settembre 2003,<strong> Gilli assume<\/strong>, prima, <strong>l&#8217;incarico di Preside Vicario<\/strong>, per poi diventare <strong>Vice-Preside nel 2005<\/strong>, carica che ricopre fino al settembre del 2005 quando viene nominato <strong>Pro-Rettore Vicario<\/strong>.<\/p>\n<p>Una carriera in ascesa che lo porta <strong>nel 2012<\/strong> a succedere a <strong>Francesco Profumo<\/strong> come <strong>Rettore del Politecnico di Torino<\/strong>.<\/p>\n<p>Dal 2005, come Professore, \u00e8 stato<strong> responsabile di vari progetti nazionali e internazionali <\/strong>e, <strong>in qualit\u00e0 di Rettore<\/strong>, degli <strong>accordi di partnership riguardanti formazione, ricerca e trasferimento tecnologico con circa 40 aziende leader nell&#8217;ambito manifatturiero<\/strong>, <strong>dell&#8217;Energia<\/strong> (tra cui ENEL, ENI, TERNA, EDF, State Grid China) e <strong>del settore dell&#8217;Information Technology<\/strong>.<\/p>\n<p>In quanto Rettore, Gilli \u00e8 stato inoltre <strong>responsabile di oltre 100 accordi internazionali, con le pi\u00f9 prestigiose Universit\u00e0 tecnologiche in Europa e nel mondo<\/strong>, tra cui UC-Berkeley e MIT, <strong>oltre che della costituzione di 11 Centri Interdipartimentali presso il Politecnico di Torino<\/strong>, sul modello di quelli esistenti presso MIT \/ UC \u2013 Berkeley \/ EPFL, nei seguenti settori strategici: <strong>Big Data<\/strong> &#8211; <strong>Machine Learning<\/strong>, <strong>Additive Manufacturing<\/strong>, <strong>Mobility<\/strong>, <strong>Energy<\/strong>, <strong>Health Technologies<\/strong>.<\/p>\n<p>Dal 1990 a oggi <strong>Marco Gilli \u00e8 stato Autore o coautore di oltre 200 pubblicazioni <\/strong>apparse su riviste scientifiche internazionali o negli atti di congressi internazionali.<\/p>\n<p>La sua <strong>Attivit\u00e0 di ricerca<\/strong> si \u00e8 concentrata prevalentemente nell\u2019<strong>ambito<\/strong> <strong>della teoria e delle applicazioni delle reti elettriche e dei sistemi non lineari<\/strong>, <strong>delle reti neurali e del machine learning<\/strong>, e &#8211; parzialmente &#8211; nel settore dell\u2019elettromagnetismo.<\/p>\n<p>Dal 1999,<strong> il Professor Gilli \u00e8 stato General Chair<\/strong>, <strong>Technical Program Chair, Track Chair e Special session Chair <\/strong>per un numero rilevante di Conferenze Internazionali, organizzate in particolare <strong>dall&#8217;IEEE<\/strong> (<strong>Institute of Electrical and Electronics Engineers<\/strong>).<\/p>\n<p>Gi\u00e0 <strong>Fellow dell\u2019Institute of Electrical and Electronics Engineers (IEEE)<\/strong> e <strong>Membro dell\u2019Accademia delle Scienze di Torino<\/strong> <strong>dal 2012, dal 2019 e in tutti gli anni successivi<\/strong>,<strong> Marco Gilli <\/strong>\u00e8 stato inserito nella<strong> classifica mondiale degli scienziati con il livello pi\u00f9 elevato di produttivit\u00e0 scientifica<\/strong> (<strong>World\u2019s 2% Top Scientists<\/strong>) elaborata dall\u2019Universit\u00e0 di Stanford in collaborazione con Elsevier.<\/p>\n<p>Nel 2017, l\u2019attuale presidente della Fondazione Compagnia di San Paolo \u00e8 stato inoltre <strong>Responsabile scientifico della sessione \u201cG7 \u2013 SMEs and Digital Transformation<\/strong>\u201d nell\u2019ambito della &#8220;Multistakeholder Conference\u201d che ha preceduto la ministeriale G7 \u201cICT &amp; Industry\u201d.<\/p>\n<p>Tra i premi e i riconoscimenti ricevuti, si contano inoltre <strong>nel 1998 il Premio Ravani &#8211; Pellati<\/strong> &#8211; assegnato dall&#8217;<strong>Accademia delle Scienze di Torino <\/strong>per contribuiti al progresso nel campo della fisica e in particolare dell&#8217;elettrotecnica &#8211; e il <strong>Best Paper Award dell&#8217;International Journal of Circuit Theory and Applications <\/strong>nel 1994 e nel 2004.<\/p>\n<p>Tra le altre posizioni di rilievo ottenute da Gilli si contano \u2013 per citarne solo alcune &#8211; la sua presenza come <strong>Componente del Consiglio Scientifico della Fondazione ENEL<\/strong>, l&#8217;incarico di <strong>Presidente del \u201cMicrosoft Innovation Center \u2013 MIC\u201d di Torino<\/strong> e la sua qualifica come membro del CDA della Fondazione LINKS.<\/p>\n<p>&nbsp;<\/p>\n<p>&nbsp;<\/p>\n<p>&nbsp;<\/p>\n<\/div>\n[\/vc_column_text][\/vc_column][\/vc_row][vc_row][vc_column]<div class=\"templatera_shortcode\"><div data-vc-full-width=\"true\" data-vc-full-width-temp=\"true\" data-vc-full-width-init=\"false\" class=\"vc_row wpb_row vc_row-fluid newsletter-wrap\"><div class=\"wpb_column vc_column_container vc_col-sm-12\"><div class=\"vc_column-inner\"><div class=\"wpb_wrapper\">\n\t<div class=\"wpb_raw_code wpb_raw_html wpb_content_element\" >\n\t\t<div class=\"wpb_wrapper\">\n\t\t\t    <div class=\"container\">\n      <div class=\"row align-items-center\">\n\t<div class=\"col-12 col-lg-6 col-xl-5 mb-3 mb-lg-0 pr-0\">\n\t  <h2 class=\"title\">Rimani aggiornato sui nostri bandi e sui nostri progetti<\/h2>\n\t<\/div>\n\t<div class=\"col-12 col-lg-6 col-xl-7 pl-xl-4\">\n\t  <a class=\"standard-link-block\" href=\"\/it\/newsletter\/\">\n\t    Compila il form e decidi su quale argomento vuoi ricevere notizie.\t    <strong>\u00a0 ISCRIVITI!<\/strong>\n\t  <\/a>\n\t<\/div>\n      <\/div>\n    <\/div>\n\t\t<\/div>\n\t<\/div>\n<\/div><\/div><\/div><\/div><div class=\"vc_row-full-width vc_clearfix\"><\/div><\/div>[\/vc_column][\/vc_row][vc_row][vc_column]<div class=\"templatera_shortcode\"><\/div>[\/vc_column][\/vc_row]\n<\/div>","protected":false},"excerpt":{"rendered":"Marco Gilli \u00e8 stato eletto Presidente della Fondazione Compagnia di San Paolo il 16 aprile 2024. Il Presidente \u00e8 nominato dal Consiglio Generale, ed \u00e8\u00a0il legale rappresentante della Fondazione Compagnia di San Paolo,\u00a0presiede le adunanze, stabilisce l\u2019ordine del giorno, dirige i lavori del Consiglio Generale e del Comitato di Gestione e pu\u00f2 assumere, nell\u2019interesse della Fondazione, provvedimenti di urgenza\u00a0riferendo al Comitato di Gestione. Marco Gilli Presidente Download CV Marco Gilli Marco Gilli nasce a Torino nel 1965 e diventa Presidente della Fondazione Compagnia di San Paolo dal 16 aprile 2024; dal 2019 al 2024 \u00e8 stato Addetto Scientifico (Science &amp; Technology Counselor) presso l\u2019Ambasciata d\u2019Italia negli USA. Nel 1990 ha ricevuto il Premio Andreoni, assegnato dall\u2019Associazione degli Ingegneri e Architetti del Politecnico di Torino al miglior Laureato in Ingegneria Elettronica. Successivamente attivo come Ricercatore nel settore Elettrotecnica presso il Politecnico di Torino, diventa Professore Associato di Elettrotecnica nel 1998. Tutt\u2019ora Professore Ordinario di Elettrotecnica alla Prima Facolt\u00e0 di Ingegneria dell\u2019Ateneo, tra il maggio 2002 e settembre 2003, Gilli assume, prima, l'incarico di Preside Vicario, per poi diventare Vice-Preside nel 2005, carica che ricopre fino al settembre del 2005 quando viene nominato Pro-Rettore Vicario. Una carriera in ascesa che lo porta nel 2012 a succedere a Francesco Profumo come Rettore del Politecnico di Torino. Dal 2005, come Professore, \u00e8 stato responsabile di vari progetti nazionali e internazionali e, in qualit\u00e0 di Rettore, degli accordi di partnership riguardanti formazione, ricerca e trasferimento tecnologico con circa 40 aziende leader nell'ambito manifatturiero, dell'Energia (tra cui ENEL, ENI, TERNA, EDF, State Grid China) e del settore dell'Information Technology. In quanto Rettore, Gilli \u00e8 stato inoltre responsabile di oltre 100 accordi internazionali, con le pi\u00f9 prestigiose Universit\u00e0 tecnologiche in Europa e nel mondo, tra cui UC-Berkeley e MIT, oltre che della costituzione di 11 Centri Interdipartimentali presso il Politecnico di Torino, sul modello di quelli esistenti presso MIT \/ UC \u2013 Berkeley \/ EPFL, nei seguenti settori strategici: Big Data - Machine Learning, Additive Manufacturing, Mobility, Energy, Health Technologies. Dal 1990 a oggi Marco Gilli \u00e8 stato Autore o coautore di oltre 200 pubblicazioni apparse su riviste scientifiche internazionali o negli atti di congressi internazionali. La sua Attivit\u00e0 di ricerca si \u00e8 concentrata prevalentemente nell\u2019ambito della teoria e delle applicazioni delle reti elettriche e dei sistemi non lineari, delle reti neurali e del machine learning, e - parzialmente - nel settore dell\u2019elettromagnetismo. Dal 1999, il Professor Gilli \u00e8 stato General Chair, Technical Program Chair, Track Chair e Special session Chair per un numero rilevante di Conferenze Internazionali, organizzate in particolare dall'IEEE (Institute of Electrical and Electronics Engineers). Gi\u00e0 Fellow dell\u2019Institute of Electrical and Electronics Engineers (IEEE) e Membro dell\u2019Accademia delle Scienze di Torino dal 2012, dal 2019 e in tutti gli anni successivi, Marco Gilli \u00e8 stato inserito nella classifica mondiale degli scienziati con il livello pi\u00f9 elevato di produttivit\u00e0 scientifica (World\u2019s 2% Top Scientists) elaborata dall\u2019Universit\u00e0 di Stanford in collaborazione con Elsevier. Nel 2017, l\u2019attuale presidente della Fondazione Compagnia di San Paolo \u00e8 stato inoltre Responsabile scientifico della sessione \u201cG7 \u2013 SMEs and Digital Transformation\u201d nell\u2019ambito della \"Multistakeholder Conference\u201d che ha preceduto la ministeriale G7 \u201cICT &amp; Industry\u201d. Tra i premi e i riconoscimenti ricevuti, si contano inoltre nel 1998 il Premio Ravani - Pellati - assegnato dall'Accademia delle Scienze di Torino per contribuiti al progresso nel campo della fisica e in particolare dell'elettrotecnica - e il Best Paper Award dell'International Journal of Circuit Theory and Applications nel 1994 e nel 2004. Tra le altre posizioni di rilievo ottenute da Gilli si contano \u2013 per citarne solo alcune - la sua presenza come Componente del Consiglio Scientifico della Fondazione ENEL, l'incarico di Presidente del \u201cMicrosoft Innovation Center \u2013 MIC\u201d di Torino e la sua qualifica come membro del CDA della Fondazione LINKS. &nbsp; &nbsp; &nbsp; Rimani aggiornato sui nostri bandi e sui nostri progetti Compila il form e decidi su quale argomento vuoi ricevere notizie. \u00a0 ISCRIVITI!","protected":false},"author":19,"featured_media":28559,"parent":879,"menu_order":1,"comment_status":"closed","ping_status":"closed","template":"","meta":{"_acf_changed":false,"content-type":"","footnotes":""},"class_list":["post-28546","page","type-page","status-publish","has-post-thumbnail","hentry","entry","post-inner"],"acf":[],"yoast_head":"<!-- This site is optimized with the Yoast SEO plugin v27.3 - https:\/\/yoast.com\/product\/yoast-seo-wordpress\/ -->\n<title>Marco Gilli Presidente - Fondazione Compagnia di San Paolo<\/title>\n<meta name=\"description\" content=\"Marco Gilli, classe 1965, \u00e8\u00a0Presidente della Fondazione Compagnia di San Paolo dal 16 aprile 2024. Il\u00a0Presidente \u00e8 nominato dal Consiglio Generale.\" \/>\n<meta name=\"robots\" content=\"index, follow, max-snippet:-1, max-image-preview:large, max-video-preview:-1\" \/>\n<link rel=\"canonical\" href=\"https:\/\/www.compagniadisanpaolo.it\/it\/fondazione\/organi\/presidente-marco-gilli\/\" \/>\n<meta property=\"og:locale\" content=\"it_IT\" \/>\n<meta property=\"og:type\" content=\"article\" \/>\n<meta property=\"og:title\" content=\"Marco Gilli Presidente - Fondazione Compagnia di San Paolo\" \/>\n<meta property=\"og:description\" content=\"Marco Gilli, classe 1965, \u00e8\u00a0Presidente della Fondazione Compagnia di San Paolo dal 16 aprile 2024. Il\u00a0Presidente \u00e8 nominato dal Consiglio Generale.\" \/>\n<meta property=\"og:url\" content=\"https:\/\/www.compagniadisanpaolo.it\/it\/fondazione\/organi\/presidente-marco-gilli\/\" \/>\n<meta property=\"og:site_name\" content=\"Fondazione Compagnia di San Paolo\" \/>\n<meta property=\"article:publisher\" content=\"https:\/\/www.facebook.com\/CompagniaDiSanPaolo\" \/>\n<meta property=\"article:modified_time\" content=\"2025-05-06T09:38:22+00:00\" \/>\n<meta property=\"og:image\" content=\"https:\/\/www.compagniadisanpaolo.it\/wp-content\/uploads\/PresidenteMarcoGilli815x350.jpg\" \/>\n\t<meta property=\"og:image:width\" content=\"815\" \/>\n\t<meta property=\"og:image:height\" content=\"350\" \/>\n\t<meta property=\"og:image:type\" content=\"image\/jpeg\" \/>\n<meta name=\"twitter:card\" content=\"summary_large_image\" \/>\n<meta name=\"twitter:site\" content=\"@CSP_live\" \/>\n<meta name=\"twitter:label1\" content=\"Tempo di lettura stimato\" \/>\n\t<meta name=\"twitter:data1\" content=\"4 minuti\" \/>\n<script type=\"application\/ld+json\" class=\"yoast-schema-graph\">{\"@context\":\"https:\\\/\\\/schema.org\",\"@graph\":[{\"@type\":\"WebPage\",\"@id\":\"https:\\\/\\\/www.compagniadisanpaolo.it\\\/it\\\/fondazione\\\/organi\\\/presidente-marco-gilli\\\/\",\"url\":\"https:\\\/\\\/www.compagniadisanpaolo.it\\\/it\\\/fondazione\\\/organi\\\/presidente-marco-gilli\\\/\",\"name\":\"Marco Gilli Presidente - Fondazione Compagnia di San Paolo\",\"isPartOf\":{\"@id\":\"https:\\\/\\\/www.compagniadisanpaolo.it\\\/it\\\/#website\"},\"primaryImageOfPage\":{\"@id\":\"https:\\\/\\\/www.compagniadisanpaolo.it\\\/it\\\/fondazione\\\/organi\\\/presidente-marco-gilli\\\/#primaryimage\"},\"image\":{\"@id\":\"https:\\\/\\\/www.compagniadisanpaolo.it\\\/it\\\/fondazione\\\/organi\\\/presidente-marco-gilli\\\/#primaryimage\"},\"thumbnailUrl\":\"https:\\\/\\\/www.compagniadisanpaolo.it\\\/wp-content\\\/uploads\\\/PresidenteMarcoGilli815x350.jpg\",\"datePublished\":\"2024-04-16T10:53:01+00:00\",\"dateModified\":\"2025-05-06T09:38:22+00:00\",\"description\":\"Marco Gilli, classe 1965, \u00e8\u00a0Presidente della Fondazione Compagnia di San Paolo dal 16 aprile 2024. Il\u00a0Presidente \u00e8 nominato dal Consiglio Generale.\",\"breadcrumb\":{\"@id\":\"https:\\\/\\\/www.compagniadisanpaolo.it\\\/it\\\/fondazione\\\/organi\\\/presidente-marco-gilli\\\/#breadcrumb\"},\"inLanguage\":\"it-IT\",\"potentialAction\":[{\"@type\":\"ReadAction\",\"target\":[\"https:\\\/\\\/www.compagniadisanpaolo.it\\\/it\\\/fondazione\\\/organi\\\/presidente-marco-gilli\\\/\"]}]},{\"@type\":\"ImageObject\",\"inLanguage\":\"it-IT\",\"@id\":\"https:\\\/\\\/www.compagniadisanpaolo.it\\\/it\\\/fondazione\\\/organi\\\/presidente-marco-gilli\\\/#primaryimage\",\"url\":\"https:\\\/\\\/www.compagniadisanpaolo.it\\\/wp-content\\\/uploads\\\/PresidenteMarcoGilli815x350.jpg\",\"contentUrl\":\"https:\\\/\\\/www.compagniadisanpaolo.it\\\/wp-content\\\/uploads\\\/PresidenteMarcoGilli815x350.jpg\",\"width\":815,\"height\":350},{\"@type\":\"BreadcrumbList\",\"@id\":\"https:\\\/\\\/www.compagniadisanpaolo.it\\\/it\\\/fondazione\\\/organi\\\/presidente-marco-gilli\\\/#breadcrumb\",\"itemListElement\":[{\"@type\":\"ListItem\",\"position\":1,\"name\":\"Home\",\"item\":\"https:\\\/\\\/www.compagniadisanpaolo.it\\\/it\\\/\"},{\"@type\":\"ListItem\",\"position\":2,\"name\":\"La Fondazione\",\"item\":\"https:\\\/\\\/www.compagniadisanpaolo.it\\\/it\\\/fondazione\\\/\"},{\"@type\":\"ListItem\",\"position\":3,\"name\":\"Organi\",\"item\":\"https:\\\/\\\/www.compagniadisanpaolo.it\\\/it\\\/fondazione\\\/organi\\\/\"},{\"@type\":\"ListItem\",\"position\":4,\"name\":\"Presidente\"}]},{\"@type\":\"WebSite\",\"@id\":\"https:\\\/\\\/www.compagniadisanpaolo.it\\\/it\\\/#website\",\"url\":\"https:\\\/\\\/www.compagniadisanpaolo.it\\\/it\\\/\",\"name\":\"Fondazione Compagnia di San Paolo\",\"description\":\"\",\"publisher\":{\"@id\":\"https:\\\/\\\/www.compagniadisanpaolo.it\\\/it\\\/#organization\"},\"potentialAction\":[{\"@type\":\"SearchAction\",\"target\":{\"@type\":\"EntryPoint\",\"urlTemplate\":\"https:\\\/\\\/www.compagniadisanpaolo.it\\\/it\\\/?s={search_term_string}\"},\"query-input\":{\"@type\":\"PropertyValueSpecification\",\"valueRequired\":true,\"valueName\":\"search_term_string\"}}],\"inLanguage\":\"it-IT\"},{\"@type\":\"Organization\",\"@id\":\"https:\\\/\\\/www.compagniadisanpaolo.it\\\/it\\\/#organization\",\"name\":\"Fondazione Compagnia di San Paolo\",\"url\":\"https:\\\/\\\/www.compagniadisanpaolo.it\\\/it\\\/\",\"logo\":{\"@type\":\"ImageObject\",\"inLanguage\":\"it-IT\",\"@id\":\"https:\\\/\\\/www.compagniadisanpaolo.it\\\/it\\\/#\\\/schema\\\/logo\\\/image\\\/\",\"url\":\"https:\\\/\\\/www.compagniadisanpaolo.it\\\/wp-content\\\/uploads\\\/logo.svg\",\"contentUrl\":\"https:\\\/\\\/www.compagniadisanpaolo.it\\\/wp-content\\\/uploads\\\/logo.svg\",\"width\":769,\"height\":323,\"caption\":\"Fondazione Compagnia di San Paolo\"},\"image\":{\"@id\":\"https:\\\/\\\/www.compagniadisanpaolo.it\\\/it\\\/#\\\/schema\\\/logo\\\/image\\\/\"},\"sameAs\":[\"https:\\\/\\\/www.facebook.com\\\/CompagniaDiSanPaolo\",\"https:\\\/\\\/x.com\\\/CSP_live\",\"http:\\\/\\\/instagram.com\\\/compagniadisanpaolo?ref=badge\",\"https:\\\/\\\/www.linkedin.com\\\/company\\\/compagnia-di-san-paolo\",\"https:\\\/\\\/www.youtube.com\\\/user\\\/compagniadisanpaolo\",\"https:\\\/\\\/it.wikipedia.org\\\/wiki\\\/Compagnia_di_San_Paolo\"]}]}<\/script>\n<!-- \/ Yoast SEO plugin. -->","yoast_head_json":{"title":"Marco Gilli Presidente - Fondazione Compagnia di San Paolo","description":"Marco Gilli, classe 1965, \u00e8\u00a0Presidente della Fondazione Compagnia di San Paolo dal 16 aprile 2024. Il\u00a0Presidente \u00e8 nominato dal Consiglio Generale.","robots":{"index":"index","follow":"follow","max-snippet":"max-snippet:-1","max-image-preview":"max-image-preview:large","max-video-preview":"max-video-preview:-1"},"canonical":"https:\/\/www.compagniadisanpaolo.it\/it\/fondazione\/organi\/presidente-marco-gilli\/","og_locale":"it_IT","og_type":"article","og_title":"Marco Gilli Presidente - Fondazione Compagnia di San Paolo","og_description":"Marco Gilli, classe 1965, \u00e8\u00a0Presidente della Fondazione Compagnia di San Paolo dal 16 aprile 2024. Il\u00a0Presidente \u00e8 nominato dal Consiglio Generale.","og_url":"https:\/\/www.compagniadisanpaolo.it\/it\/fondazione\/organi\/presidente-marco-gilli\/","og_site_name":"Fondazione Compagnia di San Paolo","article_publisher":"https:\/\/www.facebook.com\/CompagniaDiSanPaolo","article_modified_time":"2025-05-06T09:38:22+00:00","og_image":[{"width":815,"height":350,"url":"https:\/\/www.compagniadisanpaolo.it\/wp-content\/uploads\/PresidenteMarcoGilli815x350.jpg","type":"image\/jpeg"}],"twitter_card":"summary_large_image","twitter_site":"@CSP_live","twitter_misc":{"Tempo di lettura stimato":"4 minuti"},"schema":{"@context":"https:\/\/schema.org","@graph":[{"@type":"WebPage","@id":"https:\/\/www.compagniadisanpaolo.it\/it\/fondazione\/organi\/presidente-marco-gilli\/","url":"https:\/\/www.compagniadisanpaolo.it\/it\/fondazione\/organi\/presidente-marco-gilli\/","name":"Marco Gilli Presidente - Fondazione Compagnia di San Paolo","isPartOf":{"@id":"https:\/\/www.compagniadisanpaolo.it\/it\/#website"},"primaryImageOfPage":{"@id":"https:\/\/www.compagniadisanpaolo.it\/it\/fondazione\/organi\/presidente-marco-gilli\/#primaryimage"},"image":{"@id":"https:\/\/www.compagniadisanpaolo.it\/it\/fondazione\/organi\/presidente-marco-gilli\/#primaryimage"},"thumbnailUrl":"https:\/\/www.compagniadisanpaolo.it\/wp-content\/uploads\/PresidenteMarcoGilli815x350.jpg","datePublished":"2024-04-16T10:53:01+00:00","dateModified":"2025-05-06T09:38:22+00:00","description":"Marco Gilli, classe 1965, \u00e8\u00a0Presidente della Fondazione Compagnia di San Paolo dal 16 aprile 2024. Il\u00a0Presidente \u00e8 nominato dal Consiglio Generale.","breadcrumb":{"@id":"https:\/\/www.compagniadisanpaolo.it\/it\/fondazione\/organi\/presidente-marco-gilli\/#breadcrumb"},"inLanguage":"it-IT","potentialAction":[{"@type":"ReadAction","target":["https:\/\/www.compagniadisanpaolo.it\/it\/fondazione\/organi\/presidente-marco-gilli\/"]}]},{"@type":"ImageObject","inLanguage":"it-IT","@id":"https:\/\/www.compagniadisanpaolo.it\/it\/fondazione\/organi\/presidente-marco-gilli\/#primaryimage","url":"https:\/\/www.compagniadisanpaolo.it\/wp-content\/uploads\/PresidenteMarcoGilli815x350.jpg","contentUrl":"https:\/\/www.compagniadisanpaolo.it\/wp-content\/uploads\/PresidenteMarcoGilli815x350.jpg","width":815,"height":350},{"@type":"BreadcrumbList","@id":"https:\/\/www.compagniadisanpaolo.it\/it\/fondazione\/organi\/presidente-marco-gilli\/#breadcrumb","itemListElement":[{"@type":"ListItem","position":1,"name":"Home","item":"https:\/\/www.compagniadisanpaolo.it\/it\/"},{"@type":"ListItem","position":2,"name":"La Fondazione","item":"https:\/\/www.compagniadisanpaolo.it\/it\/fondazione\/"},{"@type":"ListItem","position":3,"name":"Organi","item":"https:\/\/www.compagniadisanpaolo.it\/it\/fondazione\/organi\/"},{"@type":"ListItem","position":4,"name":"Presidente"}]},{"@type":"WebSite","@id":"https:\/\/www.compagniadisanpaolo.it\/it\/#website","url":"https:\/\/www.compagniadisanpaolo.it\/it\/","name":"Fondazione Compagnia di San Paolo","description":"","publisher":{"@id":"https:\/\/www.compagniadisanpaolo.it\/it\/#organization"},"potentialAction":[{"@type":"SearchAction","target":{"@type":"EntryPoint","urlTemplate":"https:\/\/www.compagniadisanpaolo.it\/it\/?s={search_term_string}"},"query-input":{"@type":"PropertyValueSpecification","valueRequired":true,"valueName":"search_term_string"}}],"inLanguage":"it-IT"},{"@type":"Organization","@id":"https:\/\/www.compagniadisanpaolo.it\/it\/#organization","name":"Fondazione Compagnia di San Paolo","url":"https:\/\/www.compagniadisanpaolo.it\/it\/","logo":{"@type":"ImageObject","inLanguage":"it-IT","@id":"https:\/\/www.compagniadisanpaolo.it\/it\/#\/schema\/logo\/image\/","url":"https:\/\/www.compagniadisanpaolo.it\/wp-content\/uploads\/logo.svg","contentUrl":"https:\/\/www.compagniadisanpaolo.it\/wp-content\/uploads\/logo.svg","width":769,"height":323,"caption":"Fondazione Compagnia di San Paolo"},"image":{"@id":"https:\/\/www.compagniadisanpaolo.it\/it\/#\/schema\/logo\/image\/"},"sameAs":["https:\/\/www.facebook.com\/CompagniaDiSanPaolo","https:\/\/x.com\/CSP_live","http:\/\/instagram.com\/compagniadisanpaolo?ref=badge","https:\/\/www.linkedin.com\/company\/compagnia-di-san-paolo","https:\/\/www.youtube.com\/user\/compagniadisanpaolo","https:\/\/it.wikipedia.org\/wiki\/Compagnia_di_San_Paolo"]}]}},"_links":{"self":[{"href":"https:\/\/www.compagniadisanpaolo.it\/it\/wp-json\/wp\/v2\/pages\/28546","targetHints":{"allow":["GET"]}}],"collection":[{"href":"https:\/\/www.compagniadisanpaolo.it\/it\/wp-json\/wp\/v2\/pages"}],"about":[{"href":"https:\/\/www.compagniadisanpaolo.it\/it\/wp-json\/wp\/v2\/types\/page"}],"author":[{"embeddable":true,"href":"https:\/\/www.compagniadisanpaolo.it\/it\/wp-json\/wp\/v2\/users\/19"}],"replies":[{"embeddable":true,"href":"https:\/\/www.compagniadisanpaolo.it\/it\/wp-json\/wp\/v2\/comments?post=28546"}],"version-history":[{"count":6,"href":"https:\/\/www.compagniadisanpaolo.it\/it\/wp-json\/wp\/v2\/pages\/28546\/revisions"}],"predecessor-version":[{"id":28616,"href":"https:\/\/www.compagniadisanpaolo.it\/it\/wp-json\/wp\/v2\/pages\/28546\/revisions\/28616"}],"up":[{"embeddable":true,"href":"https:\/\/www.compagniadisanpaolo.it\/it\/wp-json\/wp\/v2\/pages\/879"}],"wp:featuredmedia":[{"embeddable":true,"href":"https:\/\/www.compagniadisanpaolo.it\/it\/wp-json\/wp\/v2\/media\/28559"}],"wp:attachment":[{"href":"https:\/\/www.compagniadisanpaolo.it\/it\/wp-json\/wp\/v2\/media?parent=28546"}],"curies":[{"name":"wp","href":"https:\/\/api.w.org\/{rel}","templated":true}]}}