{"id":26338,"date":"2023-12-19T15:54:38","date_gmt":"2023-12-19T14:54:38","guid":{"rendered":"https:\/\/www.compagniadisanpaolo.it\/?page_id=26338"},"modified":"2026-03-11T11:39:21","modified_gmt":"2026-03-11T10:39:21","slug":"sostenibilita","status":"publish","type":"page","link":"https:\/\/www.compagniadisanpaolo.it\/it\/le-nostre-sfide\/sostenibilita\/","title":{"rendered":"Sostenibilit\u00e0"},"content":{"rendered":"<div class=\"wpb-content-wrapper\">[vc_row][vc_column][vc_column_text el_class=&#8221;text-headline2&#8243;]La Fondazione Compagnia di San Paolo ha attivato progetti specifici per migliorare la <strong>sostenibilit\u00e0 ambientale<\/strong> dei propri <strong>strumenti digitali<\/strong>.[\/vc_column_text][\/vc_column][\/vc_row][vc_row full_width=&#8221;stretch_row_content_no_spaces&#8221; content_placement=&#8221;middle&#8221; el_class=&#8221;txt-img txt-sx row&#8221;][vc_column width=&#8221;5\/12&#8243; el_class=&#8221;mb-5 mb-lg-0&#8243; offset=&#8221;vc_col-sm-offset-1 vc_col-xs-offset-1 vc_col-xs-10&#8243;][vc_column_text el_class=&#8221;text mb-0&#8243;]La <strong class=\"hl\">digitalizzazione dei processi di lavoro<\/strong> \u00e8 una strada importante da seguire per ridurre le emissioni di gas serra. Ma <strong>nessuna azione \u00e8 a impatto zero<\/strong> e anche gli strumenti digitali comportano l&#8217;emissione di CO2 equivalente, nella misura in cui richiedono energia elettrica per funzionare. Ecco perch\u00e9 \u00e8 importante misurare e ridurre il fabbisogno energetico degli strumenti digitali in uso dalla Fondazione.[\/vc_column_text][\/vc_column][vc_column width=&#8221;1\/2&#8243; css=&#8221;.vc_custom_1703004213110{background-image: url(https:\/\/www.compagniadisanpaolo.it\/wp-content\/uploads\/goodranking-box01.jpg?id=26368) !important;background-position: center !important;background-repeat: no-repeat !important;background-size: cover !important;}&#8221; offset=&#8221;vc_col-sm-offset-0 vc_col-xs-offset-1 vc_col-xs-10&#8243;][vc_empty_space el_class=&#8221;fill-square&#8221;][\/vc_column][\/vc_row][vc_row full_width=&#8221;stretch_row_content_no_spaces&#8221; equal_height=&#8221;yes&#8221; content_placement=&#8221;middle&#8221; el_class=&#8221;txt-img txt-sx row&#8221;][vc_column width=&#8221;1\/2&#8243; css=&#8221;.vc_custom_1703004293493{background-image: url(https:\/\/www.compagniadisanpaolo.it\/wp-content\/uploads\/goodranking-box02.jpg?id=26370) !important;background-position: center !important;background-repeat: no-repeat !important;background-size: cover !important;}&#8221; offset=&#8221;vc_col-sm-offset-0 vc_col-xs-offset-1 vc_col-xs-10&#8243;][vc_empty_space el_class=&#8221;fill-square&#8221;][\/vc_column][vc_column width=&#8221;5\/12&#8243; offset=&#8221;vc_col-sm-offset-1 vc_col-xs-offset-1 vc_col-xs-10&#8243;][vc_column_text el_class=&#8221;text&#8221;]Il progetto ha preso il via dal <strong>sito internet<\/strong> della Fondazione Compagnia di San Paolo. La prima fase \u00e8 stata quella della <strong class=\"hl\">misurazione<\/strong>: \u00e8 stato infatti calcolato il <strong class=\"hl\">peso del flusso dati<\/strong> che, in un anno, viene trasferito dal server ai dispositivi degli utenti che navigano il sito. A questo punto, \u00e8 stato anche possibile calcolare <strong>quanta energia elettrica \u00e8 stata impiegata<\/strong> e quindi <strong>quanta CO2 equivalente \u00e8 stata emessa<\/strong> per la produzione di questa energia.[\/vc_column_text][\/vc_column][\/vc_row][vc_row][vc_column width=&#8221;5\/6&#8243; offset=&#8221;vc_col-sm-offset-1&#8243;][vc_column_text el_class=&#8221;text-headline2&#8243;]Prima degli interventi di ottimizzazione, <strong>il sito internet della Fondazione Compagnia di San Paolo<\/strong> ha comportato, in un anno, emissioni di CO2 equivalente pari ad <strong>un&#8217;auto a benzina che percorre 7 volte la distanza tra Torino e il Polo Nord<\/strong>.[\/vc_column_text][\/vc_column][\/vc_row][vc_row full_width=&#8221;stretch_row_content_no_spaces&#8221; content_placement=&#8221;middle&#8221; el_class=&#8221;txt-img txt-sx row&#8221;][vc_column width=&#8221;5\/12&#8243; el_class=&#8221;mb-5 mb-lg-0&#8243; offset=&#8221;vc_col-sm-offset-1 vc_col-xs-offset-1 vc_col-xs-10&#8243;][vc_column_text el_class=&#8221;text mb-0&#8243;]Il sito internet \u00e8 stato quindi oggetto di una profonda revisione, in termini tecnici e di contenuto. L&#8217;impegno \u00e8 stato quello di <strong class=\"hl\">ridurre il numero delle pagine e il loro peso<\/strong>, lavorando su percorsi di navigazione e sui file multimediali. Il risultato \u00e8 stato uno strumento pi\u00f9 leggero per l&#8217;ambiente e per le persone che lo navigano.[\/vc_column_text][\/vc_column][vc_column width=&#8221;1\/2&#8243; css=&#8221;.vc_custom_1703004249136{background-image: url(https:\/\/www.compagniadisanpaolo.it\/wp-content\/uploads\/goodranking-box03.jpg?id=26372) !important;background-position: center !important;background-repeat: no-repeat !important;background-size: cover !important;}&#8221; offset=&#8221;vc_col-sm-offset-0 vc_col-xs-offset-1 vc_col-xs-10&#8243;][vc_empty_space el_class=&#8221;fill-square&#8221;][\/vc_column][\/vc_row][vc_row][vc_column width=&#8221;5\/6&#8243; offset=&#8221;vc_col-sm-offset-1&#8243;][vc_column_text el_class=&#8221;text-headline2&#8243;]Dopo gli interventi di ottimizzazione, <strong>il sito internet ha ridotto il suo impatto ambientale del 30%<\/strong>. I lavori per ridurre ulteriormente le emissioni di gas serra proseguono, perch\u00e9 la sostenibilit\u00e0 \u00e8 un percorso e non un traguardo.[\/vc_column_text][\/vc_column][\/vc_row][vc_row el_class=&#8221;sdg-intro&#8221;][vc_column][vc_column_text]\n<h3 class=\"title\" style=\"text-align: center;\">Questo bando contribuisce al raggiungimento dei seguenti Obiettivi di Sviluppo Sostenibile<\/h3>\n<p>&nbsp;<\/p>\n\n\t\t\t\t<div class=\"wpb_wrapper\">\n\n\t\t\t\t\t<div class=\"wpb_text_column wpb_content_element  sdg-intro\">\n\t\t\t\t\t\t<div class=\"wpb_wrapper\">\n\t\t\t\t\t\t\t<h3 class=\"title\" style=\"text-align: center;\"><\/h3>\n\t\t\t\t\t\t<\/div>\n\t\t\t\t\t<\/div>\n\n\t\t\t\t<\/div><div class=\"vc_row wpb_row vc_inner vc_row-fluid mb-5 mt-3\">\n    \t\t\t\t<div class=\"wpb_column vc_column_container vc_col-sm-2 vc_col-xs-6\">\n    \t\t\t\t\t<div class=\"vc_column-inner\">\n    \t\n\t\t\t\t<div class=\"wpb_wrapper\">\n\t\t\t\t\t<div class=\"wpb_single_image wpb_content_element vc_align_left\">\n\t\t\t\t\t\t<figure class=\"wpb_wrapper vc_figure\">\n\t\t\t\t\t\t\t<div class=\"vc_single_image-wrapper vc_box_border_grey\">\n\t\t\t\t\t\t\t\t<img loading=\"lazy\" decoding=\"async\" src=\"https:\/\/www.compagniadisanpaolo.it\/wp-content\/uploads\/sdg09-it.svg\" height=\"425\" width=\"425\" class=\"vc_single_image-img attachment-full\" alt=\"SDG 9  Imprese, innovazione e infrastrutture\">\n\t\t\t\t\t\t\t<\/div>\n\t\t\t\t\t\t<\/figure>\n\t\t\t\t\t<\/div>\n\t\t\t\t<\/div>\n\t\t\t\t<a href=\"https:\/\/www.compagniadisanpaolo.it\/it\/sdgs\/sdg-9-imprese-innovazione-e-infrastrutture\/\" class=\"block-link\"><\/a>\n\t\t\t\t    <\/div>\n\t\t\t\t\t\t\t<\/div>\n\t\t\t\t\t\t\n    \t\t\t\t<div class=\"wpb_column vc_column_container vc_col-sm-2 vc_col-xs-6\">\n    \t\t\t\t\t<div class=\"vc_column-inner\">\n    \t\n\t\t\t\t<div class=\"wpb_wrapper\">\n\t\t\t\t\t<div class=\"wpb_single_image wpb_content_element vc_align_left\">\n\t\t\t\t\t\t<figure class=\"wpb_wrapper vc_figure\">\n\t\t\t\t\t\t\t<div class=\"vc_single_image-wrapper vc_box_border_grey\">\n\t\t\t\t\t\t\t\t<img loading=\"lazy\" decoding=\"async\" src=\"https:\/\/www.compagniadisanpaolo.it\/wp-content\/uploads\/sdg12-it.svg\" height=\"425\" width=\"425\" class=\"vc_single_image-img attachment-full\" alt=\"SDG 12  Consumo e produzione responsabili\">\n\t\t\t\t\t\t\t<\/div>\n\t\t\t\t\t\t<\/figure>\n\t\t\t\t\t<\/div>\n\t\t\t\t<\/div>\n\t\t\t\t<a href=\"https:\/\/www.compagniadisanpaolo.it\/it\/sdgs\/sdg-12-consumo-e-produzione-responsabili\/\" class=\"block-link\"><\/a>\n\t\t\t\t    <\/div>\n\t\t\t\t\t\t\t<\/div>\n\t\t\t\t\t\t\n    \t\t\t\t<div class=\"wpb_column vc_column_container vc_col-sm-2 vc_col-xs-6\">\n    \t\t\t\t\t<div class=\"vc_column-inner\">\n    \t\n\t\t\t\t<div class=\"wpb_wrapper\">\n\t\t\t\t\t<div class=\"wpb_single_image wpb_content_element vc_align_left\">\n\t\t\t\t\t\t<figure class=\"wpb_wrapper vc_figure\">\n\t\t\t\t\t\t\t<div class=\"vc_single_image-wrapper vc_box_border_grey\">\n\t\t\t\t\t\t\t\t<img loading=\"lazy\" decoding=\"async\" src=\"https:\/\/www.compagniadisanpaolo.it\/wp-content\/uploads\/sdg13-it.svg\" height=\"425\" width=\"425\" class=\"vc_single_image-img attachment-full\" alt=\"SDG 13  Lotta contro il cambiamento climatico\">\n\t\t\t\t\t\t\t<\/div>\n\t\t\t\t\t\t<\/figure>\n\t\t\t\t\t<\/div>\n\t\t\t\t<\/div>\n\t\t\t\t<a href=\"https:\/\/www.compagniadisanpaolo.it\/it\/sdgs\/sdg-13-lotta-contro-il-cambiamento-climatico\/\" class=\"block-link\"><\/a>\n\t\t\t\t    <\/div>\n\t\t\t\t\t\t\t<\/div>\n\t\t\t\t\t\t<\/div>[\/vc_column_text][\/vc_column][\/vc_row]\n<\/div>","protected":false},"excerpt":{"rendered":"<p>[vc_row][vc_column][vc_column_text el_class=&#8221;text-headline2&#8243;]La Fondazione Compagnia di San Paolo ha attivato progetti specifici per migliorare la sostenibilit\u00e0 ambientale dei propri strumenti digitali.[\/vc_column_text][\/vc_column][\/vc_row][vc_row full_width=&#8221;stretch_row_content_no_spaces&#8221; content_placement=&#8221;middle&#8221; el_class=&#8221;txt-img txt-sx row&#8221;][vc_column width=&#8221;5\/12&#8243; el_class=&#8221;mb-5 mb-lg-0&#8243; offset=&#8221;vc_col-sm-offset-1 vc_col-xs-offset-1 vc_col-xs-10&#8243;][vc_column_text el_class=&#8221;text mb-0&#8243;]La digitalizzazione dei processi di lavoro \u00e8 una strada importante da seguire per ridurre le emissioni di gas serra. Ma nessuna azione \u00e8 a impatto zero e anche gli strumenti digitali comportano l&#8217;emissione di CO2 equivalente, nella misura in cui richiedono energia elettrica per funzionare. Ecco perch\u00e9 \u00e8 importante misurare e ridurre il fabbisogno energetico degli strumenti digitali in uso dalla Fondazione.[\/vc_column_text][\/vc_column][vc_column width=&#8221;1\/2&#8243; css=&#8221;.vc_custom_1703004213110{background-image: url(https:\/\/www.compagniadisanpaolo.it\/wp-content\/uploads\/goodranking-box01.jpg?id=26368) !important;background-position: center !important;background-repeat: no-repeat !important;background-size: cover !important;}&#8221; offset=&#8221;vc_col-sm-offset-0 vc_col-xs-offset-1 vc_col-xs-10&#8243;][vc_empty_space el_class=&#8221;fill-square&#8221;][\/vc_column][\/vc_row][vc_row full_width=&#8221;stretch_row_content_no_spaces&#8221; equal_height=&#8221;yes&#8221; content_placement=&#8221;middle&#8221; el_class=&#8221;txt-img txt-sx row&#8221;][vc_column width=&#8221;1\/2&#8243; css=&#8221;.vc_custom_1703004293493{background-image: url(https:\/\/www.compagniadisanpaolo.it\/wp-content\/uploads\/goodranking-box02.jpg?id=26370) !important;background-position: center !important;background-repeat: no-repeat !important;background-size: cover !important;}&#8221; offset=&#8221;vc_col-sm-offset-0 vc_col-xs-offset-1 vc_col-xs-10&#8243;][vc_empty_space el_class=&#8221;fill-square&#8221;][\/vc_column][vc_column width=&#8221;5\/12&#8243; offset=&#8221;vc_col-sm-offset-1 vc_col-xs-offset-1 vc_col-xs-10&#8243;][vc_column_text el_class=&#8221;text&#8221;]Il progetto ha preso il via dal sito internet della Fondazione Compagnia di San Paolo. La prima fase \u00e8 stata quella della misurazione: \u00e8 stato infatti calcolato il peso del flusso dati che, in un anno, viene trasferito dal server ai dispositivi degli utenti che navigano il sito. A questo punto, \u00e8 stato anche possibile calcolare quanta energia elettrica \u00e8 stata impiegata e quindi quanta CO2 equivalente \u00e8 stata emessa per la produzione di questa energia.[\/vc_column_text][\/vc_column][\/vc_row][vc_row][vc_column width=&#8221;5\/6&#8243; offset=&#8221;vc_col-sm-offset-1&#8243;][vc_column_text el_class=&#8221;text-headline2&#8243;]Prima degli interventi di ottimizzazione, il sito internet della Fondazione Compagnia di San Paolo ha comportato, in un anno, emissioni di CO2 equivalente pari ad un&#8217;auto a benzina che percorre 7 volte la distanza tra Torino e il Polo Nord.[\/vc_column_text][\/vc_column][\/vc_row][vc_row full_width=&#8221;stretch_row_content_no_spaces&#8221; content_placement=&#8221;middle&#8221; el_class=&#8221;txt-img txt-sx row&#8221;][vc_column width=&#8221;5\/12&#8243; el_class=&#8221;mb-5 mb-lg-0&#8243; offset=&#8221;vc_col-sm-offset-1 vc_col-xs-offset-1 vc_col-xs-10&#8243;][vc_column_text el_class=&#8221;text mb-0&#8243;]Il sito internet \u00e8 stato quindi oggetto di una profonda revisione, in termini tecnici e di contenuto. L&#8217;impegno \u00e8 stato quello di ridurre il numero delle pagine e il loro peso, lavorando su percorsi di navigazione e sui file multimediali. Il risultato \u00e8 stato uno strumento pi\u00f9 leggero per l&#8217;ambiente e per le persone che lo navigano.[\/vc_column_text][\/vc_column][vc_column width=&#8221;1\/2&#8243; css=&#8221;.vc_custom_1703004249136{background-image: url(https:\/\/www.compagniadisanpaolo.it\/wp-content\/uploads\/goodranking-box03.jpg?id=26372) !important;background-position: center !important;background-repeat: no-repeat !important;background-size: cover !important;}&#8221; offset=&#8221;vc_col-sm-offset-0 vc_col-xs-offset-1 vc_col-xs-10&#8243;][vc_empty_space el_class=&#8221;fill-square&#8221;][\/vc_column][\/vc_row][vc_row][vc_column width=&#8221;5\/6&#8243; offset=&#8221;vc_col-sm-offset-1&#8243;][vc_column_text el_class=&#8221;text-headline2&#8243;]Dopo gli interventi di ottimizzazione, il sito internet ha ridotto il suo impatto ambientale del 30%. I lavori per ridurre ulteriormente le emissioni di gas serra proseguono, perch\u00e9 la sostenibilit\u00e0 \u00e8 un percorso e non un traguardo.[\/vc_column_text][\/vc_column][\/vc_row][vc_row el_class=&#8221;sdg-intro&#8221;][vc_column][vc_column_text] Questo bando contribuisce al raggiungimento dei seguenti Obiettivi di Sviluppo Sostenibile &nbsp; [\/vc_column_text][\/vc_column][\/vc_row]<\/p>\n","protected":false},"author":17,"featured_media":26348,"parent":10,"menu_order":0,"comment_status":"closed","ping_status":"closed","template":"","meta":{"_acf_changed":false,"content-type":"","footnotes":""},"class_list":["post-26338","page","type-page","status-publish","has-post-thumbnail","hentry","entry","post-inner"],"acf":[],"yoast_head":"<!-- This site is optimized with the Yoast SEO plugin v27.2 - https:\/\/yoast.com\/product\/yoast-seo-wordpress\/ -->\n<title>Sostenibilit\u00e0 - Fondazione Compagnia di San Paolo<\/title>\n<meta name=\"description\" content=\"Dal 1563 operiamo per il bene comune secondo un principio di sussidiariet\u00e0 che ci spinge ad essere un corpo intermedio e a porre sempre le persone al centro.\" \/>\n<meta name=\"robots\" content=\"index, follow, max-snippet:-1, max-image-preview:large, max-video-preview:-1\" \/>\n<link rel=\"canonical\" href=\"https:\/\/www.compagniadisanpaolo.it\/it\/le-nostre-sfide\/sostenibilita\/\" \/>\n<meta property=\"og:locale\" content=\"it_IT\" \/>\n<meta property=\"og:type\" content=\"article\" \/>\n<meta property=\"og:title\" content=\"Sostenibilit\u00e0 - Fondazione Compagnia di San Paolo\" \/>\n<meta property=\"og:description\" content=\"Dal 1563 operiamo per il bene comune secondo un principio di sussidiariet\u00e0 che ci spinge ad essere un corpo intermedio e a porre sempre le persone al centro.\" \/>\n<meta property=\"og:url\" content=\"https:\/\/www.compagniadisanpaolo.it\/it\/le-nostre-sfide\/sostenibilita\/\" \/>\n<meta property=\"og:site_name\" content=\"Fondazione Compagnia di San Paolo\" \/>\n<meta property=\"article:publisher\" content=\"https:\/\/www.facebook.com\/CompagniaDiSanPaolo\" \/>\n<meta property=\"article:modified_time\" content=\"2026-03-11T10:39:21+00:00\" \/>\n<meta property=\"og:image\" content=\"https:\/\/www.compagniadisanpaolo.it\/wp-content\/uploads\/goodranking-head-landing.jpg\" \/>\n\t<meta property=\"og:image:width\" content=\"815\" \/>\n\t<meta property=\"og:image:height\" content=\"350\" \/>\n\t<meta property=\"og:image:type\" content=\"image\/jpeg\" \/>\n<meta name=\"twitter:card\" content=\"summary_large_image\" \/>\n<meta name=\"twitter:site\" content=\"@CSP_live\" \/>\n<meta name=\"twitter:label1\" content=\"Tempo di lettura stimato\" \/>\n\t<meta name=\"twitter:data1\" content=\"3 minuti\" \/>\n<script type=\"application\/ld+json\" class=\"yoast-schema-graph\">{\"@context\":\"https:\/\/schema.org\",\"@graph\":[{\"@type\":\"WebPage\",\"@id\":\"https:\/\/www.compagniadisanpaolo.it\/it\/le-nostre-sfide\/sostenibilita\/\",\"url\":\"https:\/\/www.compagniadisanpaolo.it\/it\/le-nostre-sfide\/sostenibilita\/\",\"name\":\"Sostenibilit\u00e0 - Fondazione Compagnia di San Paolo\",\"isPartOf\":{\"@id\":\"https:\/\/www.compagniadisanpaolo.it\/it\/#website\"},\"primaryImageOfPage\":{\"@id\":\"https:\/\/www.compagniadisanpaolo.it\/it\/le-nostre-sfide\/sostenibilita\/#primaryimage\"},\"image\":{\"@id\":\"https:\/\/www.compagniadisanpaolo.it\/it\/le-nostre-sfide\/sostenibilita\/#primaryimage\"},\"thumbnailUrl\":\"https:\/\/www.compagniadisanpaolo.it\/wp-content\/uploads\/goodranking-head-landing.jpg\",\"datePublished\":\"2023-12-19T14:54:38+00:00\",\"dateModified\":\"2026-03-11T10:39:21+00:00\",\"description\":\"Dal 1563 operiamo per il bene comune secondo un principio di sussidiariet\u00e0 che ci spinge ad essere un corpo intermedio e a porre sempre le persone al centro.\",\"breadcrumb\":{\"@id\":\"https:\/\/www.compagniadisanpaolo.it\/it\/le-nostre-sfide\/sostenibilita\/#breadcrumb\"},\"inLanguage\":\"it-IT\",\"potentialAction\":[{\"@type\":\"ReadAction\",\"target\":[\"https:\/\/www.compagniadisanpaolo.it\/it\/le-nostre-sfide\/sostenibilita\/\"]}]},{\"@type\":\"ImageObject\",\"inLanguage\":\"it-IT\",\"@id\":\"https:\/\/www.compagniadisanpaolo.it\/it\/le-nostre-sfide\/sostenibilita\/#primaryimage\",\"url\":\"https:\/\/www.compagniadisanpaolo.it\/wp-content\/uploads\/goodranking-head-landing.jpg\",\"contentUrl\":\"https:\/\/www.compagniadisanpaolo.it\/wp-content\/uploads\/goodranking-head-landing.jpg\",\"width\":815,\"height\":350},{\"@type\":\"BreadcrumbList\",\"@id\":\"https:\/\/www.compagniadisanpaolo.it\/it\/le-nostre-sfide\/sostenibilita\/#breadcrumb\",\"itemListElement\":[{\"@type\":\"ListItem\",\"position\":1,\"name\":\"Home\",\"item\":\"https:\/\/www.compagniadisanpaolo.it\/it\/\"},{\"@type\":\"ListItem\",\"position\":2,\"name\":\"Le nostre sfide\",\"item\":\"https:\/\/www.compagniadisanpaolo.it\/it\/le-nostre-sfide\/\"},{\"@type\":\"ListItem\",\"position\":3,\"name\":\"Sostenibilit\u00e0\"}]},{\"@type\":\"WebSite\",\"@id\":\"https:\/\/www.compagniadisanpaolo.it\/it\/#website\",\"url\":\"https:\/\/www.compagniadisanpaolo.it\/it\/\",\"name\":\"Fondazione Compagnia di San Paolo\",\"description\":\"\",\"publisher\":{\"@id\":\"https:\/\/www.compagniadisanpaolo.it\/it\/#organization\"},\"potentialAction\":[{\"@type\":\"SearchAction\",\"target\":{\"@type\":\"EntryPoint\",\"urlTemplate\":\"https:\/\/www.compagniadisanpaolo.it\/it\/?s={search_term_string}\"},\"query-input\":{\"@type\":\"PropertyValueSpecification\",\"valueRequired\":true,\"valueName\":\"search_term_string\"}}],\"inLanguage\":\"it-IT\"},{\"@type\":\"Organization\",\"@id\":\"https:\/\/www.compagniadisanpaolo.it\/it\/#organization\",\"name\":\"Fondazione Compagnia di San Paolo\",\"url\":\"https:\/\/www.compagniadisanpaolo.it\/it\/\",\"logo\":{\"@type\":\"ImageObject\",\"inLanguage\":\"it-IT\",\"@id\":\"https:\/\/www.compagniadisanpaolo.it\/it\/#\/schema\/logo\/image\/\",\"url\":\"https:\/\/www.compagniadisanpaolo.it\/wp-content\/uploads\/logo.svg\",\"contentUrl\":\"https:\/\/www.compagniadisanpaolo.it\/wp-content\/uploads\/logo.svg\",\"width\":769,\"height\":323,\"caption\":\"Fondazione Compagnia di San Paolo\"},\"image\":{\"@id\":\"https:\/\/www.compagniadisanpaolo.it\/it\/#\/schema\/logo\/image\/\"},\"sameAs\":[\"https:\/\/www.facebook.com\/CompagniaDiSanPaolo\",\"https:\/\/x.com\/CSP_live\",\"http:\/\/instagram.com\/compagniadisanpaolo?ref=badge\",\"https:\/\/www.linkedin.com\/company\/compagnia-di-san-paolo\",\"https:\/\/www.youtube.com\/user\/compagniadisanpaolo\",\"https:\/\/it.wikipedia.org\/wiki\/Compagnia_di_San_Paolo\"]}]}<\/script>\n<!-- \/ Yoast SEO plugin. -->","yoast_head_json":{"title":"Sostenibilit\u00e0 - Fondazione Compagnia di San Paolo","description":"Dal 1563 operiamo per il bene comune secondo un principio di sussidiariet\u00e0 che ci spinge ad essere un corpo intermedio e a porre sempre le persone al centro.","robots":{"index":"index","follow":"follow","max-snippet":"max-snippet:-1","max-image-preview":"max-image-preview:large","max-video-preview":"max-video-preview:-1"},"canonical":"https:\/\/www.compagniadisanpaolo.it\/it\/le-nostre-sfide\/sostenibilita\/","og_locale":"it_IT","og_type":"article","og_title":"Sostenibilit\u00e0 - Fondazione Compagnia di San Paolo","og_description":"Dal 1563 operiamo per il bene comune secondo un principio di sussidiariet\u00e0 che ci spinge ad essere un corpo intermedio e a porre sempre le persone al centro.","og_url":"https:\/\/www.compagniadisanpaolo.it\/it\/le-nostre-sfide\/sostenibilita\/","og_site_name":"Fondazione Compagnia di San Paolo","article_publisher":"https:\/\/www.facebook.com\/CompagniaDiSanPaolo","article_modified_time":"2026-03-11T10:39:21+00:00","og_image":[{"width":815,"height":350,"url":"https:\/\/www.compagniadisanpaolo.it\/wp-content\/uploads\/goodranking-head-landing.jpg","type":"image\/jpeg"}],"twitter_card":"summary_large_image","twitter_site":"@CSP_live","twitter_misc":{"Tempo di lettura stimato":"3 minuti"},"schema":{"@context":"https:\/\/schema.org","@graph":[{"@type":"WebPage","@id":"https:\/\/www.compagniadisanpaolo.it\/it\/le-nostre-sfide\/sostenibilita\/","url":"https:\/\/www.compagniadisanpaolo.it\/it\/le-nostre-sfide\/sostenibilita\/","name":"Sostenibilit\u00e0 - Fondazione Compagnia di San Paolo","isPartOf":{"@id":"https:\/\/www.compagniadisanpaolo.it\/it\/#website"},"primaryImageOfPage":{"@id":"https:\/\/www.compagniadisanpaolo.it\/it\/le-nostre-sfide\/sostenibilita\/#primaryimage"},"image":{"@id":"https:\/\/www.compagniadisanpaolo.it\/it\/le-nostre-sfide\/sostenibilita\/#primaryimage"},"thumbnailUrl":"https:\/\/www.compagniadisanpaolo.it\/wp-content\/uploads\/goodranking-head-landing.jpg","datePublished":"2023-12-19T14:54:38+00:00","dateModified":"2026-03-11T10:39:21+00:00","description":"Dal 1563 operiamo per il bene comune secondo un principio di sussidiariet\u00e0 che ci spinge ad essere un corpo intermedio e a porre sempre le persone al centro.","breadcrumb":{"@id":"https:\/\/www.compagniadisanpaolo.it\/it\/le-nostre-sfide\/sostenibilita\/#breadcrumb"},"inLanguage":"it-IT","potentialAction":[{"@type":"ReadAction","target":["https:\/\/www.compagniadisanpaolo.it\/it\/le-nostre-sfide\/sostenibilita\/"]}]},{"@type":"ImageObject","inLanguage":"it-IT","@id":"https:\/\/www.compagniadisanpaolo.it\/it\/le-nostre-sfide\/sostenibilita\/#primaryimage","url":"https:\/\/www.compagniadisanpaolo.it\/wp-content\/uploads\/goodranking-head-landing.jpg","contentUrl":"https:\/\/www.compagniadisanpaolo.it\/wp-content\/uploads\/goodranking-head-landing.jpg","width":815,"height":350},{"@type":"BreadcrumbList","@id":"https:\/\/www.compagniadisanpaolo.it\/it\/le-nostre-sfide\/sostenibilita\/#breadcrumb","itemListElement":[{"@type":"ListItem","position":1,"name":"Home","item":"https:\/\/www.compagniadisanpaolo.it\/it\/"},{"@type":"ListItem","position":2,"name":"Le nostre sfide","item":"https:\/\/www.compagniadisanpaolo.it\/it\/le-nostre-sfide\/"},{"@type":"ListItem","position":3,"name":"Sostenibilit\u00e0"}]},{"@type":"WebSite","@id":"https:\/\/www.compagniadisanpaolo.it\/it\/#website","url":"https:\/\/www.compagniadisanpaolo.it\/it\/","name":"Fondazione Compagnia di San Paolo","description":"","publisher":{"@id":"https:\/\/www.compagniadisanpaolo.it\/it\/#organization"},"potentialAction":[{"@type":"SearchAction","target":{"@type":"EntryPoint","urlTemplate":"https:\/\/www.compagniadisanpaolo.it\/it\/?s={search_term_string}"},"query-input":{"@type":"PropertyValueSpecification","valueRequired":true,"valueName":"search_term_string"}}],"inLanguage":"it-IT"},{"@type":"Organization","@id":"https:\/\/www.compagniadisanpaolo.it\/it\/#organization","name":"Fondazione Compagnia di San Paolo","url":"https:\/\/www.compagniadisanpaolo.it\/it\/","logo":{"@type":"ImageObject","inLanguage":"it-IT","@id":"https:\/\/www.compagniadisanpaolo.it\/it\/#\/schema\/logo\/image\/","url":"https:\/\/www.compagniadisanpaolo.it\/wp-content\/uploads\/logo.svg","contentUrl":"https:\/\/www.compagniadisanpaolo.it\/wp-content\/uploads\/logo.svg","width":769,"height":323,"caption":"Fondazione Compagnia di San Paolo"},"image":{"@id":"https:\/\/www.compagniadisanpaolo.it\/it\/#\/schema\/logo\/image\/"},"sameAs":["https:\/\/www.facebook.com\/CompagniaDiSanPaolo","https:\/\/x.com\/CSP_live","http:\/\/instagram.com\/compagniadisanpaolo?ref=badge","https:\/\/www.linkedin.com\/company\/compagnia-di-san-paolo","https:\/\/www.youtube.com\/user\/compagniadisanpaolo","https:\/\/it.wikipedia.org\/wiki\/Compagnia_di_San_Paolo"]}]}},"_links":{"self":[{"href":"https:\/\/www.compagniadisanpaolo.it\/it\/wp-json\/wp\/v2\/pages\/26338","targetHints":{"allow":["GET"]}}],"collection":[{"href":"https:\/\/www.compagniadisanpaolo.it\/it\/wp-json\/wp\/v2\/pages"}],"about":[{"href":"https:\/\/www.compagniadisanpaolo.it\/it\/wp-json\/wp\/v2\/types\/page"}],"author":[{"embeddable":true,"href":"https:\/\/www.compagniadisanpaolo.it\/it\/wp-json\/wp\/v2\/users\/17"}],"replies":[{"embeddable":true,"href":"https:\/\/www.compagniadisanpaolo.it\/it\/wp-json\/wp\/v2\/comments?post=26338"}],"version-history":[{"count":6,"href":"https:\/\/www.compagniadisanpaolo.it\/it\/wp-json\/wp\/v2\/pages\/26338\/revisions"}],"predecessor-version":[{"id":42461,"href":"https:\/\/www.compagniadisanpaolo.it\/it\/wp-json\/wp\/v2\/pages\/26338\/revisions\/42461"}],"up":[{"embeddable":true,"href":"https:\/\/www.compagniadisanpaolo.it\/it\/wp-json\/wp\/v2\/pages\/10"}],"wp:featuredmedia":[{"embeddable":true,"href":"https:\/\/www.compagniadisanpaolo.it\/it\/wp-json\/wp\/v2\/media\/26348"}],"wp:attachment":[{"href":"https:\/\/www.compagniadisanpaolo.it\/it\/wp-json\/wp\/v2\/media?parent=26338"}],"curies":[{"name":"wp","href":"https:\/\/api.w.org\/{rel}","templated":true}]}}