{"id":23787,"date":"2023-06-27T17:37:40","date_gmt":"2023-06-27T15:37:40","guid":{"rendered":"https:\/\/www.compagniadisanpaolo.it\/?page_id=23787"},"modified":"2023-06-28T10:29:41","modified_gmt":"2023-06-28T08:29:41","slug":"guicciardini-magni","status":"publish","type":"page","link":"https:\/\/www.compagniadisanpaolo.it\/it\/guicciardini-magni\/","title":{"rendered":"Un nuovo giorno per la Cavallerizza &#8211; Guicciardini &#038; Magni Architetti"},"content":{"rendered":"<div class=\"wpb-content-wrapper\">[vc_row][vc_column][vc_row_inner el_class=&#8221;txt-col mt-5 mb-3&#8243;][vc_column_inner][vc_column_text el_class=&#8221;text&#8221;]\n<h4 class=\"title\" style=\"text-align: left;\">Il progetto riconnette i singoli edifici del complesso secondo una visione globale, per poi relazionarli con la citt\u00e0 e i Giardini Reali, rendendo la Cavallerizza l\u2019elemento unificante tra il tessuto urbano denso e la Natura.<\/h4>\n[\/vc_column_text][\/vc_column_inner][\/vc_row_inner][vc_row_inner][vc_column_inner][vc_column_text]\n<p class=\"title\" style=\"text-align: left;\">\n\t\t<div class=\"info-box-wrap info-box-hor row pb-0\">\n\n\t\t      \n\t\t      <div class=\"spalla col-12 col-md-12\">\n\t\t\t<div class=\"info-box sharing-box\">\n\t\t\t  <span class=\"label\">Condividi:<\/span>\n\t\t\t  <div class=\"social-sharing\">\n\t\t\t    <span class=\"box\">\n\t\t\t      <a class=\"fb\" href=\"https:\/\/www.facebook.com\/sharer.php?u=https:\/\/www.compagniadisanpaolo.it\/it\/guicciardini-magni\/\" target=\"_blank\">\n\t\t\t\t<span class=\"sr-only\">Facebook<\/span>\n\t\t\t\t<i class=\"fab fa-facebook-f\"><\/i>\n\t\t\t      <\/a>\n\t\t\t    <\/span>\n\t\t\t    \n\t\t\t    <style>\n.twitter, .twitter:hover{\ncolor:#000000 !important;}\n<\/style>\n\n\n\t\t\t    <span class=\"box\">\n\t\t\t      <a class=\"twitter\" href=\"https:\/\/twitter.com\/intent\/tweet?url=https:\/\/www.compagniadisanpaolo.it\/it\/guicciardini-magni\/\">\n\t\t\t\t<span class=\"sr-only\">Twitter<\/span>\n\t\t\t\t<i class=\"fa-brands fa-x-twitter\"><\/i>\n\t\t\t      <\/a>\n\t\t\t    <\/span>\n\n\t\t\t    \n\t\t\t    <span class=\"box\">\n\t\t\t      <a class=\"linkedin\" href=\"https:\/\/www.linkedin.com\/shareArticle?mini=true&url=https:\/\/www.compagniadisanpaolo.it\/it\/guicciardini-magni\/\">\n\t\t\t\t<span class=\"sr-only\">Linkedin<\/span>\n\t\t\t\t  <i class=\"fa-brands fa-linkedin-in\"><\/i>\n\t\t\t      <\/a>\n\t\t\t    <\/span>\n\n\t\t\t    <span class=\"box\">\n\t\t\t      <a class=\"whatsapp\" href=\"whatsapp:\/\/send?text=https:\/\/www.compagniadisanpaolo.it\/it\/guicciardini-magni\/\" data-action=\"share\/whatsapp\/share\">\n\t\t\t\t<span class=\"sr-only\">Whatsapp<\/span>\n\t\t\t\t<i class=\"fa-brands fa-whatsapp\"><\/i>\n\t\t\t      <\/a>\n\t\t\t    <\/span>\n\n\t\t\t    <span class=\"box\">\n\t\t\t      <a class=\"mail\" href=\"mailto:?subject=Un nuovo giorno per la Cavallerizza - Guicciardini & Magni Architetti&body=https:\/\/www.compagniadisanpaolo.it\/it\/guicciardini-magni\/\">\n\t\t\t\t<span class=\"sr-only\">Mail<\/span>\n\t\t\t\t <i class=\"fa-solid fa-envelope\"><\/i>\n\t\t\t      <\/a>\n\t\t\t    <\/span>\n\t\t\t    \n\t\t\t  <\/div>\n\t\t\t<\/div>\n\t      <\/div>\n\t    <\/div>\n[\/vc_column_text][\/vc_column_inner][\/vc_row_inner][vc_row_inner el_class=&#8221;txt-col mt-5 mb-3&#8243;][vc_column_inner][vc_column_text el_class=&#8221;text&#8221;]<strong>Missione:<\/strong><br \/>\n<a href=\"https:\/\/www.compagniadisanpaolo.it\/it\/missioni\/creare-attrattivita\/\">Creare attrattivit\u00e0<\/a>[\/vc_column_text][\/vc_column_inner][\/vc_row_inner][vc_row_inner el_class=&#8221;page-content&#8221; css=&#8221;.vc_custom_1687878109784{padding-bottom: 0px !important;}&#8221;][vc_column_inner][vc_column_text el_class=&#8221;text&#8221;]\n<h3 class=\"title\">Obiettivo spazio pubblico<\/h3>\n<p dir=\"auto\">La proposta progettuale coniuga le esigenze di conservazione e valorizzazione di tutte le testimonianze storiche con la necessit\u00e0 di rigenerare e rifunzionalizzare l\u2019intero complesso, grazie a un restauro critico basato sulla conoscenza delle trasformazioni e degli aspetti costruttivi e materici dei vari edifici, nel pieno rispetto dei criteri di sostenibilit\u00e0 ambientale.<\/p>\n<p dir=\"auto\">La valorizzazione degli spazi pubblici \u00e8 tra gli obbiettivi prioritari del progetto, favorendone il loro utilizzo in dialogo con le istituzioni e i luoghi limitrofi.<\/p>\n<p dir=\"auto\">Le Pagliere rappresentano il motore del sistema culturale del Nuovo Polo della Cavallerizza Reale. Una vera e propria piattaforma didattico-culturale per la trasformazione della citt\u00e0 e del territorio. La sede della Fondazione sar\u00e0 un luogo prestigioso, fulcro per la divulgazione dei suoi principi fondanti.<\/p>\n<p dir=\"auto\">Tutti gli ambienti sono stati progettati per offrire i livelli pi\u00f9 avanzati di comfort, funzionalit\u00e0, flessibilit\u00e0 e benessere, grazie al design biofilico, alle tecnologie smart pi\u00f9 innovative, all\u2019applicazione dei principi della bioedilizia e alle innovazioni tecnologiche per il risparmio energetico e per la sostenibilit\u00e0.<\/p>\n<p dir=\"auto\"><b><em>Progetto classificato al quinto posto, nella classifica del concorso &#8220;Citt\u00e0 nella citt\u00e0&#8221;, indetto per la riqualificazione della Cavallerizza Reale di Torino.<\/em><\/b><\/p>\n[\/vc_column_text][vc_video link=&#8221;https:\/\/youtu.be\/RsJBeOSr5ac&#8221;][\/vc_column_inner][\/vc_row_inner][vc_row_inner el_class=&#8221;page-content&#8221; css=&#8221;.vc_custom_1687878333095{padding-top: 0px !important;}&#8221;][vc_column_inner][vc_column_text el_class=&#8221;text&#8221;]\n<h3 class=\"title\">Connettere in trasparenza<\/h3>\n<p dir=\"auto\">Tutto il piano terra delle Pagliere \u00e8 stato concepito come uno spazio continuo (in between) tra esterno e interno. Il nuovo Portico dell\u2019Arte collega gli spazi laboratoriali allo spazio espositivo esterno ma coperto dalla nuova verri\u00e8re, creando un percorso in cui artisti, cittadini, studenti possono circolare e interagire con l\u2019arte.<\/p>\n<p dir=\"auto\">Anche il piano terra dell\u2019Ala del Mosca, sede della Fondazione, si apre alla citt\u00e0. Il lato verso la piazzetta Vasco ospita una grande caffetteria\/ristorante.<\/p>\n<p dir=\"auto\">Al suo interno \u00e8 stato realizzato un nuovo mezzanino che offre uno spazio aggiuntivo per il lavoro informale e il relax del personale della Fondazione e degli utenti esterni. La chiusura con partizioni vetrate apribili del portico dell\u2019ala Ovest consente di ricucire le varie funzioni, valorizzando lo scalone storico, e di inventare un nuovo spazio espositivo per la Fondazione, in diretta connessione con l\u2019area di accoglienza, con lo Spazio Polivalente\/Auditorium e con i due blocchi scale e ascensori.<\/p>\n<p dir=\"auto\">Gli uffici biofilici e smart della Fondazione sono concepiti per facilitare il lavoro e offrire il massimo comfort e benessere. Il recupero a vista della struttura originaria, insieme al design accurato degli interni e degli arredi, rende gli spazi luminosi, flessibli e funzionali. La creazione di un open space centrale, una corte coperta che collega visivamente tutti i livelli, inondata dalla luce naturale e immersa nel verde, aumenta la qualit\u00e0 degli spazi per l\u2019accoglienza e il relax, facilitando lo scambio di idee e le relazioni.<\/p>\n[\/vc_column_text][\/vc_column_inner][\/vc_row_inner][vc_row_inner el_class=&#8221;page-content&#8221; css=&#8221;.vc_custom_1687878358574{padding-top: 0px !important;}&#8221;][vc_column_inner][vc_column_text el_class=&#8221;text&#8221;]\n<h3 class=\"title\">Gradi di apertura<\/h3>\n<p dir=\"auto\">Per avere un progetto unitario \u00e8 fondamentale ricollegare tutti i singoli edifici del complesso, facilitare gli accessi e i collegamenti tra le varie parti.<\/p>\n<p dir=\"auto\">La Rotonda, collegata direttamente con la corte dell\u2019Ala Mosca e con quella del Corpo delle Guardie, diventa il fulcro dove convergono i diversi flussi.<\/p>\n<p dir=\"auto\">Una scelta architettonica importante \u00e8 l\u2019articolazione degli spazi chiusi con quelli aperti e aperti-coperti, in un\u2019alternanza di spazi pubblici\/semi pubblici\/privati messi in connessione tra loro. Tutti gli spazi interni ed esterni sono pensati per essere flessibili, capaci di adattarsi a seconda delle esigenze e sviluppare quindi scenari diversi.<\/p>\n[\/vc_column_text][\/vc_column_inner][\/vc_row_inner][vc_row_inner el_class=&#8221;page-content&#8221; css=&#8221;.vc_custom_1687878365700{padding-top: 0px !important;}&#8221;][vc_column_inner][vc_column_text el_class=&#8221;text&#8221;]\n<h3 class=\"title\">Guicciardini &amp; Magni Architetti<\/h3>\n<p dir=\"auto\">Con sede a Firenze, lo studio si occupa di Beni Culturali nei campi dell\u2019architettura, del restauro, dell\u2019allestimento museografico e dell\u2019interior design. Dal 1990 ha realizzato oltre 50 musei e 80 mostre temporanee in Italia e all\u2019estero.<\/p>\n<p dir=\"auto\">Guicciardini &amp; Magni Architetti &#8211; capogruppo \/ project leader (Firenze)<br \/>\nKengo Kuma &amp; associates (Paris, France)<br \/>\nPolitecna Europa (Torino)<br \/>\nPlanet Idea (Torino)<br \/>\nStefano Rovai Design (Firenze)<br \/>\nStudio Massimo Iarussi (Firenze)<\/p>\n[\/vc_column_text][\/vc_column_inner][\/vc_row_inner][\/vc_column][\/vc_row]\n<\/div>","protected":false},"excerpt":{"rendered":"<p>[vc_row][vc_column][vc_row_inner el_class=&#8221;txt-col mt-5 mb-3&#8243;][vc_column_inner][vc_column_text el_class=&#8221;text&#8221;] Il progetto riconnette i singoli edifici del complesso secondo una visione globale, per poi relazionarli con la citt\u00e0 e i Giardini Reali, rendendo la Cavallerizza l\u2019elemento unificante tra il tessuto urbano denso e la Natura. [\/vc_column_text][\/vc_column_inner][\/vc_row_inner][vc_row_inner][vc_column_inner][vc_column_text] [\/vc_column_text][\/vc_column_inner][\/vc_row_inner][vc_row_inner el_class=&#8221;txt-col mt-5 mb-3&#8243;][vc_column_inner][vc_column_text el_class=&#8221;text&#8221;]Missione: Creare attrattivit\u00e0[\/vc_column_text][\/vc_column_inner][\/vc_row_inner][vc_row_inner el_class=&#8221;page-content&#8221; css=&#8221;.vc_custom_1687878109784{padding-bottom: 0px !important;}&#8221;][vc_column_inner][vc_column_text el_class=&#8221;text&#8221;] Obiettivo spazio pubblico La proposta progettuale coniuga le esigenze di conservazione e valorizzazione di tutte le testimonianze storiche con la necessit\u00e0 di rigenerare e rifunzionalizzare l\u2019intero complesso, grazie a un restauro critico basato sulla conoscenza delle trasformazioni e degli aspetti costruttivi e materici dei vari edifici, nel pieno rispetto dei criteri di sostenibilit\u00e0 ambientale. La valorizzazione degli spazi pubblici \u00e8 tra gli obbiettivi prioritari del progetto, favorendone il loro utilizzo in dialogo con le istituzioni e i luoghi limitrofi. Le Pagliere rappresentano il motore del sistema culturale del Nuovo Polo della Cavallerizza Reale. Una vera e propria piattaforma didattico-culturale per la trasformazione della citt\u00e0 e del territorio. La sede della Fondazione sar\u00e0 un luogo prestigioso, fulcro per la divulgazione dei suoi principi fondanti. Tutti gli ambienti sono stati progettati per offrire i livelli pi\u00f9 avanzati di comfort, funzionalit\u00e0, flessibilit\u00e0 e benessere, grazie al design biofilico, alle tecnologie smart pi\u00f9 innovative, all\u2019applicazione dei principi della bioedilizia e alle innovazioni tecnologiche per il risparmio energetico e per la sostenibilit\u00e0. Progetto classificato al quinto posto, nella classifica del concorso &#8220;Citt\u00e0 nella citt\u00e0&#8221;, indetto per la riqualificazione della Cavallerizza Reale di Torino. [\/vc_column_text][vc_video link=&#8221;https:\/\/youtu.be\/RsJBeOSr5ac&#8221;][\/vc_column_inner][\/vc_row_inner][vc_row_inner el_class=&#8221;page-content&#8221; css=&#8221;.vc_custom_1687878333095{padding-top: 0px !important;}&#8221;][vc_column_inner][vc_column_text el_class=&#8221;text&#8221;] Connettere in trasparenza Tutto il piano terra delle Pagliere \u00e8 stato concepito come uno spazio continuo (in between) tra esterno e interno. Il nuovo Portico dell\u2019Arte collega gli spazi laboratoriali allo spazio espositivo esterno ma coperto dalla nuova verri\u00e8re, creando un percorso in cui artisti, cittadini, studenti possono circolare e interagire con l\u2019arte. Anche il piano terra dell\u2019Ala del Mosca, sede della Fondazione, si apre alla citt\u00e0. Il lato verso la piazzetta Vasco ospita una grande caffetteria\/ristorante. Al suo interno \u00e8 stato realizzato un nuovo mezzanino che offre uno spazio aggiuntivo per il lavoro informale e il relax del personale della Fondazione e degli utenti esterni. La chiusura con partizioni vetrate apribili del portico dell\u2019ala Ovest consente di ricucire le varie funzioni, valorizzando lo scalone storico, e di inventare un nuovo spazio espositivo per la Fondazione, in diretta connessione con l\u2019area di accoglienza, con lo Spazio Polivalente\/Auditorium e con i due blocchi scale e ascensori. Gli uffici biofilici e smart della Fondazione sono concepiti per facilitare il lavoro e offrire il massimo comfort e benessere. Il recupero a vista della struttura originaria, insieme al design accurato degli interni e degli arredi, rende gli spazi luminosi, flessibli e funzionali. La creazione di un open space centrale, una corte coperta che collega visivamente tutti i livelli, inondata dalla luce naturale e immersa nel verde, aumenta la qualit\u00e0 degli spazi per l\u2019accoglienza e il relax, facilitando lo scambio di idee e le relazioni. [\/vc_column_text][\/vc_column_inner][\/vc_row_inner][vc_row_inner el_class=&#8221;page-content&#8221; css=&#8221;.vc_custom_1687878358574{padding-top: 0px !important;}&#8221;][vc_column_inner][vc_column_text el_class=&#8221;text&#8221;] Gradi di apertura Per avere un progetto unitario \u00e8 fondamentale ricollegare tutti i singoli edifici del complesso, facilitare gli accessi e i collegamenti tra le varie parti. La Rotonda, collegata direttamente con la corte dell\u2019Ala Mosca e con quella del Corpo delle Guardie, diventa il fulcro dove convergono i diversi flussi. Una scelta architettonica importante \u00e8 l\u2019articolazione degli spazi chiusi con quelli aperti e aperti-coperti, in un\u2019alternanza di spazi pubblici\/semi pubblici\/privati messi in connessione tra loro. Tutti gli spazi interni ed esterni sono pensati per essere flessibili, capaci di adattarsi a seconda delle esigenze e sviluppare quindi scenari diversi. [\/vc_column_text][\/vc_column_inner][\/vc_row_inner][vc_row_inner el_class=&#8221;page-content&#8221; css=&#8221;.vc_custom_1687878365700{padding-top: 0px !important;}&#8221;][vc_column_inner][vc_column_text el_class=&#8221;text&#8221;] Guicciardini &amp; Magni Architetti Con sede a Firenze, lo studio si occupa di Beni Culturali nei campi dell\u2019architettura, del restauro, dell\u2019allestimento museografico e dell\u2019interior design. Dal 1990 ha realizzato oltre 50 musei e 80 mostre temporanee in Italia e all\u2019estero. Guicciardini &amp; Magni Architetti &#8211; capogruppo \/ project leader (Firenze) Kengo Kuma &amp; associates (Paris, France) Politecna Europa (Torino) Planet Idea (Torino) Stefano Rovai Design (Firenze) Studio Massimo Iarussi (Firenze) [\/vc_column_text][\/vc_column_inner][\/vc_row_inner][\/vc_column][\/vc_row]<\/p>\n","protected":false},"author":17,"featured_media":23791,"parent":0,"menu_order":1,"comment_status":"closed","ping_status":"closed","template":"","meta":{"_acf_changed":false,"content-type":"","footnotes":""},"class_list":["post-23787","page","type-page","status-publish","has-post-thumbnail","hentry","entry","post-inner"],"acf":[],"yoast_head":"<!-- This site is optimized with the Yoast SEO plugin v27.3 - https:\/\/yoast.com\/product\/yoast-seo-wordpress\/ -->\n<title>Un nuovo giorno per la Cavallerizza - Guicciardini &amp; Magni Architetti - Fondazione Compagnia di San Paolo<\/title>\n<meta name=\"description\" content=\"L&#039;Obiettivo Cultura promuove bandi per la cultura, in termini di patrimonio, arte, creativit\u00e0 e partecipazione, per raggiungere gli Obiettivi di Sviluppo Sostenibile.\" \/>\n<meta name=\"robots\" content=\"index, follow, max-snippet:-1, max-image-preview:large, max-video-preview:-1\" \/>\n<link rel=\"canonical\" href=\"https:\/\/www.compagniadisanpaolo.it\/it\/guicciardini-magni\/\" \/>\n<meta property=\"og:locale\" content=\"it_IT\" \/>\n<meta property=\"og:type\" content=\"article\" \/>\n<meta property=\"og:title\" content=\"Un nuovo giorno per la Cavallerizza - Guicciardini &amp; Magni Architetti - Fondazione Compagnia di San Paolo\" \/>\n<meta property=\"og:description\" content=\"L&#039;Obiettivo Cultura promuove bandi per la cultura, in termini di patrimonio, arte, creativit\u00e0 e partecipazione, per raggiungere gli Obiettivi di Sviluppo Sostenibile.\" \/>\n<meta property=\"og:url\" content=\"https:\/\/www.compagniadisanpaolo.it\/it\/guicciardini-magni\/\" \/>\n<meta property=\"og:site_name\" content=\"Fondazione Compagnia di San Paolo\" \/>\n<meta property=\"article:publisher\" content=\"https:\/\/www.facebook.com\/CompagniaDiSanPaolo\" \/>\n<meta property=\"article:modified_time\" content=\"2023-06-28T08:29:41+00:00\" \/>\n<meta property=\"og:image\" content=\"https:\/\/www.compagniadisanpaolo.it\/wp-content\/uploads\/prog05.jpg\" \/>\n\t<meta property=\"og:image:width\" content=\"815\" \/>\n\t<meta property=\"og:image:height\" content=\"350\" \/>\n\t<meta property=\"og:image:type\" content=\"image\/jpeg\" \/>\n<meta name=\"twitter:card\" content=\"summary_large_image\" \/>\n<meta name=\"twitter:site\" content=\"@CSP_live\" \/>\n<meta name=\"twitter:label1\" content=\"Tempo di lettura stimato\" \/>\n\t<meta name=\"twitter:data1\" content=\"4 minuti\" \/>\n<script type=\"application\/ld+json\" class=\"yoast-schema-graph\">{\"@context\":\"https:\\\/\\\/schema.org\",\"@graph\":[{\"@type\":\"WebPage\",\"@id\":\"https:\\\/\\\/www.compagniadisanpaolo.it\\\/it\\\/guicciardini-magni\\\/\",\"url\":\"https:\\\/\\\/www.compagniadisanpaolo.it\\\/it\\\/guicciardini-magni\\\/\",\"name\":\"Un nuovo giorno per la Cavallerizza - Guicciardini & Magni Architetti - Fondazione Compagnia di San Paolo\",\"isPartOf\":{\"@id\":\"https:\\\/\\\/www.compagniadisanpaolo.it\\\/it\\\/#website\"},\"primaryImageOfPage\":{\"@id\":\"https:\\\/\\\/www.compagniadisanpaolo.it\\\/it\\\/guicciardini-magni\\\/#primaryimage\"},\"image\":{\"@id\":\"https:\\\/\\\/www.compagniadisanpaolo.it\\\/it\\\/guicciardini-magni\\\/#primaryimage\"},\"thumbnailUrl\":\"https:\\\/\\\/www.compagniadisanpaolo.it\\\/wp-content\\\/uploads\\\/prog05.jpg\",\"datePublished\":\"2023-06-27T15:37:40+00:00\",\"dateModified\":\"2023-06-28T08:29:41+00:00\",\"description\":\"L'Obiettivo Cultura promuove bandi per la cultura, in termini di patrimonio, arte, creativit\u00e0 e partecipazione, per raggiungere gli Obiettivi di Sviluppo Sostenibile.\",\"breadcrumb\":{\"@id\":\"https:\\\/\\\/www.compagniadisanpaolo.it\\\/it\\\/guicciardini-magni\\\/#breadcrumb\"},\"inLanguage\":\"it-IT\",\"potentialAction\":[{\"@type\":\"ReadAction\",\"target\":[\"https:\\\/\\\/www.compagniadisanpaolo.it\\\/it\\\/guicciardini-magni\\\/\"]}]},{\"@type\":\"ImageObject\",\"inLanguage\":\"it-IT\",\"@id\":\"https:\\\/\\\/www.compagniadisanpaolo.it\\\/it\\\/guicciardini-magni\\\/#primaryimage\",\"url\":\"https:\\\/\\\/www.compagniadisanpaolo.it\\\/wp-content\\\/uploads\\\/prog05.jpg\",\"contentUrl\":\"https:\\\/\\\/www.compagniadisanpaolo.it\\\/wp-content\\\/uploads\\\/prog05.jpg\",\"width\":815,\"height\":350},{\"@type\":\"BreadcrumbList\",\"@id\":\"https:\\\/\\\/www.compagniadisanpaolo.it\\\/it\\\/guicciardini-magni\\\/#breadcrumb\",\"itemListElement\":[{\"@type\":\"ListItem\",\"position\":1,\"name\":\"Home\",\"item\":\"https:\\\/\\\/www.compagniadisanpaolo.it\\\/it\\\/\"},{\"@type\":\"ListItem\",\"position\":2,\"name\":\"Un nuovo giorno per la Cavallerizza &#8211; Guicciardini &#038; Magni Architetti\"}]},{\"@type\":\"WebSite\",\"@id\":\"https:\\\/\\\/www.compagniadisanpaolo.it\\\/it\\\/#website\",\"url\":\"https:\\\/\\\/www.compagniadisanpaolo.it\\\/it\\\/\",\"name\":\"Fondazione Compagnia di San Paolo\",\"description\":\"\",\"publisher\":{\"@id\":\"https:\\\/\\\/www.compagniadisanpaolo.it\\\/it\\\/#organization\"},\"potentialAction\":[{\"@type\":\"SearchAction\",\"target\":{\"@type\":\"EntryPoint\",\"urlTemplate\":\"https:\\\/\\\/www.compagniadisanpaolo.it\\\/it\\\/?s={search_term_string}\"},\"query-input\":{\"@type\":\"PropertyValueSpecification\",\"valueRequired\":true,\"valueName\":\"search_term_string\"}}],\"inLanguage\":\"it-IT\"},{\"@type\":\"Organization\",\"@id\":\"https:\\\/\\\/www.compagniadisanpaolo.it\\\/it\\\/#organization\",\"name\":\"Fondazione Compagnia di San Paolo\",\"url\":\"https:\\\/\\\/www.compagniadisanpaolo.it\\\/it\\\/\",\"logo\":{\"@type\":\"ImageObject\",\"inLanguage\":\"it-IT\",\"@id\":\"https:\\\/\\\/www.compagniadisanpaolo.it\\\/it\\\/#\\\/schema\\\/logo\\\/image\\\/\",\"url\":\"https:\\\/\\\/www.compagniadisanpaolo.it\\\/wp-content\\\/uploads\\\/logo.svg\",\"contentUrl\":\"https:\\\/\\\/www.compagniadisanpaolo.it\\\/wp-content\\\/uploads\\\/logo.svg\",\"width\":769,\"height\":323,\"caption\":\"Fondazione Compagnia di San Paolo\"},\"image\":{\"@id\":\"https:\\\/\\\/www.compagniadisanpaolo.it\\\/it\\\/#\\\/schema\\\/logo\\\/image\\\/\"},\"sameAs\":[\"https:\\\/\\\/www.facebook.com\\\/CompagniaDiSanPaolo\",\"https:\\\/\\\/x.com\\\/CSP_live\",\"http:\\\/\\\/instagram.com\\\/compagniadisanpaolo?ref=badge\",\"https:\\\/\\\/www.linkedin.com\\\/company\\\/compagnia-di-san-paolo\",\"https:\\\/\\\/www.youtube.com\\\/user\\\/compagniadisanpaolo\",\"https:\\\/\\\/it.wikipedia.org\\\/wiki\\\/Compagnia_di_San_Paolo\"]}]}<\/script>\n<!-- \/ Yoast SEO plugin. -->","yoast_head_json":{"title":"Un nuovo giorno per la Cavallerizza - Guicciardini & Magni Architetti - Fondazione Compagnia di San Paolo","description":"L'Obiettivo Cultura promuove bandi per la cultura, in termini di patrimonio, arte, creativit\u00e0 e partecipazione, per raggiungere gli Obiettivi di Sviluppo Sostenibile.","robots":{"index":"index","follow":"follow","max-snippet":"max-snippet:-1","max-image-preview":"max-image-preview:large","max-video-preview":"max-video-preview:-1"},"canonical":"https:\/\/www.compagniadisanpaolo.it\/it\/guicciardini-magni\/","og_locale":"it_IT","og_type":"article","og_title":"Un nuovo giorno per la Cavallerizza - Guicciardini & Magni Architetti - Fondazione Compagnia di San Paolo","og_description":"L'Obiettivo Cultura promuove bandi per la cultura, in termini di patrimonio, arte, creativit\u00e0 e partecipazione, per raggiungere gli Obiettivi di Sviluppo Sostenibile.","og_url":"https:\/\/www.compagniadisanpaolo.it\/it\/guicciardini-magni\/","og_site_name":"Fondazione Compagnia di San Paolo","article_publisher":"https:\/\/www.facebook.com\/CompagniaDiSanPaolo","article_modified_time":"2023-06-28T08:29:41+00:00","og_image":[{"width":815,"height":350,"url":"https:\/\/www.compagniadisanpaolo.it\/wp-content\/uploads\/prog05.jpg","type":"image\/jpeg"}],"twitter_card":"summary_large_image","twitter_site":"@CSP_live","twitter_misc":{"Tempo di lettura stimato":"4 minuti"},"schema":{"@context":"https:\/\/schema.org","@graph":[{"@type":"WebPage","@id":"https:\/\/www.compagniadisanpaolo.it\/it\/guicciardini-magni\/","url":"https:\/\/www.compagniadisanpaolo.it\/it\/guicciardini-magni\/","name":"Un nuovo giorno per la Cavallerizza - Guicciardini & Magni Architetti - Fondazione Compagnia di San Paolo","isPartOf":{"@id":"https:\/\/www.compagniadisanpaolo.it\/it\/#website"},"primaryImageOfPage":{"@id":"https:\/\/www.compagniadisanpaolo.it\/it\/guicciardini-magni\/#primaryimage"},"image":{"@id":"https:\/\/www.compagniadisanpaolo.it\/it\/guicciardini-magni\/#primaryimage"},"thumbnailUrl":"https:\/\/www.compagniadisanpaolo.it\/wp-content\/uploads\/prog05.jpg","datePublished":"2023-06-27T15:37:40+00:00","dateModified":"2023-06-28T08:29:41+00:00","description":"L'Obiettivo Cultura promuove bandi per la cultura, in termini di patrimonio, arte, creativit\u00e0 e partecipazione, per raggiungere gli Obiettivi di Sviluppo Sostenibile.","breadcrumb":{"@id":"https:\/\/www.compagniadisanpaolo.it\/it\/guicciardini-magni\/#breadcrumb"},"inLanguage":"it-IT","potentialAction":[{"@type":"ReadAction","target":["https:\/\/www.compagniadisanpaolo.it\/it\/guicciardini-magni\/"]}]},{"@type":"ImageObject","inLanguage":"it-IT","@id":"https:\/\/www.compagniadisanpaolo.it\/it\/guicciardini-magni\/#primaryimage","url":"https:\/\/www.compagniadisanpaolo.it\/wp-content\/uploads\/prog05.jpg","contentUrl":"https:\/\/www.compagniadisanpaolo.it\/wp-content\/uploads\/prog05.jpg","width":815,"height":350},{"@type":"BreadcrumbList","@id":"https:\/\/www.compagniadisanpaolo.it\/it\/guicciardini-magni\/#breadcrumb","itemListElement":[{"@type":"ListItem","position":1,"name":"Home","item":"https:\/\/www.compagniadisanpaolo.it\/it\/"},{"@type":"ListItem","position":2,"name":"Un nuovo giorno per la Cavallerizza &#8211; Guicciardini &#038; Magni Architetti"}]},{"@type":"WebSite","@id":"https:\/\/www.compagniadisanpaolo.it\/it\/#website","url":"https:\/\/www.compagniadisanpaolo.it\/it\/","name":"Fondazione Compagnia di San Paolo","description":"","publisher":{"@id":"https:\/\/www.compagniadisanpaolo.it\/it\/#organization"},"potentialAction":[{"@type":"SearchAction","target":{"@type":"EntryPoint","urlTemplate":"https:\/\/www.compagniadisanpaolo.it\/it\/?s={search_term_string}"},"query-input":{"@type":"PropertyValueSpecification","valueRequired":true,"valueName":"search_term_string"}}],"inLanguage":"it-IT"},{"@type":"Organization","@id":"https:\/\/www.compagniadisanpaolo.it\/it\/#organization","name":"Fondazione Compagnia di San Paolo","url":"https:\/\/www.compagniadisanpaolo.it\/it\/","logo":{"@type":"ImageObject","inLanguage":"it-IT","@id":"https:\/\/www.compagniadisanpaolo.it\/it\/#\/schema\/logo\/image\/","url":"https:\/\/www.compagniadisanpaolo.it\/wp-content\/uploads\/logo.svg","contentUrl":"https:\/\/www.compagniadisanpaolo.it\/wp-content\/uploads\/logo.svg","width":769,"height":323,"caption":"Fondazione Compagnia di San Paolo"},"image":{"@id":"https:\/\/www.compagniadisanpaolo.it\/it\/#\/schema\/logo\/image\/"},"sameAs":["https:\/\/www.facebook.com\/CompagniaDiSanPaolo","https:\/\/x.com\/CSP_live","http:\/\/instagram.com\/compagniadisanpaolo?ref=badge","https:\/\/www.linkedin.com\/company\/compagnia-di-san-paolo","https:\/\/www.youtube.com\/user\/compagniadisanpaolo","https:\/\/it.wikipedia.org\/wiki\/Compagnia_di_San_Paolo"]}]}},"_links":{"self":[{"href":"https:\/\/www.compagniadisanpaolo.it\/it\/wp-json\/wp\/v2\/pages\/23787","targetHints":{"allow":["GET"]}}],"collection":[{"href":"https:\/\/www.compagniadisanpaolo.it\/it\/wp-json\/wp\/v2\/pages"}],"about":[{"href":"https:\/\/www.compagniadisanpaolo.it\/it\/wp-json\/wp\/v2\/types\/page"}],"author":[{"embeddable":true,"href":"https:\/\/www.compagniadisanpaolo.it\/it\/wp-json\/wp\/v2\/users\/17"}],"replies":[{"embeddable":true,"href":"https:\/\/www.compagniadisanpaolo.it\/it\/wp-json\/wp\/v2\/comments?post=23787"}],"version-history":[{"count":5,"href":"https:\/\/www.compagniadisanpaolo.it\/it\/wp-json\/wp\/v2\/pages\/23787\/revisions"}],"predecessor-version":[{"id":23809,"href":"https:\/\/www.compagniadisanpaolo.it\/it\/wp-json\/wp\/v2\/pages\/23787\/revisions\/23809"}],"wp:featuredmedia":[{"embeddable":true,"href":"https:\/\/www.compagniadisanpaolo.it\/it\/wp-json\/wp\/v2\/media\/23791"}],"wp:attachment":[{"href":"https:\/\/www.compagniadisanpaolo.it\/it\/wp-json\/wp\/v2\/media?parent=23787"}],"curies":[{"name":"wp","href":"https:\/\/api.w.org\/{rel}","templated":true}]}}