{"id":23745,"date":"2023-06-27T16:08:51","date_gmt":"2023-06-27T14:08:51","guid":{"rendered":"https:\/\/www.compagniadisanpaolo.it\/?page_id=23745"},"modified":"2023-06-28T12:08:10","modified_gmt":"2023-06-28T10:08:10","slug":"cino-zucchi-architetti","status":"publish","type":"page","link":"https:\/\/www.compagniadisanpaolo.it\/it\/cino-zucchi-architetti\/","title":{"rendered":"La riforma \ufeffdella Cavallerizza Reale &#8211; CZA Cino Zucchi Architetti"},"content":{"rendered":"<div class=\"wpb-content-wrapper\">[vc_row][vc_column][vc_row_inner el_class=&#8221;txt-col mt-5 mb-3&#8243;][vc_column_inner][vc_column_text el_class=&#8221;text&#8221;]\n<h3 class=\"title\" style=\"text-align: left;\">Il progetto opera una sorta di agopuntura nel corpo della citt\u00e0 capace di riattivarne le potenzialit\u00e0.<\/h3>\n[\/vc_column_text][\/vc_column_inner][\/vc_row_inner][vc_row_inner][vc_column_inner][vc_column_text]\n\t\t<div class=\"info-box-wrap info-box-hor row pb-0\">\n\n\t\t      \n\t\t      <div class=\"spalla col-12 col-md-12\">\n\t\t\t<div class=\"info-box sharing-box\">\n\t\t\t  <span class=\"label\">Condividi:<\/span>\n\t\t\t  <div class=\"social-sharing\">\n\t\t\t    <span class=\"box\">\n\t\t\t      <a class=\"fb\" href=\"https:\/\/www.facebook.com\/sharer.php?u=https:\/\/www.compagniadisanpaolo.it\/it\/cino-zucchi-architetti\/\" target=\"_blank\">\n\t\t\t\t<span class=\"sr-only\">Facebook<\/span>\n\t\t\t\t<i class=\"fab fa-facebook-f\"><\/i>\n\t\t\t      <\/a>\n\t\t\t    <\/span>\n\t\t\t    \n\t\t\t    <style>\n.twitter, .twitter:hover{\ncolor:#000000 !important;}\n<\/style>\n\n\n\t\t\t    <span class=\"box\">\n\t\t\t      <a class=\"twitter\" href=\"https:\/\/twitter.com\/intent\/tweet?url=https:\/\/www.compagniadisanpaolo.it\/it\/cino-zucchi-architetti\/\">\n\t\t\t\t<span class=\"sr-only\">Twitter<\/span>\n\t\t\t\t<i class=\"fa-brands fa-x-twitter\"><\/i>\n\t\t\t      <\/a>\n\t\t\t    <\/span>\n\n\t\t\t    \n\t\t\t    <span class=\"box\">\n\t\t\t      <a class=\"linkedin\" href=\"https:\/\/www.linkedin.com\/shareArticle?mini=true&url=https:\/\/www.compagniadisanpaolo.it\/it\/cino-zucchi-architetti\/\">\n\t\t\t\t<span class=\"sr-only\">Linkedin<\/span>\n\t\t\t\t  <i class=\"fa-brands fa-linkedin-in\"><\/i>\n\t\t\t      <\/a>\n\t\t\t    <\/span>\n\n\t\t\t    <span class=\"box\">\n\t\t\t      <a class=\"whatsapp\" href=\"whatsapp:\/\/send?text=https:\/\/www.compagniadisanpaolo.it\/it\/cino-zucchi-architetti\/\" data-action=\"share\/whatsapp\/share\">\n\t\t\t\t<span class=\"sr-only\">Whatsapp<\/span>\n\t\t\t\t<i class=\"fa-brands fa-whatsapp\"><\/i>\n\t\t\t      <\/a>\n\t\t\t    <\/span>\n\n\t\t\t    <span class=\"box\">\n\t\t\t      <a class=\"mail\" href=\"mailto:?subject=La riforma \ufeffdella Cavallerizza Reale - CZA Cino Zucchi Architetti&body=https:\/\/www.compagniadisanpaolo.it\/it\/cino-zucchi-architetti\/\">\n\t\t\t\t<span class=\"sr-only\">Mail<\/span>\n\t\t\t\t <i class=\"fa-solid fa-envelope\"><\/i>\n\t\t\t      <\/a>\n\t\t\t    <\/span>\n\t\t\t    \n\t\t\t  <\/div>\n\t\t\t<\/div>\n\t      <\/div>\n\t    <\/div>[\/vc_column_text][\/vc_column_inner][\/vc_row_inner][vc_row_inner el_class=&#8221;txt-col mt-5 mb-3&#8243;][vc_column_inner][vc_column_text el_class=&#8221;text&#8221;]<strong>Missione:<\/strong><br \/>\n<a href=\"https:\/\/www.compagniadisanpaolo.it\/it\/missioni\/creare-attrattivita\/\">Creare attrattivit\u00e0<\/a>[\/vc_column_text][\/vc_column_inner][\/vc_row_inner][vc_row_inner el_class=&#8221;page-content&#8221; css=&#8221;.vc_custom_1687878109784{padding-bottom: 0px !important;}&#8221;][vc_column_inner][vc_column_text el_class=&#8221;text&#8221;]\n<h3 class=\"title\">Una nuova alleanza tra urbanit\u00e0 e natura, un ambiente vitale aperto alla citt\u00e0<\/h3>\n<p dir=\"auto\">Se il secolo scorso \u00e8 stato quello dell\u2019espansione urbana, oggi la rigenerazione e il riuso di edifici esistenti sono l\u2019elemento cardine della lotta al cambiamento climatico in un ambiente poroso e inclusivo. Il progetto di rigenerazione della Cavallerizza reinterpreta le architetture esistenti, coniugando l&#8217;esperienza urbana con l\u2019impegno collettivo nei confronti della natura.<br \/>\nEsso diventer\u00e0 un nuovo luogo capace di far dialogare pubblici diversi, creando spazi animati da nuove attivit\u00e0 lavorative, culturali e ricreative: una visione articolata in una serie di interventi puntuali, un\u2019agopuntura nel corpo della citt\u00e0 che amplifica il carattere di ogni sua parte.<\/p>\n<p dir=\"auto\"><b><em>Progetto classificato al primo posto, nella classifica del concorso &#8220;Citt\u00e0 nella citt\u00e0&#8221;, indetto per la riqualificazione della Cavallerizza Reale di Torino.<\/em><\/b><\/p>\n[\/vc_column_text][vc_video link=&#8221;https:\/\/youtu.be\/a80xztI-jX8&#8243;][\/vc_column_inner][\/vc_row_inner][vc_row_inner el_class=&#8221;page-content&#8221; css=&#8221;.vc_custom_1687878333095{padding-top: 0px !important;}&#8221;][vc_column_inner][vc_column_text el_class=&#8221;text&#8221;]\n<h3 class=\"title\">Lo spazio pubblico accoglie la vita quotidiana<\/h3>\n<p dir=\"auto\">Il ridisegno dello spazio pubblico \u00e8 attivato da pochi e semplici gesti che ne conservano il carattere originario. Panche in pietra, elementi illuminanti ed essenze arboree creano diverse occasioni di fruizione al variare delle stagioni e degli eventi ospitati. Nuove tettoie semicircolari in bronzo ossidato identificano gli ingressi alle varie parti del complesso: il cortile dell\u2019Universit\u00e0 a sud, la Cavallerizza Alfieriana, l\u2019Aula Magna esistente, le Pagliere riformate.<br \/>\nTra l\u2019Ala del Mosca e le Pagliere viene creata una nuova piazzetta che diventa il vestibolo di ingresso dei Giardini, creando una transizione tra lo spazio \u2018concavo\u2019 tra gli edifici e i percorsi verdi tra gli alberi.<\/p>\n[\/vc_column_text][\/vc_column_inner][\/vc_row_inner][vc_row_inner el_class=&#8221;page-content&#8221; css=&#8221;.vc_custom_1687878358574{padding-top: 0px !important;}&#8221;][vc_column_inner][vc_column_text el_class=&#8221;text&#8221;]\n<h3 class=\"title\">Un\u2019architettura contemporanea che interpreta il passato<\/h3>\n<p dir=\"auto\">Le porzioni di architettura nuova inserite nella Cavallerizza non tentano di mimare le forme storiche di quelli esistenti, ma non cadono neanche in una facile \u2018poetica della dissonanza\u2019 che esibisce la propria discontinuit\u00e0 rispetto a queste ultime.<br \/>\nEsse sono in continuit\u00e0 ideale con un \u2018moderno torinese\u2019 al contempo sperimentale e sofisticato, che non contrappone in forma artificiale i concetti di innovazione e tradizione, ma crea un dialogo tra la fiducia nel futuro e le qualit\u00e0 ambientali della citt\u00e0 storica.<\/p>\n[\/vc_column_text][\/vc_column_inner][\/vc_row_inner][vc_row_inner el_class=&#8221;page-content&#8221; css=&#8221;.vc_custom_1687878365700{padding-top: 0px !important;}&#8221;][vc_column_inner][vc_column_text el_class=&#8221;text&#8221;]\n<h3 class=\"title\">Spazi antichi per nuovi modi di lavorare e comunicare<\/h3>\n<p dir=\"auto\">Il passaggio tra le due maniche esistenti delle Pagliere \u00e8 protetto da una copertura leggera, e una grande sala multifunzionale ad esso collegata si apre sul Passaggio Chiablese. Le nuove coperture e le nuove facciate sono rivestite in vetro e lamiera di rame ossidato naturale, includendo schermi LED che comunicano al pubblico le attivit\u00e0 e le ricerche in corso.<\/p>\n[\/vc_column_text][\/vc_column_inner][\/vc_row_inner][vc_row_inner el_class=&#8221;page-content&#8221; css=&#8221;.vc_custom_1687878405170{padding-top: 0px !important;}&#8221;][vc_column_inner][vc_column_text el_class=&#8221;text&#8221;]\n<h3 class=\"title\">CZA &#8211; Cino Zucchi Architetti<\/h3>\n<p dir=\"auto\">Con sede a Milano, lo studio fondato da Cino Zucchi lavora alla scala architettonica, urbana e paesaggistica del progetto. I suoi progetti sono stati esposti in numerose mostre internazionali e pubblicati su riviste italiane ed estere.<\/p>\n<p dir=\"auto\">CZA &#8211; Cino Zucchi Architetti &#8211; capogruppo \/ project leader (Milano)<br \/>\nPolitecnica Ingegneria ed Architettura societ\u00e0 cooperativa (Modena)<br \/>\nTiemme (Milano)<br \/>\nDotdotdot (Milano)<br \/>\nTorinostratosferica (Torino)<br \/>\nAlberto Artioli (Como)<\/p>\n[\/vc_column_text][\/vc_column_inner][\/vc_row_inner][\/vc_column][\/vc_row]\n<\/div>","protected":false},"excerpt":{"rendered":"<p>[vc_row][vc_column][vc_row_inner el_class=&#8221;txt-col mt-5 mb-3&#8243;][vc_column_inner][vc_column_text el_class=&#8221;text&#8221;] Il progetto opera una sorta di agopuntura nel corpo della citt\u00e0 capace di riattivarne le potenzialit\u00e0. [\/vc_column_text][\/vc_column_inner][\/vc_row_inner][vc_row_inner][vc_column_inner][vc_column_text][\/vc_column_text][\/vc_column_inner][\/vc_row_inner][vc_row_inner el_class=&#8221;txt-col mt-5 mb-3&#8243;][vc_column_inner][vc_column_text el_class=&#8221;text&#8221;]Missione: Creare attrattivit\u00e0[\/vc_column_text][\/vc_column_inner][\/vc_row_inner][vc_row_inner el_class=&#8221;page-content&#8221; css=&#8221;.vc_custom_1687878109784{padding-bottom: 0px !important;}&#8221;][vc_column_inner][vc_column_text el_class=&#8221;text&#8221;] Una nuova alleanza tra urbanit\u00e0 e natura, un ambiente vitale aperto alla citt\u00e0 Se il secolo scorso \u00e8 stato quello dell\u2019espansione urbana, oggi la rigenerazione e il riuso di edifici esistenti sono l\u2019elemento cardine della lotta al cambiamento climatico in un ambiente poroso e inclusivo. Il progetto di rigenerazione della Cavallerizza reinterpreta le architetture esistenti, coniugando l&#8217;esperienza urbana con l\u2019impegno collettivo nei confronti della natura. Esso diventer\u00e0 un nuovo luogo capace di far dialogare pubblici diversi, creando spazi animati da nuove attivit\u00e0 lavorative, culturali e ricreative: una visione articolata in una serie di interventi puntuali, un\u2019agopuntura nel corpo della citt\u00e0 che amplifica il carattere di ogni sua parte. Progetto classificato al primo posto, nella classifica del concorso &#8220;Citt\u00e0 nella citt\u00e0&#8221;, indetto per la riqualificazione della Cavallerizza Reale di Torino. [\/vc_column_text][vc_video link=&#8221;https:\/\/youtu.be\/a80xztI-jX8&#8243;][\/vc_column_inner][\/vc_row_inner][vc_row_inner el_class=&#8221;page-content&#8221; css=&#8221;.vc_custom_1687878333095{padding-top: 0px !important;}&#8221;][vc_column_inner][vc_column_text el_class=&#8221;text&#8221;] Lo spazio pubblico accoglie la vita quotidiana Il ridisegno dello spazio pubblico \u00e8 attivato da pochi e semplici gesti che ne conservano il carattere originario. Panche in pietra, elementi illuminanti ed essenze arboree creano diverse occasioni di fruizione al variare delle stagioni e degli eventi ospitati. Nuove tettoie semicircolari in bronzo ossidato identificano gli ingressi alle varie parti del complesso: il cortile dell\u2019Universit\u00e0 a sud, la Cavallerizza Alfieriana, l\u2019Aula Magna esistente, le Pagliere riformate. Tra l\u2019Ala del Mosca e le Pagliere viene creata una nuova piazzetta che diventa il vestibolo di ingresso dei Giardini, creando una transizione tra lo spazio \u2018concavo\u2019 tra gli edifici e i percorsi verdi tra gli alberi. [\/vc_column_text][\/vc_column_inner][\/vc_row_inner][vc_row_inner el_class=&#8221;page-content&#8221; css=&#8221;.vc_custom_1687878358574{padding-top: 0px !important;}&#8221;][vc_column_inner][vc_column_text el_class=&#8221;text&#8221;] Un\u2019architettura contemporanea che interpreta il passato Le porzioni di architettura nuova inserite nella Cavallerizza non tentano di mimare le forme storiche di quelli esistenti, ma non cadono neanche in una facile \u2018poetica della dissonanza\u2019 che esibisce la propria discontinuit\u00e0 rispetto a queste ultime. Esse sono in continuit\u00e0 ideale con un \u2018moderno torinese\u2019 al contempo sperimentale e sofisticato, che non contrappone in forma artificiale i concetti di innovazione e tradizione, ma crea un dialogo tra la fiducia nel futuro e le qualit\u00e0 ambientali della citt\u00e0 storica. [\/vc_column_text][\/vc_column_inner][\/vc_row_inner][vc_row_inner el_class=&#8221;page-content&#8221; css=&#8221;.vc_custom_1687878365700{padding-top: 0px !important;}&#8221;][vc_column_inner][vc_column_text el_class=&#8221;text&#8221;] Spazi antichi per nuovi modi di lavorare e comunicare Il passaggio tra le due maniche esistenti delle Pagliere \u00e8 protetto da una copertura leggera, e una grande sala multifunzionale ad esso collegata si apre sul Passaggio Chiablese. Le nuove coperture e le nuove facciate sono rivestite in vetro e lamiera di rame ossidato naturale, includendo schermi LED che comunicano al pubblico le attivit\u00e0 e le ricerche in corso. [\/vc_column_text][\/vc_column_inner][\/vc_row_inner][vc_row_inner el_class=&#8221;page-content&#8221; css=&#8221;.vc_custom_1687878405170{padding-top: 0px !important;}&#8221;][vc_column_inner][vc_column_text el_class=&#8221;text&#8221;] CZA &#8211; Cino Zucchi Architetti Con sede a Milano, lo studio fondato da Cino Zucchi lavora alla scala architettonica, urbana e paesaggistica del progetto. I suoi progetti sono stati esposti in numerose mostre internazionali e pubblicati su riviste italiane ed estere. CZA &#8211; Cino Zucchi Architetti &#8211; capogruppo \/ project leader (Milano) Politecnica Ingegneria ed Architettura societ\u00e0 cooperativa (Modena) Tiemme (Milano) Dotdotdot (Milano) Torinostratosferica (Torino) Alberto Artioli (Como) [\/vc_column_text][\/vc_column_inner][\/vc_row_inner][\/vc_column][\/vc_row]<\/p>\n","protected":false},"author":17,"featured_media":23767,"parent":0,"menu_order":1,"comment_status":"closed","ping_status":"closed","template":"","meta":{"_acf_changed":false,"content-type":"","footnotes":""},"class_list":["post-23745","page","type-page","status-publish","has-post-thumbnail","hentry","entry","post-inner"],"acf":[],"yoast_head":"<!-- This site is optimized with the Yoast SEO plugin v27.3 - https:\/\/yoast.com\/product\/yoast-seo-wordpress\/ -->\n<title>La riforma \ufeffdella Cavallerizza Reale - CZA Cino Zucchi Architetti - Fondazione Compagnia di San Paolo<\/title>\n<meta name=\"description\" content=\"L&#039;Obiettivo Cultura promuove bandi per la cultura, in termini di patrimonio, arte, creativit\u00e0 e partecipazione, per raggiungere gli Obiettivi di Sviluppo Sostenibile.\" \/>\n<meta name=\"robots\" content=\"index, follow, max-snippet:-1, max-image-preview:large, max-video-preview:-1\" \/>\n<link rel=\"canonical\" href=\"https:\/\/www.compagniadisanpaolo.it\/it\/cino-zucchi-architetti\/\" \/>\n<meta property=\"og:locale\" content=\"it_IT\" \/>\n<meta property=\"og:type\" content=\"article\" \/>\n<meta property=\"og:title\" content=\"La riforma \ufeffdella Cavallerizza Reale - CZA Cino Zucchi Architetti - Fondazione Compagnia di San Paolo\" \/>\n<meta property=\"og:description\" content=\"L&#039;Obiettivo Cultura promuove bandi per la cultura, in termini di patrimonio, arte, creativit\u00e0 e partecipazione, per raggiungere gli Obiettivi di Sviluppo Sostenibile.\" \/>\n<meta property=\"og:url\" content=\"https:\/\/www.compagniadisanpaolo.it\/it\/cino-zucchi-architetti\/\" \/>\n<meta property=\"og:site_name\" content=\"Fondazione Compagnia di San Paolo\" \/>\n<meta property=\"article:publisher\" content=\"https:\/\/www.facebook.com\/CompagniaDiSanPaolo\" \/>\n<meta property=\"article:modified_time\" content=\"2023-06-28T10:08:10+00:00\" \/>\n<meta property=\"og:image\" content=\"https:\/\/www.compagniadisanpaolo.it\/wp-content\/uploads\/prog01.jpg\" \/>\n\t<meta property=\"og:image:width\" content=\"1616\" \/>\n\t<meta property=\"og:image:height\" content=\"694\" \/>\n\t<meta property=\"og:image:type\" content=\"image\/jpeg\" \/>\n<meta name=\"twitter:card\" content=\"summary_large_image\" \/>\n<meta name=\"twitter:site\" content=\"@CSP_live\" \/>\n<meta name=\"twitter:label1\" content=\"Tempo di lettura stimato\" \/>\n\t<meta name=\"twitter:data1\" content=\"3 minuti\" \/>\n<script type=\"application\/ld+json\" class=\"yoast-schema-graph\">{\"@context\":\"https:\\\/\\\/schema.org\",\"@graph\":[{\"@type\":\"WebPage\",\"@id\":\"https:\\\/\\\/www.compagniadisanpaolo.it\\\/it\\\/cino-zucchi-architetti\\\/\",\"url\":\"https:\\\/\\\/www.compagniadisanpaolo.it\\\/it\\\/cino-zucchi-architetti\\\/\",\"name\":\"La riforma \ufeffdella Cavallerizza Reale - CZA Cino Zucchi Architetti - Fondazione Compagnia di San Paolo\",\"isPartOf\":{\"@id\":\"https:\\\/\\\/www.compagniadisanpaolo.it\\\/it\\\/#website\"},\"primaryImageOfPage\":{\"@id\":\"https:\\\/\\\/www.compagniadisanpaolo.it\\\/it\\\/cino-zucchi-architetti\\\/#primaryimage\"},\"image\":{\"@id\":\"https:\\\/\\\/www.compagniadisanpaolo.it\\\/it\\\/cino-zucchi-architetti\\\/#primaryimage\"},\"thumbnailUrl\":\"https:\\\/\\\/www.compagniadisanpaolo.it\\\/wp-content\\\/uploads\\\/prog01.jpg\",\"datePublished\":\"2023-06-27T14:08:51+00:00\",\"dateModified\":\"2023-06-28T10:08:10+00:00\",\"description\":\"L'Obiettivo Cultura promuove bandi per la cultura, in termini di patrimonio, arte, creativit\u00e0 e partecipazione, per raggiungere gli Obiettivi di Sviluppo Sostenibile.\",\"breadcrumb\":{\"@id\":\"https:\\\/\\\/www.compagniadisanpaolo.it\\\/it\\\/cino-zucchi-architetti\\\/#breadcrumb\"},\"inLanguage\":\"it-IT\",\"potentialAction\":[{\"@type\":\"ReadAction\",\"target\":[\"https:\\\/\\\/www.compagniadisanpaolo.it\\\/it\\\/cino-zucchi-architetti\\\/\"]}]},{\"@type\":\"ImageObject\",\"inLanguage\":\"it-IT\",\"@id\":\"https:\\\/\\\/www.compagniadisanpaolo.it\\\/it\\\/cino-zucchi-architetti\\\/#primaryimage\",\"url\":\"https:\\\/\\\/www.compagniadisanpaolo.it\\\/wp-content\\\/uploads\\\/prog01.jpg\",\"contentUrl\":\"https:\\\/\\\/www.compagniadisanpaolo.it\\\/wp-content\\\/uploads\\\/prog01.jpg\",\"width\":1616,\"height\":694},{\"@type\":\"BreadcrumbList\",\"@id\":\"https:\\\/\\\/www.compagniadisanpaolo.it\\\/it\\\/cino-zucchi-architetti\\\/#breadcrumb\",\"itemListElement\":[{\"@type\":\"ListItem\",\"position\":1,\"name\":\"Home\",\"item\":\"https:\\\/\\\/www.compagniadisanpaolo.it\\\/it\\\/\"},{\"@type\":\"ListItem\",\"position\":2,\"name\":\"La riforma \ufeffdella Cavallerizza Reale &#8211; CZA Cino Zucchi Architetti\"}]},{\"@type\":\"WebSite\",\"@id\":\"https:\\\/\\\/www.compagniadisanpaolo.it\\\/it\\\/#website\",\"url\":\"https:\\\/\\\/www.compagniadisanpaolo.it\\\/it\\\/\",\"name\":\"Fondazione Compagnia di San Paolo\",\"description\":\"\",\"publisher\":{\"@id\":\"https:\\\/\\\/www.compagniadisanpaolo.it\\\/it\\\/#organization\"},\"potentialAction\":[{\"@type\":\"SearchAction\",\"target\":{\"@type\":\"EntryPoint\",\"urlTemplate\":\"https:\\\/\\\/www.compagniadisanpaolo.it\\\/it\\\/?s={search_term_string}\"},\"query-input\":{\"@type\":\"PropertyValueSpecification\",\"valueRequired\":true,\"valueName\":\"search_term_string\"}}],\"inLanguage\":\"it-IT\"},{\"@type\":\"Organization\",\"@id\":\"https:\\\/\\\/www.compagniadisanpaolo.it\\\/it\\\/#organization\",\"name\":\"Fondazione Compagnia di San Paolo\",\"url\":\"https:\\\/\\\/www.compagniadisanpaolo.it\\\/it\\\/\",\"logo\":{\"@type\":\"ImageObject\",\"inLanguage\":\"it-IT\",\"@id\":\"https:\\\/\\\/www.compagniadisanpaolo.it\\\/it\\\/#\\\/schema\\\/logo\\\/image\\\/\",\"url\":\"https:\\\/\\\/www.compagniadisanpaolo.it\\\/wp-content\\\/uploads\\\/logo.svg\",\"contentUrl\":\"https:\\\/\\\/www.compagniadisanpaolo.it\\\/wp-content\\\/uploads\\\/logo.svg\",\"width\":769,\"height\":323,\"caption\":\"Fondazione Compagnia di San Paolo\"},\"image\":{\"@id\":\"https:\\\/\\\/www.compagniadisanpaolo.it\\\/it\\\/#\\\/schema\\\/logo\\\/image\\\/\"},\"sameAs\":[\"https:\\\/\\\/www.facebook.com\\\/CompagniaDiSanPaolo\",\"https:\\\/\\\/x.com\\\/CSP_live\",\"http:\\\/\\\/instagram.com\\\/compagniadisanpaolo?ref=badge\",\"https:\\\/\\\/www.linkedin.com\\\/company\\\/compagnia-di-san-paolo\",\"https:\\\/\\\/www.youtube.com\\\/user\\\/compagniadisanpaolo\",\"https:\\\/\\\/it.wikipedia.org\\\/wiki\\\/Compagnia_di_San_Paolo\"]}]}<\/script>\n<!-- \/ Yoast SEO plugin. -->","yoast_head_json":{"title":"La riforma \ufeffdella Cavallerizza Reale - CZA Cino Zucchi Architetti - Fondazione Compagnia di San Paolo","description":"L'Obiettivo Cultura promuove bandi per la cultura, in termini di patrimonio, arte, creativit\u00e0 e partecipazione, per raggiungere gli Obiettivi di Sviluppo Sostenibile.","robots":{"index":"index","follow":"follow","max-snippet":"max-snippet:-1","max-image-preview":"max-image-preview:large","max-video-preview":"max-video-preview:-1"},"canonical":"https:\/\/www.compagniadisanpaolo.it\/it\/cino-zucchi-architetti\/","og_locale":"it_IT","og_type":"article","og_title":"La riforma \ufeffdella Cavallerizza Reale - CZA Cino Zucchi Architetti - Fondazione Compagnia di San Paolo","og_description":"L'Obiettivo Cultura promuove bandi per la cultura, in termini di patrimonio, arte, creativit\u00e0 e partecipazione, per raggiungere gli Obiettivi di Sviluppo Sostenibile.","og_url":"https:\/\/www.compagniadisanpaolo.it\/it\/cino-zucchi-architetti\/","og_site_name":"Fondazione Compagnia di San Paolo","article_publisher":"https:\/\/www.facebook.com\/CompagniaDiSanPaolo","article_modified_time":"2023-06-28T10:08:10+00:00","og_image":[{"width":1616,"height":694,"url":"https:\/\/www.compagniadisanpaolo.it\/wp-content\/uploads\/prog01.jpg","type":"image\/jpeg"}],"twitter_card":"summary_large_image","twitter_site":"@CSP_live","twitter_misc":{"Tempo di lettura stimato":"3 minuti"},"schema":{"@context":"https:\/\/schema.org","@graph":[{"@type":"WebPage","@id":"https:\/\/www.compagniadisanpaolo.it\/it\/cino-zucchi-architetti\/","url":"https:\/\/www.compagniadisanpaolo.it\/it\/cino-zucchi-architetti\/","name":"La riforma \ufeffdella Cavallerizza Reale - CZA Cino Zucchi Architetti - Fondazione Compagnia di San Paolo","isPartOf":{"@id":"https:\/\/www.compagniadisanpaolo.it\/it\/#website"},"primaryImageOfPage":{"@id":"https:\/\/www.compagniadisanpaolo.it\/it\/cino-zucchi-architetti\/#primaryimage"},"image":{"@id":"https:\/\/www.compagniadisanpaolo.it\/it\/cino-zucchi-architetti\/#primaryimage"},"thumbnailUrl":"https:\/\/www.compagniadisanpaolo.it\/wp-content\/uploads\/prog01.jpg","datePublished":"2023-06-27T14:08:51+00:00","dateModified":"2023-06-28T10:08:10+00:00","description":"L'Obiettivo Cultura promuove bandi per la cultura, in termini di patrimonio, arte, creativit\u00e0 e partecipazione, per raggiungere gli Obiettivi di Sviluppo Sostenibile.","breadcrumb":{"@id":"https:\/\/www.compagniadisanpaolo.it\/it\/cino-zucchi-architetti\/#breadcrumb"},"inLanguage":"it-IT","potentialAction":[{"@type":"ReadAction","target":["https:\/\/www.compagniadisanpaolo.it\/it\/cino-zucchi-architetti\/"]}]},{"@type":"ImageObject","inLanguage":"it-IT","@id":"https:\/\/www.compagniadisanpaolo.it\/it\/cino-zucchi-architetti\/#primaryimage","url":"https:\/\/www.compagniadisanpaolo.it\/wp-content\/uploads\/prog01.jpg","contentUrl":"https:\/\/www.compagniadisanpaolo.it\/wp-content\/uploads\/prog01.jpg","width":1616,"height":694},{"@type":"BreadcrumbList","@id":"https:\/\/www.compagniadisanpaolo.it\/it\/cino-zucchi-architetti\/#breadcrumb","itemListElement":[{"@type":"ListItem","position":1,"name":"Home","item":"https:\/\/www.compagniadisanpaolo.it\/it\/"},{"@type":"ListItem","position":2,"name":"La riforma \ufeffdella Cavallerizza Reale &#8211; CZA Cino Zucchi Architetti"}]},{"@type":"WebSite","@id":"https:\/\/www.compagniadisanpaolo.it\/it\/#website","url":"https:\/\/www.compagniadisanpaolo.it\/it\/","name":"Fondazione Compagnia di San Paolo","description":"","publisher":{"@id":"https:\/\/www.compagniadisanpaolo.it\/it\/#organization"},"potentialAction":[{"@type":"SearchAction","target":{"@type":"EntryPoint","urlTemplate":"https:\/\/www.compagniadisanpaolo.it\/it\/?s={search_term_string}"},"query-input":{"@type":"PropertyValueSpecification","valueRequired":true,"valueName":"search_term_string"}}],"inLanguage":"it-IT"},{"@type":"Organization","@id":"https:\/\/www.compagniadisanpaolo.it\/it\/#organization","name":"Fondazione Compagnia di San Paolo","url":"https:\/\/www.compagniadisanpaolo.it\/it\/","logo":{"@type":"ImageObject","inLanguage":"it-IT","@id":"https:\/\/www.compagniadisanpaolo.it\/it\/#\/schema\/logo\/image\/","url":"https:\/\/www.compagniadisanpaolo.it\/wp-content\/uploads\/logo.svg","contentUrl":"https:\/\/www.compagniadisanpaolo.it\/wp-content\/uploads\/logo.svg","width":769,"height":323,"caption":"Fondazione Compagnia di San Paolo"},"image":{"@id":"https:\/\/www.compagniadisanpaolo.it\/it\/#\/schema\/logo\/image\/"},"sameAs":["https:\/\/www.facebook.com\/CompagniaDiSanPaolo","https:\/\/x.com\/CSP_live","http:\/\/instagram.com\/compagniadisanpaolo?ref=badge","https:\/\/www.linkedin.com\/company\/compagnia-di-san-paolo","https:\/\/www.youtube.com\/user\/compagniadisanpaolo","https:\/\/it.wikipedia.org\/wiki\/Compagnia_di_San_Paolo"]}]}},"_links":{"self":[{"href":"https:\/\/www.compagniadisanpaolo.it\/it\/wp-json\/wp\/v2\/pages\/23745","targetHints":{"allow":["GET"]}}],"collection":[{"href":"https:\/\/www.compagniadisanpaolo.it\/it\/wp-json\/wp\/v2\/pages"}],"about":[{"href":"https:\/\/www.compagniadisanpaolo.it\/it\/wp-json\/wp\/v2\/types\/page"}],"author":[{"embeddable":true,"href":"https:\/\/www.compagniadisanpaolo.it\/it\/wp-json\/wp\/v2\/users\/17"}],"replies":[{"embeddable":true,"href":"https:\/\/www.compagniadisanpaolo.it\/it\/wp-json\/wp\/v2\/comments?post=23745"}],"version-history":[{"count":6,"href":"https:\/\/www.compagniadisanpaolo.it\/it\/wp-json\/wp\/v2\/pages\/23745\/revisions"}],"predecessor-version":[{"id":25307,"href":"https:\/\/www.compagniadisanpaolo.it\/it\/wp-json\/wp\/v2\/pages\/23745\/revisions\/25307"}],"wp:featuredmedia":[{"embeddable":true,"href":"https:\/\/www.compagniadisanpaolo.it\/it\/wp-json\/wp\/v2\/media\/23767"}],"wp:attachment":[{"href":"https:\/\/www.compagniadisanpaolo.it\/it\/wp-json\/wp\/v2\/media?parent=23745"}],"curies":[{"name":"wp","href":"https:\/\/api.w.org\/{rel}","templated":true}]}}