{"id":16440,"date":"2022-01-19T15:53:07","date_gmt":"2022-01-19T14:53:07","guid":{"rendered":"https:\/\/www.compagniadisanpaolo.it\/?page_id=16440"},"modified":"2022-01-19T15:53:07","modified_gmt":"2022-01-19T14:53:07","slug":"azioni-zerosei-fare-cultura","status":"publish","type":"page","link":"https:\/\/www.compagniadisanpaolo.it\/it\/i-progetti\/azioni-zerosei-fare-cultura\/","title":{"rendered":"Azioni ZeroSei &#8211; FARE CULTURA"},"content":{"rendered":"<div class=\"wpb-content-wrapper\">[vc_row el_class=&#8221;txt-col mt-5 mb-3&#8243;][vc_column][vc_column_text]\n<h3 class=\"title\">All\u2019interno di questa sezione vengono presentati i materiali prodotti e i risultati ottenuti nell\u2019ambito del progetto ZeroSei. Per consolidare la cultura sulla prima infanzia in una dimensione dialogica e per stimolare uno scambio proficuo che possa alimentare un confronto reciproco.<\/h3>\n[\/vc_column_text][\/vc_column][\/vc_row][vc_row][vc_column][vc_column_text el_class=&#8221;text-headline&#8221;]Con il <a href=\"https:\/\/www.compagniadisanpaolo.it\/it\/progetti\/zerosei\/\" target=\"_blank\" rel=\"noopener\">Programma ZeroSei<\/a>\u00a0e la <a href=\"https:\/\/www.compagniadisanpaolo.it\/it\/le-nostre-sfide\/obiettivo-persone\/educare-per-crescere-insieme\/\" target=\"_blank\" rel=\"noopener\">Missione Educare per crescere insieme<\/a> dell\u2019<a href=\"https:\/\/www.compagniadisanpaolo.it\/it\/le-nostre-sfide\/obiettivo-persone\/\" target=\"_blank\" rel=\"noopener\">Obiettivo Persone<\/a>, la Fondazione Compagnia di San Paolo, vuole <strong>investire concretamente sulla prima infanzia<\/strong> in quanto fase cruciale per la vita delle persone, per la loro crescita e per il loro benessere futuro.<\/p>\n<p>&nbsp;<\/p>\n<p>Il periodo della vita che va da 0 a 6 anni \u00e8 fondamentale per molteplici aspetti dello sviluppo perch\u00e9, in questo periodo, bambine e bambini sono soggetti a una prima <strong>evoluzione della sfera cognitiva<\/strong>, <strong>emotiva<\/strong> e <strong>socio-affettiva<\/strong>. A questa evoluzione per\u00f2 concorrono altri fattori fondamentali come la <strong>presenza di figure genitoriali<\/strong> e un <strong>contesto familiare<\/strong>, <strong>educativo<\/strong> e <strong>sociale<\/strong> <strong>attento e responsivo <\/strong>ai bisogni dei pi\u00f9 piccoli.<\/p>\n<p>&nbsp;<\/p>\n<p>Gli investimenti della Fondazione Compagnia di San Paolo si sono quindi concretizzati in diverse azioni tra cui:<\/p>\n<p>&#8211;<strong> bandi per stimolare innovazioni nei servizi<\/strong> e risposte integrate e multidisciplinari;<\/p>\n<p>&#8211;<strong> sperimentazioni di spazi e luoghi che accolgono e promuovono il protagonismo delle famiglie<\/strong>;<\/p>\n<p>&#8211;<strong> azioni di capacity-building e di valorizzazione delle<\/strong> competenze dei tanti stakeholder pubblici e privati con cui negli anni si \u00e8 costruita una alleanza;<\/p>\n<p>&#8211; la creazione di <strong>una comunit\u00e0 educante diffusa che ha a cuore i pi\u00f9 piccoli <\/strong>e le persone che si prendono cura di loro.<\/p>\n<p>&nbsp;<\/p>\n<p><strong>Tutte queste azioni sono fondamentali per contribuire a mitigare il rischio di diseguaglianze <\/strong>soprattutto per le bambine e i bambini che vivono in situazioni a maggior rischio di vulnerabilit\u00e0.<\/p>\n<p>&nbsp;<\/p>\n<p>Quanto seminato in questi anni attraverso la collaborazione con molti professionisti e operatori \u00e8 estremamente prezioso, per questo motivo la <strong>Fondazione Compagnia di San Paolo ha voluto raccogliere all\u2019interno di questa sezione alcune<\/strong> <strong>lezioni apprese<\/strong>, oltre alle indicazioni che sono emerse dalla riflessione sul fare, nell\u2019arco di tutto questo percorso.<\/p>\n<p>Con l\u2019auspicio che questo contribuisca ad <strong>attivare uno scambio proficuo e che possa alimentare un confronto reciproco<\/strong>, nell\u2019arco dei prossimi mesi la sezione verr\u00e0 arricchita con i <strong>documenti<\/strong>, i <strong>materiali<\/strong>, gli <strong>strumenti<\/strong> che via via verranno prodotti e messi a sistema.<\/p>\n<p>La Fondazione compagnia di San Paolo \u00e8 infatti convinta del fatto che oggi sia cruciale <strong>consolidare la cultura sulla prima infanzia in una dimensione dialogica<\/strong>,<strong> aperta<\/strong>, <strong>che possa contribuire alla crescita del sistema<\/strong> nel suo complesso.[\/vc_column_text][\/vc_column][\/vc_row][vc_row el_class=&#8221;sdg-list-wrap&#8221;][vc_column][vc_raw_html]JTVCU2V6aW9uZV9Eb2N1bWVudGklNUQ=[\/vc_raw_html][\/vc_column][\/vc_row][vc_row disable_element=&#8221;yes&#8221; el_class=&#8221;gallery-slider-wrap&#8221;][vc_column]<div id=\"ult-carousel-14452971769d27c784f7d5\" class=\"ult-carousel-wrapper   ult_horizontal\" data-gutter=\"15\" data-rtl=\"false\" ><div class=\"ult-carousel-9450000769d27c784f5bc \" >[vc_single_image image=&#8221;7082&#8243; img_size=&#8221;full&#8221;][vc_single_image image=&#8221;7086&#8243; img_size=&#8221;full&#8221;][vc_single_image image=&#8221;7084&#8243; img_size=&#8221;full&#8221;]<\/div><\/div>\t\t\t<script type=\"text\/javascript\">\r\n\t\t\t\tjQuery(document).ready(function ($) {\r\n\t\t\t\t\tif( typeof jQuery('.ult-carousel-9450000769d27c784f5bc').slick == \"function\"){\r\n\t\t\t\t\t\t$('.ult-carousel-9450000769d27c784f5bc').slick({dots: false,autoplay: true,autoplaySpeed: 5000,speed: 300,infinite: true,arrows: true,nextArrow: '<button type=\"button\" role=\"button\" aria-label=\"Next\" style=\"color:#333333; font-size:20px;\" class=\"slick-next default\"><i class=\"ultsl-arrow-right6\"><\/i><\/button>',prevArrow: '<button type=\"button\" role=\"button\" aria-label=\"Previous\" style=\"color:#333333; font-size:20px;\" class=\"slick-prev default\"><i class=\"ultsl-arrow-left6\"><\/i><\/button>',slidesToScroll:3,slidesToShow:3,swipe: true,draggable: true,touchMove: true,pauseOnHover: true,pauseOnFocus: false,responsive: [\r\n\t\t\t\t\t\t\t{\r\n\t\t\t\t\t\t\t  breakpoint: 1026,\r\n\t\t\t\t\t\t\t  settings: {\r\n\t\t\t\t\t\t\t\tslidesToShow: 3,\r\n\t\t\t\t\t\t\t\tslidesToScroll: 3,  \r\n\t\t\t\t\t\t\t  }\r\n\t\t\t\t\t\t\t},\r\n\t\t\t\t\t\t\t{\r\n\t\t\t\t\t\t\t  breakpoint: 1025,\r\n\t\t\t\t\t\t\t  settings: {\r\n\t\t\t\t\t\t\t\tslidesToShow: 3,\r\n\t\t\t\t\t\t\t\tslidesToScroll: 3\r\n\t\t\t\t\t\t\t  }\r\n\t\t\t\t\t\t\t},\r\n\t\t\t\t\t\t\t{\r\n\t\t\t\t\t\t\t  breakpoint: 760,\r\n\t\t\t\t\t\t\t  settings: {\r\n\t\t\t\t\t\t\t\tslidesToShow: 2,\r\n\t\t\t\t\t\t\t\tslidesToScroll: 2\r\n\t\t\t\t\t\t\t  }\r\n\t\t\t\t\t\t\t}\r\n\t\t\t\t\t\t],pauseOnDotsHover: true,customPaging: function(slider, i) {\r\n                   return '<i type=\"button\" style= \"color:#333333;\" class=\"ultsl-record\" data-role=\"none\"><\/i>';\r\n                },});\r\n\t\t\t\t\t}\r\n\t\t\t\t});\r\n\t\t\t<\/script>\r\n\t\t\t[\/vc_column][\/vc_row]\n<\/div>","protected":false},"excerpt":{"rendered":"<p>[vc_row el_class=&#8221;txt-col mt-5 mb-3&#8243;][vc_column][vc_column_text] All\u2019interno di questa sezione vengono presentati i materiali prodotti e i risultati ottenuti nell\u2019ambito del progetto ZeroSei. Per consolidare la cultura sulla prima infanzia in una dimensione dialogica e per stimolare uno scambio proficuo che possa alimentare un confronto reciproco. [\/vc_column_text][\/vc_column][\/vc_row][vc_row][vc_column][vc_column_text el_class=&#8221;text-headline&#8221;]Con il Programma ZeroSei\u00a0e la Missione Educare per crescere insieme dell\u2019Obiettivo Persone, la Fondazione Compagnia di San Paolo, vuole investire concretamente sulla prima infanzia in quanto fase cruciale per la vita delle persone, per la loro crescita e per il loro benessere futuro. &nbsp; Il periodo della vita che va da 0 a 6 anni \u00e8 fondamentale per molteplici aspetti dello sviluppo perch\u00e9, in questo periodo, bambine e bambini sono soggetti a una prima evoluzione della sfera cognitiva, emotiva e socio-affettiva. A questa evoluzione per\u00f2 concorrono altri fattori fondamentali come la presenza di figure genitoriali e un contesto familiare, educativo e sociale attento e responsivo ai bisogni dei pi\u00f9 piccoli. &nbsp; Gli investimenti della Fondazione Compagnia di San Paolo si sono quindi concretizzati in diverse azioni tra cui: &#8211; bandi per stimolare innovazioni nei servizi e risposte integrate e multidisciplinari; &#8211; sperimentazioni di spazi e luoghi che accolgono e promuovono il protagonismo delle famiglie; &#8211; azioni di capacity-building e di valorizzazione delle competenze dei tanti stakeholder pubblici e privati con cui negli anni si \u00e8 costruita una alleanza; &#8211; la creazione di una comunit\u00e0 educante diffusa che ha a cuore i pi\u00f9 piccoli e le persone che si prendono cura di loro. &nbsp; Tutte queste azioni sono fondamentali per contribuire a mitigare il rischio di diseguaglianze soprattutto per le bambine e i bambini che vivono in situazioni a maggior rischio di vulnerabilit\u00e0. &nbsp; Quanto seminato in questi anni attraverso la collaborazione con molti professionisti e operatori \u00e8 estremamente prezioso, per questo motivo la Fondazione Compagnia di San Paolo ha voluto raccogliere all\u2019interno di questa sezione alcune lezioni apprese, oltre alle indicazioni che sono emerse dalla riflessione sul fare, nell\u2019arco di tutto questo percorso. Con l\u2019auspicio che questo contribuisca ad attivare uno scambio proficuo e che possa alimentare un confronto reciproco, nell\u2019arco dei prossimi mesi la sezione verr\u00e0 arricchita con i documenti, i materiali, gli strumenti che via via verranno prodotti e messi a sistema. La Fondazione compagnia di San Paolo \u00e8 infatti convinta del fatto che oggi sia cruciale consolidare la cultura sulla prima infanzia in una dimensione dialogica, aperta, che possa contribuire alla crescita del sistema nel suo complesso.[\/vc_column_text][\/vc_column][\/vc_row][vc_row el_class=&#8221;sdg-list-wrap&#8221;][vc_column][vc_raw_html]JTVCU2V6aW9uZV9Eb2N1bWVudGklNUQ=[\/vc_raw_html][\/vc_column][\/vc_row][vc_row disable_element=&#8221;yes&#8221; el_class=&#8221;gallery-slider-wrap&#8221;][vc_column][\/vc_column][\/vc_row]<\/p>\n","protected":false},"author":19,"featured_media":16262,"parent":69,"menu_order":2,"comment_status":"closed","ping_status":"closed","template":"","meta":{"_acf_changed":false,"content-type":"","footnotes":""},"class_list":["post-16440","page","type-page","status-publish","has-post-thumbnail","hentry","entry","post-inner"],"acf":[],"yoast_head":"<!-- This site is optimized with the Yoast SEO plugin v27.3 - https:\/\/yoast.com\/product\/yoast-seo-wordpress\/ -->\n<title>Azioni ZeroSei - FARE CULTURA - Fondazione Compagnia di San Paolo<\/title>\n<meta name=\"description\" content=\"I risultati ottenuti nell\u2019ambito del progetto ZeroSei. Per consolidare la cultura sulla prima infanzia in una dimensione dialogica.\" \/>\n<meta name=\"robots\" content=\"index, follow, max-snippet:-1, max-image-preview:large, max-video-preview:-1\" \/>\n<link rel=\"canonical\" href=\"https:\/\/www.compagniadisanpaolo.it\/it\/i-progetti\/azioni-zerosei-fare-cultura\/\" \/>\n<meta property=\"og:locale\" content=\"it_IT\" \/>\n<meta property=\"og:type\" content=\"article\" \/>\n<meta property=\"og:title\" content=\"Azioni ZeroSei - FARE CULTURA - Fondazione Compagnia di San Paolo\" \/>\n<meta property=\"og:description\" content=\"I risultati ottenuti nell\u2019ambito del progetto ZeroSei. Per consolidare la cultura sulla prima infanzia in una dimensione dialogica.\" \/>\n<meta property=\"og:url\" content=\"https:\/\/www.compagniadisanpaolo.it\/it\/i-progetti\/azioni-zerosei-fare-cultura\/\" \/>\n<meta property=\"og:site_name\" content=\"Fondazione Compagnia di San Paolo\" \/>\n<meta property=\"article:publisher\" content=\"https:\/\/www.facebook.com\/CompagniaDiSanPaolo\" \/>\n<meta property=\"og:image\" content=\"https:\/\/www.compagniadisanpaolo.it\/wp-content\/uploads\/2-zerosei-head.jpg\" \/>\n\t<meta property=\"og:image:width\" content=\"815\" \/>\n\t<meta property=\"og:image:height\" content=\"350\" \/>\n\t<meta property=\"og:image:type\" content=\"image\/jpeg\" \/>\n<meta name=\"twitter:card\" content=\"summary_large_image\" \/>\n<meta name=\"twitter:site\" content=\"@CSP_live\" \/>\n<meta name=\"twitter:label1\" content=\"Tempo di lettura stimato\" \/>\n\t<meta name=\"twitter:data1\" content=\"3 minuti\" \/>\n<script type=\"application\/ld+json\" class=\"yoast-schema-graph\">{\"@context\":\"https:\\\/\\\/schema.org\",\"@graph\":[{\"@type\":\"WebPage\",\"@id\":\"https:\\\/\\\/www.compagniadisanpaolo.it\\\/it\\\/i-progetti\\\/azioni-zerosei-fare-cultura\\\/\",\"url\":\"https:\\\/\\\/www.compagniadisanpaolo.it\\\/it\\\/i-progetti\\\/azioni-zerosei-fare-cultura\\\/\",\"name\":\"Azioni ZeroSei - FARE CULTURA - Fondazione Compagnia di San Paolo\",\"isPartOf\":{\"@id\":\"https:\\\/\\\/www.compagniadisanpaolo.it\\\/it\\\/#website\"},\"primaryImageOfPage\":{\"@id\":\"https:\\\/\\\/www.compagniadisanpaolo.it\\\/it\\\/i-progetti\\\/azioni-zerosei-fare-cultura\\\/#primaryimage\"},\"image\":{\"@id\":\"https:\\\/\\\/www.compagniadisanpaolo.it\\\/it\\\/i-progetti\\\/azioni-zerosei-fare-cultura\\\/#primaryimage\"},\"thumbnailUrl\":\"https:\\\/\\\/www.compagniadisanpaolo.it\\\/wp-content\\\/uploads\\\/2-zerosei-head.jpg\",\"datePublished\":\"2022-01-19T14:53:07+00:00\",\"description\":\"I risultati ottenuti nell\u2019ambito del progetto ZeroSei. Per consolidare la cultura sulla prima infanzia in una dimensione dialogica.\",\"breadcrumb\":{\"@id\":\"https:\\\/\\\/www.compagniadisanpaolo.it\\\/it\\\/i-progetti\\\/azioni-zerosei-fare-cultura\\\/#breadcrumb\"},\"inLanguage\":\"it-IT\",\"potentialAction\":[{\"@type\":\"ReadAction\",\"target\":[\"https:\\\/\\\/www.compagniadisanpaolo.it\\\/it\\\/i-progetti\\\/azioni-zerosei-fare-cultura\\\/\"]}]},{\"@type\":\"ImageObject\",\"inLanguage\":\"it-IT\",\"@id\":\"https:\\\/\\\/www.compagniadisanpaolo.it\\\/it\\\/i-progetti\\\/azioni-zerosei-fare-cultura\\\/#primaryimage\",\"url\":\"https:\\\/\\\/www.compagniadisanpaolo.it\\\/wp-content\\\/uploads\\\/2-zerosei-head.jpg\",\"contentUrl\":\"https:\\\/\\\/www.compagniadisanpaolo.it\\\/wp-content\\\/uploads\\\/2-zerosei-head.jpg\",\"width\":815,\"height\":350},{\"@type\":\"BreadcrumbList\",\"@id\":\"https:\\\/\\\/www.compagniadisanpaolo.it\\\/it\\\/i-progetti\\\/azioni-zerosei-fare-cultura\\\/#breadcrumb\",\"itemListElement\":[{\"@type\":\"ListItem\",\"position\":1,\"name\":\"Home\",\"item\":\"https:\\\/\\\/www.compagniadisanpaolo.it\\\/it\\\/\"},{\"@type\":\"ListItem\",\"position\":2,\"name\":\"I progetti\",\"item\":\"https:\\\/\\\/www.compagniadisanpaolo.it\\\/it\\\/i-progetti\\\/\"},{\"@type\":\"ListItem\",\"position\":3,\"name\":\"Azioni ZeroSei &#8211; FARE CULTURA\"}]},{\"@type\":\"WebSite\",\"@id\":\"https:\\\/\\\/www.compagniadisanpaolo.it\\\/it\\\/#website\",\"url\":\"https:\\\/\\\/www.compagniadisanpaolo.it\\\/it\\\/\",\"name\":\"Fondazione Compagnia di San Paolo\",\"description\":\"\",\"publisher\":{\"@id\":\"https:\\\/\\\/www.compagniadisanpaolo.it\\\/it\\\/#organization\"},\"potentialAction\":[{\"@type\":\"SearchAction\",\"target\":{\"@type\":\"EntryPoint\",\"urlTemplate\":\"https:\\\/\\\/www.compagniadisanpaolo.it\\\/it\\\/?s={search_term_string}\"},\"query-input\":{\"@type\":\"PropertyValueSpecification\",\"valueRequired\":true,\"valueName\":\"search_term_string\"}}],\"inLanguage\":\"it-IT\"},{\"@type\":\"Organization\",\"@id\":\"https:\\\/\\\/www.compagniadisanpaolo.it\\\/it\\\/#organization\",\"name\":\"Fondazione Compagnia di San Paolo\",\"url\":\"https:\\\/\\\/www.compagniadisanpaolo.it\\\/it\\\/\",\"logo\":{\"@type\":\"ImageObject\",\"inLanguage\":\"it-IT\",\"@id\":\"https:\\\/\\\/www.compagniadisanpaolo.it\\\/it\\\/#\\\/schema\\\/logo\\\/image\\\/\",\"url\":\"https:\\\/\\\/www.compagniadisanpaolo.it\\\/wp-content\\\/uploads\\\/logo.svg\",\"contentUrl\":\"https:\\\/\\\/www.compagniadisanpaolo.it\\\/wp-content\\\/uploads\\\/logo.svg\",\"width\":769,\"height\":323,\"caption\":\"Fondazione Compagnia di San Paolo\"},\"image\":{\"@id\":\"https:\\\/\\\/www.compagniadisanpaolo.it\\\/it\\\/#\\\/schema\\\/logo\\\/image\\\/\"},\"sameAs\":[\"https:\\\/\\\/www.facebook.com\\\/CompagniaDiSanPaolo\",\"https:\\\/\\\/x.com\\\/CSP_live\",\"http:\\\/\\\/instagram.com\\\/compagniadisanpaolo?ref=badge\",\"https:\\\/\\\/www.linkedin.com\\\/company\\\/compagnia-di-san-paolo\",\"https:\\\/\\\/www.youtube.com\\\/user\\\/compagniadisanpaolo\",\"https:\\\/\\\/it.wikipedia.org\\\/wiki\\\/Compagnia_di_San_Paolo\"]}]}<\/script>\n<!-- \/ Yoast SEO plugin. -->","yoast_head_json":{"title":"Azioni ZeroSei - FARE CULTURA - Fondazione Compagnia di San Paolo","description":"I risultati ottenuti nell\u2019ambito del progetto ZeroSei. Per consolidare la cultura sulla prima infanzia in una dimensione dialogica.","robots":{"index":"index","follow":"follow","max-snippet":"max-snippet:-1","max-image-preview":"max-image-preview:large","max-video-preview":"max-video-preview:-1"},"canonical":"https:\/\/www.compagniadisanpaolo.it\/it\/i-progetti\/azioni-zerosei-fare-cultura\/","og_locale":"it_IT","og_type":"article","og_title":"Azioni ZeroSei - FARE CULTURA - Fondazione Compagnia di San Paolo","og_description":"I risultati ottenuti nell\u2019ambito del progetto ZeroSei. Per consolidare la cultura sulla prima infanzia in una dimensione dialogica.","og_url":"https:\/\/www.compagniadisanpaolo.it\/it\/i-progetti\/azioni-zerosei-fare-cultura\/","og_site_name":"Fondazione Compagnia di San Paolo","article_publisher":"https:\/\/www.facebook.com\/CompagniaDiSanPaolo","og_image":[{"width":815,"height":350,"url":"https:\/\/www.compagniadisanpaolo.it\/wp-content\/uploads\/2-zerosei-head.jpg","type":"image\/jpeg"}],"twitter_card":"summary_large_image","twitter_site":"@CSP_live","twitter_misc":{"Tempo di lettura stimato":"3 minuti"},"schema":{"@context":"https:\/\/schema.org","@graph":[{"@type":"WebPage","@id":"https:\/\/www.compagniadisanpaolo.it\/it\/i-progetti\/azioni-zerosei-fare-cultura\/","url":"https:\/\/www.compagniadisanpaolo.it\/it\/i-progetti\/azioni-zerosei-fare-cultura\/","name":"Azioni ZeroSei - FARE CULTURA - Fondazione Compagnia di San Paolo","isPartOf":{"@id":"https:\/\/www.compagniadisanpaolo.it\/it\/#website"},"primaryImageOfPage":{"@id":"https:\/\/www.compagniadisanpaolo.it\/it\/i-progetti\/azioni-zerosei-fare-cultura\/#primaryimage"},"image":{"@id":"https:\/\/www.compagniadisanpaolo.it\/it\/i-progetti\/azioni-zerosei-fare-cultura\/#primaryimage"},"thumbnailUrl":"https:\/\/www.compagniadisanpaolo.it\/wp-content\/uploads\/2-zerosei-head.jpg","datePublished":"2022-01-19T14:53:07+00:00","description":"I risultati ottenuti nell\u2019ambito del progetto ZeroSei. Per consolidare la cultura sulla prima infanzia in una dimensione dialogica.","breadcrumb":{"@id":"https:\/\/www.compagniadisanpaolo.it\/it\/i-progetti\/azioni-zerosei-fare-cultura\/#breadcrumb"},"inLanguage":"it-IT","potentialAction":[{"@type":"ReadAction","target":["https:\/\/www.compagniadisanpaolo.it\/it\/i-progetti\/azioni-zerosei-fare-cultura\/"]}]},{"@type":"ImageObject","inLanguage":"it-IT","@id":"https:\/\/www.compagniadisanpaolo.it\/it\/i-progetti\/azioni-zerosei-fare-cultura\/#primaryimage","url":"https:\/\/www.compagniadisanpaolo.it\/wp-content\/uploads\/2-zerosei-head.jpg","contentUrl":"https:\/\/www.compagniadisanpaolo.it\/wp-content\/uploads\/2-zerosei-head.jpg","width":815,"height":350},{"@type":"BreadcrumbList","@id":"https:\/\/www.compagniadisanpaolo.it\/it\/i-progetti\/azioni-zerosei-fare-cultura\/#breadcrumb","itemListElement":[{"@type":"ListItem","position":1,"name":"Home","item":"https:\/\/www.compagniadisanpaolo.it\/it\/"},{"@type":"ListItem","position":2,"name":"I progetti","item":"https:\/\/www.compagniadisanpaolo.it\/it\/i-progetti\/"},{"@type":"ListItem","position":3,"name":"Azioni ZeroSei &#8211; FARE CULTURA"}]},{"@type":"WebSite","@id":"https:\/\/www.compagniadisanpaolo.it\/it\/#website","url":"https:\/\/www.compagniadisanpaolo.it\/it\/","name":"Fondazione Compagnia di San Paolo","description":"","publisher":{"@id":"https:\/\/www.compagniadisanpaolo.it\/it\/#organization"},"potentialAction":[{"@type":"SearchAction","target":{"@type":"EntryPoint","urlTemplate":"https:\/\/www.compagniadisanpaolo.it\/it\/?s={search_term_string}"},"query-input":{"@type":"PropertyValueSpecification","valueRequired":true,"valueName":"search_term_string"}}],"inLanguage":"it-IT"},{"@type":"Organization","@id":"https:\/\/www.compagniadisanpaolo.it\/it\/#organization","name":"Fondazione Compagnia di San Paolo","url":"https:\/\/www.compagniadisanpaolo.it\/it\/","logo":{"@type":"ImageObject","inLanguage":"it-IT","@id":"https:\/\/www.compagniadisanpaolo.it\/it\/#\/schema\/logo\/image\/","url":"https:\/\/www.compagniadisanpaolo.it\/wp-content\/uploads\/logo.svg","contentUrl":"https:\/\/www.compagniadisanpaolo.it\/wp-content\/uploads\/logo.svg","width":769,"height":323,"caption":"Fondazione Compagnia di San Paolo"},"image":{"@id":"https:\/\/www.compagniadisanpaolo.it\/it\/#\/schema\/logo\/image\/"},"sameAs":["https:\/\/www.facebook.com\/CompagniaDiSanPaolo","https:\/\/x.com\/CSP_live","http:\/\/instagram.com\/compagniadisanpaolo?ref=badge","https:\/\/www.linkedin.com\/company\/compagnia-di-san-paolo","https:\/\/www.youtube.com\/user\/compagniadisanpaolo","https:\/\/it.wikipedia.org\/wiki\/Compagnia_di_San_Paolo"]}]}},"_links":{"self":[{"href":"https:\/\/www.compagniadisanpaolo.it\/it\/wp-json\/wp\/v2\/pages\/16440","targetHints":{"allow":["GET"]}}],"collection":[{"href":"https:\/\/www.compagniadisanpaolo.it\/it\/wp-json\/wp\/v2\/pages"}],"about":[{"href":"https:\/\/www.compagniadisanpaolo.it\/it\/wp-json\/wp\/v2\/types\/page"}],"author":[{"embeddable":true,"href":"https:\/\/www.compagniadisanpaolo.it\/it\/wp-json\/wp\/v2\/users\/19"}],"replies":[{"embeddable":true,"href":"https:\/\/www.compagniadisanpaolo.it\/it\/wp-json\/wp\/v2\/comments?post=16440"}],"version-history":[{"count":13,"href":"https:\/\/www.compagniadisanpaolo.it\/it\/wp-json\/wp\/v2\/pages\/16440\/revisions"}],"predecessor-version":[{"id":32361,"href":"https:\/\/www.compagniadisanpaolo.it\/it\/wp-json\/wp\/v2\/pages\/16440\/revisions\/32361"}],"up":[{"embeddable":true,"href":"https:\/\/www.compagniadisanpaolo.it\/it\/wp-json\/wp\/v2\/pages\/69"}],"wp:featuredmedia":[{"embeddable":true,"href":"https:\/\/www.compagniadisanpaolo.it\/it\/wp-json\/wp\/v2\/media\/16262"}],"wp:attachment":[{"href":"https:\/\/www.compagniadisanpaolo.it\/it\/wp-json\/wp\/v2\/media?parent=16440"}],"curies":[{"name":"wp","href":"https:\/\/api.w.org\/{rel}","templated":true}]}}