{"id":161,"date":"2020-04-14T01:39:51","date_gmt":"2020-04-13T23:39:51","guid":{"rendered":"http:\/\/206.189.118.163\/?page_id=161"},"modified":"2026-01-07T15:49:47","modified_gmt":"2026-01-07T14:49:47","slug":"struttura","status":"publish","type":"page","link":"https:\/\/www.compagniadisanpaolo.it\/it\/fondazione\/struttura\/","title":{"rendered":"Struttura"},"content":{"rendered":"<div class=\"wpb-content-wrapper\">[vc_row el_class=&#8221;mb-medium mt-medium&#8221;][vc_column][vc_single_image image=&#8221;40962&#8243; img_size=&#8221;full&#8221; css=&#8221;&#8221; el_class=&#8221;svg&#8221;][\/vc_column][\/vc_row][vc_row][vc_column el_class=&#8221;structure-wrap&#8221;][vc_column_text el_class=&#8221;structure-box&#8221;]\n<h2 class=\"title\">Segretario Generale<\/h2>\n<div class=\"text\">\n<p>Il Segretario Generale\u00a0<strong>\u00e8 nominato dal Comitato di Gestione<\/strong>. \u00c8 a\u00a0<strong class=\"hl\">capo della struttura operativa<\/strong> della Fondazione.<\/p>\n<\/div>\n<p><a class=\"standard-link standard-link-fixed\" href=\"\/it\/fondazione\/organi\/segretario-generale\/\">SCOPRI DI PI\u00d9<\/a>[\/vc_column_text][\/vc_column][\/vc_row][vc_row][vc_column el_class=&#8221;structure-wrap&#8221;][vc_column_text css=&#8221;&#8221; el_class=&#8221;structure-box&#8221;]\n<h2 class=\"title\">Direzione Governance<\/h2>\n<div class=\"text\">\n<p>Comprende la <strong>Segreteria degli Organi<\/strong>, la <strong>Comunicazione<\/strong>, gli <strong>Studi<\/strong> e le <strong>Segreterie del Presidente e del Segretario Generale<\/strong>. \u00c8 il riferimento per il supporto nelle <strong class=\"hl\">relazioni istituzionali della Fondazione<\/strong>. Le sono affidati i progetti di valenza istituzionale di riqualificazione della Cavallerizza Reale e dei servizi di filantropia a disposizione dei donatori privati (PAAS).<\/p>\n<\/div>\n<p><a class=\"standard-link standard-link-fixed\" href=\"\/it\/fondazione\/struttura\/governance\/\">SCOPRI DI PI\u00d9<\/a>[\/vc_column_text][\/vc_column][\/vc_row][vc_row disable_element=&#8221;yes&#8221;][vc_column el_class=&#8221;structure-wrap&#8221;][vc_column_text el_class=&#8221;structure-box&#8221;]\n<h2 class=\"title\">Comunicazione<\/h2>\n<div class=\"text\">\n<p>Cura la\u00a0<strong class=\"hl\">comunicazione esterna e interna<\/strong>, oltre a gestire gli\u00a0<strong>eventi istituzionali<\/strong> organizzati e\/o sostenuti dalla Fondazione Compagnia di San Paolo.<\/p>\n<\/div>\n<p><a class=\"standard-link standard-link-fixed\" href=\"\/it\/fondazione\/struttura\/comunicazione\/\">SCOPRI DI PI\u00d9<\/a>[\/vc_column_text][\/vc_column][\/vc_row][vc_row][vc_column el_class=&#8221;structure-wrap&#8221;][vc_column_text css=&#8221;&#8221; el_class=&#8221;structure-box&#8221;]\n<h2 class=\"title\">Direzione Learning<\/h2>\n<div class=\"text\">\n<p>Presidia e coordina il <strong class=\"hl\">processo di acquisizione ed elaborazione dei dati<\/strong> al fine di monitorare e valutare l\u2019impatto delle proprie policy, di <strong>sviluppare approcci e metodologie<\/strong> che consentano di assumere decisioni informate e basate sull\u2019evidenza, coerentemente con la definizione di Learning Organization. Coordina l\u2019<strong>avvio di progetti complessi e supervisiona progetti multisettoriali<\/strong>\u00a0con competenze trasversali di\u00a0innovazione e integrazione. Presidia inoltre il processo relativo alla predisposizione dei documenti programmatici e istituzionali.<\/p>\n<\/div>\n<p><a class=\"standard-link standard-link-fixed\" href=\"\/it\/fondazione\/struttura\/direzione-learning\/\">SCOPRI DI PI\u00d9<\/a>[\/vc_column_text][\/vc_column][\/vc_row][vc_row][vc_column el_class=&#8221;structure-wrap&#8221;][vc_column_text css=&#8221;&#8221; el_class=&#8221;structure-box&#8221;]\n<h2 class=\"title\">Direzione Operations<\/h2>\n<div class=\"text\">\n<p>Presidia e coordina gli <strong class=\"hl\">aspetti amministrativi e organizzativi<\/strong> della Fondazione, garantendo l\u2019efficienza dell\u2019intera struttura rispetto agli obiettivi strategici, promuovendo <strong>una cultura organizzativa orientata al miglioramento continuo<\/strong> e collaborando alla concretizzazione dell\u2019<strong>approccio trust-based<\/strong>. Assicura l\u2019aderenza alle normative vigenti, la trasparenza e il rispetto dei processi e la valorizzazione delle risorse umane. Gestisce inoltre i rapporti con la societ\u00e0 consortile <strong>PR.I.S.MA<\/strong> \u2013 Progetti Innovazione Soluzioni Management S.c.r.l<\/p>\n<\/div>\n<p><a class=\"standard-link standard-link-fixed\" href=\"\/it\/fondazione\/struttura\/direzione-operations\/\">SCOPRI DI PI\u00d9<\/a>[\/vc_column_text][\/vc_column][\/vc_row][vc_row][vc_column el_class=&#8221;structure-wrap&#8221;][vc_column_text css=&#8221;&#8221; el_class=&#8221;structure-box&#8221;]\n<h2 class=\"title\">Direzione Finanza<\/h2>\n<div class=\"text\">\n<p>Presidia le <strong>partecipazioni societarie<\/strong>, l\u2019attuazione delle decisioni assunte nell\u2019ambito del <strong class=\"hl\">processo d\u2019investimento<\/strong> del <strong>portafoglio strategico<\/strong> e del <strong>portafoglio diversificato<\/strong>, nonch\u00e9 il <strong>monitoraggio<\/strong>, anche in ottica ESG, e le <strong>analisi<\/strong> connesse all\u2019investimento del patrimonio.<\/p>\n<\/div>\n<p><a class=\"standard-link standard-link-fixed\" href=\"\/it\/fondazione\/struttura\/direzione-finanza\/\">SCOPRI DI PI\u00d9<\/a>[\/vc_column_text][\/vc_column][\/vc_row][vc_row gap=&#8221;20&#8243;][vc_column][vc_empty_space][\/vc_column][\/vc_row][vc_row gap=&#8221;20&#8243; el_class=&#8221;missione&#8221;][vc_column][vc_column_text]<div class=\"row structure-wrap obj-culture\">\n      <div class=\"col-12 col-md-5\">\n\t<div class=\"structure-box \">\n\t  <div class=\"obj-small-box mb-4\"><\/div>\n\t  <h2 class=\"title mb-2\">Obiettivo Cultura<\/h2>\n\t  <h3 class=\"subtitle\">Arte, Patrimonio, Partecipazione.\n\t    <br>Immaginiamo il futuro<\/h3>\n\t  \n\t  <a class=\"standard-link standard-link-fixed\" href=\"\/it\/fondazione\/struttura\/obiettivo-cultura-struttura\/\">Scopri di pi\u00f9<\/a>\n\t<\/div>\n      <\/div>\n\n      <div class=\"col-12 col-md-6 offset-md-1 col-lg-5 col-xl-4\">\n\t<div class=\"list-square\">\n\t  <h3 class=\"title\">\n\t    missioni\n\t  <\/h3>\n\t  <ul>\n\t  \t  <li><a href=\"\/it\/le-nostre-sfide\/obiettivo-cultura\/creare-attrattivita\/\">Creare attrattivit\u00e0<\/a><\/li>\n\t      <li><a href=\"\/it\/le-nostre-sfide\/obiettivo-cultura\/sviluppare-competenze\/\">Sviluppare competenze<\/a><\/li>\n\t      <li><a href=\"\/it\/le-nostre-sfide\/obiettivo-cultura\/custodire-la-bellezza\/\">Custodire la bellezza<\/a><\/li>\n\t      <li><a href=\"\/it\/le-nostre-sfide\/obiettivo-cultura\/favorire-partecipazione-attiva\/\">Favorire partecipazione attiva<\/a><\/li>\n\t  <\/ul>\n\t<\/div>\n      <\/div>     \n    <\/div>[\/vc_column_text][\/vc_column][\/vc_row][vc_row gap=&#8221;20&#8243; el_class=&#8221;missione&#8221;][vc_column][vc_column_text]<div class=\"row structure-wrap obj-people\">\n      <div class=\"col-12 col-md-5\">\n\t<div class=\"structure-box \">\n\t  <div class=\"obj-small-box mb-4\"><\/div>\n\t  <h2 class=\"title mb-2\">Obiettivo Persone<\/h2>\n\t  <h3 class=\"subtitle\">Opportunit\u00e0, Autonomia, Inclusione.\n\t    <br>Costruiamo il futuro.<\/h3>\n\t    \n\t    <a class=\"standard-link standard-link-fixed\" href=\"\/it\/fondazione\/struttura\/obiettivo-persone-struttura\/\">Scopri di pi\u00f9<\/a>\n\t<\/div>\n      <\/div>\n\n      <div class=\"col-12 col-md-6 offset-md-1 col-lg-5 col-xl-4\">\n\t<div class=\"list-square\">\n\t  <h3 class=\"title\">\n\t    missioni\n\t  <\/h3>\n\t  \n\t  <ul>\n\t    <li><a href=\"\/it\/le-nostre-sfide\/obiettivo-persone\/abitare-tra-casa-e-territorio\">Abitare tra casa e territorio<\/a><\/li>\n\t      <li><a href=\"\/it\/le-nostre-sfide\/obiettivo-persone\/favorire-il-lavoro-dignitoso\">Favorire il lavoro dignitoso<\/a><\/li>\n\t      <li><a href=\"\/it\/le-nostre-sfide\/obiettivo-persone\/educare-per-crescere-insieme\">Educare per crescere insieme<\/a><\/li>\n\t      <li><a href=\"\/it\/le-nostre-sfide\/obiettivo-persone\/diventare-comunita\">Diventare comunit\u00e0<\/a><\/li>\n\t      <li><a href=\"\/it\/le-nostre-sfide\/obiettivo-persone\/collaborare-per-linclusione\">Collaborare per l'inclusione<\/a><\/li>\n\t  <\/ul>\n\t<\/div>\n\t\n      <\/div>     \n    <\/div>[\/vc_column_text][\/vc_column][\/vc_row][vc_row gap=&#8221;20&#8243; el_class=&#8221;missione&#8221;][vc_column][vc_column_text]<div class=\"row structure-wrap obj-planet\">\n      <div class=\"ol-12 col-md-5\">\n\t<div class=\"structure-box \">\n\t  <div class=\"obj-small-box mb-4\"><\/div>\n\t  <h2 class=\"title mb-2\">Obiettivo Pianeta<\/h2>\n\t  <h3 class=\"subtitle\">Conoscenza, Sviluppo, Qualit\u00e0 di vita.\n\t    <br> Sosteniamo il futuro.<\/h3>\n\t    \n\t    <a class=\"standard-link standard-link-fixed\" href=\"\/it\/fondazione\/struttura\/obiettivo-pianeta\">Scopri di pi\u00f9<\/a>\n\t<\/div>\n      <\/div>\n\n      <div class=\"col-12 col-md-6 offset-md-1 col-lg-5 col-xl-4\">\n\t<div class=\"list-square\">\n\t  <h3 class=\"title\">\n\t    missioni\n\t  <\/h3>\n\t  \n\t  <ul>\n\t      <li><a href=\"\/it\/le-nostre-sfide\/obiettivo-pianeta\/valorizzare-la-ricerca\">Valorizzare la ricerca<\/a><\/li>\n\t      <li><a href=\"\/it\/le-nostre-sfide\/obiettivo-pianeta\/accelerare-linnovazione\">Accelerare l'innovazione<\/a><\/li>\n\t      <li><a href=\"\/it\/le-nostre-sfide\/obiettivo-pianeta\/sviluppare-il-territorio\/\">Sviluppare il territorio<\/a><\/li>\n\t      <li><a href=\"\/it\/le-nostre-sfide\/obiettivo-pianeta\/promuovere-il-benessere\">Promuovere il benessere<\/a><\/li>\n\t      <li><a href=\"\/it\/le-nostre-sfide\/obiettivo-pianeta\/proteggere-lambiente\">Proteggere l'ambiente<\/a><\/li>\n\t  <\/ul>\n\t<\/div>\n      <\/div>     \n    <\/div>[\/vc_column_text][\/vc_column][\/vc_row][vc_row][vc_column]<div class=\"templatera_shortcode\"><div data-vc-full-width=\"true\" data-vc-full-width-temp=\"true\" data-vc-full-width-init=\"false\" class=\"vc_row wpb_row vc_row-fluid newsletter-wrap\"><div class=\"wpb_column vc_column_container vc_col-sm-12\"><div class=\"vc_column-inner\"><div class=\"wpb_wrapper\">\n\t<div class=\"wpb_raw_code wpb_raw_html wpb_content_element\" >\n\t\t<div class=\"wpb_wrapper\">\n\t\t\t    <div class=\"container\">\n      <div class=\"row align-items-center\">\n\t<div class=\"col-12 col-lg-6 col-xl-5 mb-3 mb-lg-0 pr-0\">\n\t  <h2 class=\"title\">Rimani aggiornato sui nostri bandi e sui nostri progetti<\/h2>\n\t<\/div>\n\t<div class=\"col-12 col-lg-6 col-xl-7 pl-xl-4\">\n\t  <a class=\"standard-link-block\" href=\"\/it\/newsletter\/\">\n\t    Compila il form e decidi su quale argomento vuoi ricevere notizie.\t    <strong>\u00a0 ISCRIVITI!<\/strong>\n\t  <\/a>\n\t<\/div>\n      <\/div>\n    <\/div>\n\t\t<\/div>\n\t<\/div>\n<\/div><\/div><\/div><\/div><div class=\"vc_row-full-width vc_clearfix\"><\/div><\/div>[\/vc_column][\/vc_row][vc_row][vc_column]<div class=\"templatera_shortcode\"><\/div>[\/vc_column][\/vc_row]\n<\/div>","protected":false},"excerpt":{"rendered":"Segretario Generale Il Segretario Generale\u00a0\u00e8 nominato dal Comitato di Gestione. \u00c8 a\u00a0capo della struttura operativa della Fondazione. SCOPRI DI PI\u00d9 Direzione Governance Comprende la Segreteria degli Organi, la Comunicazione, gli Studi e le Segreterie del Presidente e del Segretario Generale. \u00c8 il riferimento per il supporto nelle relazioni istituzionali della Fondazione. Le sono affidati i progetti di valenza istituzionale di riqualificazione della Cavallerizza Reale e dei servizi di filantropia a disposizione dei donatori privati (PAAS). SCOPRI DI PI\u00d9 Direzione Learning Presidia e coordina il processo di acquisizione ed elaborazione dei dati al fine di monitorare e valutare l\u2019impatto delle proprie policy, di sviluppare approcci e metodologie che consentano di assumere decisioni informate e basate sull\u2019evidenza, coerentemente con la definizione di Learning Organization. Coordina l\u2019avvio di progetti complessi e supervisiona progetti multisettoriali\u00a0con competenze trasversali di\u00a0innovazione e integrazione. Presidia inoltre il processo relativo alla predisposizione dei documenti programmatici e istituzionali. SCOPRI DI PI\u00d9 Direzione Operations Presidia e coordina gli aspetti amministrativi e organizzativi della Fondazione, garantendo l\u2019efficienza dell\u2019intera struttura rispetto agli obiettivi strategici, promuovendo una cultura organizzativa orientata al miglioramento continuo e collaborando alla concretizzazione dell\u2019approccio trust-based. Assicura l\u2019aderenza alle normative vigenti, la trasparenza e il rispetto dei processi e la valorizzazione delle risorse umane. Gestisce inoltre i rapporti con la societ\u00e0 consortile PR.I.S.MA \u2013 Progetti Innovazione Soluzioni Management S.c.r.l SCOPRI DI PI\u00d9 Direzione Finanza Presidia le partecipazioni societarie, l\u2019attuazione delle decisioni assunte nell\u2019ambito del processo d\u2019investimento del portafoglio strategico e del portafoglio diversificato, nonch\u00e9 il monitoraggio, anche in ottica ESG, e le analisi connesse all\u2019investimento del patrimonio. SCOPRI DI PI\u00d9 Obiettivo Cultura Arte, Patrimonio, Partecipazione. Immaginiamo il futuro Scopri di pi\u00f9 missioni Creare attrattivit\u00e0 Sviluppare competenze Custodire la bellezza Favorire partecipazione attiva Obiettivo Persone Opportunit\u00e0, Autonomia, Inclusione. Costruiamo il futuro. Scopri di pi\u00f9 missioni Abitare tra casa e territorio Favorire il lavoro dignitoso Educare per crescere insieme Diventare comunit\u00e0 Collaborare per l'inclusione Obiettivo Pianeta Conoscenza, Sviluppo, Qualit\u00e0 di vita. Sosteniamo il futuro. Scopri di pi\u00f9 missioni Valorizzare la ricerca Accelerare l'innovazione Sviluppare il territorio Promuovere il benessere Proteggere l'ambiente Rimani aggiornato sui nostri bandi e sui nostri progetti Compila il form e decidi su quale argomento vuoi ricevere notizie. \u00a0 ISCRIVITI!","protected":false},"author":19,"featured_media":165,"parent":85,"menu_order":4,"comment_status":"closed","ping_status":"closed","template":"","meta":{"_acf_changed":false,"content-type":"","footnotes":""},"class_list":["post-161","page","type-page","status-publish","has-post-thumbnail","hentry","entry","post-inner"],"acf":[],"yoast_head":"<!-- This site is optimized with the Yoast SEO plugin v27.2 - https:\/\/yoast.com\/product\/yoast-seo-wordpress\/ -->\n<title>Struttura - Fondazione Compagnia di San Paolo<\/title>\n<meta name=\"robots\" content=\"index, follow, max-snippet:-1, max-image-preview:large, max-video-preview:-1\" \/>\n<link rel=\"canonical\" href=\"https:\/\/www.compagniadisanpaolo.it\/it\/fondazione\/struttura\/\" \/>\n<meta property=\"og:locale\" content=\"it_IT\" \/>\n<meta property=\"og:type\" content=\"article\" \/>\n<meta property=\"og:title\" content=\"Struttura - Fondazione Compagnia di San Paolo\" \/>\n<meta property=\"og:url\" content=\"https:\/\/www.compagniadisanpaolo.it\/it\/fondazione\/struttura\/\" \/>\n<meta property=\"og:site_name\" content=\"Fondazione Compagnia di San Paolo\" \/>\n<meta property=\"article:publisher\" content=\"https:\/\/www.facebook.com\/CompagniaDiSanPaolo\" \/>\n<meta property=\"article:modified_time\" content=\"2026-01-07T14:49:47+00:00\" \/>\n<meta property=\"og:image\" content=\"https:\/\/www.compagniadisanpaolo.it\/wp-content\/uploads\/struttura_head.jpg\" \/>\n\t<meta property=\"og:image:width\" content=\"801\" \/>\n\t<meta property=\"og:image:height\" content=\"350\" \/>\n\t<meta property=\"og:image:type\" content=\"image\/jpeg\" \/>\n<meta name=\"twitter:card\" content=\"summary_large_image\" \/>\n<meta name=\"twitter:site\" content=\"@CSP_live\" \/>\n<meta name=\"twitter:label1\" content=\"Tempo di lettura stimato\" \/>\n\t<meta name=\"twitter:data1\" content=\"3 minuti\" \/>\n<script type=\"application\/ld+json\" class=\"yoast-schema-graph\">{\"@context\":\"https:\/\/schema.org\",\"@graph\":[{\"@type\":\"WebPage\",\"@id\":\"https:\/\/www.compagniadisanpaolo.it\/it\/fondazione\/struttura\/\",\"url\":\"https:\/\/www.compagniadisanpaolo.it\/it\/fondazione\/struttura\/\",\"name\":\"Struttura - Fondazione Compagnia di San Paolo\",\"isPartOf\":{\"@id\":\"https:\/\/www.compagniadisanpaolo.it\/it\/#website\"},\"primaryImageOfPage\":{\"@id\":\"https:\/\/www.compagniadisanpaolo.it\/it\/fondazione\/struttura\/#primaryimage\"},\"image\":{\"@id\":\"https:\/\/www.compagniadisanpaolo.it\/it\/fondazione\/struttura\/#primaryimage\"},\"thumbnailUrl\":\"https:\/\/www.compagniadisanpaolo.it\/wp-content\/uploads\/struttura_head.jpg\",\"datePublished\":\"2020-04-13T23:39:51+00:00\",\"dateModified\":\"2026-01-07T14:49:47+00:00\",\"breadcrumb\":{\"@id\":\"https:\/\/www.compagniadisanpaolo.it\/it\/fondazione\/struttura\/#breadcrumb\"},\"inLanguage\":\"it-IT\",\"potentialAction\":[{\"@type\":\"ReadAction\",\"target\":[\"https:\/\/www.compagniadisanpaolo.it\/it\/fondazione\/struttura\/\"]}]},{\"@type\":\"ImageObject\",\"inLanguage\":\"it-IT\",\"@id\":\"https:\/\/www.compagniadisanpaolo.it\/it\/fondazione\/struttura\/#primaryimage\",\"url\":\"https:\/\/www.compagniadisanpaolo.it\/wp-content\/uploads\/struttura_head.jpg\",\"contentUrl\":\"https:\/\/www.compagniadisanpaolo.it\/wp-content\/uploads\/struttura_head.jpg\",\"width\":801,\"height\":350},{\"@type\":\"BreadcrumbList\",\"@id\":\"https:\/\/www.compagniadisanpaolo.it\/it\/fondazione\/struttura\/#breadcrumb\",\"itemListElement\":[{\"@type\":\"ListItem\",\"position\":1,\"name\":\"Home\",\"item\":\"https:\/\/www.compagniadisanpaolo.it\/it\/\"},{\"@type\":\"ListItem\",\"position\":2,\"name\":\"La Fondazione\",\"item\":\"https:\/\/www.compagniadisanpaolo.it\/it\/fondazione\/\"},{\"@type\":\"ListItem\",\"position\":3,\"name\":\"Struttura\"}]},{\"@type\":\"WebSite\",\"@id\":\"https:\/\/www.compagniadisanpaolo.it\/it\/#website\",\"url\":\"https:\/\/www.compagniadisanpaolo.it\/it\/\",\"name\":\"Fondazione Compagnia di San Paolo\",\"description\":\"\",\"publisher\":{\"@id\":\"https:\/\/www.compagniadisanpaolo.it\/it\/#organization\"},\"potentialAction\":[{\"@type\":\"SearchAction\",\"target\":{\"@type\":\"EntryPoint\",\"urlTemplate\":\"https:\/\/www.compagniadisanpaolo.it\/it\/?s={search_term_string}\"},\"query-input\":{\"@type\":\"PropertyValueSpecification\",\"valueRequired\":true,\"valueName\":\"search_term_string\"}}],\"inLanguage\":\"it-IT\"},{\"@type\":\"Organization\",\"@id\":\"https:\/\/www.compagniadisanpaolo.it\/it\/#organization\",\"name\":\"Fondazione Compagnia di San Paolo\",\"url\":\"https:\/\/www.compagniadisanpaolo.it\/it\/\",\"logo\":{\"@type\":\"ImageObject\",\"inLanguage\":\"it-IT\",\"@id\":\"https:\/\/www.compagniadisanpaolo.it\/it\/#\/schema\/logo\/image\/\",\"url\":\"https:\/\/www.compagniadisanpaolo.it\/wp-content\/uploads\/logo.svg\",\"contentUrl\":\"https:\/\/www.compagniadisanpaolo.it\/wp-content\/uploads\/logo.svg\",\"width\":769,\"height\":323,\"caption\":\"Fondazione Compagnia di San Paolo\"},\"image\":{\"@id\":\"https:\/\/www.compagniadisanpaolo.it\/it\/#\/schema\/logo\/image\/\"},\"sameAs\":[\"https:\/\/www.facebook.com\/CompagniaDiSanPaolo\",\"https:\/\/x.com\/CSP_live\",\"http:\/\/instagram.com\/compagniadisanpaolo?ref=badge\",\"https:\/\/www.linkedin.com\/company\/compagnia-di-san-paolo\",\"https:\/\/www.youtube.com\/user\/compagniadisanpaolo\",\"https:\/\/it.wikipedia.org\/wiki\/Compagnia_di_San_Paolo\"]}]}<\/script>\n<!-- \/ Yoast SEO plugin. -->","yoast_head_json":{"title":"Struttura - Fondazione Compagnia di San Paolo","robots":{"index":"index","follow":"follow","max-snippet":"max-snippet:-1","max-image-preview":"max-image-preview:large","max-video-preview":"max-video-preview:-1"},"canonical":"https:\/\/www.compagniadisanpaolo.it\/it\/fondazione\/struttura\/","og_locale":"it_IT","og_type":"article","og_title":"Struttura - Fondazione Compagnia di San Paolo","og_url":"https:\/\/www.compagniadisanpaolo.it\/it\/fondazione\/struttura\/","og_site_name":"Fondazione Compagnia di San Paolo","article_publisher":"https:\/\/www.facebook.com\/CompagniaDiSanPaolo","article_modified_time":"2026-01-07T14:49:47+00:00","og_image":[{"width":801,"height":350,"url":"https:\/\/www.compagniadisanpaolo.it\/wp-content\/uploads\/struttura_head.jpg","type":"image\/jpeg"}],"twitter_card":"summary_large_image","twitter_site":"@CSP_live","twitter_misc":{"Tempo di lettura stimato":"3 minuti"},"schema":{"@context":"https:\/\/schema.org","@graph":[{"@type":"WebPage","@id":"https:\/\/www.compagniadisanpaolo.it\/it\/fondazione\/struttura\/","url":"https:\/\/www.compagniadisanpaolo.it\/it\/fondazione\/struttura\/","name":"Struttura - Fondazione Compagnia di San Paolo","isPartOf":{"@id":"https:\/\/www.compagniadisanpaolo.it\/it\/#website"},"primaryImageOfPage":{"@id":"https:\/\/www.compagniadisanpaolo.it\/it\/fondazione\/struttura\/#primaryimage"},"image":{"@id":"https:\/\/www.compagniadisanpaolo.it\/it\/fondazione\/struttura\/#primaryimage"},"thumbnailUrl":"https:\/\/www.compagniadisanpaolo.it\/wp-content\/uploads\/struttura_head.jpg","datePublished":"2020-04-13T23:39:51+00:00","dateModified":"2026-01-07T14:49:47+00:00","breadcrumb":{"@id":"https:\/\/www.compagniadisanpaolo.it\/it\/fondazione\/struttura\/#breadcrumb"},"inLanguage":"it-IT","potentialAction":[{"@type":"ReadAction","target":["https:\/\/www.compagniadisanpaolo.it\/it\/fondazione\/struttura\/"]}]},{"@type":"ImageObject","inLanguage":"it-IT","@id":"https:\/\/www.compagniadisanpaolo.it\/it\/fondazione\/struttura\/#primaryimage","url":"https:\/\/www.compagniadisanpaolo.it\/wp-content\/uploads\/struttura_head.jpg","contentUrl":"https:\/\/www.compagniadisanpaolo.it\/wp-content\/uploads\/struttura_head.jpg","width":801,"height":350},{"@type":"BreadcrumbList","@id":"https:\/\/www.compagniadisanpaolo.it\/it\/fondazione\/struttura\/#breadcrumb","itemListElement":[{"@type":"ListItem","position":1,"name":"Home","item":"https:\/\/www.compagniadisanpaolo.it\/it\/"},{"@type":"ListItem","position":2,"name":"La Fondazione","item":"https:\/\/www.compagniadisanpaolo.it\/it\/fondazione\/"},{"@type":"ListItem","position":3,"name":"Struttura"}]},{"@type":"WebSite","@id":"https:\/\/www.compagniadisanpaolo.it\/it\/#website","url":"https:\/\/www.compagniadisanpaolo.it\/it\/","name":"Fondazione Compagnia di San Paolo","description":"","publisher":{"@id":"https:\/\/www.compagniadisanpaolo.it\/it\/#organization"},"potentialAction":[{"@type":"SearchAction","target":{"@type":"EntryPoint","urlTemplate":"https:\/\/www.compagniadisanpaolo.it\/it\/?s={search_term_string}"},"query-input":{"@type":"PropertyValueSpecification","valueRequired":true,"valueName":"search_term_string"}}],"inLanguage":"it-IT"},{"@type":"Organization","@id":"https:\/\/www.compagniadisanpaolo.it\/it\/#organization","name":"Fondazione Compagnia di San Paolo","url":"https:\/\/www.compagniadisanpaolo.it\/it\/","logo":{"@type":"ImageObject","inLanguage":"it-IT","@id":"https:\/\/www.compagniadisanpaolo.it\/it\/#\/schema\/logo\/image\/","url":"https:\/\/www.compagniadisanpaolo.it\/wp-content\/uploads\/logo.svg","contentUrl":"https:\/\/www.compagniadisanpaolo.it\/wp-content\/uploads\/logo.svg","width":769,"height":323,"caption":"Fondazione Compagnia di San Paolo"},"image":{"@id":"https:\/\/www.compagniadisanpaolo.it\/it\/#\/schema\/logo\/image\/"},"sameAs":["https:\/\/www.facebook.com\/CompagniaDiSanPaolo","https:\/\/x.com\/CSP_live","http:\/\/instagram.com\/compagniadisanpaolo?ref=badge","https:\/\/www.linkedin.com\/company\/compagnia-di-san-paolo","https:\/\/www.youtube.com\/user\/compagniadisanpaolo","https:\/\/it.wikipedia.org\/wiki\/Compagnia_di_San_Paolo"]}]}},"_links":{"self":[{"href":"https:\/\/www.compagniadisanpaolo.it\/it\/wp-json\/wp\/v2\/pages\/161","targetHints":{"allow":["GET"]}}],"collection":[{"href":"https:\/\/www.compagniadisanpaolo.it\/it\/wp-json\/wp\/v2\/pages"}],"about":[{"href":"https:\/\/www.compagniadisanpaolo.it\/it\/wp-json\/wp\/v2\/types\/page"}],"author":[{"embeddable":true,"href":"https:\/\/www.compagniadisanpaolo.it\/it\/wp-json\/wp\/v2\/users\/19"}],"replies":[{"embeddable":true,"href":"https:\/\/www.compagniadisanpaolo.it\/it\/wp-json\/wp\/v2\/comments?post=161"}],"version-history":[{"count":7,"href":"https:\/\/www.compagniadisanpaolo.it\/it\/wp-json\/wp\/v2\/pages\/161\/revisions"}],"predecessor-version":[{"id":40964,"href":"https:\/\/www.compagniadisanpaolo.it\/it\/wp-json\/wp\/v2\/pages\/161\/revisions\/40964"}],"up":[{"embeddable":true,"href":"https:\/\/www.compagniadisanpaolo.it\/it\/wp-json\/wp\/v2\/pages\/85"}],"wp:featuredmedia":[{"embeddable":true,"href":"https:\/\/www.compagniadisanpaolo.it\/it\/wp-json\/wp\/v2\/media\/165"}],"wp:attachment":[{"href":"https:\/\/www.compagniadisanpaolo.it\/it\/wp-json\/wp\/v2\/media?parent=161"}],"curies":[{"name":"wp","href":"https:\/\/api.w.org\/{rel}","templated":true}]}}