{"id":129,"date":"2020-04-13T03:15:43","date_gmt":"2020-04-13T01:15:43","guid":{"rendered":"http:\/\/206.189.118.163\/?page_id=129"},"modified":"2025-06-18T15:05:30","modified_gmt":"2025-06-18T13:05:30","slug":"metodo","status":"publish","type":"page","link":"https:\/\/www.compagniadisanpaolo.it\/it\/cosa-facciamo\/metodo\/","title":{"rendered":"Metodo"},"content":{"rendered":"<div class=\"wpb-content-wrapper\">[vc_row][vc_column][vc_column_text css=&#8221;&#8221; el_class=&#8221;text-headline2&#8243;]Gestiamo il nostro patrimonio applicando tre concetti chiave del dibattito filantropico: la <strong>fiducia<\/strong>, il <strong>rischio<\/strong> e la <strong>flessibilit\u00e0<\/strong>.[\/vc_column_text][\/vc_column][\/vc_row][vc_row full_width=&#8221;stretch_row_content_no_spaces&#8221; el_class=&#8221;txt-img txt-sx row&#8221;][vc_column width=&#8221;5\/12&#8243; el_class=&#8221;mb-5 mb-lg-0&#8243; offset=&#8221;vc_col-sm-offset-1 vc_col-xs-offset-1 vc_col-xs-10&#8243;][vc_column_text css=&#8221;&#8221; el_class=&#8221;txt-img mb-0&#8243;]\n<div class=\"text\">\n<p>La <em><strong>gestione del nostro patrimonio<\/strong><\/em> \u00e8 studiata perch\u00e9 possa garantire un flusso costante di risorse per sostenere progetti in grado di <strong>generare un impatto positivo<\/strong> sul <strong>tessuto sociale, culturale ed economico<\/strong>, a livello <strong>nazionale<\/strong> e <strong>internazionale<\/strong>.<\/p>\n<\/div>\n[\/vc_column_text][\/vc_column][vc_column width=&#8221;1\/2&#8243; css=&#8221;.vc_custom_1587080018624{background-image: url(\/wp-content\/uploads\/metodo1.jpg?id=215) !important;background-position: center !important;background-repeat: no-repeat !important;background-size: cover !important;}&#8221; offset=&#8221;vc_col-sm-offset-0 vc_col-xs-offset-1 vc_col-xs-10&#8243;][vc_empty_space el_class=&#8221;fill-square&#8221;][\/vc_column][\/vc_row][vc_row full_width=&#8221;stretch_row_content_no_spaces&#8221; el_class=&#8221;txt-img txt-sx row&#8221;][vc_column width=&#8221;1\/2&#8243; css=&#8221;.vc_custom_1750172930763{background-image: url(https:\/\/www.compagniadisanpaolo.it\/wp-content\/uploads\/PAGINA-METODO-2_CSP.jpg?id=38317) !important;background-position: center !important;background-repeat: no-repeat !important;background-size: cover !important;}&#8221; offset=&#8221;vc_col-sm-offset-0 vc_col-xs-offset-1 vc_col-xs-10&#8243;][vc_empty_space el_class=&#8221;fill-square&#8221;][\/vc_column][vc_column width=&#8221;5\/12&#8243; el_class=&#8221;mb-5 mb-lg-0&#8243; offset=&#8221;vc_col-sm-offset-1 vc_col-xs-offset-1 vc_col-xs-10&#8243;][vc_column_text css=&#8221;&#8221; el_class=&#8221;txt-img mb-0&#8243;]\n<div class=\"text\">\n<p>Per farlo, applichiamo i <strong>tre principi chiave della filantropia<\/strong>. Traduciamo la <strong><em>fiducia<\/em><\/strong> in termini operativi, per riconoscere agli enti la capacit\u00e0 di sviluppare progetti efficaci. Assumiamo il <em><strong>rischio<\/strong><\/em> di investire su progetti che, per quanto incerti, potrebbero aprire importanti prospettive. Ragioniamo in termini di <em><strong>flessibilit\u00e0<\/strong><\/em> per individuare le migliori modalit\u00e0 di impiego delle risorse a favore del bene comune.<\/p>\n<\/div>\n[\/vc_column_text][\/vc_column][\/vc_row][vc_row full_width=&#8221;stretch_row_content_no_spaces&#8221; el_class=&#8221;txt-img txt-sx row&#8221;][vc_column width=&#8221;5\/12&#8243; el_class=&#8221;mb-5 mb-lg-0&#8243; offset=&#8221;vc_col-sm-offset-1 vc_col-xs-offset-1 vc_col-xs-10&#8243;][vc_column_text css=&#8221;&#8221; el_class=&#8221;txt-img mb-0&#8243;]\n<h3 class=\"title\">Bandi, linee guida e<br \/>\nscadenze uniche<\/h3>\n<div class=\"text\">\n<p dir=\"auto\">Ognuna delle\u00a0<strong>quattordici missioni<\/strong> mette a disposizione risorse secondo diverse modalit\u00e0. In particolare, i\u00a0<strong><em>bandi<\/em><\/strong> competitivi\u00a0selezionano progetti con tempi e regole definiti, rispondendo a specifiche esigenze. Altri strumenti includono le\u00a0<em><strong>linee guida<\/strong><\/em>, che offrono orientamenti pi\u00f9 ampi e spesso operano &#8220;a sportello&#8221;, e le\u00a0<em><strong>call tematiche<\/strong><\/em>, finalizzate a raccogliere interesse e progetti in ambiti mirati. Le\u00a0scadenze uniche\u00a0stabiliscono il termine ultimo per la presentazione delle domande relative a determinati bandi o iniziative.<\/p>\n<\/div>\n[\/vc_column_text][vc_column_text el_class=&#8221;download-box mt-0&#8243;]<a class=\"standard-link standard-link-fixed\" href=\"\/it\/cosa-facciamo\/contributi\/\">Scopri i bandi e le scadenze<\/a>[\/vc_column_text][\/vc_column][vc_column width=&#8221;1\/2&#8243; css=&#8221;.vc_custom_1750173561337{background-image: url(https:\/\/www.compagniadisanpaolo.it\/wp-content\/uploads\/iStock-2173062277-scaled.jpg?id=38326) !important;background-position: center !important;background-repeat: no-repeat !important;background-size: cover !important;}&#8221; offset=&#8221;vc_col-sm-offset-0 vc_col-xs-offset-1 vc_col-xs-10&#8243;][vc_empty_space el_class=&#8221;fill-square&#8221;][\/vc_column][\/vc_row][vc_row full_width=&#8221;stretch_row_content_no_spaces&#8221; equal_height=&#8221;yes&#8221; content_placement=&#8221;top&#8221; el_class=&#8221;txt-img txt-sx row&#8221;][vc_column width=&#8221;5\/12&#8243; el_class=&#8221;mb-5 mb-lg-0&#8243; offset=&#8221;vc_col-sm-offset-0 vc_col-xs-offset-1 vc_col-xs-10&#8243;][vc_column_text css=&#8221;&#8221; el_class=&#8221;txt-img mb-0&#8243;]\n<h3 class=\"title\">Contributi ordinari<\/h3>\n<div class=\"text\">\n<p>I\u00a0<strong>contributi ordinari<\/strong>\u00a0rispondono a richieste generiche di contributo, ritenute valide per finalit\u00e0 e progettualit\u00e0, pur\u00a0non <strong>rientrando in nessuna delle categorie evidenziate<\/strong>\u00a0e non avendo una modulistica dedicata. Anche per i contributi ordinari, \u00e8 possibile comunque utilizzare la\u00a0<strong>piattaforma dedicata<\/strong>\u00a0alla raccolta delle richieste.<\/p>\n<\/div>\n<p>&nbsp;<\/p>\n<p>&nbsp;<\/p>\n<p>&nbsp;<\/p>\n<p>&nbsp;<\/p>\n<p>&nbsp;<\/p>\n<p>&nbsp;<\/p>\n[\/vc_column_text][\/vc_column][vc_column width=&#8221;5\/12&#8243; offset=&#8221;vc_col-sm-offset-1 vc_col-xs-offset-1 vc_col-xs-10&#8243; el_class=&#8221;mb-5 mb-lg-0&#8243;][vc_column_text css=&#8221;&#8221; el_class=&#8221;txt-img mb-0&#8243;]\n<h3 class=\"title\">Gestione e pianificazione finanziaria<\/h3>\n<div class=\"text\">\n<p dir=\"auto\">La gestione del patrimonio \u00e8 volta a generare un\u00a0<strong>flusso programmato e sostenibile di risorse<\/strong>\u00a0per il territorio, attraverso l\u2019allocazione strategica delle risorse, la gestione del rischio e il costante monitoraggio. La\u00a0<strong>Direzione Finanza<\/strong>\u00a0\u00e8 anche impegnata nella gestione di strumenti complessi per l\u2019acquisizione di risorse come i\u00a0Mission Related Investment\u00a0e gli\u00a0investimenti a impatto sociale.<\/p>\n<\/div>\n[\/vc_column_text][\/vc_column][\/vc_row][vc_row full_width=&#8221;stretch_row_content_no_spaces&#8221; equal_height=&#8221;yes&#8221; el_class=&#8221;txt-img txt-sx row&#8221;][vc_column width=&#8221;1\/2&#8243; css=&#8221;.vc_custom_1750251816242{background-image: url(https:\/\/www.compagniadisanpaolo.it\/wp-content\/uploads\/metodo2.jpg?id=216) !important;background-position: center !important;background-repeat: no-repeat !important;background-size: cover !important;}&#8221; offset=&#8221;vc_col-sm-offset-0 vc_col-xs-offset-1 vc_col-xs-10&#8243;][vc_empty_space el_class=&#8221;fill-square&#8221;][\/vc_column][vc_column width=&#8221;5\/12&#8243; offset=&#8221;vc_col-sm-offset-1 vc_col-xs-offset-1 vc_col-xs-10&#8243;][vc_column_text css=&#8221;&#8221; el_class=&#8221;txt-img&#8221;]\n<h3 class=\"title\">Un lavoro di squadra<\/h3>\n<div class=\"text\">\n<p>Svolgiamo la nostra attivit\u00e0 in <strong>costante dialogo con le Istituzioni<\/strong> e con i nostri <strong>Enti strumentali<\/strong>: <a href=\"https:\/\/www.fondazionescuola.it\/\" target=\"_blank\" rel=\"noopener noreferrer\">Fondazione per la Scuola<\/a>, <a href=\"https:\/\/ufficiopio.it\/\" target=\"_blank\" rel=\"noopener noreferrer\">Fondazione Ufficio Pio Ente filantropico<\/a>,\u00a0<a href=\"http:\/\/www.fondazione1563.it\/\" target=\"_blank\" rel=\"noopener noreferrer\">Fondazione 1563 per l&#8217;Arte e la Cultura<\/a>, <a href=\"https:\/\/www.carloalberto.org\/\" target=\"_blank\" rel=\"noopener noreferrer\">Fondazione Collegio Carlo Alberto<\/a>, <a href=\"https:\/\/linksfoundation.com\/\" target=\"_blank\" rel=\"noopener noreferrer\">Fondazione Links &#8211; Leading lnnovation &amp; Knowledge for Society<\/a>\u00a0e\u00a0<a href=\"https:\/\/www.iigm.it\/site\/\" target=\"_blank\" rel=\"noopener noreferrer\">Fondazione Italian Institute for Genomic Medicine \u2013 IIGM<\/a>.<\/p>\n<\/div>\n[\/vc_column_text][vc_empty_space][\/vc_column][\/vc_row][vc_row][vc_column][vc_column_text css=&#8221;&#8221; el_class=&#8221;text-headline2&#8243;][\/vc_column_text][\/vc_column][\/vc_row][vc_row][vc_column]<div class=\"templatera_shortcode\"><div data-vc-full-width=\"true\" data-vc-full-width-temp=\"true\" data-vc-full-width-init=\"false\" class=\"vc_row wpb_row vc_row-fluid cta-wrap mb-0\"><div class=\"wpb_column vc_column_container vc_col-sm-12\"><div class=\"vc_column-inner\"><div class=\"wpb_wrapper\"><div class=\"vc_row wpb_row vc_inner vc_row-fluid cta\"><div class=\"wpb_column vc_column_container vc_col-sm-9\"><div class=\"vc_column-inner\"><div class=\"wpb_wrapper\">\n\t<div class=\"wpb_text_column wpb_content_element\" >\n\t\t<div class=\"wpb_wrapper\">\n\t\t\t<h3 class=\"title\">Accedi alla piattaforma ROL per inviare il tuo progetto<\/h3>\n\n\t\t<\/div>\n\t<\/div>\n<\/div><\/div><\/div><div class=\"wpb_column vc_column_container vc_col-sm-3\"><div class=\"vc_column-inner\"><div class=\"wpb_wrapper\">\n\t<div class=\"wpb_text_column wpb_content_element cta-link\" >\n\t\t<div class=\"wpb_wrapper\">\n\t\t\t<p><a class=\"standard-link white\" href=\"https:\/\/rol.compagniadisanpaolo.it\/\" target=\"_blank\" rel=\"noopener noreferrer\">Scopri di pi\u00f9<\/a><\/p>\n\n\t\t<\/div>\n\t<\/div>\n<\/div><\/div><\/div><\/div><\/div><\/div><\/div><\/div><div class=\"vc_row-full-width vc_clearfix\"><\/div><\/div>[\/vc_column][\/vc_row][vc_row][vc_column]<div class=\"templatera_shortcode\"><div data-vc-full-width=\"true\" data-vc-full-width-temp=\"true\" data-vc-full-width-init=\"false\" class=\"vc_row wpb_row vc_row-fluid newsletter-wrap\"><div class=\"wpb_column vc_column_container vc_col-sm-12\"><div class=\"vc_column-inner\"><div class=\"wpb_wrapper\">\n\t<div class=\"wpb_raw_code wpb_raw_html wpb_content_element\" >\n\t\t<div class=\"wpb_wrapper\">\n\t\t\t    <div class=\"container\">\n      <div class=\"row align-items-center\">\n\t<div class=\"col-12 col-lg-6 col-xl-5 mb-3 mb-lg-0 pr-0\">\n\t  <h2 class=\"title\">Rimani aggiornato sui nostri bandi e sui nostri progetti<\/h2>\n\t<\/div>\n\t<div class=\"col-12 col-lg-6 col-xl-7 pl-xl-4\">\n\t  <a class=\"standard-link-block\" href=\"\/it\/newsletter\/\">\n\t    Compila il form e decidi su quale argomento vuoi ricevere notizie.\t    <strong>\u00a0 ISCRIVITI!<\/strong>\n\t  <\/a>\n\t<\/div>\n      <\/div>\n    <\/div>\n\t\t<\/div>\n\t<\/div>\n<\/div><\/div><\/div><\/div><div class=\"vc_row-full-width vc_clearfix\"><\/div><\/div>[\/vc_column][\/vc_row][vc_row][vc_column]<div class=\"templatera_shortcode\"><\/div>[\/vc_column][\/vc_row]\n<\/div>","protected":false},"excerpt":{"rendered":"Gestiamo il nostro patrimonio applicando tre concetti chiave del dibattito filantropico: la fiducia, il rischio e la flessibilit\u00e0. La gestione del nostro patrimonio \u00e8 studiata perch\u00e9 possa garantire un flusso costante di risorse per sostenere progetti in grado di generare un impatto positivo sul tessuto sociale, culturale ed economico, a livello nazionale e internazionale. Per farlo, applichiamo i tre principi chiave della filantropia. Traduciamo la fiducia in termini operativi, per riconoscere agli enti la capacit\u00e0 di sviluppare progetti efficaci. Assumiamo il rischio di investire su progetti che, per quanto incerti, potrebbero aprire importanti prospettive. Ragioniamo in termini di flessibilit\u00e0 per individuare le migliori modalit\u00e0 di impiego delle risorse a favore del bene comune. Bandi, linee guida e scadenze uniche Ognuna delle\u00a0quattordici missioni mette a disposizione risorse secondo diverse modalit\u00e0. In particolare, i\u00a0bandi competitivi\u00a0selezionano progetti con tempi e regole definiti, rispondendo a specifiche esigenze. Altri strumenti includono le\u00a0linee guida, che offrono orientamenti pi\u00f9 ampi e spesso operano \"a sportello\", e le\u00a0call tematiche, finalizzate a raccogliere interesse e progetti in ambiti mirati. Le\u00a0scadenze uniche\u00a0stabiliscono il termine ultimo per la presentazione delle domande relative a determinati bandi o iniziative. Scopri i bandi e le scadenze Contributi ordinari I\u00a0contributi ordinari\u00a0rispondono a richieste generiche di contributo, ritenute valide per finalit\u00e0 e progettualit\u00e0, pur\u00a0non rientrando in nessuna delle categorie evidenziate\u00a0e non avendo una modulistica dedicata. Anche per i contributi ordinari, \u00e8 possibile comunque utilizzare la\u00a0piattaforma dedicata\u00a0alla raccolta delle richieste. &nbsp; &nbsp; &nbsp; &nbsp; &nbsp; &nbsp; Gestione e pianificazione finanziaria La gestione del patrimonio \u00e8 volta a generare un\u00a0flusso programmato e sostenibile di risorse\u00a0per il territorio, attraverso l\u2019allocazione strategica delle risorse, la gestione del rischio e il costante monitoraggio. La\u00a0Direzione Finanza\u00a0\u00e8 anche impegnata nella gestione di strumenti complessi per l\u2019acquisizione di risorse come i\u00a0Mission Related Investment\u00a0e gli\u00a0investimenti a impatto sociale. Un lavoro di squadra Svolgiamo la nostra attivit\u00e0 in costante dialogo con le Istituzioni e con i nostri Enti strumentali: Fondazione per la Scuola, Fondazione Ufficio Pio Ente filantropico,\u00a0Fondazione 1563 per l'Arte e la Cultura, Fondazione Collegio Carlo Alberto, Fondazione Links - Leading lnnovation &amp; Knowledge for Society\u00a0e\u00a0Fondazione Italian Institute for Genomic Medicine \u2013 IIGM. Accedi alla piattaforma ROL per inviare il tuo progetto Scopri di pi\u00f9 Rimani aggiornato sui nostri bandi e sui nostri progetti Compila il form e decidi su quale argomento vuoi ricevere notizie. \u00a0 ISCRIVITI!","protected":false},"author":19,"featured_media":214,"parent":132,"menu_order":0,"comment_status":"closed","ping_status":"closed","template":"","meta":{"_acf_changed":false,"content-type":"","footnotes":""},"class_list":["post-129","page","type-page","status-publish","has-post-thumbnail","hentry","entry","post-inner"],"acf":[],"yoast_head":"<!-- This site is optimized with the Yoast SEO plugin v27.3 - https:\/\/yoast.com\/product\/yoast-seo-wordpress\/ -->\n<title>Metodo - Fondazione Compagnia di San Paolo<\/title>\n<meta name=\"description\" content=\"Gestiamo il patrimonio per essere in grado di erogare contributi e sostenere progetti capaci di generare impatto sociale, culturale ed economico.\" \/>\n<meta name=\"robots\" content=\"index, follow, max-snippet:-1, max-image-preview:large, max-video-preview:-1\" \/>\n<link rel=\"canonical\" href=\"https:\/\/www.compagniadisanpaolo.it\/it\/cosa-facciamo\/metodo\/\" \/>\n<meta property=\"og:locale\" content=\"it_IT\" \/>\n<meta property=\"og:type\" content=\"article\" \/>\n<meta property=\"og:title\" content=\"Metodo - Fondazione Compagnia di San Paolo\" \/>\n<meta property=\"og:description\" content=\"Gestiamo il patrimonio per essere in grado di erogare contributi e sostenere progetti capaci di generare impatto sociale, culturale ed economico.\" \/>\n<meta property=\"og:url\" content=\"https:\/\/www.compagniadisanpaolo.it\/it\/cosa-facciamo\/metodo\/\" \/>\n<meta property=\"og:site_name\" content=\"Fondazione Compagnia di San Paolo\" \/>\n<meta property=\"article:publisher\" content=\"https:\/\/www.facebook.com\/CompagniaDiSanPaolo\" \/>\n<meta property=\"article:modified_time\" content=\"2025-06-18T13:05:30+00:00\" \/>\n<meta property=\"og:image\" content=\"https:\/\/www.compagniadisanpaolo.it\/wp-content\/uploads\/metodo_head.jpg\" \/>\n\t<meta property=\"og:image:width\" content=\"817\" \/>\n\t<meta property=\"og:image:height\" content=\"350\" \/>\n\t<meta property=\"og:image:type\" content=\"image\/jpeg\" \/>\n<meta name=\"twitter:card\" content=\"summary_large_image\" \/>\n<meta name=\"twitter:site\" content=\"@CSP_live\" \/>\n<meta name=\"twitter:label1\" content=\"Tempo di lettura stimato\" \/>\n\t<meta name=\"twitter:data1\" content=\"4 minuti\" \/>\n<script type=\"application\/ld+json\" class=\"yoast-schema-graph\">{\"@context\":\"https:\\\/\\\/schema.org\",\"@graph\":[{\"@type\":\"WebPage\",\"@id\":\"https:\\\/\\\/www.compagniadisanpaolo.it\\\/it\\\/cosa-facciamo\\\/metodo\\\/\",\"url\":\"https:\\\/\\\/www.compagniadisanpaolo.it\\\/it\\\/cosa-facciamo\\\/metodo\\\/\",\"name\":\"Metodo - Fondazione Compagnia di San Paolo\",\"isPartOf\":{\"@id\":\"https:\\\/\\\/www.compagniadisanpaolo.it\\\/it\\\/#website\"},\"primaryImageOfPage\":{\"@id\":\"https:\\\/\\\/www.compagniadisanpaolo.it\\\/it\\\/cosa-facciamo\\\/metodo\\\/#primaryimage\"},\"image\":{\"@id\":\"https:\\\/\\\/www.compagniadisanpaolo.it\\\/it\\\/cosa-facciamo\\\/metodo\\\/#primaryimage\"},\"thumbnailUrl\":\"https:\\\/\\\/www.compagniadisanpaolo.it\\\/wp-content\\\/uploads\\\/metodo_head.jpg\",\"datePublished\":\"2020-04-13T01:15:43+00:00\",\"dateModified\":\"2025-06-18T13:05:30+00:00\",\"description\":\"Gestiamo il patrimonio per essere in grado di erogare contributi e sostenere progetti capaci di generare impatto sociale, culturale ed economico.\",\"breadcrumb\":{\"@id\":\"https:\\\/\\\/www.compagniadisanpaolo.it\\\/it\\\/cosa-facciamo\\\/metodo\\\/#breadcrumb\"},\"inLanguage\":\"it-IT\",\"potentialAction\":[{\"@type\":\"ReadAction\",\"target\":[\"https:\\\/\\\/www.compagniadisanpaolo.it\\\/it\\\/cosa-facciamo\\\/metodo\\\/\"]}]},{\"@type\":\"ImageObject\",\"inLanguage\":\"it-IT\",\"@id\":\"https:\\\/\\\/www.compagniadisanpaolo.it\\\/it\\\/cosa-facciamo\\\/metodo\\\/#primaryimage\",\"url\":\"https:\\\/\\\/www.compagniadisanpaolo.it\\\/wp-content\\\/uploads\\\/metodo_head.jpg\",\"contentUrl\":\"https:\\\/\\\/www.compagniadisanpaolo.it\\\/wp-content\\\/uploads\\\/metodo_head.jpg\",\"width\":817,\"height\":350},{\"@type\":\"BreadcrumbList\",\"@id\":\"https:\\\/\\\/www.compagniadisanpaolo.it\\\/it\\\/cosa-facciamo\\\/metodo\\\/#breadcrumb\",\"itemListElement\":[{\"@type\":\"ListItem\",\"position\":1,\"name\":\"Home\",\"item\":\"https:\\\/\\\/www.compagniadisanpaolo.it\\\/it\\\/\"},{\"@type\":\"ListItem\",\"position\":2,\"name\":\"Cosa facciamo\",\"item\":\"https:\\\/\\\/www.compagniadisanpaolo.it\\\/it\\\/cosa-facciamo\\\/\"},{\"@type\":\"ListItem\",\"position\":3,\"name\":\"Metodo\"}]},{\"@type\":\"WebSite\",\"@id\":\"https:\\\/\\\/www.compagniadisanpaolo.it\\\/it\\\/#website\",\"url\":\"https:\\\/\\\/www.compagniadisanpaolo.it\\\/it\\\/\",\"name\":\"Fondazione Compagnia di San Paolo\",\"description\":\"\",\"publisher\":{\"@id\":\"https:\\\/\\\/www.compagniadisanpaolo.it\\\/it\\\/#organization\"},\"potentialAction\":[{\"@type\":\"SearchAction\",\"target\":{\"@type\":\"EntryPoint\",\"urlTemplate\":\"https:\\\/\\\/www.compagniadisanpaolo.it\\\/it\\\/?s={search_term_string}\"},\"query-input\":{\"@type\":\"PropertyValueSpecification\",\"valueRequired\":true,\"valueName\":\"search_term_string\"}}],\"inLanguage\":\"it-IT\"},{\"@type\":\"Organization\",\"@id\":\"https:\\\/\\\/www.compagniadisanpaolo.it\\\/it\\\/#organization\",\"name\":\"Fondazione Compagnia di San Paolo\",\"url\":\"https:\\\/\\\/www.compagniadisanpaolo.it\\\/it\\\/\",\"logo\":{\"@type\":\"ImageObject\",\"inLanguage\":\"it-IT\",\"@id\":\"https:\\\/\\\/www.compagniadisanpaolo.it\\\/it\\\/#\\\/schema\\\/logo\\\/image\\\/\",\"url\":\"https:\\\/\\\/www.compagniadisanpaolo.it\\\/wp-content\\\/uploads\\\/logo.svg\",\"contentUrl\":\"https:\\\/\\\/www.compagniadisanpaolo.it\\\/wp-content\\\/uploads\\\/logo.svg\",\"width\":769,\"height\":323,\"caption\":\"Fondazione Compagnia di San Paolo\"},\"image\":{\"@id\":\"https:\\\/\\\/www.compagniadisanpaolo.it\\\/it\\\/#\\\/schema\\\/logo\\\/image\\\/\"},\"sameAs\":[\"https:\\\/\\\/www.facebook.com\\\/CompagniaDiSanPaolo\",\"https:\\\/\\\/x.com\\\/CSP_live\",\"http:\\\/\\\/instagram.com\\\/compagniadisanpaolo?ref=badge\",\"https:\\\/\\\/www.linkedin.com\\\/company\\\/compagnia-di-san-paolo\",\"https:\\\/\\\/www.youtube.com\\\/user\\\/compagniadisanpaolo\",\"https:\\\/\\\/it.wikipedia.org\\\/wiki\\\/Compagnia_di_San_Paolo\"]}]}<\/script>\n<!-- \/ Yoast SEO plugin. -->","yoast_head_json":{"title":"Metodo - Fondazione Compagnia di San Paolo","description":"Gestiamo il patrimonio per essere in grado di erogare contributi e sostenere progetti capaci di generare impatto sociale, culturale ed economico.","robots":{"index":"index","follow":"follow","max-snippet":"max-snippet:-1","max-image-preview":"max-image-preview:large","max-video-preview":"max-video-preview:-1"},"canonical":"https:\/\/www.compagniadisanpaolo.it\/it\/cosa-facciamo\/metodo\/","og_locale":"it_IT","og_type":"article","og_title":"Metodo - Fondazione Compagnia di San Paolo","og_description":"Gestiamo il patrimonio per essere in grado di erogare contributi e sostenere progetti capaci di generare impatto sociale, culturale ed economico.","og_url":"https:\/\/www.compagniadisanpaolo.it\/it\/cosa-facciamo\/metodo\/","og_site_name":"Fondazione Compagnia di San Paolo","article_publisher":"https:\/\/www.facebook.com\/CompagniaDiSanPaolo","article_modified_time":"2025-06-18T13:05:30+00:00","og_image":[{"width":817,"height":350,"url":"https:\/\/www.compagniadisanpaolo.it\/wp-content\/uploads\/metodo_head.jpg","type":"image\/jpeg"}],"twitter_card":"summary_large_image","twitter_site":"@CSP_live","twitter_misc":{"Tempo di lettura stimato":"4 minuti"},"schema":{"@context":"https:\/\/schema.org","@graph":[{"@type":"WebPage","@id":"https:\/\/www.compagniadisanpaolo.it\/it\/cosa-facciamo\/metodo\/","url":"https:\/\/www.compagniadisanpaolo.it\/it\/cosa-facciamo\/metodo\/","name":"Metodo - Fondazione Compagnia di San Paolo","isPartOf":{"@id":"https:\/\/www.compagniadisanpaolo.it\/it\/#website"},"primaryImageOfPage":{"@id":"https:\/\/www.compagniadisanpaolo.it\/it\/cosa-facciamo\/metodo\/#primaryimage"},"image":{"@id":"https:\/\/www.compagniadisanpaolo.it\/it\/cosa-facciamo\/metodo\/#primaryimage"},"thumbnailUrl":"https:\/\/www.compagniadisanpaolo.it\/wp-content\/uploads\/metodo_head.jpg","datePublished":"2020-04-13T01:15:43+00:00","dateModified":"2025-06-18T13:05:30+00:00","description":"Gestiamo il patrimonio per essere in grado di erogare contributi e sostenere progetti capaci di generare impatto sociale, culturale ed economico.","breadcrumb":{"@id":"https:\/\/www.compagniadisanpaolo.it\/it\/cosa-facciamo\/metodo\/#breadcrumb"},"inLanguage":"it-IT","potentialAction":[{"@type":"ReadAction","target":["https:\/\/www.compagniadisanpaolo.it\/it\/cosa-facciamo\/metodo\/"]}]},{"@type":"ImageObject","inLanguage":"it-IT","@id":"https:\/\/www.compagniadisanpaolo.it\/it\/cosa-facciamo\/metodo\/#primaryimage","url":"https:\/\/www.compagniadisanpaolo.it\/wp-content\/uploads\/metodo_head.jpg","contentUrl":"https:\/\/www.compagniadisanpaolo.it\/wp-content\/uploads\/metodo_head.jpg","width":817,"height":350},{"@type":"BreadcrumbList","@id":"https:\/\/www.compagniadisanpaolo.it\/it\/cosa-facciamo\/metodo\/#breadcrumb","itemListElement":[{"@type":"ListItem","position":1,"name":"Home","item":"https:\/\/www.compagniadisanpaolo.it\/it\/"},{"@type":"ListItem","position":2,"name":"Cosa facciamo","item":"https:\/\/www.compagniadisanpaolo.it\/it\/cosa-facciamo\/"},{"@type":"ListItem","position":3,"name":"Metodo"}]},{"@type":"WebSite","@id":"https:\/\/www.compagniadisanpaolo.it\/it\/#website","url":"https:\/\/www.compagniadisanpaolo.it\/it\/","name":"Fondazione Compagnia di San Paolo","description":"","publisher":{"@id":"https:\/\/www.compagniadisanpaolo.it\/it\/#organization"},"potentialAction":[{"@type":"SearchAction","target":{"@type":"EntryPoint","urlTemplate":"https:\/\/www.compagniadisanpaolo.it\/it\/?s={search_term_string}"},"query-input":{"@type":"PropertyValueSpecification","valueRequired":true,"valueName":"search_term_string"}}],"inLanguage":"it-IT"},{"@type":"Organization","@id":"https:\/\/www.compagniadisanpaolo.it\/it\/#organization","name":"Fondazione Compagnia di San Paolo","url":"https:\/\/www.compagniadisanpaolo.it\/it\/","logo":{"@type":"ImageObject","inLanguage":"it-IT","@id":"https:\/\/www.compagniadisanpaolo.it\/it\/#\/schema\/logo\/image\/","url":"https:\/\/www.compagniadisanpaolo.it\/wp-content\/uploads\/logo.svg","contentUrl":"https:\/\/www.compagniadisanpaolo.it\/wp-content\/uploads\/logo.svg","width":769,"height":323,"caption":"Fondazione Compagnia di San Paolo"},"image":{"@id":"https:\/\/www.compagniadisanpaolo.it\/it\/#\/schema\/logo\/image\/"},"sameAs":["https:\/\/www.facebook.com\/CompagniaDiSanPaolo","https:\/\/x.com\/CSP_live","http:\/\/instagram.com\/compagniadisanpaolo?ref=badge","https:\/\/www.linkedin.com\/company\/compagnia-di-san-paolo","https:\/\/www.youtube.com\/user\/compagniadisanpaolo","https:\/\/it.wikipedia.org\/wiki\/Compagnia_di_San_Paolo"]}]}},"_links":{"self":[{"href":"https:\/\/www.compagniadisanpaolo.it\/it\/wp-json\/wp\/v2\/pages\/129","targetHints":{"allow":["GET"]}}],"collection":[{"href":"https:\/\/www.compagniadisanpaolo.it\/it\/wp-json\/wp\/v2\/pages"}],"about":[{"href":"https:\/\/www.compagniadisanpaolo.it\/it\/wp-json\/wp\/v2\/types\/page"}],"author":[{"embeddable":true,"href":"https:\/\/www.compagniadisanpaolo.it\/it\/wp-json\/wp\/v2\/users\/19"}],"replies":[{"embeddable":true,"href":"https:\/\/www.compagniadisanpaolo.it\/it\/wp-json\/wp\/v2\/comments?post=129"}],"version-history":[{"count":8,"href":"https:\/\/www.compagniadisanpaolo.it\/it\/wp-json\/wp\/v2\/pages\/129\/revisions"}],"predecessor-version":[{"id":14912,"href":"https:\/\/www.compagniadisanpaolo.it\/it\/wp-json\/wp\/v2\/pages\/129\/revisions\/14912"}],"up":[{"embeddable":true,"href":"https:\/\/www.compagniadisanpaolo.it\/it\/wp-json\/wp\/v2\/pages\/132"}],"wp:featuredmedia":[{"embeddable":true,"href":"https:\/\/www.compagniadisanpaolo.it\/it\/wp-json\/wp\/v2\/media\/214"}],"wp:attachment":[{"href":"https:\/\/www.compagniadisanpaolo.it\/it\/wp-json\/wp\/v2\/media?parent=129"}],"curies":[{"name":"wp","href":"https:\/\/api.w.org\/{rel}","templated":true}]}}