{"id":12,"date":"2020-04-10T17:56:32","date_gmt":"2020-04-10T15:56:32","guid":{"rendered":"http:\/\/206.189.118.163\/?page_id=12"},"modified":"2025-04-28T17:36:44","modified_gmt":"2025-04-28T15:36:44","slug":"per-il-bene-comune","status":"publish","type":"page","link":"https:\/\/www.compagniadisanpaolo.it\/it\/le-nostre-sfide\/per-il-bene-comune\/","title":{"rendered":"Per il bene comune"},"content":{"rendered":"<div class=\"wpb-content-wrapper\">[vc_row][vc_column][vc_column_text el_class=&#8221;text-headline2&#8243;]Dal 1563 operiamo <strong>per il bene comune<\/strong>, con <strong>le persone al centro del proprio futuro<\/strong>. In quanto fondazione filantropica, \u00e8 la <strong>solidit\u00e0 del nostro patrimonio,<\/strong> <strong>la<\/strong> <strong>stabilit\u00e0 delle nostre erogazioni e la competenza della nostra struttura <\/strong>che ci consentono di portare un contributo significativo alla societ\u00e0.[\/vc_column_text][\/vc_column][\/vc_row][vc_row full_width=&#8221;stretch_row_content_no_spaces&#8221; content_placement=&#8221;middle&#8221; el_class=&#8221;txt-img txt-sx row&#8221;][vc_column width=&#8221;5\/12&#8243; el_class=&#8221;mb-5 mb-lg-0&#8243; offset=&#8221;vc_col-sm-offset-1 vc_col-xs-offset-1 vc_col-xs-10&#8243;][vc_column_text css=&#8221;&#8221; el_class=&#8221;text mb-0&#8243;]Custodi di una storia secolare, nel <strong>2025 rinnoviamo il nostro impegno<\/strong> con uno sguardo rivolto al futuro, guidati dal <strong>Documento Programmatico Pluriennale 2025-2028<\/strong>, che traccia strategie e obiettivi misurabili per affrontare le sfide di un mondo in continua trasformazione. Adottando strumenti strategici utili a rendere i territori pi\u00f9 dinamici, aperti, attrattivi, coesi e solidali. Crediamo che il benessere delle persone sia strettamente connesso alla vitalit\u00e0 delle comunit\u00e0 in cui abitano e che l\u2019innovazione e la collaborazione siano essenziali per generare un impatto positivo e duraturo sulla societ\u00e0.[\/vc_column_text][\/vc_column][vc_column width=&#8221;1\/2&#8243; css=&#8221;.vc_custom_1586912959593{background-image: url(\/wp-content\/uploads\/bene_comune1.jpg?id=28) !important;background-position: center !important;background-repeat: no-repeat !important;background-size: cover !important;}&#8221; offset=&#8221;vc_col-sm-offset-0 vc_col-xs-offset-1 vc_col-xs-10&#8243;][vc_empty_space el_class=&#8221;fill-square&#8221;][\/vc_column][\/vc_row][vc_row disable_element=&#8221;yes&#8221;][vc_column width=&#8221;5\/6&#8243; offset=&#8221;vc_col-sm-offset-1&#8243;][vc_column_text el_class=&#8221;text-headline2&#8243;]Gli\u00a0<strong>Obiettivi di Sviluppo Sostenibile<\/strong>\u00a0delle\u00a0<strong>Nazioni Unite<\/strong>\u00a0ci vengono in aiuto, offrendoci un\u00a0<strong>quadro metodologico rigoroso e condiviso a livello internazionale<\/strong>.[\/vc_column_text][\/vc_column][\/vc_row][vc_row full_width=&#8221;stretch_row_content_no_spaces&#8221; equal_height=&#8221;yes&#8221; content_placement=&#8221;middle&#8221; el_class=&#8221;txt-img txt-sx row&#8221;][vc_column width=&#8221;1\/2&#8243; css=&#8221;.vc_custom_1587392414351{background-image: url(\/wp-content\/uploads\/iStock-1198217691-scaled.jpg?id=1187) !important;background-position: center !important;background-repeat: no-repeat !important;background-size: cover !important;}&#8221; offset=&#8221;vc_col-sm-offset-0 vc_col-xs-offset-1 vc_col-xs-10&#8243;][vc_empty_space el_class=&#8221;fill-square&#8221;][\/vc_column][vc_column width=&#8221;5\/12&#8243; offset=&#8221;vc_col-sm-offset-1 vc_col-xs-offset-1 vc_col-xs-10&#8243;][vc_column_text css=&#8221;&#8221; el_class=&#8221;text&#8221;]L\u2019esperienza maturata ci ha insegnato che la <strong class=\"hl\">riduzione delle disuguaglianze<\/strong> e lo <strong class=\"hl\">sviluppo sostenibile dei territori<\/strong> sono due dimensioni indivisibili, che devono avanzare in armonia per garantire un cambiamento equo e duraturo. Per tale motivo, queste <strong>due priorit\u00e0 tematiche<\/strong> guideranno il nostro operato, orientando l\u2019allocazione delle risorse e la selezione delle iniziative, con l\u2019intento di promuovere un progresso inclusivo e sostenibile in un contesto globale in costante evoluzione.[\/vc_column_text][\/vc_column][\/vc_row][vc_row][vc_column width=&#8221;5\/6&#8243; offset=&#8221;vc_col-sm-offset-1&#8243;][vc_column_text css=&#8221;&#8221; el_class=&#8221;text-headline2&#8243;]Queste priorit\u00e0 strategiche guideranno la nostra azione, organizzata attorno a <strong>3 obiettivi<\/strong> principali e articolata in <strong>14 missioni<\/strong>, tra loro trasversali e interconnesse.[\/vc_column_text][\/vc_column][\/vc_row][vc_row][vc_column][vc_column_text]\n<div class=\"theme-boxes row\">\n      <div class=\"theme-box-wrap col-12 col-lg-4 obj-culture d-md-flex flex-wrap d-lg-block mb-5 mb-lg-0\">\n\t<div class=\"box theme-box\">\n\t  <h2 class=\"title mb-3\">Cultura.<\/h2>\n\t  <h3 class=\"subtitle\">Arte, Patrimonio, Partecipazione.\n\t    <br>Immaginiamo il futuro<\/h3>\n\t<\/div>\n\t<div class=\"theme-box-content\">\n\t  <a class=\"standard-link big\" href=\"\/it\/le-nostre-sfide\/obiettivo-cultura\">Obiettivo cultura<\/a>\n\t<\/div>\n      <\/div>\n      <div class=\"theme-box-wrap col-lg-4 obj-people d-md-flex flex-wrap d-lg-block mb-5 mb-lg-0\">\n\t<div class=\"box theme-box theme-people\">\n\t  <h2 class=\"title mb-3\">Persone.<\/h2>\n\t  <h3 class=\"subtitle\">Opportunit\u00e0, Autonomia, Inclusione.\n\t    <br>Costruiamo il futuro<\/h3>\n\t<\/div>\n\t<div class=\"theme-box-content\">\n\t  <a class=\"standard-link big\" href=\"\/it\/le-nostre-sfide\/obiettivo-persone\">Obiettivo persone<\/a>\n\t<\/div>\n      <\/div>\n\n      <div class=\"theme-box-wrap col-lg-4 obj-planet d-md-flex flex-wrap d-lg-block\">\n\t<div class=\"box theme-box\">\n\t  <h2 class=\"title mb-3\">Pianeta.<\/h2>\n\t  <h3 class=\"subtitle\">Conoscenza, Sviluppo, Qualit\u00e0 di vita.\n\t    <br>Sosteniamo il futuro<\/h3>\n\t<\/div>\n\t<div class=\"theme-box-content\">\n\t  <a class=\"standard-link big\" href=\"\/it\/le-nostre-sfide\/obiettivo-pianeta\">Obiettivo pianeta<\/a>\n\t<\/div>\n      <\/div>\n      \n    <\/div>[\/vc_column_text][\/vc_column][\/vc_row][vc_row][vc_column width=&#8221;5\/6&#8243; offset=&#8221;vc_col-sm-offset-1&#8243;][vc_column_text css=&#8221;&#8221; el_class=&#8221;text-headline2&#8243;]Una <strong>organizzazione semplice, aperta e orientata all\u2019impatto<\/strong>, che ci permette di proseguire il nostro impegno, per il bene comune e per il futuro di tutti.[\/vc_column_text][\/vc_column][\/vc_row][vc_row][vc_column]<div class=\"templatera_shortcode\"><div data-vc-full-width=\"true\" data-vc-full-width-temp=\"true\" data-vc-full-width-init=\"false\" class=\"vc_row wpb_row vc_row-fluid newsletter-wrap\"><div class=\"wpb_column vc_column_container vc_col-sm-12\"><div class=\"vc_column-inner\"><div class=\"wpb_wrapper\">\n\t<div class=\"wpb_raw_code wpb_raw_html wpb_content_element\" >\n\t\t<div class=\"wpb_wrapper\">\n\t\t\t    <div class=\"container\">\n      <div class=\"row align-items-center\">\n\t<div class=\"col-12 col-lg-6 col-xl-5 mb-3 mb-lg-0 pr-0\">\n\t  <h2 class=\"title\">Rimani aggiornato sui nostri bandi e sui nostri progetti<\/h2>\n\t<\/div>\n\t<div class=\"col-12 col-lg-6 col-xl-7 pl-xl-4\">\n\t  <a class=\"standard-link-block\" href=\"\/it\/newsletter\/\">\n\t    Compila il form e decidi su quale argomento vuoi ricevere notizie.\t    <strong>\u00a0 ISCRIVITI!<\/strong>\n\t  <\/a>\n\t<\/div>\n      <\/div>\n    <\/div>\n\t\t<\/div>\n\t<\/div>\n<\/div><\/div><\/div><\/div><div class=\"vc_row-full-width vc_clearfix\"><\/div><\/div>[\/vc_column][\/vc_row][vc_row][vc_column]<div class=\"templatera_shortcode\"><\/div>[\/vc_column][\/vc_row]\n<\/div>","protected":false},"excerpt":{"rendered":"Dal 1563 operiamo per il bene comune, con le persone al centro del proprio futuro. In quanto fondazione filantropica, \u00e8 la solidit\u00e0 del nostro patrimonio, la stabilit\u00e0 delle nostre erogazioni e la competenza della nostra struttura che ci consentono di portare un contributo significativo alla societ\u00e0. Custodi di una storia secolare, nel 2025 rinnoviamo il nostro impegno con uno sguardo rivolto al futuro, guidati dal Documento Programmatico Pluriennale 2025-2028, che traccia strategie e obiettivi misurabili per affrontare le sfide di un mondo in continua trasformazione. Adottando strumenti strategici utili a rendere i territori pi\u00f9 dinamici, aperti, attrattivi, coesi e solidali. Crediamo che il benessere delle persone sia strettamente connesso alla vitalit\u00e0 delle comunit\u00e0 in cui abitano e che l\u2019innovazione e la collaborazione siano essenziali per generare un impatto positivo e duraturo sulla societ\u00e0. L\u2019esperienza maturata ci ha insegnato che la riduzione delle disuguaglianze e lo sviluppo sostenibile dei territori sono due dimensioni indivisibili, che devono avanzare in armonia per garantire un cambiamento equo e duraturo. Per tale motivo, queste due priorit\u00e0 tematiche guideranno il nostro operato, orientando l\u2019allocazione delle risorse e la selezione delle iniziative, con l\u2019intento di promuovere un progresso inclusivo e sostenibile in un contesto globale in costante evoluzione. Queste priorit\u00e0 strategiche guideranno la nostra azione, organizzata attorno a 3 obiettivi principali e articolata in 14 missioni, tra loro trasversali e interconnesse. Cultura. Arte, Patrimonio, Partecipazione. Immaginiamo il futuro Obiettivo cultura Persone. Opportunit\u00e0, Autonomia, Inclusione. Costruiamo il futuro Obiettivo persone Pianeta. Conoscenza, Sviluppo, Qualit\u00e0 di vita. Sosteniamo il futuro Obiettivo pianeta Una organizzazione semplice, aperta e orientata all\u2019impatto, che ci permette di proseguire il nostro impegno, per il bene comune e per il futuro di tutti. Rimani aggiornato sui nostri bandi e sui nostri progetti Compila il form e decidi su quale argomento vuoi ricevere notizie. \u00a0 ISCRIVITI!","protected":false},"author":19,"featured_media":0,"parent":10,"menu_order":0,"comment_status":"closed","ping_status":"closed","template":"","meta":{"_acf_changed":false,"content-type":"","footnotes":""},"class_list":["post-12","page","type-page","status-publish","hentry","entry","post-inner"],"acf":[],"yoast_head":"<!-- This site is optimized with the Yoast SEO plugin v27.3 - https:\/\/yoast.com\/product\/yoast-seo-wordpress\/ -->\n<title>Per il bene comune - Fondazione Compagnia di San Paolo<\/title>\n<meta name=\"description\" content=\"Dal 1563 operiamo per il bene comune secondo un principio di sussidiariet\u00e0 che ci spinge ad essere un corpo intermedio e a porre sempre le persone al centro.\" \/>\n<meta name=\"robots\" content=\"index, follow, max-snippet:-1, max-image-preview:large, max-video-preview:-1\" \/>\n<link rel=\"canonical\" href=\"https:\/\/www.compagniadisanpaolo.it\/it\/le-nostre-sfide\/per-il-bene-comune\/\" \/>\n<meta property=\"og:locale\" content=\"it_IT\" \/>\n<meta property=\"og:type\" content=\"article\" \/>\n<meta property=\"og:title\" content=\"Per il bene comune - Fondazione Compagnia di San Paolo\" \/>\n<meta property=\"og:description\" content=\"Dal 1563 operiamo per il bene comune secondo un principio di sussidiariet\u00e0 che ci spinge ad essere un corpo intermedio e a porre sempre le persone al centro.\" \/>\n<meta property=\"og:url\" content=\"https:\/\/www.compagniadisanpaolo.it\/it\/le-nostre-sfide\/per-il-bene-comune\/\" \/>\n<meta property=\"og:site_name\" content=\"Fondazione Compagnia di San Paolo\" \/>\n<meta property=\"article:publisher\" content=\"https:\/\/www.facebook.com\/CompagniaDiSanPaolo\" \/>\n<meta property=\"article:modified_time\" content=\"2025-04-28T15:36:44+00:00\" \/>\n<meta property=\"og:image\" content=\"https:\/\/www.compagniadisanpaolo.it\/wp-content\/uploads\/alternate-social.png\" \/>\n\t<meta property=\"og:image:width\" content=\"1200\" \/>\n\t<meta property=\"og:image:height\" content=\"900\" \/>\n\t<meta property=\"og:image:type\" content=\"image\/png\" \/>\n<meta name=\"twitter:card\" content=\"summary_large_image\" \/>\n<meta name=\"twitter:site\" content=\"@CSP_live\" \/>\n<meta name=\"twitter:label1\" content=\"Tempo di lettura stimato\" \/>\n\t<meta name=\"twitter:data1\" content=\"2 minuti\" \/>\n<script type=\"application\/ld+json\" class=\"yoast-schema-graph\">{\"@context\":\"https:\\\/\\\/schema.org\",\"@graph\":[{\"@type\":\"WebPage\",\"@id\":\"https:\\\/\\\/www.compagniadisanpaolo.it\\\/it\\\/le-nostre-sfide\\\/per-il-bene-comune\\\/\",\"url\":\"https:\\\/\\\/www.compagniadisanpaolo.it\\\/it\\\/le-nostre-sfide\\\/per-il-bene-comune\\\/\",\"name\":\"Per il bene comune - Fondazione Compagnia di San Paolo\",\"isPartOf\":{\"@id\":\"https:\\\/\\\/www.compagniadisanpaolo.it\\\/it\\\/#website\"},\"datePublished\":\"2020-04-10T15:56:32+00:00\",\"dateModified\":\"2025-04-28T15:36:44+00:00\",\"description\":\"Dal 1563 operiamo per il bene comune secondo un principio di sussidiariet\u00e0 che ci spinge ad essere un corpo intermedio e a porre sempre le persone al centro.\",\"breadcrumb\":{\"@id\":\"https:\\\/\\\/www.compagniadisanpaolo.it\\\/it\\\/le-nostre-sfide\\\/per-il-bene-comune\\\/#breadcrumb\"},\"inLanguage\":\"it-IT\",\"potentialAction\":[{\"@type\":\"ReadAction\",\"target\":[\"https:\\\/\\\/www.compagniadisanpaolo.it\\\/it\\\/le-nostre-sfide\\\/per-il-bene-comune\\\/\"]}]},{\"@type\":\"BreadcrumbList\",\"@id\":\"https:\\\/\\\/www.compagniadisanpaolo.it\\\/it\\\/le-nostre-sfide\\\/per-il-bene-comune\\\/#breadcrumb\",\"itemListElement\":[{\"@type\":\"ListItem\",\"position\":1,\"name\":\"Home\",\"item\":\"https:\\\/\\\/www.compagniadisanpaolo.it\\\/it\\\/\"},{\"@type\":\"ListItem\",\"position\":2,\"name\":\"Le nostre sfide\",\"item\":\"https:\\\/\\\/www.compagniadisanpaolo.it\\\/it\\\/le-nostre-sfide\\\/\"},{\"@type\":\"ListItem\",\"position\":3,\"name\":\"Per il bene comune\"}]},{\"@type\":\"WebSite\",\"@id\":\"https:\\\/\\\/www.compagniadisanpaolo.it\\\/it\\\/#website\",\"url\":\"https:\\\/\\\/www.compagniadisanpaolo.it\\\/it\\\/\",\"name\":\"Fondazione Compagnia di San Paolo\",\"description\":\"\",\"publisher\":{\"@id\":\"https:\\\/\\\/www.compagniadisanpaolo.it\\\/it\\\/#organization\"},\"potentialAction\":[{\"@type\":\"SearchAction\",\"target\":{\"@type\":\"EntryPoint\",\"urlTemplate\":\"https:\\\/\\\/www.compagniadisanpaolo.it\\\/it\\\/?s={search_term_string}\"},\"query-input\":{\"@type\":\"PropertyValueSpecification\",\"valueRequired\":true,\"valueName\":\"search_term_string\"}}],\"inLanguage\":\"it-IT\"},{\"@type\":\"Organization\",\"@id\":\"https:\\\/\\\/www.compagniadisanpaolo.it\\\/it\\\/#organization\",\"name\":\"Fondazione Compagnia di San Paolo\",\"url\":\"https:\\\/\\\/www.compagniadisanpaolo.it\\\/it\\\/\",\"logo\":{\"@type\":\"ImageObject\",\"inLanguage\":\"it-IT\",\"@id\":\"https:\\\/\\\/www.compagniadisanpaolo.it\\\/it\\\/#\\\/schema\\\/logo\\\/image\\\/\",\"url\":\"https:\\\/\\\/www.compagniadisanpaolo.it\\\/wp-content\\\/uploads\\\/logo.svg\",\"contentUrl\":\"https:\\\/\\\/www.compagniadisanpaolo.it\\\/wp-content\\\/uploads\\\/logo.svg\",\"width\":769,\"height\":323,\"caption\":\"Fondazione Compagnia di San Paolo\"},\"image\":{\"@id\":\"https:\\\/\\\/www.compagniadisanpaolo.it\\\/it\\\/#\\\/schema\\\/logo\\\/image\\\/\"},\"sameAs\":[\"https:\\\/\\\/www.facebook.com\\\/CompagniaDiSanPaolo\",\"https:\\\/\\\/x.com\\\/CSP_live\",\"http:\\\/\\\/instagram.com\\\/compagniadisanpaolo?ref=badge\",\"https:\\\/\\\/www.linkedin.com\\\/company\\\/compagnia-di-san-paolo\",\"https:\\\/\\\/www.youtube.com\\\/user\\\/compagniadisanpaolo\",\"https:\\\/\\\/it.wikipedia.org\\\/wiki\\\/Compagnia_di_San_Paolo\"]}]}<\/script>\n<!-- \/ Yoast SEO plugin. -->","yoast_head_json":{"title":"Per il bene comune - Fondazione Compagnia di San Paolo","description":"Dal 1563 operiamo per il bene comune secondo un principio di sussidiariet\u00e0 che ci spinge ad essere un corpo intermedio e a porre sempre le persone al centro.","robots":{"index":"index","follow":"follow","max-snippet":"max-snippet:-1","max-image-preview":"max-image-preview:large","max-video-preview":"max-video-preview:-1"},"canonical":"https:\/\/www.compagniadisanpaolo.it\/it\/le-nostre-sfide\/per-il-bene-comune\/","og_locale":"it_IT","og_type":"article","og_title":"Per il bene comune - Fondazione Compagnia di San Paolo","og_description":"Dal 1563 operiamo per il bene comune secondo un principio di sussidiariet\u00e0 che ci spinge ad essere un corpo intermedio e a porre sempre le persone al centro.","og_url":"https:\/\/www.compagniadisanpaolo.it\/it\/le-nostre-sfide\/per-il-bene-comune\/","og_site_name":"Fondazione Compagnia di San Paolo","article_publisher":"https:\/\/www.facebook.com\/CompagniaDiSanPaolo","article_modified_time":"2025-04-28T15:36:44+00:00","og_image":[{"width":1200,"height":900,"url":"https:\/\/www.compagniadisanpaolo.it\/wp-content\/uploads\/alternate-social.png","type":"image\/png"}],"twitter_card":"summary_large_image","twitter_site":"@CSP_live","twitter_misc":{"Tempo di lettura stimato":"2 minuti"},"schema":{"@context":"https:\/\/schema.org","@graph":[{"@type":"WebPage","@id":"https:\/\/www.compagniadisanpaolo.it\/it\/le-nostre-sfide\/per-il-bene-comune\/","url":"https:\/\/www.compagniadisanpaolo.it\/it\/le-nostre-sfide\/per-il-bene-comune\/","name":"Per il bene comune - Fondazione Compagnia di San Paolo","isPartOf":{"@id":"https:\/\/www.compagniadisanpaolo.it\/it\/#website"},"datePublished":"2020-04-10T15:56:32+00:00","dateModified":"2025-04-28T15:36:44+00:00","description":"Dal 1563 operiamo per il bene comune secondo un principio di sussidiariet\u00e0 che ci spinge ad essere un corpo intermedio e a porre sempre le persone al centro.","breadcrumb":{"@id":"https:\/\/www.compagniadisanpaolo.it\/it\/le-nostre-sfide\/per-il-bene-comune\/#breadcrumb"},"inLanguage":"it-IT","potentialAction":[{"@type":"ReadAction","target":["https:\/\/www.compagniadisanpaolo.it\/it\/le-nostre-sfide\/per-il-bene-comune\/"]}]},{"@type":"BreadcrumbList","@id":"https:\/\/www.compagniadisanpaolo.it\/it\/le-nostre-sfide\/per-il-bene-comune\/#breadcrumb","itemListElement":[{"@type":"ListItem","position":1,"name":"Home","item":"https:\/\/www.compagniadisanpaolo.it\/it\/"},{"@type":"ListItem","position":2,"name":"Le nostre sfide","item":"https:\/\/www.compagniadisanpaolo.it\/it\/le-nostre-sfide\/"},{"@type":"ListItem","position":3,"name":"Per il bene comune"}]},{"@type":"WebSite","@id":"https:\/\/www.compagniadisanpaolo.it\/it\/#website","url":"https:\/\/www.compagniadisanpaolo.it\/it\/","name":"Fondazione Compagnia di San Paolo","description":"","publisher":{"@id":"https:\/\/www.compagniadisanpaolo.it\/it\/#organization"},"potentialAction":[{"@type":"SearchAction","target":{"@type":"EntryPoint","urlTemplate":"https:\/\/www.compagniadisanpaolo.it\/it\/?s={search_term_string}"},"query-input":{"@type":"PropertyValueSpecification","valueRequired":true,"valueName":"search_term_string"}}],"inLanguage":"it-IT"},{"@type":"Organization","@id":"https:\/\/www.compagniadisanpaolo.it\/it\/#organization","name":"Fondazione Compagnia di San Paolo","url":"https:\/\/www.compagniadisanpaolo.it\/it\/","logo":{"@type":"ImageObject","inLanguage":"it-IT","@id":"https:\/\/www.compagniadisanpaolo.it\/it\/#\/schema\/logo\/image\/","url":"https:\/\/www.compagniadisanpaolo.it\/wp-content\/uploads\/logo.svg","contentUrl":"https:\/\/www.compagniadisanpaolo.it\/wp-content\/uploads\/logo.svg","width":769,"height":323,"caption":"Fondazione Compagnia di San Paolo"},"image":{"@id":"https:\/\/www.compagniadisanpaolo.it\/it\/#\/schema\/logo\/image\/"},"sameAs":["https:\/\/www.facebook.com\/CompagniaDiSanPaolo","https:\/\/x.com\/CSP_live","http:\/\/instagram.com\/compagniadisanpaolo?ref=badge","https:\/\/www.linkedin.com\/company\/compagnia-di-san-paolo","https:\/\/www.youtube.com\/user\/compagniadisanpaolo","https:\/\/it.wikipedia.org\/wiki\/Compagnia_di_San_Paolo"]}]}},"_links":{"self":[{"href":"https:\/\/www.compagniadisanpaolo.it\/it\/wp-json\/wp\/v2\/pages\/12","targetHints":{"allow":["GET"]}}],"collection":[{"href":"https:\/\/www.compagniadisanpaolo.it\/it\/wp-json\/wp\/v2\/pages"}],"about":[{"href":"https:\/\/www.compagniadisanpaolo.it\/it\/wp-json\/wp\/v2\/types\/page"}],"author":[{"embeddable":true,"href":"https:\/\/www.compagniadisanpaolo.it\/it\/wp-json\/wp\/v2\/users\/19"}],"replies":[{"embeddable":true,"href":"https:\/\/www.compagniadisanpaolo.it\/it\/wp-json\/wp\/v2\/comments?post=12"}],"version-history":[{"count":6,"href":"https:\/\/www.compagniadisanpaolo.it\/it\/wp-json\/wp\/v2\/pages\/12\/revisions"}],"predecessor-version":[{"id":37051,"href":"https:\/\/www.compagniadisanpaolo.it\/it\/wp-json\/wp\/v2\/pages\/12\/revisions\/37051"}],"up":[{"embeddable":true,"href":"https:\/\/www.compagniadisanpaolo.it\/it\/wp-json\/wp\/v2\/pages\/10"}],"wp:attachment":[{"href":"https:\/\/www.compagniadisanpaolo.it\/it\/wp-json\/wp\/v2\/media?parent=12"}],"curies":[{"name":"wp","href":"https:\/\/api.w.org\/{rel}","templated":true}]}}